{"id":3877,"date":"2025-06-04T11:42:35","date_gmt":"2025-06-04T09:42:35","guid":{"rendered":"https:\/\/www.mollificiomodenese.it\/der-bezugspunkt-bei-der-herstellung-von-federn-nach-mass\/"},"modified":"2025-07-08T16:29:31","modified_gmt":"2025-07-08T14:29:31","slug":"der-bezugspunkt-bei-der-herstellung-von-federn-nach-mass","status":"publish","type":"page","link":"https:\/\/www.mollificiomodenese.it\/de\/der-bezugspunkt-bei-der-herstellung-von-federn-nach-mass\/","title":{"rendered":"Der Bezugspunkt bei der Herstellung von Federn nach Ma\u00df"},"content":{"rendered":"<div class=\"wpb-content-wrapper\"><p>[vc_section css=&#8220;.vc_custom_1580193165368{padding-bottom: 100px !important;background-color: #eeeeee !important;}&#8220;][vc_row gap=&#8220;35&#8243;][vc_column width=&#8220;2\/3&#8243;][vc_column_text]Mollificio Modenese ist der Bezugspartner in der Herstellung von Federn nach Ma\u00df, unabh\u00e4ngig davon ob es sich um Druck-, Zug-, Torsionsfedern oder Federn anderer Art handelt, sowohl f\u00fcr gro\u00dfe Mengen an Produkten als auch f\u00fcr Muster und kleine Chargen, die auf die spezifischen Bed\u00fcrfnisse des Auftraggebers abgestimmt sind. Wir bieten uns als alleiniger Ansprechpartner f\u00fcr die Herstellung und den Verkauf des Produkts an, wodurch die Lieferzeiten erheblich verk\u00fcrzt werden und gleichzeitig eine vollst\u00e4ndige Kontrolle \u00fcber alle Phasen gew\u00e4hrleistet ist.<\/p>\n<p>Seit ihrer Gr\u00fcndung hat sich die Firma Mollificio Modenese durch die hochwertige Herstellung seines breiten Sortiments an Federn, Haken, Kleinteile aus Metall und ma\u00dfgefertigten Teilen ausgezeichnet und sich im Laufe der Zeit zu einem der wichtigsten spezialisierten Zentren in den Provinzen Modena, Bologna und Reggio Emilia sowie allgemein in der Emilia-Romagna entwickelt.[\/vc_column_text][vc_single_image image=&#8220;30&#8243; alignment=&#8220;center&#8220; css=&#8220;.vc_custom_1579790986509{margin-top: 30px !important;border-top-width: 1px !important;}&#8220; el_class=&#8220;img-molla&#8220;][vc_column_text]<\/p>\n<h2>Federn aus Stahl (und nicht nur) mit hoher Qualit\u00e4t<\/h2>\n<p>Wir stellen industrielle Federn f\u00fcr die unterschiedlichsten Sektoren her und verwenden dabei stets Rohstoffe von h\u00f6chster Qualit\u00e4t wie Edelstahl und harmonischen Stahl, Messing, Inconel, Kupfer und Phosphorbronze, die wir mit modernsten Maschinen und Ausr\u00fcstungen bearbeiten. Die direkte Durchf\u00fchrung jeder Produktionsphase und ein erprobtes internes Protokoll erm\u00f6glichen es uns, die h\u00f6chsten Standards in Bezug auf Langlebigkeit, Widerstandsf\u00e4higkeit und Konstruktionsgenauigkeit f\u00fcr alle unsere Federn zu gew\u00e4hrleisten.<\/p>\n<p>Unsere langj\u00e4hrige Erfahrung in der <a href=\"https:\/\/www.mollificiomodenese.it\/de\/die-dienstleistungen-der-firma-mollificio-modenese-fuer-ihre-industriellen-federn\/herstellung-von-federn-nach-mass-gestalten-sie-ihre-federn-mit-uns\/\">Herstellung von ma\u00dfgefertigten Federn<\/a> macht uns au\u00dferdem zu dem zuverl\u00e4ssigsten Ansprechpartner f\u00fcr die <a href=\"https:\/\/www.mollificiomodenese.it\/de\/fordern-sie-ein-angebot-fuer-industrielle-federn-an\/erwerben-sie-ihre-spezifisch-gestaltete-feder-von-qualitaet\/\">Unterst\u00fctzung bei der Berechnung und dem Entwurf von Druck-, Zug- und Torsionsfedern<\/a> gem\u00e4\u00df den CEN-Normen (Europ\u00e4isches Komitee f\u00fcr Normung) bez\u00fcglich der 13906, also der zylindrischen Spiralfedern, die aus Draht und Stangen mit kreisf\u00f6rmigem Querschnitt hergestellt werden.[\/vc_column_text][vc_column_text]<a class=\"btnCustom\" href=\"https:\/\/www.mollificiomodenese.it\/de\/kontakte\/\">Setzen Sie sich mit uns in Verbindung<\/a>[\/vc_column_text][\/vc_column][vc_column width=&#8220;1\/3&#8243; css=&#8220;.vc_custom_1697639434736{border-left-width: 1px !important;border-left-color: #004f9f !important;border-left-style: solid !important;}&#8220;][vc_widget_sidebar sidebar_id=&#8220;sidebar-3&#8243;][\/vc_column][\/vc_row][\/vc_section]<\/p>\n<\/div>","protected":false},"excerpt":{"rendered":"<p>[vc_section css=&#8220;.vc_custom_1580193165368{padding-bottom: 100px !important;background-color: #eeeeee !important;}&#8220;][vc_row gap=&#8220;35&#8243;][vc_column width=&#8220;2\/3&#8243;][vc_column_text]Mollificio Modenese ist der Bezugspartner in der Herstellung von Federn nach Ma\u00df, unabh\u00e4ngig davon ob es sich um Druck-, Zug-, Torsionsfedern oder Federn anderer Art handelt, sowohl f\u00fcr gro\u00dfe Mengen an Produkten als auch f\u00fcr Muster und kleine Chargen, die auf die spezifischen Bed\u00fcrfnisse des Auftraggebers abgestimmt sind. [&hellip;]<\/p>\n","protected":false},"author":5,"featured_media":3873,"parent":0,"menu_order":0,"comment_status":"closed","ping_status":"closed","template":"","meta":{"footnotes":""},"class_list":["post-3877","page","type-page","status-publish","hentry"],"yoast_head":"<!-- This site is optimized with the Yoast SEO plugin v27.3 - https:\/\/yoast.com\/product\/yoast-seo-wordpress\/ -->\n<title>Herstellung von Stahlfedern nach Ma\u00df | MOLLIFICIO MODENESE<\/title>\n<meta name=\"description\" content=\"Wir sind der Bezugspunkt bei der Herstellung von Federn nach Ma\u00df. Eine breite Palette an qualitativ hochwertigen Produkten, kundenspezifischer Service und technische Unterst\u00fctzung.\" \/>\n<meta name=\"robots\" content=\"index, follow, max-snippet:-1, max-image-preview:large, max-video-preview:-1\" \/>\n<link rel=\"canonical\" href=\"https:\/\/www.mollificiomodenese.it\/de\/der-bezugspunkt-bei-der-herstellung-von-federn-nach-mass\/\" \/>\n<meta property=\"og:locale\" content=\"de_DE\" \/>\n<meta property=\"og:type\" content=\"article\" \/>\n<meta property=\"og:title\" content=\"Herstellung von Stahlfedern nach Ma\u00df | MOLLIFICIO MODENESE\" \/>\n<meta property=\"og:description\" content=\"Wir sind der Bezugspunkt bei der Herstellung von Federn nach Ma\u00df. Eine breite Palette an qualitativ hochwertigen Produkten, kundenspezifischer Service und technische Unterst\u00fctzung.\" \/>\n<meta property=\"og:url\" content=\"https:\/\/www.mollificiomodenese.it\/de\/der-bezugspunkt-bei-der-herstellung-von-federn-nach-mass\/\" \/>\n<meta property=\"og:site_name\" content=\"MOLLIFICIO MODENESE\" \/>\n<meta property=\"article:modified_time\" content=\"2025-07-08T14:29:31+00:00\" \/>\n<meta property=\"og:image\" content=\"https:\/\/www.mollificiomodenese.it\/wp-content\/uploads\/2020\/01\/sfondo2.jpg\" \/>\n\t<meta property=\"og:image:width\" content=\"1250\" \/>\n\t<meta property=\"og:image:height\" content=\"620\" \/>\n\t<meta property=\"og:image:type\" content=\"image\/jpeg\" \/>\n<meta name=\"twitter:card\" content=\"summary_large_image\" \/>\n<meta name=\"twitter:label1\" content=\"Gesch\u00e4tzte Lesezeit\" \/>\n\t<meta name=\"twitter:data1\" content=\"2\u00a0Minuten\" \/>\n<script type=\"application\/ld+json\" class=\"yoast-schema-graph\">{\"@context\":\"https:\\\/\\\/schema.org\",\"@graph\":[{\"@type\":\"WebPage\",\"@id\":\"https:\\\/\\\/www.mollificiomodenese.it\\\/de\\\/der-bezugspunkt-bei-der-herstellung-von-federn-nach-mass\\\/\",\"url\":\"https:\\\/\\\/www.mollificiomodenese.it\\\/de\\\/der-bezugspunkt-bei-der-herstellung-von-federn-nach-mass\\\/\",\"name\":\"Herstellung von Stahlfedern nach Ma\u00df | MOLLIFICIO MODENESE\",\"isPartOf\":{\"@id\":\"https:\\\/\\\/www.mollificiomodenese.it\\\/#website\"},\"primaryImageOfPage\":{\"@id\":\"https:\\\/\\\/www.mollificiomodenese.it\\\/de\\\/der-bezugspunkt-bei-der-herstellung-von-federn-nach-mass\\\/#primaryimage\"},\"image\":{\"@id\":\"https:\\\/\\\/www.mollificiomodenese.it\\\/de\\\/der-bezugspunkt-bei-der-herstellung-von-federn-nach-mass\\\/#primaryimage\"},\"thumbnailUrl\":\"https:\\\/\\\/www.mollificiomodenese.it\\\/wp-content\\\/uploads\\\/2020\\\/01\\\/sfondo2.jpg\",\"datePublished\":\"2025-06-04T09:42:35+00:00\",\"dateModified\":\"2025-07-08T14:29:31+00:00\",\"description\":\"Wir sind der Bezugspunkt bei der Herstellung von Federn nach Ma\u00df. Eine breite Palette an qualitativ hochwertigen Produkten, kundenspezifischer Service und technische Unterst\u00fctzung.\",\"breadcrumb\":{\"@id\":\"https:\\\/\\\/www.mollificiomodenese.it\\\/de\\\/der-bezugspunkt-bei-der-herstellung-von-federn-nach-mass\\\/#breadcrumb\"},\"inLanguage\":\"de\",\"potentialAction\":[{\"@type\":\"ReadAction\",\"target\":[\"https:\\\/\\\/www.mollificiomodenese.it\\\/de\\\/der-bezugspunkt-bei-der-herstellung-von-federn-nach-mass\\\/\"]}]},{\"@type\":\"ImageObject\",\"inLanguage\":\"de\",\"@id\":\"https:\\\/\\\/www.mollificiomodenese.it\\\/de\\\/der-bezugspunkt-bei-der-herstellung-von-federn-nach-mass\\\/#primaryimage\",\"url\":\"https:\\\/\\\/www.mollificiomodenese.it\\\/wp-content\\\/uploads\\\/2020\\\/01\\\/sfondo2.jpg\",\"contentUrl\":\"https:\\\/\\\/www.mollificiomodenese.it\\\/wp-content\\\/uploads\\\/2020\\\/01\\\/sfondo2.jpg\",\"width\":1250,\"height\":620,\"caption\":\"mollificio modenese\"},{\"@type\":\"BreadcrumbList\",\"@id\":\"https:\\\/\\\/www.mollificiomodenese.it\\\/de\\\/der-bezugspunkt-bei-der-herstellung-von-federn-nach-mass\\\/#breadcrumb\",\"itemListElement\":[{\"@type\":\"ListItem\",\"position\":1,\"name\":\"Home\",\"item\":\"https:\\\/\\\/www.mollificiomodenese.it\\\/de\\\/\"},{\"@type\":\"ListItem\",\"position\":2,\"name\":\"Der Bezugspunkt bei der Herstellung von Federn nach Ma\u00df\"}]},{\"@type\":\"WebSite\",\"@id\":\"https:\\\/\\\/www.mollificiomodenese.it\\\/#website\",\"url\":\"https:\\\/\\\/www.mollificiomodenese.it\\\/\",\"name\":\"MOLLIFICIO MODENESE\",\"description\":\"\",\"potentialAction\":[{\"@type\":\"SearchAction\",\"target\":{\"@type\":\"EntryPoint\",\"urlTemplate\":\"https:\\\/\\\/www.mollificiomodenese.it\\\/?s={search_term_string}\"},\"query-input\":{\"@type\":\"PropertyValueSpecification\",\"valueRequired\":true,\"valueName\":\"search_term_string\"}}],\"inLanguage\":\"de\"}]}<\/script>\n<!-- \/ Yoast SEO plugin. -->","yoast_head_json":{"title":"Herstellung von Stahlfedern nach Ma\u00df | MOLLIFICIO MODENESE","description":"Wir sind der Bezugspunkt bei der Herstellung von Federn nach Ma\u00df. Eine breite Palette an qualitativ hochwertigen Produkten, kundenspezifischer Service und technische Unterst\u00fctzung.","robots":{"index":"index","follow":"follow","max-snippet":"max-snippet:-1","max-image-preview":"max-image-preview:large","max-video-preview":"max-video-preview:-1"},"canonical":"https:\/\/www.mollificiomodenese.it\/de\/der-bezugspunkt-bei-der-herstellung-von-federn-nach-mass\/","og_locale":"de_DE","og_type":"article","og_title":"Herstellung von Stahlfedern nach Ma\u00df | MOLLIFICIO MODENESE","og_description":"Wir sind der Bezugspunkt bei der Herstellung von Federn nach Ma\u00df. Eine breite Palette an qualitativ hochwertigen Produkten, kundenspezifischer Service und technische Unterst\u00fctzung.","og_url":"https:\/\/www.mollificiomodenese.it\/de\/der-bezugspunkt-bei-der-herstellung-von-federn-nach-mass\/","og_site_name":"MOLLIFICIO MODENESE","article_modified_time":"2025-07-08T14:29:31+00:00","og_image":[{"width":1250,"height":620,"url":"https:\/\/www.mollificiomodenese.it\/wp-content\/uploads\/2020\/01\/sfondo2.jpg","type":"image\/jpeg"}],"twitter_card":"summary_large_image","twitter_misc":{"Gesch\u00e4tzte Lesezeit":"2\u00a0Minuten"},"schema":{"@context":"https:\/\/schema.org","@graph":[{"@type":"WebPage","@id":"https:\/\/www.mollificiomodenese.it\/de\/der-bezugspunkt-bei-der-herstellung-von-federn-nach-mass\/","url":"https:\/\/www.mollificiomodenese.it\/de\/der-bezugspunkt-bei-der-herstellung-von-federn-nach-mass\/","name":"Herstellung von Stahlfedern nach Ma\u00df | MOLLIFICIO MODENESE","isPartOf":{"@id":"https:\/\/www.mollificiomodenese.it\/#website"},"primaryImageOfPage":{"@id":"https:\/\/www.mollificiomodenese.it\/de\/der-bezugspunkt-bei-der-herstellung-von-federn-nach-mass\/#primaryimage"},"image":{"@id":"https:\/\/www.mollificiomodenese.it\/de\/der-bezugspunkt-bei-der-herstellung-von-federn-nach-mass\/#primaryimage"},"thumbnailUrl":"https:\/\/www.mollificiomodenese.it\/wp-content\/uploads\/2020\/01\/sfondo2.jpg","datePublished":"2025-06-04T09:42:35+00:00","dateModified":"2025-07-08T14:29:31+00:00","description":"Wir sind der Bezugspunkt bei der Herstellung von Federn nach Ma\u00df. Eine breite Palette an qualitativ hochwertigen Produkten, kundenspezifischer Service und technische Unterst\u00fctzung.","breadcrumb":{"@id":"https:\/\/www.mollificiomodenese.it\/de\/der-bezugspunkt-bei-der-herstellung-von-federn-nach-mass\/#breadcrumb"},"inLanguage":"de","potentialAction":[{"@type":"ReadAction","target":["https:\/\/www.mollificiomodenese.it\/de\/der-bezugspunkt-bei-der-herstellung-von-federn-nach-mass\/"]}]},{"@type":"ImageObject","inLanguage":"de","@id":"https:\/\/www.mollificiomodenese.it\/de\/der-bezugspunkt-bei-der-herstellung-von-federn-nach-mass\/#primaryimage","url":"https:\/\/www.mollificiomodenese.it\/wp-content\/uploads\/2020\/01\/sfondo2.jpg","contentUrl":"https:\/\/www.mollificiomodenese.it\/wp-content\/uploads\/2020\/01\/sfondo2.jpg","width":1250,"height":620,"caption":"mollificio modenese"},{"@type":"BreadcrumbList","@id":"https:\/\/www.mollificiomodenese.it\/de\/der-bezugspunkt-bei-der-herstellung-von-federn-nach-mass\/#breadcrumb","itemListElement":[{"@type":"ListItem","position":1,"name":"Home","item":"https:\/\/www.mollificiomodenese.it\/de\/"},{"@type":"ListItem","position":2,"name":"Der Bezugspunkt bei der Herstellung von Federn nach Ma\u00df"}]},{"@type":"WebSite","@id":"https:\/\/www.mollificiomodenese.it\/#website","url":"https:\/\/www.mollificiomodenese.it\/","name":"MOLLIFICIO MODENESE","description":"","potentialAction":[{"@type":"SearchAction","target":{"@type":"EntryPoint","urlTemplate":"https:\/\/www.mollificiomodenese.it\/?s={search_term_string}"},"query-input":{"@type":"PropertyValueSpecification","valueRequired":true,"valueName":"search_term_string"}}],"inLanguage":"de"}]}},"_links":{"self":[{"href":"https:\/\/www.mollificiomodenese.it\/de\/wp-json\/wp\/v2\/pages\/3877","targetHints":{"allow":["GET"]}}],"collection":[{"href":"https:\/\/www.mollificiomodenese.it\/de\/wp-json\/wp\/v2\/pages"}],"about":[{"href":"https:\/\/www.mollificiomodenese.it\/de\/wp-json\/wp\/v2\/types\/page"}],"author":[{"embeddable":true,"href":"https:\/\/www.mollificiomodenese.it\/de\/wp-json\/wp\/v2\/users\/5"}],"replies":[{"embeddable":true,"href":"https:\/\/www.mollificiomodenese.it\/de\/wp-json\/wp\/v2\/comments?post=3877"}],"version-history":[{"count":4,"href":"https:\/\/www.mollificiomodenese.it\/de\/wp-json\/wp\/v2\/pages\/3877\/revisions"}],"predecessor-version":[{"id":4349,"href":"https:\/\/www.mollificiomodenese.it\/de\/wp-json\/wp\/v2\/pages\/3877\/revisions\/4349"}],"wp:featuredmedia":[{"embeddable":true,"href":"https:\/\/www.mollificiomodenese.it\/de\/wp-json\/wp\/v2\/media\/3873"}],"wp:attachment":[{"href":"https:\/\/www.mollificiomodenese.it\/de\/wp-json\/wp\/v2\/media?parent=3877"}],"curies":[{"name":"wp","href":"https:\/\/api.w.org\/{rel}","templated":true}]}}