{"id":3880,"date":"2025-06-04T11:47:42","date_gmt":"2025-06-04T09:47:42","guid":{"rendered":"https:\/\/www.mollificiomodenese.it\/der-bezugspunkt-bei-der-herstellung-von-federn-nach-mass\/zertifizierungen\/"},"modified":"2025-07-08T16:39:22","modified_gmt":"2025-07-08T14:39:22","slug":"zertifizierungen","status":"publish","type":"page","link":"https:\/\/www.mollificiomodenese.it\/de\/der-bezugspunkt-bei-der-herstellung-von-federn-nach-mass\/zertifizierungen\/","title":{"rendered":"Zertifizierungen"},"content":{"rendered":"<div class=\"wpb-content-wrapper\"><p>[vc_section css=&#8220;.vc_custom_1580193165368{padding-bottom: 100px !important;background-color: #eeeeee !important;}&#8220;][vc_row gap=&#8220;35&#8243;][vc_column width=&#8220;2\/3&#8243;][vc_column_text]Das Qualit\u00e4tsmanagementsystem des Mollificio Modenese <strong>entspricht der Norm UNI EN ISO 9001:2015.<\/strong> Die Zertifizierung, die erstmals 1997 erlangt wurde, wurde im Februar 2024 erneuert.<\/p>\n<p>Seit 2021 verf\u00fcgt das <strong>Umweltmanagementsystem<\/strong> des Unternehmens \u00fcber die volle Konformit\u00e4t mit der Norm UNI EN ISO 14001:20015. Und es ist auf ein st\u00e4ndiges Engagement f\u00fcr den Umweltschutz und auf die Beachtung von Themen wie Umweltschutz und Kreislaufwirtschaft ausgerichtet.[\/vc_column_text][vc_single_image image=&#8220;30&#8243; alignment=&#8220;center&#8220; css=&#8220;.vc_custom_1579790986509{margin-top: 30px !important;border-top-width: 1px !important;}&#8220; el_class=&#8220;img-molla&#8220;][vc_column_text]<\/p>\n<h1>Unsere Qualit\u00e4tspolitik<\/h1>\n<p>Das Hauptziel von <a href=\"https:\/\/www.mollificiomodenese.it\/de\/der-bezugspunkt-bei-der-herstellung-von-federn-nach-mass\/\">Mollificio Modenese<\/a> besteht in der vollst\u00e4ndigen Befriedigung der Bed\u00fcrfnisse des Kunden. Um dieses Ziel zu erreichen, <strong>streben wir eine kontinuierliche Verbesserungsstrategie an<\/strong>, die darauf abzielt, die Gesch\u00e4ftsprozesse an die tats\u00e4chlichen Anforderungen des Marktes anzupassen.<\/p>\n<p><strong>Das Zuh\u00f6ren und die transparente Kommunikation mit jedem Kunden<\/strong> erm\u00f6glichen es uns, dessen Erwartungen und Bed\u00fcrfnisse gr\u00fcndlich zu verstehen, auf deren Grundlage wir ma\u00dfgeschneiderte, hochwertige Federn zu wettbewerbsf\u00e4higen Preisen und in kurzer Zeit herstellen.<\/p>\n<p>Wir verpflichten uns, stets alle vertraglichen Verpflichtungen, ob implizit oder explizit, sowie die geltenden Umweltvorschriften zu respektieren, um unseren \u00f6kologischen Fu\u00dfabdruck erheblich zu reduzieren und gleichzeitig ein <strong>hohes Sicherheitsniveau f\u00fcr alle unsere Mitarbeiter<\/strong> aufrechtzuerhalten.<\/p>\n<p>Diese Werte der Exzellenz leiten die Philosophie unseres Unternehmens und erm\u00f6glichen es ihm, sich als erfolgreicher Partner in der Produktion von ma\u00dfgeschneiderten Federn auf einem <strong>dynamischen und st\u00e4ndig sich weiterentwickelnden Markt<\/strong> zu positionieren.[\/vc_column_text][vc_single_image image=&#8220;30&#8243; alignment=&#8220;center&#8220; css=&#8220;.vc_custom_1579790986509{margin-top: 30px !important;border-top-width: 1px !important;}&#8220; el_class=&#8220;img-molla&#8220;][vc_column_text]<\/p>\n<h1>Unsere Umweltpolitik<\/h1>\n<p>Wir arbeiten so, dass die Umweltverschmutzung reduziert und verhindert wird, und wir f\u00fchren regelm\u00e4\u00dfig Rohstoffe und Hilfsstoffe ein, die eine immer h\u00f6here Umweltvertr\u00e4glichkeit im Vergleich zu traditionellen Materialien aufweisen. Gleichzeitig <strong>verpflichten wir uns<\/strong>, die Umweltauswirkungen aller neuen Prozesse und etwaiger \u00c4nderungen an bestehenden Umgebungen<strong> im Voraus zu bewerten<\/strong>.[\/vc_column_text][\/vc_column][vc_column width=&#8220;1\/3&#8243; css=&#8220;.vc_custom_1697639434736{border-left-width: 1px !important;border-left-color: #004f9f !important;border-left-style: solid !important;}&#8220;][vc_widget_sidebar sidebar_id=&#8220;sidebar-3&#8243;][\/vc_column][\/vc_row][\/vc_section]<\/p>\n<\/div>","protected":false},"excerpt":{"rendered":"<p>[vc_section css=&#8220;.vc_custom_1580193165368{padding-bottom: 100px !important;background-color: #eeeeee !important;}&#8220;][vc_row gap=&#8220;35&#8243;][vc_column width=&#8220;2\/3&#8243;][vc_column_text]Das Qualit\u00e4tsmanagementsystem des Mollificio Modenese entspricht der Norm UNI EN ISO 9001:2015. Die Zertifizierung, die erstmals 1997 erlangt wurde, wurde im Februar 2024 erneuert. Seit 2021 verf\u00fcgt das Umweltmanagementsystem des Unternehmens \u00fcber die volle Konformit\u00e4t mit der Norm UNI EN ISO 14001:20015. Und es ist auf ein st\u00e4ndiges [&hellip;]<\/p>\n","protected":false},"author":5,"featured_media":3873,"parent":3877,"menu_order":0,"comment_status":"closed","ping_status":"closed","template":"","meta":{"footnotes":""},"class_list":["post-3880","page","type-page","status-publish","hentry"],"yoast_head":"<!-- This site is optimized with the Yoast SEO plugin v27.3 - https:\/\/yoast.com\/product\/yoast-seo-wordpress\/ -->\n<title>Zertifizierungen sowie Qualit\u00e4ts- und Umweltpolitik | MOLLIFICIO MODENESE<\/title>\n<meta name=\"description\" content=\"Wir sind nach UNI EN ISO 9001:2015 f\u00fcr Federn und Kleinteile zertifiziert. Eine Qualit\u00e4tspolitik, die auf den Kunden und den Umweltschutz ausgerichtet ist. Setzen Sie sich mit uns in Verbindung!\" \/>\n<meta name=\"robots\" content=\"index, follow, max-snippet:-1, max-image-preview:large, max-video-preview:-1\" \/>\n<link rel=\"canonical\" href=\"https:\/\/www.mollificiomodenese.it\/produttori-molle-acciaio\/certificazioni-e-qualita-molle-minuterie\/\" \/>\n<meta property=\"og:locale\" content=\"de_DE\" \/>\n<meta property=\"og:type\" content=\"article\" \/>\n<meta property=\"og:title\" content=\"Zertifizierungen sowie Qualit\u00e4ts- und Umweltpolitik | MOLLIFICIO MODENESE\" \/>\n<meta property=\"og:description\" content=\"Wir sind nach UNI EN ISO 9001:2015 f\u00fcr Federn und Kleinteile zertifiziert. Eine Qualit\u00e4tspolitik, die auf den Kunden und den Umweltschutz ausgerichtet ist. Setzen Sie sich mit uns in Verbindung!\" \/>\n<meta property=\"og:url\" content=\"https:\/\/www.mollificiomodenese.it\/produttori-molle-acciaio\/certificazioni-e-qualita-molle-minuterie\/\" \/>\n<meta property=\"og:site_name\" content=\"MOLLIFICIO MODENESE\" \/>\n<meta property=\"article:modified_time\" content=\"2025-07-08T14:39:22+00:00\" \/>\n<meta property=\"og:image\" content=\"https:\/\/www.mollificiomodenese.it\/wp-content\/uploads\/2020\/01\/sfondo2.jpg\" \/>\n\t<meta property=\"og:image:width\" content=\"1250\" \/>\n\t<meta property=\"og:image:height\" content=\"620\" \/>\n\t<meta property=\"og:image:type\" content=\"image\/jpeg\" \/>\n<meta name=\"twitter:card\" content=\"summary_large_image\" \/>\n<meta name=\"twitter:label1\" content=\"Gesch\u00e4tzte Lesezeit\" \/>\n\t<meta name=\"twitter:data1\" content=\"2\u00a0Minuten\" \/>\n<script type=\"application\/ld+json\" class=\"yoast-schema-graph\">{\"@context\":\"https:\\\/\\\/schema.org\",\"@graph\":[{\"@type\":\"WebPage\",\"@id\":\"https:\\\/\\\/www.mollificiomodenese.it\\\/produttori-molle-acciaio\\\/certificazioni-e-qualita-molle-minuterie\\\/\",\"url\":\"https:\\\/\\\/www.mollificiomodenese.it\\\/produttori-molle-acciaio\\\/certificazioni-e-qualita-molle-minuterie\\\/\",\"name\":\"Zertifizierungen sowie Qualit\u00e4ts- und Umweltpolitik | MOLLIFICIO MODENESE\",\"isPartOf\":{\"@id\":\"https:\\\/\\\/www.mollificiomodenese.it\\\/#website\"},\"primaryImageOfPage\":{\"@id\":\"https:\\\/\\\/www.mollificiomodenese.it\\\/produttori-molle-acciaio\\\/certificazioni-e-qualita-molle-minuterie\\\/#primaryimage\"},\"image\":{\"@id\":\"https:\\\/\\\/www.mollificiomodenese.it\\\/produttori-molle-acciaio\\\/certificazioni-e-qualita-molle-minuterie\\\/#primaryimage\"},\"thumbnailUrl\":\"https:\\\/\\\/www.mollificiomodenese.it\\\/wp-content\\\/uploads\\\/2020\\\/01\\\/sfondo2.jpg\",\"datePublished\":\"2025-06-04T09:47:42+00:00\",\"dateModified\":\"2025-07-08T14:39:22+00:00\",\"description\":\"Wir sind nach UNI EN ISO 9001:2015 f\u00fcr Federn und Kleinteile zertifiziert. Eine Qualit\u00e4tspolitik, die auf den Kunden und den Umweltschutz ausgerichtet ist. Setzen Sie sich mit uns in Verbindung!\",\"breadcrumb\":{\"@id\":\"https:\\\/\\\/www.mollificiomodenese.it\\\/produttori-molle-acciaio\\\/certificazioni-e-qualita-molle-minuterie\\\/#breadcrumb\"},\"inLanguage\":\"de\",\"potentialAction\":[{\"@type\":\"ReadAction\",\"target\":[\"https:\\\/\\\/www.mollificiomodenese.it\\\/produttori-molle-acciaio\\\/certificazioni-e-qualita-molle-minuterie\\\/\"]}]},{\"@type\":\"ImageObject\",\"inLanguage\":\"de\",\"@id\":\"https:\\\/\\\/www.mollificiomodenese.it\\\/produttori-molle-acciaio\\\/certificazioni-e-qualita-molle-minuterie\\\/#primaryimage\",\"url\":\"https:\\\/\\\/www.mollificiomodenese.it\\\/wp-content\\\/uploads\\\/2020\\\/01\\\/sfondo2.jpg\",\"contentUrl\":\"https:\\\/\\\/www.mollificiomodenese.it\\\/wp-content\\\/uploads\\\/2020\\\/01\\\/sfondo2.jpg\",\"width\":1250,\"height\":620,\"caption\":\"mollificio modenese\"},{\"@type\":\"BreadcrumbList\",\"@id\":\"https:\\\/\\\/www.mollificiomodenese.it\\\/produttori-molle-acciaio\\\/certificazioni-e-qualita-molle-minuterie\\\/#breadcrumb\",\"itemListElement\":[{\"@type\":\"ListItem\",\"position\":1,\"name\":\"Home\",\"item\":\"https:\\\/\\\/www.mollificiomodenese.it\\\/de\\\/\"},{\"@type\":\"ListItem\",\"position\":2,\"name\":\"Der Bezugspunkt bei der Herstellung von Federn nach Ma\u00df\",\"item\":\"https:\\\/\\\/www.mollificiomodenese.it\\\/de\\\/der-bezugspunkt-bei-der-herstellung-von-federn-nach-mass\\\/\"},{\"@type\":\"ListItem\",\"position\":3,\"name\":\"Zertifizierungen\"}]},{\"@type\":\"WebSite\",\"@id\":\"https:\\\/\\\/www.mollificiomodenese.it\\\/#website\",\"url\":\"https:\\\/\\\/www.mollificiomodenese.it\\\/\",\"name\":\"MOLLIFICIO MODENESE\",\"description\":\"\",\"potentialAction\":[{\"@type\":\"SearchAction\",\"target\":{\"@type\":\"EntryPoint\",\"urlTemplate\":\"https:\\\/\\\/www.mollificiomodenese.it\\\/?s={search_term_string}\"},\"query-input\":{\"@type\":\"PropertyValueSpecification\",\"valueRequired\":true,\"valueName\":\"search_term_string\"}}],\"inLanguage\":\"de\"}]}<\/script>\n<!-- \/ Yoast SEO plugin. -->","yoast_head_json":{"title":"Zertifizierungen sowie Qualit\u00e4ts- und Umweltpolitik | MOLLIFICIO MODENESE","description":"Wir sind nach UNI EN ISO 9001:2015 f\u00fcr Federn und Kleinteile zertifiziert. Eine Qualit\u00e4tspolitik, die auf den Kunden und den Umweltschutz ausgerichtet ist. Setzen Sie sich mit uns in Verbindung!","robots":{"index":"index","follow":"follow","max-snippet":"max-snippet:-1","max-image-preview":"max-image-preview:large","max-video-preview":"max-video-preview:-1"},"canonical":"https:\/\/www.mollificiomodenese.it\/produttori-molle-acciaio\/certificazioni-e-qualita-molle-minuterie\/","og_locale":"de_DE","og_type":"article","og_title":"Zertifizierungen sowie Qualit\u00e4ts- und Umweltpolitik | MOLLIFICIO MODENESE","og_description":"Wir sind nach UNI EN ISO 9001:2015 f\u00fcr Federn und Kleinteile zertifiziert. Eine Qualit\u00e4tspolitik, die auf den Kunden und den Umweltschutz ausgerichtet ist. Setzen Sie sich mit uns in Verbindung!","og_url":"https:\/\/www.mollificiomodenese.it\/produttori-molle-acciaio\/certificazioni-e-qualita-molle-minuterie\/","og_site_name":"MOLLIFICIO MODENESE","article_modified_time":"2025-07-08T14:39:22+00:00","og_image":[{"width":1250,"height":620,"url":"https:\/\/www.mollificiomodenese.it\/wp-content\/uploads\/2020\/01\/sfondo2.jpg","type":"image\/jpeg"}],"twitter_card":"summary_large_image","twitter_misc":{"Gesch\u00e4tzte Lesezeit":"2\u00a0Minuten"},"schema":{"@context":"https:\/\/schema.org","@graph":[{"@type":"WebPage","@id":"https:\/\/www.mollificiomodenese.it\/produttori-molle-acciaio\/certificazioni-e-qualita-molle-minuterie\/","url":"https:\/\/www.mollificiomodenese.it\/produttori-molle-acciaio\/certificazioni-e-qualita-molle-minuterie\/","name":"Zertifizierungen sowie Qualit\u00e4ts- und Umweltpolitik | MOLLIFICIO MODENESE","isPartOf":{"@id":"https:\/\/www.mollificiomodenese.it\/#website"},"primaryImageOfPage":{"@id":"https:\/\/www.mollificiomodenese.it\/produttori-molle-acciaio\/certificazioni-e-qualita-molle-minuterie\/#primaryimage"},"image":{"@id":"https:\/\/www.mollificiomodenese.it\/produttori-molle-acciaio\/certificazioni-e-qualita-molle-minuterie\/#primaryimage"},"thumbnailUrl":"https:\/\/www.mollificiomodenese.it\/wp-content\/uploads\/2020\/01\/sfondo2.jpg","datePublished":"2025-06-04T09:47:42+00:00","dateModified":"2025-07-08T14:39:22+00:00","description":"Wir sind nach UNI EN ISO 9001:2015 f\u00fcr Federn und Kleinteile zertifiziert. Eine Qualit\u00e4tspolitik, die auf den Kunden und den Umweltschutz ausgerichtet ist. Setzen Sie sich mit uns in Verbindung!","breadcrumb":{"@id":"https:\/\/www.mollificiomodenese.it\/produttori-molle-acciaio\/certificazioni-e-qualita-molle-minuterie\/#breadcrumb"},"inLanguage":"de","potentialAction":[{"@type":"ReadAction","target":["https:\/\/www.mollificiomodenese.it\/produttori-molle-acciaio\/certificazioni-e-qualita-molle-minuterie\/"]}]},{"@type":"ImageObject","inLanguage":"de","@id":"https:\/\/www.mollificiomodenese.it\/produttori-molle-acciaio\/certificazioni-e-qualita-molle-minuterie\/#primaryimage","url":"https:\/\/www.mollificiomodenese.it\/wp-content\/uploads\/2020\/01\/sfondo2.jpg","contentUrl":"https:\/\/www.mollificiomodenese.it\/wp-content\/uploads\/2020\/01\/sfondo2.jpg","width":1250,"height":620,"caption":"mollificio modenese"},{"@type":"BreadcrumbList","@id":"https:\/\/www.mollificiomodenese.it\/produttori-molle-acciaio\/certificazioni-e-qualita-molle-minuterie\/#breadcrumb","itemListElement":[{"@type":"ListItem","position":1,"name":"Home","item":"https:\/\/www.mollificiomodenese.it\/de\/"},{"@type":"ListItem","position":2,"name":"Der Bezugspunkt bei der Herstellung von Federn nach Ma\u00df","item":"https:\/\/www.mollificiomodenese.it\/de\/der-bezugspunkt-bei-der-herstellung-von-federn-nach-mass\/"},{"@type":"ListItem","position":3,"name":"Zertifizierungen"}]},{"@type":"WebSite","@id":"https:\/\/www.mollificiomodenese.it\/#website","url":"https:\/\/www.mollificiomodenese.it\/","name":"MOLLIFICIO MODENESE","description":"","potentialAction":[{"@type":"SearchAction","target":{"@type":"EntryPoint","urlTemplate":"https:\/\/www.mollificiomodenese.it\/?s={search_term_string}"},"query-input":{"@type":"PropertyValueSpecification","valueRequired":true,"valueName":"search_term_string"}}],"inLanguage":"de"}]}},"_links":{"self":[{"href":"https:\/\/www.mollificiomodenese.it\/de\/wp-json\/wp\/v2\/pages\/3880","targetHints":{"allow":["GET"]}}],"collection":[{"href":"https:\/\/www.mollificiomodenese.it\/de\/wp-json\/wp\/v2\/pages"}],"about":[{"href":"https:\/\/www.mollificiomodenese.it\/de\/wp-json\/wp\/v2\/types\/page"}],"author":[{"embeddable":true,"href":"https:\/\/www.mollificiomodenese.it\/de\/wp-json\/wp\/v2\/users\/5"}],"replies":[{"embeddable":true,"href":"https:\/\/www.mollificiomodenese.it\/de\/wp-json\/wp\/v2\/comments?post=3880"}],"version-history":[{"count":5,"href":"https:\/\/www.mollificiomodenese.it\/de\/wp-json\/wp\/v2\/pages\/3880\/revisions"}],"predecessor-version":[{"id":4352,"href":"https:\/\/www.mollificiomodenese.it\/de\/wp-json\/wp\/v2\/pages\/3880\/revisions\/4352"}],"up":[{"embeddable":true,"href":"https:\/\/www.mollificiomodenese.it\/de\/wp-json\/wp\/v2\/pages\/3877"}],"wp:featuredmedia":[{"embeddable":true,"href":"https:\/\/www.mollificiomodenese.it\/de\/wp-json\/wp\/v2\/media\/3873"}],"wp:attachment":[{"href":"https:\/\/www.mollificiomodenese.it\/de\/wp-json\/wp\/v2\/media?parent=3880"}],"curies":[{"name":"wp","href":"https:\/\/api.w.org\/{rel}","templated":true}]}}