{"id":3892,"date":"2025-06-04T11:59:24","date_gmt":"2025-06-04T09:59:24","guid":{"rendered":"https:\/\/www.mollificiomodenese.it\/der-bezugspunkt-bei-der-herstellung-von-federn-nach-mass\/sponsorings-in-modena-und-umgebung\/"},"modified":"2025-06-04T11:59:25","modified_gmt":"2025-06-04T09:59:25","slug":"sponsorings-in-modena-und-umgebung","status":"publish","type":"page","link":"https:\/\/www.mollificiomodenese.it\/de\/der-bezugspunkt-bei-der-herstellung-von-federn-nach-mass\/sponsorings-in-modena-und-umgebung\/","title":{"rendered":"Sponsorings in Modena und Umgebung"},"content":{"rendered":"<div class=\"wpb-content-wrapper\"><p>[vc_section css=&#8220;.vc_custom_1580193165368{padding-bottom: 100px !important;background-color: #eeeeee !important;}&#8220;][vc_row gap=&#8220;35&#8243;][vc_column width=&#8220;2\/3&#8243;][vc_column_text]<\/p>\n<h2>Teilen ist wachsen: Mollificio Modenese unterst\u00fctzt die lokale Gemeinschaft<\/h2>\n<p>Kein Unternehmen ist eine Insel, k\u00f6nnte man das ber\u00fchmte Zitat von John Donne umschreiben.<br \/>Dies gilt auch f\u00fcr die Firma Mollificio Modenese, die hier in Modena, wie viele andere Unternehmen, ein ideales Umfeld f\u00fcr ihre T\u00e4tigkeit gefunden hat. Ein <strong>Umfeld, das nicht nur an Unternehmen, sondern auch an Verb\u00e4nden, Freiwilligenarbeit, Sport und Kultur reich ist<\/strong>.<br \/>Deshalb haben wir beschlossen, einen Teil dessen, was wir erhalten haben, zur\u00fcckzugeben, indem wir einige Unternehmen unterst\u00fctzen und ihnen helfen.<\/p>\n<ul>\n<li><a href=\"https:\/\/www.progettidelcuore.com\/\"><strong>Progetti di Cuore <\/strong><\/a>ist ein Benefit-Unternehmen, das sich darauf spezialisiert hat, die \u00f6ffentliche Verwaltung und die Verb\u00e4nde bei der Bereitstellung von kostenlosen Mobilit\u00e4tsdiensten f\u00fcr die schw\u00e4cheren Bev\u00f6lkerungsschichten, wie Senioren und Kranke, zu unterst\u00fctzen. Mollificio Modenese hat im Laufe der Jahre zu verschiedenen Fahrzeugen beigetragen, die f\u00fcr Modena bestimmt sind.<\/li>\n<li><strong><a href=\"https:\/\/impulsemodenaracing.it\/\">IMR \u2013 Impulse Modena Racing<\/a> und <a href=\"https:\/\/www.moremodenaracing.it\/\">MMR \u2013 MoRe Modena Racing<\/a><\/strong> sind zwei Studententeams der Universit\u00e4t Modena und Reggio Emilia. Die T\u00e4tigkeit in den Teams <strong>erg\u00e4nzt den traditionellen Studiengang<\/strong> und gibt den Studierenden die M\u00f6glichkeit, das im Unterricht Gelernte in die Praxis umzusetzen, indem von ihnen ein Fahrzeug entworfen und gebaut wird, das an internationalen Wettbewerben teilnehmen soll. Das IMR besteht aus etwa 70 Studierenden und hat zum Ziel, ein innovatives und erfolgreiches Elektromotorrad im Rahmen von Wettbewerben wie <a href=\"http:\/\/www.motostudent.com\/\">MotoStudent<\/a> und <a href=\"https:\/\/www.facebook.com\/Motoengineeringitaly\/\">Moto Engineering Italy<\/a> zu entwickeln. MMR besteht aus etwa 300 Studenten und hat das Ziel, drei Formelautos zu bauen: eines mit Verbrennungsmotor, ein hybrides und eines mit autonomer Steuerung. Die Fahrzeuge nehmen an einigen Veranstaltungen der Formula <a href=\"https:\/\/www.sae.org\/\">SAE<\/a>-Meisterschaft in <a href=\"https:\/\/www.formula-ata.it\/\">Italien<\/a> und im Ausland teil. Die daran beteiligten Fakult\u00e4ten sind: die Bereiche f\u00fcr Ingenieurwesen von Modena, der <strong>Bereich f\u00fcr Wissenschaften und Methoden des Ingenieurwesens<\/strong> von Reggio Emilia, der Bereich f\u00fcr Wirtschaft Marco Biagi, der Bereich Physik, Informatik und Mathematik, der Bereich f\u00fcr Kommunikation und Wirtschaft von Reggio Emilia sowie die interuniversit\u00e4ren Studieng\u00e4nge in Advanced Automotive Engineering und Advanced Automotive Electronic Engineering.<\/li>\n<li><\/li>\n<li>Der <a href=\"https:\/\/www.polnonantolacalcio.it\/\"><strong>Fu\u00dfballverein Nonantola<\/strong><\/a> ist haupts\u00e4chlich im Jugendbereich t\u00e4tig. Mit \u00fcber 250 angemeldeten Kindern und Jugendlichen nimmt sie an den Figc-Meisterschaften mit 10 Mannschaften im Alter von 5 bis 19 Jahren teil. Die erste Mannschaft spielt in der zweiten Liga und besteht <strong>haupts\u00e4chlich aus Spielern, die aus der eigenen Jugendabteilung<\/strong> Um alle Jungen zu betreuen, wechseln sich 18 Trainer auf den Fu\u00dfballfeldern ab: 10 lizenzierte Trainer der Figc (darunter 5 mit einem Abschluss in Sportwissenschaften) und 8 Mitarbeiter, darunter einige Studenten und einige ehemalige Spieler aus dem Jugendbereich. Der Fu\u00dfballverein kann auf 2 Rasenpl\u00e4tze mit \u00fcberdachten Trib\u00fcnen z\u00e4hlen, einen aus Rasen und einen aus Kunstrasen, 1 Kunstrasenplatz f\u00fcr Fu\u00dfball, 1 Turnhalle f\u00fcr die Aktivit\u00e4ten der Kleinsten und 8 Umkleider\u00e4ume.<\/li>\n<\/ul>\n<p>[\/vc_column_text][vc_empty_space][\/vc_column][vc_column width=&#8220;1\/3&#8243; css=&#8220;.vc_custom_1580149774337{border-left-width: 1px !important;border-left-color: #004f9f !important;border-left-style: solid !important;}&#8220;][vc_widget_sidebar sidebar_id=&#8220;sidebar-3&#8243;][\/vc_column][\/vc_row][\/vc_section]<\/p>\n<\/div>","protected":false},"excerpt":{"rendered":"<p>[vc_section css=&#8220;.vc_custom_1580193165368{padding-bottom: 100px !important;background-color: #eeeeee !important;}&#8220;][vc_row gap=&#8220;35&#8243;][vc_column width=&#8220;2\/3&#8243;][vc_column_text] Teilen ist wachsen: Mollificio Modenese unterst\u00fctzt die lokale Gemeinschaft Kein Unternehmen ist eine Insel, k\u00f6nnte man das ber\u00fchmte Zitat von John Donne umschreiben.Dies gilt auch f\u00fcr die Firma Mollificio Modenese, die hier in Modena, wie viele andere Unternehmen, ein ideales Umfeld f\u00fcr ihre T\u00e4tigkeit gefunden hat. Ein [&hellip;]<\/p>\n","protected":false},"author":5,"featured_media":3873,"parent":3877,"menu_order":0,"comment_status":"closed","ping_status":"closed","template":"","meta":{"footnotes":""},"class_list":["post-3892","page","type-page","status-publish","hentry"],"yoast_head":"<!-- This site is optimized with the Yoast SEO plugin v27.3 - https:\/\/yoast.com\/product\/yoast-seo-wordpress\/ -->\n<title>Die Sponsorings | MOLLIFICIO MODENESE<\/title>\n<meta name=\"description\" content=\"Mollificio Modenese unterst\u00fctzt soziale Projekte, wie die Progetti del Cuore, und das Talent junger Menschen mit IMR, MMR und den Fu\u00dfballverein Nonantola.\" \/>\n<meta name=\"robots\" content=\"index, follow, max-snippet:-1, max-image-preview:large, max-video-preview:-1\" \/>\n<link rel=\"canonical\" href=\"https:\/\/www.mollificiomodenese.it\/de\/der-bezugspunkt-bei-der-herstellung-von-federn-nach-mass\/sponsorings-in-modena-und-umgebung\/\" \/>\n<meta property=\"og:locale\" content=\"de_DE\" \/>\n<meta property=\"og:type\" content=\"article\" \/>\n<meta property=\"og:title\" content=\"Die Sponsorings | MOLLIFICIO MODENESE\" \/>\n<meta property=\"og:description\" content=\"Mollificio Modenese unterst\u00fctzt soziale Projekte, wie die Progetti del Cuore, und das Talent junger Menschen mit IMR, MMR und den Fu\u00dfballverein Nonantola.\" \/>\n<meta property=\"og:url\" content=\"https:\/\/www.mollificiomodenese.it\/de\/der-bezugspunkt-bei-der-herstellung-von-federn-nach-mass\/sponsorings-in-modena-und-umgebung\/\" \/>\n<meta property=\"og:site_name\" content=\"MOLLIFICIO MODENESE\" \/>\n<meta property=\"article:modified_time\" content=\"2025-06-04T09:59:25+00:00\" \/>\n<meta property=\"og:image\" content=\"https:\/\/www.mollificiomodenese.it\/wp-content\/uploads\/2020\/01\/sfondo2.jpg\" \/>\n\t<meta property=\"og:image:width\" content=\"1250\" \/>\n\t<meta property=\"og:image:height\" content=\"620\" \/>\n\t<meta property=\"og:image:type\" content=\"image\/jpeg\" \/>\n<meta name=\"twitter:card\" content=\"summary_large_image\" \/>\n<meta name=\"twitter:label1\" content=\"Gesch\u00e4tzte Lesezeit\" \/>\n\t<meta name=\"twitter:data1\" content=\"3\u00a0Minuten\" \/>\n<script type=\"application\/ld+json\" class=\"yoast-schema-graph\">{\"@context\":\"https:\\\/\\\/schema.org\",\"@graph\":[{\"@type\":\"WebPage\",\"@id\":\"https:\\\/\\\/www.mollificiomodenese.it\\\/de\\\/der-bezugspunkt-bei-der-herstellung-von-federn-nach-mass\\\/sponsorings-in-modena-und-umgebung\\\/\",\"url\":\"https:\\\/\\\/www.mollificiomodenese.it\\\/de\\\/der-bezugspunkt-bei-der-herstellung-von-federn-nach-mass\\\/sponsorings-in-modena-und-umgebung\\\/\",\"name\":\"Die Sponsorings | MOLLIFICIO MODENESE\",\"isPartOf\":{\"@id\":\"https:\\\/\\\/www.mollificiomodenese.it\\\/#website\"},\"primaryImageOfPage\":{\"@id\":\"https:\\\/\\\/www.mollificiomodenese.it\\\/de\\\/der-bezugspunkt-bei-der-herstellung-von-federn-nach-mass\\\/sponsorings-in-modena-und-umgebung\\\/#primaryimage\"},\"image\":{\"@id\":\"https:\\\/\\\/www.mollificiomodenese.it\\\/de\\\/der-bezugspunkt-bei-der-herstellung-von-federn-nach-mass\\\/sponsorings-in-modena-und-umgebung\\\/#primaryimage\"},\"thumbnailUrl\":\"https:\\\/\\\/www.mollificiomodenese.it\\\/wp-content\\\/uploads\\\/2020\\\/01\\\/sfondo2.jpg\",\"datePublished\":\"2025-06-04T09:59:24+00:00\",\"dateModified\":\"2025-06-04T09:59:25+00:00\",\"description\":\"Mollificio Modenese unterst\u00fctzt soziale Projekte, wie die Progetti del Cuore, und das Talent junger Menschen mit IMR, MMR und den Fu\u00dfballverein Nonantola.\",\"breadcrumb\":{\"@id\":\"https:\\\/\\\/www.mollificiomodenese.it\\\/de\\\/der-bezugspunkt-bei-der-herstellung-von-federn-nach-mass\\\/sponsorings-in-modena-und-umgebung\\\/#breadcrumb\"},\"inLanguage\":\"de\",\"potentialAction\":[{\"@type\":\"ReadAction\",\"target\":[\"https:\\\/\\\/www.mollificiomodenese.it\\\/de\\\/der-bezugspunkt-bei-der-herstellung-von-federn-nach-mass\\\/sponsorings-in-modena-und-umgebung\\\/\"]}]},{\"@type\":\"ImageObject\",\"inLanguage\":\"de\",\"@id\":\"https:\\\/\\\/www.mollificiomodenese.it\\\/de\\\/der-bezugspunkt-bei-der-herstellung-von-federn-nach-mass\\\/sponsorings-in-modena-und-umgebung\\\/#primaryimage\",\"url\":\"https:\\\/\\\/www.mollificiomodenese.it\\\/wp-content\\\/uploads\\\/2020\\\/01\\\/sfondo2.jpg\",\"contentUrl\":\"https:\\\/\\\/www.mollificiomodenese.it\\\/wp-content\\\/uploads\\\/2020\\\/01\\\/sfondo2.jpg\",\"width\":1250,\"height\":620,\"caption\":\"mollificio modenese\"},{\"@type\":\"BreadcrumbList\",\"@id\":\"https:\\\/\\\/www.mollificiomodenese.it\\\/de\\\/der-bezugspunkt-bei-der-herstellung-von-federn-nach-mass\\\/sponsorings-in-modena-und-umgebung\\\/#breadcrumb\",\"itemListElement\":[{\"@type\":\"ListItem\",\"position\":1,\"name\":\"Home\",\"item\":\"https:\\\/\\\/www.mollificiomodenese.it\\\/de\\\/\"},{\"@type\":\"ListItem\",\"position\":2,\"name\":\"Der Bezugspunkt bei der Herstellung von Federn nach Ma\u00df\",\"item\":\"https:\\\/\\\/www.mollificiomodenese.it\\\/de\\\/der-bezugspunkt-bei-der-herstellung-von-federn-nach-mass\\\/\"},{\"@type\":\"ListItem\",\"position\":3,\"name\":\"Sponsorings in Modena und Umgebung\"}]},{\"@type\":\"WebSite\",\"@id\":\"https:\\\/\\\/www.mollificiomodenese.it\\\/#website\",\"url\":\"https:\\\/\\\/www.mollificiomodenese.it\\\/\",\"name\":\"MOLLIFICIO MODENESE\",\"description\":\"\",\"potentialAction\":[{\"@type\":\"SearchAction\",\"target\":{\"@type\":\"EntryPoint\",\"urlTemplate\":\"https:\\\/\\\/www.mollificiomodenese.it\\\/?s={search_term_string}\"},\"query-input\":{\"@type\":\"PropertyValueSpecification\",\"valueRequired\":true,\"valueName\":\"search_term_string\"}}],\"inLanguage\":\"de\"}]}<\/script>\n<!-- \/ Yoast SEO plugin. -->","yoast_head_json":{"title":"Die Sponsorings | MOLLIFICIO MODENESE","description":"Mollificio Modenese unterst\u00fctzt soziale Projekte, wie die Progetti del Cuore, und das Talent junger Menschen mit IMR, MMR und den Fu\u00dfballverein Nonantola.","robots":{"index":"index","follow":"follow","max-snippet":"max-snippet:-1","max-image-preview":"max-image-preview:large","max-video-preview":"max-video-preview:-1"},"canonical":"https:\/\/www.mollificiomodenese.it\/de\/der-bezugspunkt-bei-der-herstellung-von-federn-nach-mass\/sponsorings-in-modena-und-umgebung\/","og_locale":"de_DE","og_type":"article","og_title":"Die Sponsorings | MOLLIFICIO MODENESE","og_description":"Mollificio Modenese unterst\u00fctzt soziale Projekte, wie die Progetti del Cuore, und das Talent junger Menschen mit IMR, MMR und den Fu\u00dfballverein Nonantola.","og_url":"https:\/\/www.mollificiomodenese.it\/de\/der-bezugspunkt-bei-der-herstellung-von-federn-nach-mass\/sponsorings-in-modena-und-umgebung\/","og_site_name":"MOLLIFICIO MODENESE","article_modified_time":"2025-06-04T09:59:25+00:00","og_image":[{"width":1250,"height":620,"url":"https:\/\/www.mollificiomodenese.it\/wp-content\/uploads\/2020\/01\/sfondo2.jpg","type":"image\/jpeg"}],"twitter_card":"summary_large_image","twitter_misc":{"Gesch\u00e4tzte Lesezeit":"3\u00a0Minuten"},"schema":{"@context":"https:\/\/schema.org","@graph":[{"@type":"WebPage","@id":"https:\/\/www.mollificiomodenese.it\/de\/der-bezugspunkt-bei-der-herstellung-von-federn-nach-mass\/sponsorings-in-modena-und-umgebung\/","url":"https:\/\/www.mollificiomodenese.it\/de\/der-bezugspunkt-bei-der-herstellung-von-federn-nach-mass\/sponsorings-in-modena-und-umgebung\/","name":"Die Sponsorings | MOLLIFICIO MODENESE","isPartOf":{"@id":"https:\/\/www.mollificiomodenese.it\/#website"},"primaryImageOfPage":{"@id":"https:\/\/www.mollificiomodenese.it\/de\/der-bezugspunkt-bei-der-herstellung-von-federn-nach-mass\/sponsorings-in-modena-und-umgebung\/#primaryimage"},"image":{"@id":"https:\/\/www.mollificiomodenese.it\/de\/der-bezugspunkt-bei-der-herstellung-von-federn-nach-mass\/sponsorings-in-modena-und-umgebung\/#primaryimage"},"thumbnailUrl":"https:\/\/www.mollificiomodenese.it\/wp-content\/uploads\/2020\/01\/sfondo2.jpg","datePublished":"2025-06-04T09:59:24+00:00","dateModified":"2025-06-04T09:59:25+00:00","description":"Mollificio Modenese unterst\u00fctzt soziale Projekte, wie die Progetti del Cuore, und das Talent junger Menschen mit IMR, MMR und den Fu\u00dfballverein Nonantola.","breadcrumb":{"@id":"https:\/\/www.mollificiomodenese.it\/de\/der-bezugspunkt-bei-der-herstellung-von-federn-nach-mass\/sponsorings-in-modena-und-umgebung\/#breadcrumb"},"inLanguage":"de","potentialAction":[{"@type":"ReadAction","target":["https:\/\/www.mollificiomodenese.it\/de\/der-bezugspunkt-bei-der-herstellung-von-federn-nach-mass\/sponsorings-in-modena-und-umgebung\/"]}]},{"@type":"ImageObject","inLanguage":"de","@id":"https:\/\/www.mollificiomodenese.it\/de\/der-bezugspunkt-bei-der-herstellung-von-federn-nach-mass\/sponsorings-in-modena-und-umgebung\/#primaryimage","url":"https:\/\/www.mollificiomodenese.it\/wp-content\/uploads\/2020\/01\/sfondo2.jpg","contentUrl":"https:\/\/www.mollificiomodenese.it\/wp-content\/uploads\/2020\/01\/sfondo2.jpg","width":1250,"height":620,"caption":"mollificio modenese"},{"@type":"BreadcrumbList","@id":"https:\/\/www.mollificiomodenese.it\/de\/der-bezugspunkt-bei-der-herstellung-von-federn-nach-mass\/sponsorings-in-modena-und-umgebung\/#breadcrumb","itemListElement":[{"@type":"ListItem","position":1,"name":"Home","item":"https:\/\/www.mollificiomodenese.it\/de\/"},{"@type":"ListItem","position":2,"name":"Der Bezugspunkt bei der Herstellung von Federn nach Ma\u00df","item":"https:\/\/www.mollificiomodenese.it\/de\/der-bezugspunkt-bei-der-herstellung-von-federn-nach-mass\/"},{"@type":"ListItem","position":3,"name":"Sponsorings in Modena und Umgebung"}]},{"@type":"WebSite","@id":"https:\/\/www.mollificiomodenese.it\/#website","url":"https:\/\/www.mollificiomodenese.it\/","name":"MOLLIFICIO MODENESE","description":"","potentialAction":[{"@type":"SearchAction","target":{"@type":"EntryPoint","urlTemplate":"https:\/\/www.mollificiomodenese.it\/?s={search_term_string}"},"query-input":{"@type":"PropertyValueSpecification","valueRequired":true,"valueName":"search_term_string"}}],"inLanguage":"de"}]}},"_links":{"self":[{"href":"https:\/\/www.mollificiomodenese.it\/de\/wp-json\/wp\/v2\/pages\/3892","targetHints":{"allow":["GET"]}}],"collection":[{"href":"https:\/\/www.mollificiomodenese.it\/de\/wp-json\/wp\/v2\/pages"}],"about":[{"href":"https:\/\/www.mollificiomodenese.it\/de\/wp-json\/wp\/v2\/types\/page"}],"author":[{"embeddable":true,"href":"https:\/\/www.mollificiomodenese.it\/de\/wp-json\/wp\/v2\/users\/5"}],"replies":[{"embeddable":true,"href":"https:\/\/www.mollificiomodenese.it\/de\/wp-json\/wp\/v2\/comments?post=3892"}],"version-history":[{"count":2,"href":"https:\/\/www.mollificiomodenese.it\/de\/wp-json\/wp\/v2\/pages\/3892\/revisions"}],"predecessor-version":[{"id":3894,"href":"https:\/\/www.mollificiomodenese.it\/de\/wp-json\/wp\/v2\/pages\/3892\/revisions\/3894"}],"up":[{"embeddable":true,"href":"https:\/\/www.mollificiomodenese.it\/de\/wp-json\/wp\/v2\/pages\/3877"}],"wp:featuredmedia":[{"embeddable":true,"href":"https:\/\/www.mollificiomodenese.it\/de\/wp-json\/wp\/v2\/media\/3873"}],"wp:attachment":[{"href":"https:\/\/www.mollificiomodenese.it\/de\/wp-json\/wp\/v2\/media?parent=3892"}],"curies":[{"name":"wp","href":"https:\/\/api.w.org\/{rel}","templated":true}]}}