{"id":3895,"date":"2025-06-06T12:55:34","date_gmt":"2025-06-06T10:55:34","guid":{"rendered":"https:\/\/www.mollificiomodenese.it\/unsere-federn\/"},"modified":"2025-07-08T16:54:17","modified_gmt":"2025-07-08T14:54:17","slug":"unsere-federn","status":"publish","type":"page","link":"https:\/\/www.mollificiomodenese.it\/de\/unsere-federn\/","title":{"rendered":"Unsere Federn"},"content":{"rendered":"<div class=\"wpb-content-wrapper\"><p>[vc_section css=&#8220;.vc_custom_1697638716753{padding-bottom: 100px !important;background-color: #eeeeee !important;}&#8220;][vc_row gap=&#8220;35&#8243;][vc_column width=&#8220;2\/3&#8243;][vc_column_text css=&#8220;.vc_custom_1583502592594{padding-bottom: 0px !important;}&#8220;]<\/p>\n<h1>Mollificio Modenese: Herstellung von Federn jeder Art<\/h1>\n<p>Die Firma Mollificio Modenese ist in der Lage, eine breite Palette an Federn, Haken, Kleinteilen aus Metall und geformten Teilen herzustellen. Wir arbeiten nach Ihrem Muster oder ihrer Zeichnung und produzieren sowohl Vorserien (von einigen Dutzend bis zu mehreren Hundert St\u00fcck) als auch Mittel- und Gro\u00dfserien.<\/p>\n<p>In altre parole,\u00a0<strong>non produciamo pezzi in base ad un quantitativo minimo<\/strong>, pertanto realizziamo il quantitativo di molle che ci richiedete. Inoltre, l\u2019esperienza maturata negli anni, l\u2019utilizzo di un apposito software e la disponibilit\u00e0 a realizzare campionature, consentono al Mollificio Modenese di supportare il Cliente nello sviluppo della molla ideale per l\u2019applicazione richiesta.<\/p>\n<p>Die Aufmerksamkeit des Mollificio Modenese auf die Qualit\u00e4t der Produkte zeigt sich seit 1997 im Erhalt der Zertifizierung seines Qualit\u00e4tssystems gem\u00e4\u00df der Norm <strong>UNI EN ISO 9001:2008<\/strong>.<\/p>\n<p>[\/vc_column_text][vc_single_image image=&#8220;30&#8243; alignment=&#8220;center&#8220; css=&#8220;.vc_custom_1579790986509{margin-top: 30px !important;border-top-width: 1px !important;}&#8220; el_class=&#8220;img-molla&#8220;][vc_column_text]<\/p>\n<h2>Die Produktpalette<\/h2>\n<p><\/p>\n<ul>\n<li><a href=\"https:\/\/www.mollificiomodenese.it\/de\/unsere-federn\/druckfeder\/\">Druckfedern<\/a><\/li>\n<li><a href=\"https:\/\/www.mollificiomodenese.it\/de\/unsere-federn\/zugfedern\/\">Zugfedern<\/a><\/li>\n<li><a href=\"https:\/\/www.mollificiomodenese.it\/de\/unsere-federn\/torsionsfedern\/\">Torsionsfedern<\/a><\/li>\n<li><a href=\"https:\/\/www.mollificiomodenese.it\/de\/unsere-federn\/aus-draht-geformte-einzelteile\/\">Aus Draht geformte Einzelteile<\/a><\/li>\n<li><a href=\"https:\/\/www.mollificiomodenese.it\/de\/unsere-federn\/sicherungsringe\/\">Ringe<\/a><\/li>\n<li><a href=\"https:\/\/www.mollificiomodenese.it\/de\/unsere-federn\/weitere-federarten\/\">Federn (Ummantelungen) f\u00fcr Rollen<\/a><\/li>\n<li><a href=\"https:\/\/www.mollificiomodenese.it\/de\/unsere-federn\/weitere-federarten\/\">Kleinteile aus Metall<\/a>\n<ul>\n<li>aus Runddraht<\/li>\n<li>aus Band<\/li>\n<\/ul>\n<p><\/li>\n<p><\/ul>\n<p>[\/vc_column_text][vc_single_image image=&#8220;30&#8243; alignment=&#8220;center&#8220; css=&#8220;.vc_custom_1579790986509{margin-top: 30px !important;border-top-width: 1px !important;}&#8220; el_class=&#8220;img-molla&#8220;][vc_column_text]<\/p>\n<h2>Die verwendeten Materialien<\/h2>\n<p>Folgende Materialien werden vom Mollificio Modenese verwendet:<\/p>\n<ul>\n<li>Runddraht\n<ul class=\"squaredOne\">\n<li>Stahl UNI EN 10270-1 SM\/SH\/DH (auch bekannt als C72 \u2013 C85 \u2013 C98) \u2013 <a href=\"https:\/\/www.mollificiomodenese.it\/de\/vertiefende-informationen-zur-welt-der-federn\/die-verwendeten-materialien\/federstahl-uni-en-10270-1-sh-dh\/\">technisches Datenblatt<\/a><\/li>\n<li>Edelstahl UNI EN 10270-3 1.4310\/1.4301\/1.4401 (AISI 302 \u2013 AISI 304 \u2013 AISI 316) \u2013 <a href=\"https:\/\/www.mollificiomodenese.it\/de\/vertiefende-informationen-zur-welt-der-federn\/die-verwendeten-materialien\/draht-aus-rostfreiem-stahl-uni-en-iso-6931-1-4310aisi-302\/\">technisches Datenblatt<\/a><\/li>\n<li>Inconel X750 \u2013\u00a0<a href=\"https:\/\/www.mollificiomodenese.it\/de\/vertiefende-informationen-zur-welt-der-federn\/die-verwendeten-materialien\/inconel-x750\/\">technisches Datenblatt<\/a><\/li>\n<li>Phosphorbronze \u2013 <a href=\"https:\/\/www.mollificiomodenese.it\/de\/vertiefende-informationen-zur-welt-der-federn\/die-verwendeten-materialien\/phosphorbronze\/\">technisches Datenblatt<\/a><\/li>\n<\/ul>\n<p><\/li>\n<p><\/ul>\n<p><\/p>\n<ul>\n<li>Vierkantdraht und Flachdraht<\/li>\n<li>Geh\u00e4rtetes Band, C67 gegl\u00fcht, Inox.<\/li>\n<li>Andere Materialien k\u00f6nnen nach spezifischen Vereinbarungen zwischen dem Mollificio Modenese und dem Kunden verwendet werden.<\/li>\n<\/ul>\n<p>[\/vc_column_text][vc_single_image image=&#8220;30&#8243; alignment=&#8220;center&#8220; css=&#8220;.vc_custom_1579790986509{margin-top: 30px !important;border-top-width: 1px !important;}&#8220; el_class=&#8220;img-molla&#8220;][vc_column_text]<\/p>\n<div class=\"secondTitleContainer\">\n<div class=\"secondTitleContainer\">\n<h2 class=\"secondTitle\">Oberfl\u00e4chenbehandlungen<\/h2>\n<\/div>\n<p>Auf Anfrage k\u00f6nnen an den Federn folgende Oberfl\u00e4chenbehandlungen durchgef\u00fchrt werden:<\/p>\n<ul>\n<li>Verzinken<\/li>\n<li>Kataphorese<\/li>\n<li>Lackierung<\/li>\n<li>Geomet<\/li>\n<li>Phosphatierung<\/li>\n<li>Br\u00fcnierung<\/li>\n<li>Trommeln<\/li>\n<li>Kugelstrahlen<\/li>\n<\/ul>\n<p><\/div>\n<p>[\/vc_column_text][vc_single_image image=&#8220;30&#8243; alignment=&#8220;center&#8220; css=&#8220;.vc_custom_1579790986509{margin-top: 30px !important;border-top-width: 1px !important;}&#8220; el_class=&#8220;img-molla&#8220;][vc_column_text]<\/p>\n<div class=\"secondTitleContainer\">\n<div class=\"secondTitleContainer\">\n<h2>Thermische Behandlungen<\/h2>\n<p>Die Ausdehnung der Stahlfedern nach UNI EN 10270-1 oder UNI EN 10270-3 erfolgt vor Ort.<br \/>\nDas H\u00e4rten wird durch Outsourcing von spezialisierten Unternehmen vorgenommen.<\/p>\n<\/div>\n<p><\/div>\n<p>[\/vc_column_text][\/vc_column][vc_column width=&#8220;1\/3&#8243; css=&#8220;.vc_custom_1580149628970{border-left-width: 1px !important;border-left-color: #004f9f !important;border-left-style: solid !important;}&#8220;][vc_widget_sidebar sidebar_id=&#8220;sidebar-3&#8243;][\/vc_column][\/vc_row][\/vc_section]<\/p>\n<\/div>","protected":false},"excerpt":{"rendered":"<p>[vc_section css=&#8220;.vc_custom_1697638716753{padding-bottom: 100px !important;background-color: #eeeeee !important;}&#8220;][vc_row gap=&#8220;35&#8243;][vc_column width=&#8220;2\/3&#8243;][vc_column_text css=&#8220;.vc_custom_1583502592594{padding-bottom: 0px !important;}&#8220;] Mollificio Modenese: Herstellung von Federn jeder Art Die Firma Mollificio Modenese ist in der Lage, eine breite Palette an Federn, Haken, Kleinteilen aus Metall und geformten Teilen herzustellen. Wir arbeiten nach Ihrem Muster oder ihrer Zeichnung und produzieren sowohl Vorserien (von einigen Dutzend bis [&hellip;]<\/p>\n","protected":false},"author":5,"featured_media":3873,"parent":0,"menu_order":0,"comment_status":"closed","ping_status":"closed","template":"","meta":{"footnotes":""},"class_list":["post-3895","page","type-page","status-publish","hentry"],"yoast_head":"<!-- This site is optimized with the Yoast SEO plugin v27.3 - https:\/\/yoast.com\/product\/yoast-seo-wordpress\/ -->\n<title>Unsere Federn \u2013 Mollificio Modenese<\/title>\n<meta name=\"description\" content=\"Wir stellen Druckfedern, Zugfedern, Torsionsfedern, konische Federn, bikonische Federn, Federn f\u00fcr Rollen, Bandfedern, Ringe, Splinte, geformte Haken und Kleinteile aus Metall her\" \/>\n<meta name=\"robots\" content=\"index, follow, max-snippet:-1, max-image-preview:large, max-video-preview:-1\" \/>\n<link rel=\"canonical\" href=\"https:\/\/www.mollificiomodenese.it\/le-nostre-molle\/\" \/>\n<meta property=\"og:locale\" content=\"de_DE\" \/>\n<meta property=\"og:type\" content=\"article\" \/>\n<meta property=\"og:title\" content=\"Unsere Federn \u2013 Mollificio Modenese\" \/>\n<meta property=\"og:description\" content=\"Wir stellen Druckfedern, Zugfedern, Torsionsfedern, konische Federn, bikonische Federn, Federn f\u00fcr Rollen, Bandfedern, Ringe, Splinte, geformte Haken und Kleinteile aus Metall her\" \/>\n<meta property=\"og:url\" content=\"https:\/\/www.mollificiomodenese.it\/le-nostre-molle\/\" \/>\n<meta property=\"og:site_name\" content=\"MOLLIFICIO MODENESE\" \/>\n<meta property=\"article:modified_time\" content=\"2025-07-08T14:54:17+00:00\" \/>\n<meta property=\"og:image\" content=\"https:\/\/www.mollificiomodenese.it\/wp-content\/uploads\/2020\/01\/sfondo2.jpg\" \/>\n\t<meta property=\"og:image:width\" content=\"1250\" \/>\n\t<meta property=\"og:image:height\" content=\"620\" \/>\n\t<meta property=\"og:image:type\" content=\"image\/jpeg\" \/>\n<meta name=\"twitter:card\" content=\"summary_large_image\" \/>\n<meta name=\"twitter:label1\" content=\"Gesch\u00e4tzte Lesezeit\" \/>\n\t<meta name=\"twitter:data1\" content=\"2\u00a0Minuten\" \/>\n<script type=\"application\/ld+json\" class=\"yoast-schema-graph\">{\"@context\":\"https:\\\/\\\/schema.org\",\"@graph\":[{\"@type\":\"WebPage\",\"@id\":\"https:\\\/\\\/www.mollificiomodenese.it\\\/le-nostre-molle\\\/\",\"url\":\"https:\\\/\\\/www.mollificiomodenese.it\\\/le-nostre-molle\\\/\",\"name\":\"Unsere Federn \u2013 Mollificio Modenese\",\"isPartOf\":{\"@id\":\"https:\\\/\\\/www.mollificiomodenese.it\\\/#website\"},\"primaryImageOfPage\":{\"@id\":\"https:\\\/\\\/www.mollificiomodenese.it\\\/le-nostre-molle\\\/#primaryimage\"},\"image\":{\"@id\":\"https:\\\/\\\/www.mollificiomodenese.it\\\/le-nostre-molle\\\/#primaryimage\"},\"thumbnailUrl\":\"https:\\\/\\\/www.mollificiomodenese.it\\\/wp-content\\\/uploads\\\/2020\\\/01\\\/sfondo2.jpg\",\"datePublished\":\"2025-06-06T10:55:34+00:00\",\"dateModified\":\"2025-07-08T14:54:17+00:00\",\"description\":\"Wir stellen Druckfedern, Zugfedern, Torsionsfedern, konische Federn, bikonische Federn, Federn f\u00fcr Rollen, Bandfedern, Ringe, Splinte, geformte Haken und Kleinteile aus Metall her\",\"breadcrumb\":{\"@id\":\"https:\\\/\\\/www.mollificiomodenese.it\\\/le-nostre-molle\\\/#breadcrumb\"},\"inLanguage\":\"de\",\"potentialAction\":[{\"@type\":\"ReadAction\",\"target\":[\"https:\\\/\\\/www.mollificiomodenese.it\\\/le-nostre-molle\\\/\"]}]},{\"@type\":\"ImageObject\",\"inLanguage\":\"de\",\"@id\":\"https:\\\/\\\/www.mollificiomodenese.it\\\/le-nostre-molle\\\/#primaryimage\",\"url\":\"https:\\\/\\\/www.mollificiomodenese.it\\\/wp-content\\\/uploads\\\/2020\\\/01\\\/sfondo2.jpg\",\"contentUrl\":\"https:\\\/\\\/www.mollificiomodenese.it\\\/wp-content\\\/uploads\\\/2020\\\/01\\\/sfondo2.jpg\",\"width\":1250,\"height\":620,\"caption\":\"mollificio modenese\"},{\"@type\":\"BreadcrumbList\",\"@id\":\"https:\\\/\\\/www.mollificiomodenese.it\\\/le-nostre-molle\\\/#breadcrumb\",\"itemListElement\":[{\"@type\":\"ListItem\",\"position\":1,\"name\":\"Home\",\"item\":\"https:\\\/\\\/www.mollificiomodenese.it\\\/de\\\/\"},{\"@type\":\"ListItem\",\"position\":2,\"name\":\"Unsere Federn\"}]},{\"@type\":\"WebSite\",\"@id\":\"https:\\\/\\\/www.mollificiomodenese.it\\\/#website\",\"url\":\"https:\\\/\\\/www.mollificiomodenese.it\\\/\",\"name\":\"MOLLIFICIO MODENESE\",\"description\":\"\",\"potentialAction\":[{\"@type\":\"SearchAction\",\"target\":{\"@type\":\"EntryPoint\",\"urlTemplate\":\"https:\\\/\\\/www.mollificiomodenese.it\\\/?s={search_term_string}\"},\"query-input\":{\"@type\":\"PropertyValueSpecification\",\"valueRequired\":true,\"valueName\":\"search_term_string\"}}],\"inLanguage\":\"de\"}]}<\/script>\n<!-- \/ Yoast SEO plugin. -->","yoast_head_json":{"title":"Unsere Federn \u2013 Mollificio Modenese","description":"Wir stellen Druckfedern, Zugfedern, Torsionsfedern, konische Federn, bikonische Federn, Federn f\u00fcr Rollen, Bandfedern, Ringe, Splinte, geformte Haken und Kleinteile aus Metall her","robots":{"index":"index","follow":"follow","max-snippet":"max-snippet:-1","max-image-preview":"max-image-preview:large","max-video-preview":"max-video-preview:-1"},"canonical":"https:\/\/www.mollificiomodenese.it\/le-nostre-molle\/","og_locale":"de_DE","og_type":"article","og_title":"Unsere Federn \u2013 Mollificio Modenese","og_description":"Wir stellen Druckfedern, Zugfedern, Torsionsfedern, konische Federn, bikonische Federn, Federn f\u00fcr Rollen, Bandfedern, Ringe, Splinte, geformte Haken und Kleinteile aus Metall her","og_url":"https:\/\/www.mollificiomodenese.it\/le-nostre-molle\/","og_site_name":"MOLLIFICIO MODENESE","article_modified_time":"2025-07-08T14:54:17+00:00","og_image":[{"width":1250,"height":620,"url":"https:\/\/www.mollificiomodenese.it\/wp-content\/uploads\/2020\/01\/sfondo2.jpg","type":"image\/jpeg"}],"twitter_card":"summary_large_image","twitter_misc":{"Gesch\u00e4tzte Lesezeit":"2\u00a0Minuten"},"schema":{"@context":"https:\/\/schema.org","@graph":[{"@type":"WebPage","@id":"https:\/\/www.mollificiomodenese.it\/le-nostre-molle\/","url":"https:\/\/www.mollificiomodenese.it\/le-nostre-molle\/","name":"Unsere Federn \u2013 Mollificio Modenese","isPartOf":{"@id":"https:\/\/www.mollificiomodenese.it\/#website"},"primaryImageOfPage":{"@id":"https:\/\/www.mollificiomodenese.it\/le-nostre-molle\/#primaryimage"},"image":{"@id":"https:\/\/www.mollificiomodenese.it\/le-nostre-molle\/#primaryimage"},"thumbnailUrl":"https:\/\/www.mollificiomodenese.it\/wp-content\/uploads\/2020\/01\/sfondo2.jpg","datePublished":"2025-06-06T10:55:34+00:00","dateModified":"2025-07-08T14:54:17+00:00","description":"Wir stellen Druckfedern, Zugfedern, Torsionsfedern, konische Federn, bikonische Federn, Federn f\u00fcr Rollen, Bandfedern, Ringe, Splinte, geformte Haken und Kleinteile aus Metall her","breadcrumb":{"@id":"https:\/\/www.mollificiomodenese.it\/le-nostre-molle\/#breadcrumb"},"inLanguage":"de","potentialAction":[{"@type":"ReadAction","target":["https:\/\/www.mollificiomodenese.it\/le-nostre-molle\/"]}]},{"@type":"ImageObject","inLanguage":"de","@id":"https:\/\/www.mollificiomodenese.it\/le-nostre-molle\/#primaryimage","url":"https:\/\/www.mollificiomodenese.it\/wp-content\/uploads\/2020\/01\/sfondo2.jpg","contentUrl":"https:\/\/www.mollificiomodenese.it\/wp-content\/uploads\/2020\/01\/sfondo2.jpg","width":1250,"height":620,"caption":"mollificio modenese"},{"@type":"BreadcrumbList","@id":"https:\/\/www.mollificiomodenese.it\/le-nostre-molle\/#breadcrumb","itemListElement":[{"@type":"ListItem","position":1,"name":"Home","item":"https:\/\/www.mollificiomodenese.it\/de\/"},{"@type":"ListItem","position":2,"name":"Unsere Federn"}]},{"@type":"WebSite","@id":"https:\/\/www.mollificiomodenese.it\/#website","url":"https:\/\/www.mollificiomodenese.it\/","name":"MOLLIFICIO MODENESE","description":"","potentialAction":[{"@type":"SearchAction","target":{"@type":"EntryPoint","urlTemplate":"https:\/\/www.mollificiomodenese.it\/?s={search_term_string}"},"query-input":{"@type":"PropertyValueSpecification","valueRequired":true,"valueName":"search_term_string"}}],"inLanguage":"de"}]}},"_links":{"self":[{"href":"https:\/\/www.mollificiomodenese.it\/de\/wp-json\/wp\/v2\/pages\/3895","targetHints":{"allow":["GET"]}}],"collection":[{"href":"https:\/\/www.mollificiomodenese.it\/de\/wp-json\/wp\/v2\/pages"}],"about":[{"href":"https:\/\/www.mollificiomodenese.it\/de\/wp-json\/wp\/v2\/types\/page"}],"author":[{"embeddable":true,"href":"https:\/\/www.mollificiomodenese.it\/de\/wp-json\/wp\/v2\/users\/5"}],"replies":[{"embeddable":true,"href":"https:\/\/www.mollificiomodenese.it\/de\/wp-json\/wp\/v2\/comments?post=3895"}],"version-history":[{"count":5,"href":"https:\/\/www.mollificiomodenese.it\/de\/wp-json\/wp\/v2\/pages\/3895\/revisions"}],"predecessor-version":[{"id":4357,"href":"https:\/\/www.mollificiomodenese.it\/de\/wp-json\/wp\/v2\/pages\/3895\/revisions\/4357"}],"wp:featuredmedia":[{"embeddable":true,"href":"https:\/\/www.mollificiomodenese.it\/de\/wp-json\/wp\/v2\/media\/3873"}],"wp:attachment":[{"href":"https:\/\/www.mollificiomodenese.it\/de\/wp-json\/wp\/v2\/media?parent=3895"}],"curies":[{"name":"wp","href":"https:\/\/api.w.org\/{rel}","templated":true}]}}