{"id":3898,"date":"2025-06-06T14:29:49","date_gmt":"2025-06-06T12:29:49","guid":{"rendered":"https:\/\/www.mollificiomodenese.it\/unsere-federn\/druckfeder\/"},"modified":"2025-07-08T17:02:40","modified_gmt":"2025-07-08T15:02:40","slug":"druckfeder","status":"publish","type":"page","link":"https:\/\/www.mollificiomodenese.it\/de\/unsere-federn\/druckfeder\/","title":{"rendered":"Druckfeder"},"content":{"rendered":"<div class=\"wpb-content-wrapper\"><p>[vc_section css=&#8220;.vc_custom_1580193165368{padding-bottom: 100px !important;background-color: #eeeeee !important;}&#8220;][vc_row gap=&#8220;35&#8243;][vc_column width=&#8220;2\/3&#8243;][vc_column_text]Die Druckfedern sind die am weitesten verbreitete Federart. Zu den h\u00e4ufig verwendeten Gegenst\u00e4nden, die diese Technologie nutzen, geh\u00f6ren Kugelschreiberminen, Schl\u00f6sser, industrielle Automatisierungen und Elektroger\u00e4te.<\/p>\n<p>Mollificio Modenese ist in der Lage, verschiedene Arten von Druckfedern bereitzustellen, um allen Bed\u00fcrfnissen gerecht zu werden. Die Produktion kann nach Entwurf oder Muster des Kunden erfolgen, um auch die speziellsten Erfordernisse zu erf\u00fcllen. Mollificio Modenese ist au\u00dferdem in der Lage, Einzelproben oder limitierte Serien herstellen.[\/vc_column_text][vc_btn title=&#8220;FORDERN SIE EIN ANGEBOT AN&#8220; style=&#8220;gradient-custom&#8220; gradient_custom_color_1=&#8220;#004f9f&#8220; gradient_custom_color_2=&#8220;#004f9f&#8220; shape=&#8220;square&#8220; align=&#8220;left&#8220; link=&#8220;url:https%3A%2F%2Fwww.mollificiomodenese.it%2Fde%2Ffordern-sie-ein-angebot-fuer-industrielle-federn-an%2Fanforderung-eines-angebots-fuer-die-berechnung-von-druckfedern%2F|title:Druckfeder%20|&#8220;][vc_single_image image=&#8220;30&#8243; alignment=&#8220;center&#8220; css=&#8220;.vc_custom_1579790986509{margin-top: 30px !important;border-top-width: 1px !important;}&#8220; el_class=&#8220;img-molla&#8220;][vc_column_text]<\/p>\n<h2>Arten der Druckfedern<\/h2>\n<p>Es gibt viele Arten von Druckfedern auf dem Markt, mit verschiedenen Kombinationen und Details. Zum Beispiel k\u00f6nnen alle Arten von Druckfedern mit rechter oder linker Wicklung hergestellt werden, auch wenn die Standardrichtung der Wickelung rechts ist.<\/p>\n<p>Die Druckfedern k\u00f6nnen au\u00dferdem nach Durchmesser, Steigung zwischen den Windungen (durchschnittlicher Abstand zwischen zwei Windungen) und <strong>Art der Enden<\/strong> klassifiziert werden.<\/p>\n<p>Die Klassifizierung nach <strong>Durchmesser<\/strong> sieht vor:[\/vc_column_text][vc_row_inner][vc_column_inner width=&#8220;1\/6&#8243;][vc_single_image image=&#8220;3899&#8243; img_size=&#8220;medium&#8220; alignment=&#8220;center&#8220;][\/vc_column_inner][vc_column_inner width=&#8220;5\/6&#8243;][vc_empty_space height=&#8220;20px&#8220;][vc_column_text]<\/p>\n<ul>\n<li><strong>Zylindrische Federn<\/strong>,<br \/>\nbei denen der Durchmesser der Feder von einem Ende zum anderen konstant ist<\/li>\n<\/ul>\n<p>[\/vc_column_text][\/vc_column_inner][\/vc_row_inner][vc_row_inner][vc_column_inner width=&#8220;1\/6&#8243;][vc_single_image image=&#8220;3900&#8243; img_size=&#8220;medium&#8220; alignment=&#8220;center&#8220;][\/vc_column_inner][vc_column_inner width=&#8220;5\/6&#8243;][vc_empty_space height=&#8220;10px&#8220;][vc_column_text]<\/p>\n<ul>\n<li><strong>Konische Federn,<\/strong><br \/>\nbei denen der Durchmesser eines Endes gr\u00f6\u00dfer ist als der des anderen Endes<\/li>\n<\/ul>\n<p>[\/vc_column_text][\/vc_column_inner][\/vc_row_inner][vc_row_inner][vc_column_inner width=&#8220;1\/6&#8243;][vc_single_image image=&#8220;3901&#8243; img_size=&#8220;medium&#8220; alignment=&#8220;center&#8220;][\/vc_column_inner][vc_column_inner width=&#8220;1\/6&#8243;][vc_empty_space height=&#8220;20px&#8220;][vc_single_image image=&#8220;3905&#8243; img_size=&#8220;medium&#8220; alignment=&#8220;center&#8220;][\/vc_column_inner][vc_column_inner width=&#8220;1\/2&#8243;][vc_empty_space height=&#8220;20px&#8220;][vc_column_text]<\/p>\n<ul>\n<li><strong>Bikonische Federn<\/strong>,<br \/>\nbei denen der Durchmesser in der Mitte der Feder gr\u00f6\u00dfer (oder kleiner) als der Durchmesser der Enden ist<\/li>\n<\/ul>\n<p>[\/vc_column_text][\/vc_column_inner][\/vc_row_inner][vc_column_text]Die <strong>Federn<\/strong> k\u00f6nnen auch nach der <strong>Steigung<\/strong> klassifiziert werden, das hei\u00dft nach dem Abstand zwischen den Mittelpunkten der Querschnitte des Drahtes oder des Stegs von zwei benachbarten Wicklungen. Diese Klassifizierung sieht vor:<\/p>\n<ul>\n<li><strong>Federn mit konstanter Steigung<\/strong>, bei denen die Steigung der aktiven Wicklungen \u00fcber die gesamte L\u00e4nge der Feder konstant ist.<\/li>\n<li><strong>Federn mit variabler Steigung<\/strong>, bei denen die aktiven Wicklungen in zwei oder mehr Gruppen mit unterschiedlichen Abst\u00e4nden untereinander aufgeteilt werden k\u00f6nnen, innerhalb derer der Abstand konstant ist.<\/li>\n<\/ul>\n<p>Die Klassifizierung nach <strong>Enden<\/strong> sieht vor:[\/vc_column_text][vc_row_inner][vc_column_inner width=&#8220;1\/6&#8243;][vc_single_image image=&#8220;3902&#8243; img_size=&#8220;medium&#8220;][\/vc_column_inner][vc_column_inner width=&#8220;5\/6&#8243;][vc_column_text]<\/p>\n<ul>\n<li><strong>geschlossene und geschliffene Enden<\/strong>,<br \/>\nbei denen die \u00e4u\u00dferste Windung einer Feder nach dem Wickeln durch Schleifen abgeflacht wurde<\/li>\n<\/ul>\n<p>[\/vc_column_text][\/vc_column_inner][\/vc_row_inner][vc_row_inner][vc_column_inner width=&#8220;1\/6&#8243;][vc_single_image image=&#8220;3903&#8243; img_size=&#8220;medium&#8220;][\/vc_column_inner][vc_column_inner width=&#8220;5\/6&#8243;][vc_column_text]<\/p>\n<div class=\"secondTitleContainer\">\n<div class=\"firstTitleContainer\">\n<ul>\n<li><strong>geschlossene Enden<\/strong>,<br \/>\nbei denen die \u00e4u\u00dfersten Windungen einer Feder abgeschnitten und nicht geschliffen sind, wodurch sie mit Kontakt geschlossen werden<\/li>\n<\/ul>\n<\/div>\n<p>&nbsp;<\/p>\n<\/div>\n<p>[\/vc_column_text][\/vc_column_inner][\/vc_row_inner][vc_row_inner][vc_column_inner width=&#8220;1\/6&#8243;][vc_single_image image=&#8220;3904&#8243; img_size=&#8220;medium&#8220;][\/vc_column_inner][vc_column_inner width=&#8220;5\/6&#8243;][vc_column_text]<\/p>\n<div class=\"secondTitleContainer\">\n<div class=\"firstTitleContainer\">\n<ul>\n<li><strong>offene Enden<\/strong>,<br \/>\nbei denen die \u00e4u\u00dfersten Windungen einer Feder offen sind, ohne dass eine \u00c4nderung der Steigung erfolgt, mit abgeschnittenem und ungeschliffenem Ende des Drahtes<\/li>\n<\/ul>\n<\/div>\n<p>&nbsp;<\/p>\n<\/div>\n<p>[\/vc_column_text][\/vc_column_inner][\/vc_row_inner][vc_column_text]<\/p>\n<ul>\n<li><strong>offene und geschliffene Enden<\/strong>, bei denen die \u00e4u\u00dfersten Windungen der Feder abgeschnitten und nicht geschliffen sind<\/li>\n<\/ul>\n<p>&nbsp;<\/p>\n<ul>\n<li><strong>nahe und geschliffene Enden<\/strong> nach dem Wickeln oder nicht geschliffen (abgeschnitten)<\/li>\n<li><strong>verj\u00fcngte, geschlossene und geschliffene Enden<\/strong>, bei denen die \u00e4u\u00dfersten Windungen einer Feder mit Ver\u00e4nderung der Steigung verj\u00fcngt sind und nach dem Wickeln durch Schleifen abgeflacht wurden.<\/li>\n<\/ul>\n<p>[\/vc_column_text][vc_btn title=&#8220;FORDERN SIE WEITERE INFORMATIONEN AN&#8220; style=&#8220;gradient-custom&#8220; gradient_custom_color_1=&#8220;#004f9f&#8220; gradient_custom_color_2=&#8220;#004f9f&#8220; shape=&#8220;square&#8220; align=&#8220;left&#8220; link=&#8220;url:https%3A%2F%2Fwww.mollificiomodenese.it%2Fde%2Ffordern-sie-ein-angebot-fuer-industrielle-federn-an%2Fanforderung-eines-angebots-fuer-die-berechnung-von-druckfedern%2F|title:Druckfeder%20|&#8220;][vc_single_image image=&#8220;30&#8243; alignment=&#8220;center&#8220; css=&#8220;.vc_custom_1579790986509{margin-top: 30px !important;border-top-width: 1px !important;}&#8220; el_class=&#8220;img-molla&#8220;][vc_column_text]<\/p>\n<h2>Herstellung von Druckfedern<\/h2>\n<p>Sofern nicht anders angegeben, versteht man unter einer <strong>Druckfeder<\/strong> eine zylindrische Feder mit konstanter Steigung, mit geschlossenen und geschliffenen Enden sowie rechter Wicklung. Bei dieser Federart kann ein Katalog mit Standardfedern bei <a href=\"https:\/\/www.springsonline.net\/it\/\"><strong>Springs On Line<\/strong><\/a> eingesehen werden.<\/p>\n<p>Unser Unternehmen ist in jedem Fall in der Lage, verschiedene Modelle von Federn nach Ma\u00df zu produzieren und anzupassen, um spezifische Erfordernisse der Kunden zu erf\u00fcllen.<\/p>\n<p>Zur genauen Bemessung einer <strong>Druckfeder<\/strong> sind nur vier Werte erforderlich:<\/p>\n<ol>\n<li><strong>der Durchmesser des Drahtes<\/strong><\/li>\n<li><strong>der Durchmesser der Feder<\/strong><\/li>\n<li><strong>die L\u00e4nge<\/strong><\/li>\n<li><strong>die Anzahl der Windungen<\/strong><\/li>\n<\/ol>\n<p><strong>Die Anzahl der m\u00f6glichen Kombinationen ist jedoch praktisch unendlich.<\/strong> Sollten Sie Ihre Feder nicht unter den <a href=\"https:\/\/www.springsonline.net\/it\/catalogo-molle\/molle-di-compressione\/molle-compressione-uni-8525.html\">Standardfedern<\/a> finden, setzen Sie sich mit uns in Verbindung, um sie zu bestellen. Es ist wahrscheinlich m\u00f6glich, sie nach Ma\u00df herzustellen, und wir werden das M\u00f6gliche tun, um jedes Erfordernis zu erf\u00fcllen!<\/p>\n<p>Mollificio Modenese produziert nicht nur in gro\u00dfen St\u00fcckzahlen, sondern ist auch in der Lage, <strong>Muster<\/strong> oder <strong>limitierte Serien<\/strong> herzustellen oder, falls n\u00f6tig, auch <strong>Einzelst\u00fccke<\/strong>.<\/p>\n<p>Unsere Spezialisten stehen Ihnen f\u00fcr technische Beratungen und zur Berechnung der Feder jederzeit zur Verf\u00fcgung.[\/vc_column_text][vc_btn title=&#8220;SETZEN SIE SICH F\u00dcR EINE BERATUNG MIT UNS IN VERBINDUNG&#8220; style=&#8220;gradient-custom&#8220; gradient_custom_color_1=&#8220;#004f9f&#8220; gradient_custom_color_2=&#8220;#004f9f&#8220; shape=&#8220;square&#8220; align=&#8220;left&#8220; link=&#8220;url:https%3A%2F%2Fwww.mollificiomodenese.it%2Fde%2Fdie-dienstleistungen-der-firma-mollificio-modenese-fuer-ihre-industriellen-federn%2Funterstuetzung-bei-berechnung-und-entwurf-der-federn%2Fberechnung-von-druckfedern-alles-was-man-wissen-muss%2F|title:Druckfeder&#8220;][vc_single_image image=&#8220;30&#8243; alignment=&#8220;center&#8220; css=&#8220;.vc_custom_1579790986509{margin-top: 30px !important;border-top-width: 1px !important;}&#8220; el_class=&#8220;img-molla&#8220;][vc_column_text]<\/p>\n<div class=\"secondTitleContainer\">\n<div class=\"firstTitleContainer\">\n<h2>Produktionsmaterialien<\/h2>\n<p>Die Druckfedern k\u00f6nnen je nach Anwendungsbereich aus <strong>verschiedenen Materialien<\/strong> hergestellt werden.<\/p>\n<\/div>\n<p>&nbsp;<\/p>\n<\/div>\n<p>[\/vc_column_text][vc_btn title=&#8220;ERFAHREN SIE MEHR ZU DEN MATERIALIEN&#8220; style=&#8220;gradient-custom&#8220; gradient_custom_color_1=&#8220;#004f9f&#8220; gradient_custom_color_2=&#8220;#004f9f&#8220; shape=&#8220;square&#8220; align=&#8220;left&#8220; link=&#8220;url:https%3A%2F%2Fwww.mollificiomodenese.it%2Fde%2Fvertiefende-informationen-zur-welt-der-federn%2Fdie-verwendeten-materialien%2F|title:Druckfeder&#8220;][vc_empty_space][\/vc_column][vc_column width=&#8220;1\/3&#8243; css=&#8220;.vc_custom_1580149774337{border-left-width: 1px !important;border-left-color: #004f9f !important;border-left-style: solid !important;}&#8220;][vc_widget_sidebar sidebar_id=&#8220;sidebar-3&#8243;][\/vc_column][\/vc_row][\/vc_section]<\/p>\n<\/div>","protected":false},"excerpt":{"rendered":"<p>[vc_section css=&#8220;.vc_custom_1580193165368{padding-bottom: 100px !important;background-color: #eeeeee !important;}&#8220;][vc_row gap=&#8220;35&#8243;][vc_column width=&#8220;2\/3&#8243;][vc_column_text]Die Druckfedern sind die am weitesten verbreitete Federart. Zu den h\u00e4ufig verwendeten Gegenst\u00e4nden, die diese Technologie nutzen, geh\u00f6ren Kugelschreiberminen, Schl\u00f6sser, industrielle Automatisierungen und Elektroger\u00e4te. Mollificio Modenese ist in der Lage, verschiedene Arten von Druckfedern bereitzustellen, um allen Bed\u00fcrfnissen gerecht zu werden. Die Produktion kann nach Entwurf oder Muster [&hellip;]<\/p>\n","protected":false},"author":5,"featured_media":3873,"parent":3895,"menu_order":0,"comment_status":"closed","ping_status":"closed","template":"","meta":{"footnotes":""},"class_list":["post-3898","page","type-page","status-publish","hentry"],"yoast_head":"<!-- This site is optimized with the Yoast SEO plugin v27.3 - https:\/\/yoast.com\/product\/yoast-seo-wordpress\/ -->\n<title>Mollificio Modenese \u2013 Hersteller von Druckfedern<\/title>\n<meta name=\"description\" content=\"Mollificio Modenese liefert verschiedene Arten von Druckfedern. Setzen Sie sich mit uns f\u00fcr weitere Informationen oder ein Angebot in Verbindung!\" \/>\n<meta name=\"robots\" content=\"index, follow, max-snippet:-1, max-image-preview:large, max-video-preview:-1\" \/>\n<link rel=\"canonical\" href=\"https:\/\/www.mollificiomodenese.it\/de\/unsere-federn\/druckfeder\/\" \/>\n<meta property=\"og:locale\" content=\"de_DE\" \/>\n<meta property=\"og:type\" content=\"article\" \/>\n<meta property=\"og:title\" content=\"Mollificio Modenese \u2013 Hersteller von Druckfedern\" \/>\n<meta property=\"og:description\" content=\"Mollificio Modenese liefert verschiedene Arten von Druckfedern. Setzen Sie sich mit uns f\u00fcr weitere Informationen oder ein Angebot in Verbindung!\" \/>\n<meta property=\"og:url\" content=\"https:\/\/www.mollificiomodenese.it\/de\/unsere-federn\/druckfeder\/\" \/>\n<meta property=\"og:site_name\" content=\"MOLLIFICIO MODENESE\" \/>\n<meta property=\"article:modified_time\" content=\"2025-07-08T15:02:40+00:00\" \/>\n<meta property=\"og:image\" content=\"https:\/\/www.mollificiomodenese.it\/wp-content\/uploads\/2020\/01\/sfondo2.jpg\" \/>\n\t<meta property=\"og:image:width\" content=\"1250\" \/>\n\t<meta property=\"og:image:height\" content=\"620\" \/>\n\t<meta property=\"og:image:type\" content=\"image\/jpeg\" \/>\n<meta name=\"twitter:card\" content=\"summary_large_image\" \/>\n<meta name=\"twitter:label1\" content=\"Gesch\u00e4tzte Lesezeit\" \/>\n\t<meta name=\"twitter:data1\" content=\"6\u00a0Minuten\" \/>\n<script type=\"application\/ld+json\" class=\"yoast-schema-graph\">{\"@context\":\"https:\\\/\\\/schema.org\",\"@graph\":[{\"@type\":\"WebPage\",\"@id\":\"https:\\\/\\\/www.mollificiomodenese.it\\\/de\\\/unsere-federn\\\/druckfeder\\\/\",\"url\":\"https:\\\/\\\/www.mollificiomodenese.it\\\/de\\\/unsere-federn\\\/druckfeder\\\/\",\"name\":\"Mollificio Modenese \u2013 Hersteller von Druckfedern\",\"isPartOf\":{\"@id\":\"https:\\\/\\\/www.mollificiomodenese.it\\\/#website\"},\"primaryImageOfPage\":{\"@id\":\"https:\\\/\\\/www.mollificiomodenese.it\\\/de\\\/unsere-federn\\\/druckfeder\\\/#primaryimage\"},\"image\":{\"@id\":\"https:\\\/\\\/www.mollificiomodenese.it\\\/de\\\/unsere-federn\\\/druckfeder\\\/#primaryimage\"},\"thumbnailUrl\":\"https:\\\/\\\/www.mollificiomodenese.it\\\/wp-content\\\/uploads\\\/2020\\\/01\\\/sfondo2.jpg\",\"datePublished\":\"2025-06-06T12:29:49+00:00\",\"dateModified\":\"2025-07-08T15:02:40+00:00\",\"description\":\"Mollificio Modenese liefert verschiedene Arten von Druckfedern. Setzen Sie sich mit uns f\u00fcr weitere Informationen oder ein Angebot in Verbindung!\",\"breadcrumb\":{\"@id\":\"https:\\\/\\\/www.mollificiomodenese.it\\\/de\\\/unsere-federn\\\/druckfeder\\\/#breadcrumb\"},\"inLanguage\":\"de\",\"potentialAction\":[{\"@type\":\"ReadAction\",\"target\":[\"https:\\\/\\\/www.mollificiomodenese.it\\\/de\\\/unsere-federn\\\/druckfeder\\\/\"]}]},{\"@type\":\"ImageObject\",\"inLanguage\":\"de\",\"@id\":\"https:\\\/\\\/www.mollificiomodenese.it\\\/de\\\/unsere-federn\\\/druckfeder\\\/#primaryimage\",\"url\":\"https:\\\/\\\/www.mollificiomodenese.it\\\/wp-content\\\/uploads\\\/2020\\\/01\\\/sfondo2.jpg\",\"contentUrl\":\"https:\\\/\\\/www.mollificiomodenese.it\\\/wp-content\\\/uploads\\\/2020\\\/01\\\/sfondo2.jpg\",\"width\":1250,\"height\":620,\"caption\":\"mollificio modenese\"},{\"@type\":\"BreadcrumbList\",\"@id\":\"https:\\\/\\\/www.mollificiomodenese.it\\\/de\\\/unsere-federn\\\/druckfeder\\\/#breadcrumb\",\"itemListElement\":[{\"@type\":\"ListItem\",\"position\":1,\"name\":\"Home\",\"item\":\"https:\\\/\\\/www.mollificiomodenese.it\\\/de\\\/\"},{\"@type\":\"ListItem\",\"position\":2,\"name\":\"Unsere Federn\",\"item\":\"https:\\\/\\\/www.mollificiomodenese.it\\\/le-nostre-molle\\\/\"},{\"@type\":\"ListItem\",\"position\":3,\"name\":\"Druckfeder\"}]},{\"@type\":\"WebSite\",\"@id\":\"https:\\\/\\\/www.mollificiomodenese.it\\\/#website\",\"url\":\"https:\\\/\\\/www.mollificiomodenese.it\\\/\",\"name\":\"MOLLIFICIO MODENESE\",\"description\":\"\",\"potentialAction\":[{\"@type\":\"SearchAction\",\"target\":{\"@type\":\"EntryPoint\",\"urlTemplate\":\"https:\\\/\\\/www.mollificiomodenese.it\\\/?s={search_term_string}\"},\"query-input\":{\"@type\":\"PropertyValueSpecification\",\"valueRequired\":true,\"valueName\":\"search_term_string\"}}],\"inLanguage\":\"de\"}]}<\/script>\n<!-- \/ Yoast SEO plugin. -->","yoast_head_json":{"title":"Mollificio Modenese \u2013 Hersteller von Druckfedern","description":"Mollificio Modenese liefert verschiedene Arten von Druckfedern. Setzen Sie sich mit uns f\u00fcr weitere Informationen oder ein Angebot in Verbindung!","robots":{"index":"index","follow":"follow","max-snippet":"max-snippet:-1","max-image-preview":"max-image-preview:large","max-video-preview":"max-video-preview:-1"},"canonical":"https:\/\/www.mollificiomodenese.it\/de\/unsere-federn\/druckfeder\/","og_locale":"de_DE","og_type":"article","og_title":"Mollificio Modenese \u2013 Hersteller von Druckfedern","og_description":"Mollificio Modenese liefert verschiedene Arten von Druckfedern. Setzen Sie sich mit uns f\u00fcr weitere Informationen oder ein Angebot in Verbindung!","og_url":"https:\/\/www.mollificiomodenese.it\/de\/unsere-federn\/druckfeder\/","og_site_name":"MOLLIFICIO MODENESE","article_modified_time":"2025-07-08T15:02:40+00:00","og_image":[{"width":1250,"height":620,"url":"https:\/\/www.mollificiomodenese.it\/wp-content\/uploads\/2020\/01\/sfondo2.jpg","type":"image\/jpeg"}],"twitter_card":"summary_large_image","twitter_misc":{"Gesch\u00e4tzte Lesezeit":"6\u00a0Minuten"},"schema":{"@context":"https:\/\/schema.org","@graph":[{"@type":"WebPage","@id":"https:\/\/www.mollificiomodenese.it\/de\/unsere-federn\/druckfeder\/","url":"https:\/\/www.mollificiomodenese.it\/de\/unsere-federn\/druckfeder\/","name":"Mollificio Modenese \u2013 Hersteller von Druckfedern","isPartOf":{"@id":"https:\/\/www.mollificiomodenese.it\/#website"},"primaryImageOfPage":{"@id":"https:\/\/www.mollificiomodenese.it\/de\/unsere-federn\/druckfeder\/#primaryimage"},"image":{"@id":"https:\/\/www.mollificiomodenese.it\/de\/unsere-federn\/druckfeder\/#primaryimage"},"thumbnailUrl":"https:\/\/www.mollificiomodenese.it\/wp-content\/uploads\/2020\/01\/sfondo2.jpg","datePublished":"2025-06-06T12:29:49+00:00","dateModified":"2025-07-08T15:02:40+00:00","description":"Mollificio Modenese liefert verschiedene Arten von Druckfedern. Setzen Sie sich mit uns f\u00fcr weitere Informationen oder ein Angebot in Verbindung!","breadcrumb":{"@id":"https:\/\/www.mollificiomodenese.it\/de\/unsere-federn\/druckfeder\/#breadcrumb"},"inLanguage":"de","potentialAction":[{"@type":"ReadAction","target":["https:\/\/www.mollificiomodenese.it\/de\/unsere-federn\/druckfeder\/"]}]},{"@type":"ImageObject","inLanguage":"de","@id":"https:\/\/www.mollificiomodenese.it\/de\/unsere-federn\/druckfeder\/#primaryimage","url":"https:\/\/www.mollificiomodenese.it\/wp-content\/uploads\/2020\/01\/sfondo2.jpg","contentUrl":"https:\/\/www.mollificiomodenese.it\/wp-content\/uploads\/2020\/01\/sfondo2.jpg","width":1250,"height":620,"caption":"mollificio modenese"},{"@type":"BreadcrumbList","@id":"https:\/\/www.mollificiomodenese.it\/de\/unsere-federn\/druckfeder\/#breadcrumb","itemListElement":[{"@type":"ListItem","position":1,"name":"Home","item":"https:\/\/www.mollificiomodenese.it\/de\/"},{"@type":"ListItem","position":2,"name":"Unsere Federn","item":"https:\/\/www.mollificiomodenese.it\/le-nostre-molle\/"},{"@type":"ListItem","position":3,"name":"Druckfeder"}]},{"@type":"WebSite","@id":"https:\/\/www.mollificiomodenese.it\/#website","url":"https:\/\/www.mollificiomodenese.it\/","name":"MOLLIFICIO MODENESE","description":"","potentialAction":[{"@type":"SearchAction","target":{"@type":"EntryPoint","urlTemplate":"https:\/\/www.mollificiomodenese.it\/?s={search_term_string}"},"query-input":{"@type":"PropertyValueSpecification","valueRequired":true,"valueName":"search_term_string"}}],"inLanguage":"de"}]}},"_links":{"self":[{"href":"https:\/\/www.mollificiomodenese.it\/de\/wp-json\/wp\/v2\/pages\/3898","targetHints":{"allow":["GET"]}}],"collection":[{"href":"https:\/\/www.mollificiomodenese.it\/de\/wp-json\/wp\/v2\/pages"}],"about":[{"href":"https:\/\/www.mollificiomodenese.it\/de\/wp-json\/wp\/v2\/types\/page"}],"author":[{"embeddable":true,"href":"https:\/\/www.mollificiomodenese.it\/de\/wp-json\/wp\/v2\/users\/5"}],"replies":[{"embeddable":true,"href":"https:\/\/www.mollificiomodenese.it\/de\/wp-json\/wp\/v2\/comments?post=3898"}],"version-history":[{"count":9,"href":"https:\/\/www.mollificiomodenese.it\/de\/wp-json\/wp\/v2\/pages\/3898\/revisions"}],"predecessor-version":[{"id":4364,"href":"https:\/\/www.mollificiomodenese.it\/de\/wp-json\/wp\/v2\/pages\/3898\/revisions\/4364"}],"up":[{"embeddable":true,"href":"https:\/\/www.mollificiomodenese.it\/de\/wp-json\/wp\/v2\/pages\/3895"}],"wp:featuredmedia":[{"embeddable":true,"href":"https:\/\/www.mollificiomodenese.it\/de\/wp-json\/wp\/v2\/media\/3873"}],"wp:attachment":[{"href":"https:\/\/www.mollificiomodenese.it\/de\/wp-json\/wp\/v2\/media?parent=3898"}],"curies":[{"name":"wp","href":"https:\/\/api.w.org\/{rel}","templated":true}]}}