{"id":3909,"date":"2025-06-06T14:37:18","date_gmt":"2025-06-06T12:37:18","guid":{"rendered":"https:\/\/www.mollificiomodenese.it\/unsere-federn\/zugfedern\/"},"modified":"2025-07-08T17:07:50","modified_gmt":"2025-07-08T15:07:50","slug":"zugfedern","status":"publish","type":"page","link":"https:\/\/www.mollificiomodenese.it\/de\/unsere-federn\/zugfedern\/","title":{"rendered":"Zugfedern"},"content":{"rendered":"<div class=\"wpb-content-wrapper\"><p>[vc_section css=&#8220;.vc_custom_1580193165368{padding-bottom: 100px !important;background-color: #eeeeee !important;}&#8220;][vc_row gap=&#8220;35&#8243;][vc_column width=&#8220;2\/3&#8243;][vc_column_text]<\/p>\n<div class=\"firstTitleContainer\"><\/div>\n<p><strong>Mollificio Modenese<\/strong> bietet seinen Kunden eine <strong>breite Palette von Zugfedern<\/strong> an. Die Zugfedern (auch als Traktionsfedern bekannt) reagieren, per Definition, auf eine axiale Kraft, die die L\u00e4nge der Feder zu verl\u00e4ngern versucht.<\/p>\n<p>Wir besch\u00e4ftigen uns mit der Herstellung von Zugfedern verschiedener Form und Gr\u00f6\u00dfe. Unsere Experten werden mit einer Produktion, die direkt nach der Zeichnung oder dem gelieferten Muster des Kunden hergestellt wird, allen Erfordernissen gerecht.[\/vc_column_text][vc_btn title=&#8220;FORDERN SIE EIN ANGEBOT AN&#8220; style=&#8220;gradient-custom&#8220; gradient_custom_color_1=&#8220;#004f9f&#8220; gradient_custom_color_2=&#8220;#004f9f&#8220; shape=&#8220;square&#8220; link=&#8220;url:https%3A%2F%2Fwww.mollificiomodenese.it%2Fde%2Ffordern-sie-ein-angebot-fuer-industrielle-federn-an%2Fanforderung-eines-angebots-fuer-die-berechnung-von-zugfedern%2F|title:Angebotsanfrage%20f%C3%BCr%20Zugfedern|&#8220;][vc_column_text]Die <strong>Zugfedern<\/strong> sind normalerweise aus <strong>verbundenen<\/strong> Windungen mit <strong>\u00d6sen<\/strong> an den Enden gefertigt. Es ist m\u00f6glich, <strong>verschiedene Arten von \u00d6sen mit unterschiedlichen Eigenschaften<\/strong> herzustellen (Halb\u00f6sen, Haken\u00f6sen, seitliche Haken\u00f6sen, doppelte \u00d6sen, dreieckige Haken\u00f6sen und viele andere). Die h\u00e4ufigsten \u00d6senarten sind:<\/p>\n<ul>\n<li><strong>Englische \u00d6se<\/strong><\/li>\n<li><strong>Deutsche \u00d6se<\/strong><\/li>\n<li><strong>Haken\u00f6se<\/strong><\/li>\n<li><strong>Drehbare \u00d6se<\/strong><\/li>\n<\/ul>\n<p>Um alle Arten von \u00d6sen zu betrachten, kann der entsprechende Abschnitt im <a href=\"https:\/\/www.mollificiomodenese.it\/de\/vertiefende-informationen-zur-welt-der-federn\/oesen-fuer-zugfedern\/\">Glossar<\/a> aufgerufen werden.<\/p>\n<p>Bei dieser Federart kann ein Katalog mit Standardfedern bei <a href=\"https:\/\/www.springsonline.net\/it\/\">Springs On Line<\/a> eingesehen werden.<\/p>\n<p>Bei der Bestellung sind zur genauen Definition einer Zugfeder folgende Angaben ausreichend: Der <strong>Drahtdurchmesser<\/strong>, der <strong>Durchmesser der Feder<\/strong>, die <strong>Gesamtl\u00e4nge<\/strong> des Federk\u00f6rpers sowie die <strong>\u00d6senart<\/strong>.<\/p>\n<p>Die Anzahl der m\u00f6glichen <strong>Kombinationen<\/strong> ist jedoch praktisch <strong>unendlich<\/strong>. Sollten Sie Ihre Feder unter den <a href=\"https:\/\/www.springsonline.net\/it\/catalogo-molle\/molle-di-trazione\/molle-trazione-uni-8526.html\">Standardfedern<\/a> nicht finden, bitten wir Sie, sich mit uns in Verbindung zu setzen. Wahrscheinlich ist es m\u00f6glich, sie nach Ma\u00df herzustellen, und wir freuen uns, auf jegliche Erfordernisse einzugehen. Unsere Werkstatt stellt <strong>Federn jeglicher Art<\/strong>, Form und Gr\u00f6\u00dfe her.<\/p>\n<p>Neben Mittel- und Gro\u00dfserien stehen wir Ihnen auch f\u00fcr die Herstellung von <strong>Mustern oder limitierten Serien<\/strong> zur Verf\u00fcgung sowie, falls n\u00f6tig, auch von Einzelst\u00fccken.<br \/>\nSollte es f\u00fcr Sie notwendig sein, eine Feder f\u00fcr eine spezielle Verwendung herzustellen, k\u00f6nnen Sie sich auf die Unterst\u00fctzung des <strong>Mollificio Modenese<\/strong> verlassen. Unser hochspezialisiertes Personal bietet auf Anfrage <strong>Unterst\u00fctzung bei der Berechnung der Feder<\/strong> und bei den zu verwendenden Materialien.[\/vc_column_text][vc_btn title=&#8220;SETZEN SIE SICH F\u00dcR EINE BERATUNG MIT UNS IN VERBINDUNG&#8220; style=&#8220;gradient-custom&#8220; gradient_custom_color_1=&#8220;#004f9f&#8220; gradient_custom_color_2=&#8220;#004f9f&#8220; shape=&#8220;square&#8220; link=&#8220;url:https%3A%2F%2Fwww.mollificiomodenese.it%2Fde%2Fdie-dienstleistungen-der-firma-mollificio-modenese-fuer-ihre-industriellen-federn%2Funterstuetzung-bei-berechnung-und-entwurf-der-federn%2Fdie-berechnung-von-zugfedern-eine-kurze-anleitung%2F&#8220;][vc_column_text]<\/p>\n<h2>Materialien von Zugfedern<\/h2>\n<p>Die Zugfedern k\u00f6nnen je nach Anwendungsbereich aus <strong>verschiedenen Materialien<\/strong> hergestellt werden.[\/vc_column_text][vc_btn title=&#8220;ERFAHREN SIE MEHR ZU DEN MATERIALIEN&#8220; style=&#8220;gradient-custom&#8220; gradient_custom_color_1=&#8220;#004f9f&#8220; gradient_custom_color_2=&#8220;#004f9f&#8220; shape=&#8220;square&#8220; link=&#8220;url:https%3A%2F%2Fwww.mollificiomodenese.it%2Fde%2Fvertiefende-informationen-zur-welt-der-federn%2Fdie-verwendeten-materialien%2F&#8220;][\/vc_column][vc_column width=&#8220;1\/3&#8243; css=&#8220;.vc_custom_1580149774337{border-left-width: 1px !important;border-left-color: #004f9f !important;border-left-style: solid !important;}&#8220;][vc_widget_sidebar sidebar_id=&#8220;sidebar-3&#8243;][\/vc_column][\/vc_row][\/vc_section]<\/p>\n<\/div>","protected":false},"excerpt":{"rendered":"<p>[vc_section css=&#8220;.vc_custom_1580193165368{padding-bottom: 100px !important;background-color: #eeeeee !important;}&#8220;][vc_row gap=&#8220;35&#8243;][vc_column width=&#8220;2\/3&#8243;][vc_column_text] Mollificio Modenese bietet seinen Kunden eine breite Palette von Zugfedern an. Die Zugfedern (auch als Traktionsfedern bekannt) reagieren, per Definition, auf eine axiale Kraft, die die L\u00e4nge der Feder zu verl\u00e4ngern versucht. Wir besch\u00e4ftigen uns mit der Herstellung von Zugfedern verschiedener Form und Gr\u00f6\u00dfe. Unsere Experten werden [&hellip;]<\/p>\n","protected":false},"author":5,"featured_media":3873,"parent":3895,"menu_order":0,"comment_status":"closed","ping_status":"closed","template":"","meta":{"footnotes":""},"class_list":["post-3909","page","type-page","status-publish","hentry"],"yoast_head":"<!-- This site is optimized with the Yoast SEO plugin v27.3 - https:\/\/yoast.com\/product\/yoast-seo-wordpress\/ -->\n<title>Mollificio Modenese \u2013 Zugfedern jeglicher Art<\/title>\n<meta name=\"description\" content=\"Mollificio Modenese liefert verschiedene Arten von Zugfedern. Setzen Sie sich mit uns f\u00fcr weitere Informationen oder ein Angebot in Verbindung!\" \/>\n<meta name=\"robots\" content=\"index, follow, max-snippet:-1, max-image-preview:large, max-video-preview:-1\" \/>\n<link rel=\"canonical\" href=\"https:\/\/www.mollificiomodenese.it\/de\/unsere-federn\/zugfedern\/\" \/>\n<meta property=\"og:locale\" content=\"de_DE\" \/>\n<meta property=\"og:type\" content=\"article\" \/>\n<meta property=\"og:title\" content=\"Mollificio Modenese \u2013 Zugfedern jeglicher Art\" \/>\n<meta property=\"og:description\" content=\"Mollificio Modenese liefert verschiedene Arten von Zugfedern. Setzen Sie sich mit uns f\u00fcr weitere Informationen oder ein Angebot in Verbindung!\" \/>\n<meta property=\"og:url\" content=\"https:\/\/www.mollificiomodenese.it\/de\/unsere-federn\/zugfedern\/\" \/>\n<meta property=\"og:site_name\" content=\"MOLLIFICIO MODENESE\" \/>\n<meta property=\"article:modified_time\" content=\"2025-07-08T15:07:50+00:00\" \/>\n<meta property=\"og:image\" content=\"https:\/\/www.mollificiomodenese.it\/wp-content\/uploads\/2020\/01\/sfondo2.jpg\" \/>\n\t<meta property=\"og:image:width\" content=\"1250\" \/>\n\t<meta property=\"og:image:height\" content=\"620\" \/>\n\t<meta property=\"og:image:type\" content=\"image\/jpeg\" \/>\n<meta name=\"twitter:card\" content=\"summary_large_image\" \/>\n<meta name=\"twitter:label1\" content=\"Gesch\u00e4tzte Lesezeit\" \/>\n\t<meta name=\"twitter:data1\" content=\"3\u00a0Minuten\" \/>\n<script type=\"application\/ld+json\" class=\"yoast-schema-graph\">{\"@context\":\"https:\\\/\\\/schema.org\",\"@graph\":[{\"@type\":\"WebPage\",\"@id\":\"https:\\\/\\\/www.mollificiomodenese.it\\\/de\\\/unsere-federn\\\/zugfedern\\\/\",\"url\":\"https:\\\/\\\/www.mollificiomodenese.it\\\/de\\\/unsere-federn\\\/zugfedern\\\/\",\"name\":\"Mollificio Modenese \u2013 Zugfedern jeglicher Art\",\"isPartOf\":{\"@id\":\"https:\\\/\\\/www.mollificiomodenese.it\\\/#website\"},\"primaryImageOfPage\":{\"@id\":\"https:\\\/\\\/www.mollificiomodenese.it\\\/de\\\/unsere-federn\\\/zugfedern\\\/#primaryimage\"},\"image\":{\"@id\":\"https:\\\/\\\/www.mollificiomodenese.it\\\/de\\\/unsere-federn\\\/zugfedern\\\/#primaryimage\"},\"thumbnailUrl\":\"https:\\\/\\\/www.mollificiomodenese.it\\\/wp-content\\\/uploads\\\/2020\\\/01\\\/sfondo2.jpg\",\"datePublished\":\"2025-06-06T12:37:18+00:00\",\"dateModified\":\"2025-07-08T15:07:50+00:00\",\"description\":\"Mollificio Modenese liefert verschiedene Arten von Zugfedern. Setzen Sie sich mit uns f\u00fcr weitere Informationen oder ein Angebot in Verbindung!\",\"breadcrumb\":{\"@id\":\"https:\\\/\\\/www.mollificiomodenese.it\\\/de\\\/unsere-federn\\\/zugfedern\\\/#breadcrumb\"},\"inLanguage\":\"de\",\"potentialAction\":[{\"@type\":\"ReadAction\",\"target\":[\"https:\\\/\\\/www.mollificiomodenese.it\\\/de\\\/unsere-federn\\\/zugfedern\\\/\"]}]},{\"@type\":\"ImageObject\",\"inLanguage\":\"de\",\"@id\":\"https:\\\/\\\/www.mollificiomodenese.it\\\/de\\\/unsere-federn\\\/zugfedern\\\/#primaryimage\",\"url\":\"https:\\\/\\\/www.mollificiomodenese.it\\\/wp-content\\\/uploads\\\/2020\\\/01\\\/sfondo2.jpg\",\"contentUrl\":\"https:\\\/\\\/www.mollificiomodenese.it\\\/wp-content\\\/uploads\\\/2020\\\/01\\\/sfondo2.jpg\",\"width\":1250,\"height\":620,\"caption\":\"mollificio modenese\"},{\"@type\":\"BreadcrumbList\",\"@id\":\"https:\\\/\\\/www.mollificiomodenese.it\\\/de\\\/unsere-federn\\\/zugfedern\\\/#breadcrumb\",\"itemListElement\":[{\"@type\":\"ListItem\",\"position\":1,\"name\":\"Home\",\"item\":\"https:\\\/\\\/www.mollificiomodenese.it\\\/de\\\/\"},{\"@type\":\"ListItem\",\"position\":2,\"name\":\"Unsere Federn\",\"item\":\"https:\\\/\\\/www.mollificiomodenese.it\\\/le-nostre-molle\\\/\"},{\"@type\":\"ListItem\",\"position\":3,\"name\":\"Zugfedern\"}]},{\"@type\":\"WebSite\",\"@id\":\"https:\\\/\\\/www.mollificiomodenese.it\\\/#website\",\"url\":\"https:\\\/\\\/www.mollificiomodenese.it\\\/\",\"name\":\"MOLLIFICIO MODENESE\",\"description\":\"\",\"potentialAction\":[{\"@type\":\"SearchAction\",\"target\":{\"@type\":\"EntryPoint\",\"urlTemplate\":\"https:\\\/\\\/www.mollificiomodenese.it\\\/?s={search_term_string}\"},\"query-input\":{\"@type\":\"PropertyValueSpecification\",\"valueRequired\":true,\"valueName\":\"search_term_string\"}}],\"inLanguage\":\"de\"}]}<\/script>\n<!-- \/ Yoast SEO plugin. -->","yoast_head_json":{"title":"Mollificio Modenese \u2013 Zugfedern jeglicher Art","description":"Mollificio Modenese liefert verschiedene Arten von Zugfedern. Setzen Sie sich mit uns f\u00fcr weitere Informationen oder ein Angebot in Verbindung!","robots":{"index":"index","follow":"follow","max-snippet":"max-snippet:-1","max-image-preview":"max-image-preview:large","max-video-preview":"max-video-preview:-1"},"canonical":"https:\/\/www.mollificiomodenese.it\/de\/unsere-federn\/zugfedern\/","og_locale":"de_DE","og_type":"article","og_title":"Mollificio Modenese \u2013 Zugfedern jeglicher Art","og_description":"Mollificio Modenese liefert verschiedene Arten von Zugfedern. Setzen Sie sich mit uns f\u00fcr weitere Informationen oder ein Angebot in Verbindung!","og_url":"https:\/\/www.mollificiomodenese.it\/de\/unsere-federn\/zugfedern\/","og_site_name":"MOLLIFICIO MODENESE","article_modified_time":"2025-07-08T15:07:50+00:00","og_image":[{"width":1250,"height":620,"url":"https:\/\/www.mollificiomodenese.it\/wp-content\/uploads\/2020\/01\/sfondo2.jpg","type":"image\/jpeg"}],"twitter_card":"summary_large_image","twitter_misc":{"Gesch\u00e4tzte Lesezeit":"3\u00a0Minuten"},"schema":{"@context":"https:\/\/schema.org","@graph":[{"@type":"WebPage","@id":"https:\/\/www.mollificiomodenese.it\/de\/unsere-federn\/zugfedern\/","url":"https:\/\/www.mollificiomodenese.it\/de\/unsere-federn\/zugfedern\/","name":"Mollificio Modenese \u2013 Zugfedern jeglicher Art","isPartOf":{"@id":"https:\/\/www.mollificiomodenese.it\/#website"},"primaryImageOfPage":{"@id":"https:\/\/www.mollificiomodenese.it\/de\/unsere-federn\/zugfedern\/#primaryimage"},"image":{"@id":"https:\/\/www.mollificiomodenese.it\/de\/unsere-federn\/zugfedern\/#primaryimage"},"thumbnailUrl":"https:\/\/www.mollificiomodenese.it\/wp-content\/uploads\/2020\/01\/sfondo2.jpg","datePublished":"2025-06-06T12:37:18+00:00","dateModified":"2025-07-08T15:07:50+00:00","description":"Mollificio Modenese liefert verschiedene Arten von Zugfedern. Setzen Sie sich mit uns f\u00fcr weitere Informationen oder ein Angebot in Verbindung!","breadcrumb":{"@id":"https:\/\/www.mollificiomodenese.it\/de\/unsere-federn\/zugfedern\/#breadcrumb"},"inLanguage":"de","potentialAction":[{"@type":"ReadAction","target":["https:\/\/www.mollificiomodenese.it\/de\/unsere-federn\/zugfedern\/"]}]},{"@type":"ImageObject","inLanguage":"de","@id":"https:\/\/www.mollificiomodenese.it\/de\/unsere-federn\/zugfedern\/#primaryimage","url":"https:\/\/www.mollificiomodenese.it\/wp-content\/uploads\/2020\/01\/sfondo2.jpg","contentUrl":"https:\/\/www.mollificiomodenese.it\/wp-content\/uploads\/2020\/01\/sfondo2.jpg","width":1250,"height":620,"caption":"mollificio modenese"},{"@type":"BreadcrumbList","@id":"https:\/\/www.mollificiomodenese.it\/de\/unsere-federn\/zugfedern\/#breadcrumb","itemListElement":[{"@type":"ListItem","position":1,"name":"Home","item":"https:\/\/www.mollificiomodenese.it\/de\/"},{"@type":"ListItem","position":2,"name":"Unsere Federn","item":"https:\/\/www.mollificiomodenese.it\/le-nostre-molle\/"},{"@type":"ListItem","position":3,"name":"Zugfedern"}]},{"@type":"WebSite","@id":"https:\/\/www.mollificiomodenese.it\/#website","url":"https:\/\/www.mollificiomodenese.it\/","name":"MOLLIFICIO MODENESE","description":"","potentialAction":[{"@type":"SearchAction","target":{"@type":"EntryPoint","urlTemplate":"https:\/\/www.mollificiomodenese.it\/?s={search_term_string}"},"query-input":{"@type":"PropertyValueSpecification","valueRequired":true,"valueName":"search_term_string"}}],"inLanguage":"de"}]}},"_links":{"self":[{"href":"https:\/\/www.mollificiomodenese.it\/de\/wp-json\/wp\/v2\/pages\/3909","targetHints":{"allow":["GET"]}}],"collection":[{"href":"https:\/\/www.mollificiomodenese.it\/de\/wp-json\/wp\/v2\/pages"}],"about":[{"href":"https:\/\/www.mollificiomodenese.it\/de\/wp-json\/wp\/v2\/types\/page"}],"author":[{"embeddable":true,"href":"https:\/\/www.mollificiomodenese.it\/de\/wp-json\/wp\/v2\/users\/5"}],"replies":[{"embeddable":true,"href":"https:\/\/www.mollificiomodenese.it\/de\/wp-json\/wp\/v2\/comments?post=3909"}],"version-history":[{"count":6,"href":"https:\/\/www.mollificiomodenese.it\/de\/wp-json\/wp\/v2\/pages\/3909\/revisions"}],"predecessor-version":[{"id":4371,"href":"https:\/\/www.mollificiomodenese.it\/de\/wp-json\/wp\/v2\/pages\/3909\/revisions\/4371"}],"up":[{"embeddable":true,"href":"https:\/\/www.mollificiomodenese.it\/de\/wp-json\/wp\/v2\/pages\/3895"}],"wp:featuredmedia":[{"embeddable":true,"href":"https:\/\/www.mollificiomodenese.it\/de\/wp-json\/wp\/v2\/media\/3873"}],"wp:attachment":[{"href":"https:\/\/www.mollificiomodenese.it\/de\/wp-json\/wp\/v2\/media?parent=3909"}],"curies":[{"name":"wp","href":"https:\/\/api.w.org\/{rel}","templated":true}]}}