{"id":3912,"date":"2025-06-06T14:57:10","date_gmt":"2025-06-06T12:57:10","guid":{"rendered":"https:\/\/www.mollificiomodenese.it\/unsere-federn\/torsionsfedern\/"},"modified":"2025-07-08T17:10:51","modified_gmt":"2025-07-08T15:10:51","slug":"torsionsfedern","status":"publish","type":"page","link":"https:\/\/www.mollificiomodenese.it\/de\/unsere-federn\/torsionsfedern\/","title":{"rendered":"Torsionsfedern"},"content":{"rendered":"<div class=\"wpb-content-wrapper\"><p>[vc_section css=&#8220;.vc_custom_1580193165368{padding-bottom: 100px !important;background-color: #eeeeee !important;}&#8220;][vc_row gap=&#8220;35&#8243;][vc_column width=&#8220;2\/3&#8243;][vc_column_text]Die <strong>Mollificio Modenese<\/strong> produziert eine Vielzahl von <strong>Torsionsfedern<\/strong> f\u00fcr die unterschiedlichsten Anwendungen. Unser Unternehmen steht dem Kunden f\u00fcr die Herstellung von verschiedenen Arten von Torsionsfedern zur Verf\u00fcgung, die auch nach einem vom Kunden erstellten <strong>Entwurf oder einem Muster<\/strong> gefertigt werden.[\/vc_column_text][vc_empty_space height=&#8220;10px&#8220;][vc_btn title=&#8220;FORDERN SIE EIN ANGEBOT AN&#8220; style=&#8220;gradient-custom&#8220; gradient_custom_color_1=&#8220;#004f9f&#8220; gradient_custom_color_2=&#8220;#004f9f&#8220; shape=&#8220;square&#8220; align=&#8220;left&#8220; link=&#8220;url:https%3A%2F%2Fwww.mollificiomodenese.it%2Fde%2Ffordern-sie-ein-angebot-fuer-industrielle-federn-an%2Ferwerben-sie-ihre-spezifisch-gestaltete-feder-von-qualitaet%2F|title:Torsionsfedern&#8220;][vc_empty_space height=&#8220;10px&#8220;][vc_column_text]<\/p>\n<h2>Arten der Torsionsfedern<\/h2>\n<p>Die Torsionsfeder ist eine Federart, die <strong>durch einen mit<\/strong> <strong>runden Querschnitt versehenen Draht<\/strong> gekennzeichnet ist, der spiralf\u00f6rmig um die Achse gewickelt ist. Sie unterscheidet sich von anderen Federn durch die an den Enden vorhandenen St\u00e4be und durch ihre Verwendungszwecke. Normalerweise wird sie verwendet, um <strong>Winkelkr\u00e4fte<\/strong> zwischen zwei Elementen eines Objekts anzuwenden.<\/p>\n<p>Die Torsionsfeder reagiert auf ein auf die Achse angewendetes Torsionsmoment, um die die Feder gewickelt ist. Je nach <strong>Art der Arbeit<\/strong>, die sie verrichten m\u00fcssen, und ihrer <strong>Anwendung<\/strong> k\u00f6nnen die Torsionsfedern aus folgenden Materialien hergestellt werden:[\/vc_column_text][vc_row_inner][vc_column_inner width=&#8220;1\/3&#8243;][vc_single_image image=&#8220;3913&#8243; img_size=&#8220;full&#8220; alignment=&#8220;center&#8220;][\/vc_column_inner][vc_column_inner width=&#8220;2\/3&#8243;][vc_empty_space height=&#8220;20px&#8220;][vc_column_text]<\/p>\n<ul>\n<li><strong>rechte Wicklung<\/strong><\/li>\n<\/ul>\n<p>[\/vc_column_text][\/vc_column_inner][\/vc_row_inner][vc_row_inner][vc_column_inner width=&#8220;1\/3&#8243;][vc_single_image image=&#8220;3914&#8243; img_size=&#8220;full&#8220; alignment=&#8220;center&#8220;][\/vc_column_inner][vc_column_inner width=&#8220;2\/3&#8243;][vc_empty_space height=&#8220;10px&#8220;][vc_column_text]<\/p>\n<ul>\n<li><strong>linke Wicklung<\/strong><\/li>\n<\/ul>\n<p>[\/vc_column_text][\/vc_column_inner][\/vc_row_inner][vc_column_text]<\/p>\n<ul>\n<li><strong>Doppelwicklung<\/strong><br \/>\n(das hei\u00dft eine rechts gewickelte und eine links gewickelte Feder, die durch ein U verbunden und auf derselben Achse platziert sind)<\/li>\n<\/ul>\n<p>[\/vc_column_text][vc_column_text]Je nach der <strong>Art der Befestigung<\/strong> an der Vorrichtung k\u00f6nnen die Enden der Federn sein[\/vc_column_text][vc_row_inner][vc_column_inner width=&#8220;1\/3&#8243;][vc_single_image image=&#8220;3915&#8243; img_size=&#8220;150&#215;150&#8243; alignment=&#8220;center&#8220;][\/vc_column_inner][vc_column_inner width=&#8220;2\/3&#8243;][vc_column_text]<\/p>\n<ul>\n<li><strong>tangential<\/strong><\/li>\n<\/ul>\n<p>[\/vc_column_text][\/vc_column_inner][\/vc_row_inner][vc_row_inner][vc_column_inner width=&#8220;1\/3&#8243;][vc_single_image image=&#8220;3916&#8243; img_size=&#8220;full&#8220;][\/vc_column_inner][vc_column_inner width=&#8220;2\/3&#8243;][vc_column_text]<\/p>\n<div class=\"secondTitleContainer\">\n<div class=\"firstTitleContainer\">\n<ul>\n<li><strong>radial<\/strong><\/li>\n<\/ul>\n<\/div>\n<p>&nbsp;<\/p>\n<\/div>\n<p>[\/vc_column_text][\/vc_column_inner][\/vc_row_inner][vc_column_text]An jedem Stab k\u00f6nnen dann alle Faltungen ausgef\u00fchrt werden, die f\u00fcr eine optimale Nutzung der Feder erforderlich sind.<\/p>\n<p>F\u00fcr diese Art von Feder ist derzeit kein Katalog mit Standardfedern vorgesehen. Wir bitten Sie daher, sich mit uns f\u00fcr alle Informationen oder ein individuelles Angebot in Verbindung zu setzen.<\/p>\n<p>Die Firma Mollificio Modenese ist neben Mittel- und Gro\u00dfserien bereit, Muster, limitierte Serien oder Einzelst\u00fccke nach Kundenwunsch herzustellen.<\/p>\n<p>Unser hochspezialisiertes Personal steht Ihnen jederzeit zur Verf\u00fcgung, um Sie bei der Berechnung der von Ihnen gew\u00fcnschten Torsionsfeder zu unterst\u00fctzen.[\/vc_column_text][vc_empty_space height=&#8220;10px&#8220;][vc_btn title=&#8220;SETZEN SIE SICH F\u00dcR EINE BERATUNG MIT UNS IN VERBINDUNG&#8220; style=&#8220;gradient-custom&#8220; gradient_custom_color_1=&#8220;#004f9f&#8220; gradient_custom_color_2=&#8220;#004f9f&#8220; shape=&#8220;square&#8220; align=&#8220;left&#8220; link=&#8220;url:https%3A%2F%2Fwww.mollificiomodenese.it%2Fde%2Fdie-dienstleistungen-der-firma-mollificio-modenese-fuer-ihre-industriellen-federn%2Funterstuetzung-bei-berechnung-und-entwurf-der-federn%2Fdie-berechnung-von-torsionsfedern-unsere-empfehlungen%2F&#8220;][vc_empty_space height=&#8220;10px&#8220;][vc_column_text]<\/p>\n<div class=\"secondTitleContainer\">\n<div class=\"firstTitleContainer\">\n<h2>Produktionsmaterialien<\/h2>\n<p>Die Zugfedern k\u00f6nnen je nach Anwendungsbereich aus <strong>verschiedenen Materialien<\/strong> hergestellt werden.<\/p>\n<\/div>\n<p>&nbsp;<\/p>\n<\/div>\n<p>[\/vc_column_text][vc_btn title=&#8220;ERFAHREN SIE MEHR ZU DEN MATERIALIEN&#8220; style=&#8220;gradient-custom&#8220; gradient_custom_color_1=&#8220;#004f9f&#8220; gradient_custom_color_2=&#8220;#004f9f&#8220; shape=&#8220;square&#8220; align=&#8220;left&#8220; link=&#8220;url:https%3A%2F%2Fwww.mollificiomodenese.it%2Fde%2Fvertiefende-informationen-zur-welt-der-federn%2Fdie-verwendeten-materialien%2F&#8220;][vc_empty_space][\/vc_column][vc_column width=&#8220;1\/3&#8243; css=&#8220;.vc_custom_1580149774337{border-left-width: 1px !important;border-left-color: #004f9f !important;border-left-style: solid !important;}&#8220;][vc_widget_sidebar sidebar_id=&#8220;sidebar-3&#8243;][\/vc_column][\/vc_row][\/vc_section]<\/p>\n<\/div>","protected":false},"excerpt":{"rendered":"<p>[vc_section css=&#8220;.vc_custom_1580193165368{padding-bottom: 100px !important;background-color: #eeeeee !important;}&#8220;][vc_row gap=&#8220;35&#8243;][vc_column width=&#8220;2\/3&#8243;][vc_column_text]Die Mollificio Modenese produziert eine Vielzahl von Torsionsfedern f\u00fcr die unterschiedlichsten Anwendungen. Unser Unternehmen steht dem Kunden f\u00fcr die Herstellung von verschiedenen Arten von Torsionsfedern zur Verf\u00fcgung, die auch nach einem vom Kunden erstellten Entwurf oder einem Muster gefertigt werden.[\/vc_column_text][vc_empty_space height=&#8220;10px&#8220;][vc_btn title=&#8220;FORDERN SIE EIN ANGEBOT AN&#8220; style=&#8220;gradient-custom&#8220; gradient_custom_color_1=&#8220;#004f9f&#8220; [&hellip;]<\/p>\n","protected":false},"author":5,"featured_media":3873,"parent":3895,"menu_order":0,"comment_status":"closed","ping_status":"closed","template":"","meta":{"footnotes":""},"class_list":["post-3912","page","type-page","status-publish","hentry"],"yoast_head":"<!-- This site is optimized with the Yoast SEO plugin v27.3 - https:\/\/yoast.com\/product\/yoast-seo-wordpress\/ -->\n<title>Mollificio Modenese \u2013 Torsionsfedern<\/title>\n<meta name=\"description\" content=\"Mollificio Modenese liefert verschiedene Arten von Torsionsfedern, die f\u00fcr die unterschiedlichsten Anwendungen bestimmt sind. Setzen Sie sich mit uns f\u00fcr Informationen oder ein Angebot in Verbindung!\" \/>\n<meta name=\"robots\" content=\"index, follow, max-snippet:-1, max-image-preview:large, max-video-preview:-1\" \/>\n<link rel=\"canonical\" href=\"https:\/\/www.mollificiomodenese.it\/de\/unsere-federn\/torsionsfedern\/\" \/>\n<meta property=\"og:locale\" content=\"de_DE\" \/>\n<meta property=\"og:type\" content=\"article\" \/>\n<meta property=\"og:title\" content=\"Mollificio Modenese \u2013 Torsionsfedern\" \/>\n<meta property=\"og:description\" content=\"Mollificio Modenese liefert verschiedene Arten von Torsionsfedern, die f\u00fcr die unterschiedlichsten Anwendungen bestimmt sind. Setzen Sie sich mit uns f\u00fcr Informationen oder ein Angebot in Verbindung!\" \/>\n<meta property=\"og:url\" content=\"https:\/\/www.mollificiomodenese.it\/de\/unsere-federn\/torsionsfedern\/\" \/>\n<meta property=\"og:site_name\" content=\"MOLLIFICIO MODENESE\" \/>\n<meta property=\"article:modified_time\" content=\"2025-07-08T15:10:51+00:00\" \/>\n<meta property=\"og:image\" content=\"https:\/\/www.mollificiomodenese.it\/wp-content\/uploads\/2020\/01\/sfondo2.jpg\" \/>\n\t<meta property=\"og:image:width\" content=\"1250\" \/>\n\t<meta property=\"og:image:height\" content=\"620\" \/>\n\t<meta property=\"og:image:type\" content=\"image\/jpeg\" \/>\n<meta name=\"twitter:card\" content=\"summary_large_image\" \/>\n<meta name=\"twitter:label1\" content=\"Gesch\u00e4tzte Lesezeit\" \/>\n\t<meta name=\"twitter:data1\" content=\"3\u00a0Minuten\" \/>\n<script type=\"application\/ld+json\" class=\"yoast-schema-graph\">{\"@context\":\"https:\\\/\\\/schema.org\",\"@graph\":[{\"@type\":\"WebPage\",\"@id\":\"https:\\\/\\\/www.mollificiomodenese.it\\\/de\\\/unsere-federn\\\/torsionsfedern\\\/\",\"url\":\"https:\\\/\\\/www.mollificiomodenese.it\\\/de\\\/unsere-federn\\\/torsionsfedern\\\/\",\"name\":\"Mollificio Modenese \u2013 Torsionsfedern\",\"isPartOf\":{\"@id\":\"https:\\\/\\\/www.mollificiomodenese.it\\\/#website\"},\"primaryImageOfPage\":{\"@id\":\"https:\\\/\\\/www.mollificiomodenese.it\\\/de\\\/unsere-federn\\\/torsionsfedern\\\/#primaryimage\"},\"image\":{\"@id\":\"https:\\\/\\\/www.mollificiomodenese.it\\\/de\\\/unsere-federn\\\/torsionsfedern\\\/#primaryimage\"},\"thumbnailUrl\":\"https:\\\/\\\/www.mollificiomodenese.it\\\/wp-content\\\/uploads\\\/2020\\\/01\\\/sfondo2.jpg\",\"datePublished\":\"2025-06-06T12:57:10+00:00\",\"dateModified\":\"2025-07-08T15:10:51+00:00\",\"description\":\"Mollificio Modenese liefert verschiedene Arten von Torsionsfedern, die f\u00fcr die unterschiedlichsten Anwendungen bestimmt sind. Setzen Sie sich mit uns f\u00fcr Informationen oder ein Angebot in Verbindung!\",\"breadcrumb\":{\"@id\":\"https:\\\/\\\/www.mollificiomodenese.it\\\/de\\\/unsere-federn\\\/torsionsfedern\\\/#breadcrumb\"},\"inLanguage\":\"de\",\"potentialAction\":[{\"@type\":\"ReadAction\",\"target\":[\"https:\\\/\\\/www.mollificiomodenese.it\\\/de\\\/unsere-federn\\\/torsionsfedern\\\/\"]}]},{\"@type\":\"ImageObject\",\"inLanguage\":\"de\",\"@id\":\"https:\\\/\\\/www.mollificiomodenese.it\\\/de\\\/unsere-federn\\\/torsionsfedern\\\/#primaryimage\",\"url\":\"https:\\\/\\\/www.mollificiomodenese.it\\\/wp-content\\\/uploads\\\/2020\\\/01\\\/sfondo2.jpg\",\"contentUrl\":\"https:\\\/\\\/www.mollificiomodenese.it\\\/wp-content\\\/uploads\\\/2020\\\/01\\\/sfondo2.jpg\",\"width\":1250,\"height\":620,\"caption\":\"mollificio modenese\"},{\"@type\":\"BreadcrumbList\",\"@id\":\"https:\\\/\\\/www.mollificiomodenese.it\\\/de\\\/unsere-federn\\\/torsionsfedern\\\/#breadcrumb\",\"itemListElement\":[{\"@type\":\"ListItem\",\"position\":1,\"name\":\"Home\",\"item\":\"https:\\\/\\\/www.mollificiomodenese.it\\\/de\\\/\"},{\"@type\":\"ListItem\",\"position\":2,\"name\":\"Unsere Federn\",\"item\":\"https:\\\/\\\/www.mollificiomodenese.it\\\/le-nostre-molle\\\/\"},{\"@type\":\"ListItem\",\"position\":3,\"name\":\"Torsionsfedern\"}]},{\"@type\":\"WebSite\",\"@id\":\"https:\\\/\\\/www.mollificiomodenese.it\\\/#website\",\"url\":\"https:\\\/\\\/www.mollificiomodenese.it\\\/\",\"name\":\"MOLLIFICIO MODENESE\",\"description\":\"\",\"potentialAction\":[{\"@type\":\"SearchAction\",\"target\":{\"@type\":\"EntryPoint\",\"urlTemplate\":\"https:\\\/\\\/www.mollificiomodenese.it\\\/?s={search_term_string}\"},\"query-input\":{\"@type\":\"PropertyValueSpecification\",\"valueRequired\":true,\"valueName\":\"search_term_string\"}}],\"inLanguage\":\"de\"}]}<\/script>\n<!-- \/ Yoast SEO plugin. -->","yoast_head_json":{"title":"Mollificio Modenese \u2013 Torsionsfedern","description":"Mollificio Modenese liefert verschiedene Arten von Torsionsfedern, die f\u00fcr die unterschiedlichsten Anwendungen bestimmt sind. Setzen Sie sich mit uns f\u00fcr Informationen oder ein Angebot in Verbindung!","robots":{"index":"index","follow":"follow","max-snippet":"max-snippet:-1","max-image-preview":"max-image-preview:large","max-video-preview":"max-video-preview:-1"},"canonical":"https:\/\/www.mollificiomodenese.it\/de\/unsere-federn\/torsionsfedern\/","og_locale":"de_DE","og_type":"article","og_title":"Mollificio Modenese \u2013 Torsionsfedern","og_description":"Mollificio Modenese liefert verschiedene Arten von Torsionsfedern, die f\u00fcr die unterschiedlichsten Anwendungen bestimmt sind. Setzen Sie sich mit uns f\u00fcr Informationen oder ein Angebot in Verbindung!","og_url":"https:\/\/www.mollificiomodenese.it\/de\/unsere-federn\/torsionsfedern\/","og_site_name":"MOLLIFICIO MODENESE","article_modified_time":"2025-07-08T15:10:51+00:00","og_image":[{"width":1250,"height":620,"url":"https:\/\/www.mollificiomodenese.it\/wp-content\/uploads\/2020\/01\/sfondo2.jpg","type":"image\/jpeg"}],"twitter_card":"summary_large_image","twitter_misc":{"Gesch\u00e4tzte Lesezeit":"3\u00a0Minuten"},"schema":{"@context":"https:\/\/schema.org","@graph":[{"@type":"WebPage","@id":"https:\/\/www.mollificiomodenese.it\/de\/unsere-federn\/torsionsfedern\/","url":"https:\/\/www.mollificiomodenese.it\/de\/unsere-federn\/torsionsfedern\/","name":"Mollificio Modenese \u2013 Torsionsfedern","isPartOf":{"@id":"https:\/\/www.mollificiomodenese.it\/#website"},"primaryImageOfPage":{"@id":"https:\/\/www.mollificiomodenese.it\/de\/unsere-federn\/torsionsfedern\/#primaryimage"},"image":{"@id":"https:\/\/www.mollificiomodenese.it\/de\/unsere-federn\/torsionsfedern\/#primaryimage"},"thumbnailUrl":"https:\/\/www.mollificiomodenese.it\/wp-content\/uploads\/2020\/01\/sfondo2.jpg","datePublished":"2025-06-06T12:57:10+00:00","dateModified":"2025-07-08T15:10:51+00:00","description":"Mollificio Modenese liefert verschiedene Arten von Torsionsfedern, die f\u00fcr die unterschiedlichsten Anwendungen bestimmt sind. Setzen Sie sich mit uns f\u00fcr Informationen oder ein Angebot in Verbindung!","breadcrumb":{"@id":"https:\/\/www.mollificiomodenese.it\/de\/unsere-federn\/torsionsfedern\/#breadcrumb"},"inLanguage":"de","potentialAction":[{"@type":"ReadAction","target":["https:\/\/www.mollificiomodenese.it\/de\/unsere-federn\/torsionsfedern\/"]}]},{"@type":"ImageObject","inLanguage":"de","@id":"https:\/\/www.mollificiomodenese.it\/de\/unsere-federn\/torsionsfedern\/#primaryimage","url":"https:\/\/www.mollificiomodenese.it\/wp-content\/uploads\/2020\/01\/sfondo2.jpg","contentUrl":"https:\/\/www.mollificiomodenese.it\/wp-content\/uploads\/2020\/01\/sfondo2.jpg","width":1250,"height":620,"caption":"mollificio modenese"},{"@type":"BreadcrumbList","@id":"https:\/\/www.mollificiomodenese.it\/de\/unsere-federn\/torsionsfedern\/#breadcrumb","itemListElement":[{"@type":"ListItem","position":1,"name":"Home","item":"https:\/\/www.mollificiomodenese.it\/de\/"},{"@type":"ListItem","position":2,"name":"Unsere Federn","item":"https:\/\/www.mollificiomodenese.it\/le-nostre-molle\/"},{"@type":"ListItem","position":3,"name":"Torsionsfedern"}]},{"@type":"WebSite","@id":"https:\/\/www.mollificiomodenese.it\/#website","url":"https:\/\/www.mollificiomodenese.it\/","name":"MOLLIFICIO MODENESE","description":"","potentialAction":[{"@type":"SearchAction","target":{"@type":"EntryPoint","urlTemplate":"https:\/\/www.mollificiomodenese.it\/?s={search_term_string}"},"query-input":{"@type":"PropertyValueSpecification","valueRequired":true,"valueName":"search_term_string"}}],"inLanguage":"de"}]}},"_links":{"self":[{"href":"https:\/\/www.mollificiomodenese.it\/de\/wp-json\/wp\/v2\/pages\/3912","targetHints":{"allow":["GET"]}}],"collection":[{"href":"https:\/\/www.mollificiomodenese.it\/de\/wp-json\/wp\/v2\/pages"}],"about":[{"href":"https:\/\/www.mollificiomodenese.it\/de\/wp-json\/wp\/v2\/types\/page"}],"author":[{"embeddable":true,"href":"https:\/\/www.mollificiomodenese.it\/de\/wp-json\/wp\/v2\/users\/5"}],"replies":[{"embeddable":true,"href":"https:\/\/www.mollificiomodenese.it\/de\/wp-json\/wp\/v2\/comments?post=3912"}],"version-history":[{"count":5,"href":"https:\/\/www.mollificiomodenese.it\/de\/wp-json\/wp\/v2\/pages\/3912\/revisions"}],"predecessor-version":[{"id":4374,"href":"https:\/\/www.mollificiomodenese.it\/de\/wp-json\/wp\/v2\/pages\/3912\/revisions\/4374"}],"up":[{"embeddable":true,"href":"https:\/\/www.mollificiomodenese.it\/de\/wp-json\/wp\/v2\/pages\/3895"}],"wp:featuredmedia":[{"embeddable":true,"href":"https:\/\/www.mollificiomodenese.it\/de\/wp-json\/wp\/v2\/media\/3873"}],"wp:attachment":[{"href":"https:\/\/www.mollificiomodenese.it\/de\/wp-json\/wp\/v2\/media?parent=3912"}],"curies":[{"name":"wp","href":"https:\/\/api.w.org\/{rel}","templated":true}]}}