{"id":3923,"date":"2025-06-06T15:05:28","date_gmt":"2025-06-06T13:05:28","guid":{"rendered":"https:\/\/www.mollificiomodenese.it\/unsere-federn\/sicherungsringe\/"},"modified":"2025-07-08T17:14:19","modified_gmt":"2025-07-08T15:14:19","slug":"sicherungsringe","status":"publish","type":"page","link":"https:\/\/www.mollificiomodenese.it\/de\/unsere-federn\/sicherungsringe\/","title":{"rendered":"Sicherungsringe"},"content":{"rendered":"<div class=\"wpb-content-wrapper\"><p>[vc_section css=&#8220;.vc_custom_1580193165368{padding-bottom: 100px !important;background-color: #eeeeee !important;}&#8220;][vc_row gap=&#8220;35&#8243;][vc_column width=&#8220;2\/3&#8243;][vc_column_text]Ein <strong>Sicherungsring<\/strong> ist ein mechanisches Element, das dazu dient, die unerw\u00fcnschte Bewegung von Bauteilen einer Maschine zu verhindern.<\/p>\n<p>Die Enden der <strong>Sicherungsringe<\/strong> k\u00f6nnen <strong>ge\u00f6ffnet<\/strong>, \u00fcbereinanderliegen oder <strong>mit einer oder mehreren Falten<\/strong> versehen sein. Diese Elemente k\u00f6nnen verwendet werden als:<\/p>\n<ul>\n<li>Ringe f\u00fcr die Innenseite, die auf Bohrungen montiert werden<\/li>\n<li>Ringe f\u00fcr die Au\u00dfenseite, die auf Bolzen montiert werden<\/li>\n<li>Seeger-Ringe<\/li>\n<\/ul>\n<p>Im Allgemeinen bezieht sich die Produktion von <strong><u>Mollificio Modenese<\/u><\/strong> auf <strong>Spezialteile nach Ma\u00df, die nicht dem Standard entsprechen und nach Zeichnung des Kunden<\/strong> sowohl in <strong>Mittel- und Gro\u00dfserien<\/strong> als auch als <strong>Muster<\/strong> und <strong>limitierte Serien<\/strong> gefertigt werden. Im speziellen Fall der <strong>Sicherungsringe<\/strong> und der <strong>Seeger-Ringe<\/strong> sind unsere Produkte <strong>ausschlie\u00dflich Sonderanfertigungen<\/strong> und beinhalten keine Standardteile.<\/p>\n<p>Bei Bedarf sind wir bereit, dem Auftraggeber <strong>auch ein einzelnes St\u00fcck<\/strong> zu liefern, sei es ein <strong>Sicherungsring<\/strong> oder eine andere von uns hergestellte <strong>industrielle Feder<\/strong>, damit der Kunde die M\u00f6glichkeit hat, die hohe Qualit\u00e4t selbst zu erleben.[\/vc_column_text][vc_btn title=&#8220;FORDERN SIE EIN ANGEBOT AN&#8220; style=&#8220;gradient-custom&#8220; gradient_custom_color_1=&#8220;#004f9f&#8220; gradient_custom_color_2=&#8220;#004f9f&#8220; shape=&#8220;square&#8220; align=&#8220;left&#8220; link=&#8220;url:https%3A%2F%2Fwww.mollificiomodenese.it%2Fde%2Ffordern-sie-ein-angebot-fuer-industrielle-federn-an%2Ferwerben-sie-ihre-spezifisch-gestaltete-feder-von-qualitaet%2F&#8220;][vc_single_image image=&#8220;30&#8243; alignment=&#8220;center&#8220; css=&#8220;.vc_custom_1579790986509{margin-top: 30px !important;border-top-width: 1px !important;}&#8220; el_class=&#8220;img-molla&#8220;][vc_column_text]<\/p>\n<div class=\"secondTitleContainer\">\n<div class=\"firstTitleContainer\">\n<h2>Produktionsmaterialien<\/h2>\n<p>Die Sicherungsringe k\u00f6nnen je nach Anwendungsbereich aus <strong>verschiedenen Materialien<\/strong> hergestellt werden.<\/p>\n<\/div>\n<p>&nbsp;<\/p>\n<\/div>\n<p>[\/vc_column_text][vc_btn title=&#8220;ERFAHREN SIE MEHR ZU DEN MATERIALIEN&#8220; style=&#8220;gradient-custom&#8220; gradient_custom_color_1=&#8220;#004f9f&#8220; gradient_custom_color_2=&#8220;#004f9f&#8220; shape=&#8220;square&#8220; align=&#8220;left&#8220; link=&#8220;url:https%3A%2F%2Fwww.mollificiomodenese.it%2Fde%2Fvertiefende-informationen-zur-welt-der-federn%2Fdie-verwendeten-materialien%2F&#8220;][vc_empty_space][\/vc_column][vc_column width=&#8220;1\/3&#8243; css=&#8220;.vc_custom_1580149774337{border-left-width: 1px !important;border-left-color: #004f9f !important;border-left-style: solid !important;}&#8220;][vc_widget_sidebar sidebar_id=&#8220;sidebar-3&#8243;][\/vc_column][\/vc_row][\/vc_section]<\/p>\n<\/div>","protected":false},"excerpt":{"rendered":"<p>[vc_section css=&#8220;.vc_custom_1580193165368{padding-bottom: 100px !important;background-color: #eeeeee !important;}&#8220;][vc_row gap=&#8220;35&#8243;][vc_column width=&#8220;2\/3&#8243;][vc_column_text]Ein Sicherungsring ist ein mechanisches Element, das dazu dient, die unerw\u00fcnschte Bewegung von Bauteilen einer Maschine zu verhindern. Die Enden der Sicherungsringe k\u00f6nnen ge\u00f6ffnet, \u00fcbereinanderliegen oder mit einer oder mehreren Falten versehen sein. Diese Elemente k\u00f6nnen verwendet werden als: Ringe f\u00fcr die Innenseite, die auf Bohrungen montiert werden [&hellip;]<\/p>\n","protected":false},"author":5,"featured_media":3873,"parent":3895,"menu_order":0,"comment_status":"closed","ping_status":"closed","template":"","meta":{"footnotes":""},"class_list":["post-3923","page","type-page","status-publish","hentry"],"yoast_head":"<!-- This site is optimized with the Yoast SEO plugin v27.3 - https:\/\/yoast.com\/product\/yoast-seo-wordpress\/ -->\n<title>Mollificio Modenese \u2013 Ringe aus Draht<\/title>\n<meta name=\"description\" content=\"Erfahren Sie mehr \u00fcber die Draht- und Bandringe, die von Mollificio Modenese hergestellt werden. Setzen Sie sich mit uns in Verbindung, wenn Sie Informationen oder ein Angebot w\u00fcnschen. Wir stehen zu Ihrer Verf\u00fcgung!\" \/>\n<meta name=\"robots\" content=\"index, follow, max-snippet:-1, max-image-preview:large, max-video-preview:-1\" \/>\n<link rel=\"canonical\" href=\"https:\/\/www.mollificiomodenese.it\/de\/unsere-federn\/sicherungsringe\/\" \/>\n<meta property=\"og:locale\" content=\"de_DE\" \/>\n<meta property=\"og:type\" content=\"article\" \/>\n<meta property=\"og:title\" content=\"Mollificio Modenese \u2013 Ringe aus Draht\" \/>\n<meta property=\"og:description\" content=\"Erfahren Sie mehr \u00fcber die Draht- und Bandringe, die von Mollificio Modenese hergestellt werden. Setzen Sie sich mit uns in Verbindung, wenn Sie Informationen oder ein Angebot w\u00fcnschen. Wir stehen zu Ihrer Verf\u00fcgung!\" \/>\n<meta property=\"og:url\" content=\"https:\/\/www.mollificiomodenese.it\/de\/unsere-federn\/sicherungsringe\/\" \/>\n<meta property=\"og:site_name\" content=\"MOLLIFICIO MODENESE\" \/>\n<meta property=\"article:modified_time\" content=\"2025-07-08T15:14:19+00:00\" \/>\n<meta property=\"og:image\" content=\"https:\/\/www.mollificiomodenese.it\/wp-content\/uploads\/2020\/01\/sfondo2.jpg\" \/>\n\t<meta property=\"og:image:width\" content=\"1250\" \/>\n\t<meta property=\"og:image:height\" content=\"620\" \/>\n\t<meta property=\"og:image:type\" content=\"image\/jpeg\" \/>\n<meta name=\"twitter:card\" content=\"summary_large_image\" \/>\n<meta name=\"twitter:label1\" content=\"Gesch\u00e4tzte Lesezeit\" \/>\n\t<meta name=\"twitter:data1\" content=\"2\u00a0Minuten\" \/>\n<script type=\"application\/ld+json\" class=\"yoast-schema-graph\">{\"@context\":\"https:\\\/\\\/schema.org\",\"@graph\":[{\"@type\":\"WebPage\",\"@id\":\"https:\\\/\\\/www.mollificiomodenese.it\\\/de\\\/unsere-federn\\\/sicherungsringe\\\/\",\"url\":\"https:\\\/\\\/www.mollificiomodenese.it\\\/de\\\/unsere-federn\\\/sicherungsringe\\\/\",\"name\":\"Mollificio Modenese \u2013 Ringe aus Draht\",\"isPartOf\":{\"@id\":\"https:\\\/\\\/www.mollificiomodenese.it\\\/#website\"},\"primaryImageOfPage\":{\"@id\":\"https:\\\/\\\/www.mollificiomodenese.it\\\/de\\\/unsere-federn\\\/sicherungsringe\\\/#primaryimage\"},\"image\":{\"@id\":\"https:\\\/\\\/www.mollificiomodenese.it\\\/de\\\/unsere-federn\\\/sicherungsringe\\\/#primaryimage\"},\"thumbnailUrl\":\"https:\\\/\\\/www.mollificiomodenese.it\\\/wp-content\\\/uploads\\\/2020\\\/01\\\/sfondo2.jpg\",\"datePublished\":\"2025-06-06T13:05:28+00:00\",\"dateModified\":\"2025-07-08T15:14:19+00:00\",\"description\":\"Erfahren Sie mehr \u00fcber die Draht- und Bandringe, die von Mollificio Modenese hergestellt werden. Setzen Sie sich mit uns in Verbindung, wenn Sie Informationen oder ein Angebot w\u00fcnschen. Wir stehen zu Ihrer Verf\u00fcgung!\",\"breadcrumb\":{\"@id\":\"https:\\\/\\\/www.mollificiomodenese.it\\\/de\\\/unsere-federn\\\/sicherungsringe\\\/#breadcrumb\"},\"inLanguage\":\"de\",\"potentialAction\":[{\"@type\":\"ReadAction\",\"target\":[\"https:\\\/\\\/www.mollificiomodenese.it\\\/de\\\/unsere-federn\\\/sicherungsringe\\\/\"]}]},{\"@type\":\"ImageObject\",\"inLanguage\":\"de\",\"@id\":\"https:\\\/\\\/www.mollificiomodenese.it\\\/de\\\/unsere-federn\\\/sicherungsringe\\\/#primaryimage\",\"url\":\"https:\\\/\\\/www.mollificiomodenese.it\\\/wp-content\\\/uploads\\\/2020\\\/01\\\/sfondo2.jpg\",\"contentUrl\":\"https:\\\/\\\/www.mollificiomodenese.it\\\/wp-content\\\/uploads\\\/2020\\\/01\\\/sfondo2.jpg\",\"width\":1250,\"height\":620,\"caption\":\"mollificio modenese\"},{\"@type\":\"BreadcrumbList\",\"@id\":\"https:\\\/\\\/www.mollificiomodenese.it\\\/de\\\/unsere-federn\\\/sicherungsringe\\\/#breadcrumb\",\"itemListElement\":[{\"@type\":\"ListItem\",\"position\":1,\"name\":\"Home\",\"item\":\"https:\\\/\\\/www.mollificiomodenese.it\\\/de\\\/\"},{\"@type\":\"ListItem\",\"position\":2,\"name\":\"Unsere Federn\",\"item\":\"https:\\\/\\\/www.mollificiomodenese.it\\\/le-nostre-molle\\\/\"},{\"@type\":\"ListItem\",\"position\":3,\"name\":\"Sicherungsringe\"}]},{\"@type\":\"WebSite\",\"@id\":\"https:\\\/\\\/www.mollificiomodenese.it\\\/#website\",\"url\":\"https:\\\/\\\/www.mollificiomodenese.it\\\/\",\"name\":\"MOLLIFICIO MODENESE\",\"description\":\"\",\"potentialAction\":[{\"@type\":\"SearchAction\",\"target\":{\"@type\":\"EntryPoint\",\"urlTemplate\":\"https:\\\/\\\/www.mollificiomodenese.it\\\/?s={search_term_string}\"},\"query-input\":{\"@type\":\"PropertyValueSpecification\",\"valueRequired\":true,\"valueName\":\"search_term_string\"}}],\"inLanguage\":\"de\"}]}<\/script>\n<!-- \/ Yoast SEO plugin. -->","yoast_head_json":{"title":"Mollificio Modenese \u2013 Ringe aus Draht","description":"Erfahren Sie mehr \u00fcber die Draht- und Bandringe, die von Mollificio Modenese hergestellt werden. Setzen Sie sich mit uns in Verbindung, wenn Sie Informationen oder ein Angebot w\u00fcnschen. Wir stehen zu Ihrer Verf\u00fcgung!","robots":{"index":"index","follow":"follow","max-snippet":"max-snippet:-1","max-image-preview":"max-image-preview:large","max-video-preview":"max-video-preview:-1"},"canonical":"https:\/\/www.mollificiomodenese.it\/de\/unsere-federn\/sicherungsringe\/","og_locale":"de_DE","og_type":"article","og_title":"Mollificio Modenese \u2013 Ringe aus Draht","og_description":"Erfahren Sie mehr \u00fcber die Draht- und Bandringe, die von Mollificio Modenese hergestellt werden. Setzen Sie sich mit uns in Verbindung, wenn Sie Informationen oder ein Angebot w\u00fcnschen. Wir stehen zu Ihrer Verf\u00fcgung!","og_url":"https:\/\/www.mollificiomodenese.it\/de\/unsere-federn\/sicherungsringe\/","og_site_name":"MOLLIFICIO MODENESE","article_modified_time":"2025-07-08T15:14:19+00:00","og_image":[{"width":1250,"height":620,"url":"https:\/\/www.mollificiomodenese.it\/wp-content\/uploads\/2020\/01\/sfondo2.jpg","type":"image\/jpeg"}],"twitter_card":"summary_large_image","twitter_misc":{"Gesch\u00e4tzte Lesezeit":"2\u00a0Minuten"},"schema":{"@context":"https:\/\/schema.org","@graph":[{"@type":"WebPage","@id":"https:\/\/www.mollificiomodenese.it\/de\/unsere-federn\/sicherungsringe\/","url":"https:\/\/www.mollificiomodenese.it\/de\/unsere-federn\/sicherungsringe\/","name":"Mollificio Modenese \u2013 Ringe aus Draht","isPartOf":{"@id":"https:\/\/www.mollificiomodenese.it\/#website"},"primaryImageOfPage":{"@id":"https:\/\/www.mollificiomodenese.it\/de\/unsere-federn\/sicherungsringe\/#primaryimage"},"image":{"@id":"https:\/\/www.mollificiomodenese.it\/de\/unsere-federn\/sicherungsringe\/#primaryimage"},"thumbnailUrl":"https:\/\/www.mollificiomodenese.it\/wp-content\/uploads\/2020\/01\/sfondo2.jpg","datePublished":"2025-06-06T13:05:28+00:00","dateModified":"2025-07-08T15:14:19+00:00","description":"Erfahren Sie mehr \u00fcber die Draht- und Bandringe, die von Mollificio Modenese hergestellt werden. Setzen Sie sich mit uns in Verbindung, wenn Sie Informationen oder ein Angebot w\u00fcnschen. Wir stehen zu Ihrer Verf\u00fcgung!","breadcrumb":{"@id":"https:\/\/www.mollificiomodenese.it\/de\/unsere-federn\/sicherungsringe\/#breadcrumb"},"inLanguage":"de","potentialAction":[{"@type":"ReadAction","target":["https:\/\/www.mollificiomodenese.it\/de\/unsere-federn\/sicherungsringe\/"]}]},{"@type":"ImageObject","inLanguage":"de","@id":"https:\/\/www.mollificiomodenese.it\/de\/unsere-federn\/sicherungsringe\/#primaryimage","url":"https:\/\/www.mollificiomodenese.it\/wp-content\/uploads\/2020\/01\/sfondo2.jpg","contentUrl":"https:\/\/www.mollificiomodenese.it\/wp-content\/uploads\/2020\/01\/sfondo2.jpg","width":1250,"height":620,"caption":"mollificio modenese"},{"@type":"BreadcrumbList","@id":"https:\/\/www.mollificiomodenese.it\/de\/unsere-federn\/sicherungsringe\/#breadcrumb","itemListElement":[{"@type":"ListItem","position":1,"name":"Home","item":"https:\/\/www.mollificiomodenese.it\/de\/"},{"@type":"ListItem","position":2,"name":"Unsere Federn","item":"https:\/\/www.mollificiomodenese.it\/le-nostre-molle\/"},{"@type":"ListItem","position":3,"name":"Sicherungsringe"}]},{"@type":"WebSite","@id":"https:\/\/www.mollificiomodenese.it\/#website","url":"https:\/\/www.mollificiomodenese.it\/","name":"MOLLIFICIO MODENESE","description":"","potentialAction":[{"@type":"SearchAction","target":{"@type":"EntryPoint","urlTemplate":"https:\/\/www.mollificiomodenese.it\/?s={search_term_string}"},"query-input":{"@type":"PropertyValueSpecification","valueRequired":true,"valueName":"search_term_string"}}],"inLanguage":"de"}]}},"_links":{"self":[{"href":"https:\/\/www.mollificiomodenese.it\/de\/wp-json\/wp\/v2\/pages\/3923","targetHints":{"allow":["GET"]}}],"collection":[{"href":"https:\/\/www.mollificiomodenese.it\/de\/wp-json\/wp\/v2\/pages"}],"about":[{"href":"https:\/\/www.mollificiomodenese.it\/de\/wp-json\/wp\/v2\/types\/page"}],"author":[{"embeddable":true,"href":"https:\/\/www.mollificiomodenese.it\/de\/wp-json\/wp\/v2\/users\/5"}],"replies":[{"embeddable":true,"href":"https:\/\/www.mollificiomodenese.it\/de\/wp-json\/wp\/v2\/comments?post=3923"}],"version-history":[{"count":3,"href":"https:\/\/www.mollificiomodenese.it\/de\/wp-json\/wp\/v2\/pages\/3923\/revisions"}],"predecessor-version":[{"id":4376,"href":"https:\/\/www.mollificiomodenese.it\/de\/wp-json\/wp\/v2\/pages\/3923\/revisions\/4376"}],"up":[{"embeddable":true,"href":"https:\/\/www.mollificiomodenese.it\/de\/wp-json\/wp\/v2\/pages\/3895"}],"wp:featuredmedia":[{"embeddable":true,"href":"https:\/\/www.mollificiomodenese.it\/de\/wp-json\/wp\/v2\/media\/3873"}],"wp:attachment":[{"href":"https:\/\/www.mollificiomodenese.it\/de\/wp-json\/wp\/v2\/media?parent=3923"}],"curies":[{"name":"wp","href":"https:\/\/api.w.org\/{rel}","templated":true}]}}