{"id":3929,"date":"2025-06-06T15:13:13","date_gmt":"2025-06-06T13:13:13","guid":{"rendered":"https:\/\/www.mollificiomodenese.it\/die-dienstleistungen-der-firma-mollificio-modenese-fuer-ihre-industriellen-federn\/"},"modified":"2025-07-08T17:21:13","modified_gmt":"2025-07-08T15:21:13","slug":"die-dienstleistungen-der-firma-mollificio-modenese-fuer-ihre-industriellen-federn","status":"publish","type":"page","link":"https:\/\/www.mollificiomodenese.it\/de\/die-dienstleistungen-der-firma-mollificio-modenese-fuer-ihre-industriellen-federn\/","title":{"rendered":"Die Dienstleistungen der Firma Mollificio Modenese f\u00fcr Ihre industriellen Federn"},"content":{"rendered":"<div class=\"wpb-content-wrapper\"><p>[vc_section css=&#8220;.vc_custom_1580193165368{padding-bottom: 100px !important;background-color: #eeeeee !important;}&#8220;][vc_row gap=&#8220;35&#8243;][vc_column width=&#8220;2\/3&#8243;][vc_column_text]<\/p>\n<h2>Der zuverl\u00e4ssige Partner f\u00fcr Federn nach Ma\u00df Dienstleistungen zum Entwurf von Federn<\/h2>\n<p>Mollificio Modenese ist ein Bezugspartner in der Herstellung von <a href=\"https:\/\/www.mollificiomodenese.it\/de\/die-dienstleistungen-der-firma-mollificio-modenese-fuer-ihre-industriellen-federn\/herstellung-von-federn-nach-mass-gestalten-sie-ihre-federn-mit-uns\/\"><strong>Federn nach Ma\u00df<\/strong><\/a>. Wir sind auf Federn verschiedener Art spezialisiert, darunter Druckfedern, Zugfedern, Torsionsfedern und andere Federn, <strong>sowohl f\u00fcr gro\u00dfe Mengen<\/strong> als auch f\u00fcr <strong>Muster<\/strong> und <strong>kleine<\/strong> individuelle <strong>Serien<\/strong>.<\/p>\n<p>Es folgen einige der Dienstleistungen, die wir unseren Kunden anbieten:<\/p>\n<ul>\n<li><a href=\"https:\/\/www.mollificiomodenese.it\/de\/die-dienstleistungen-der-firma-mollificio-modenese-fuer-ihre-industriellen-federn\/herstellung-von-federn-nach-mass-gestalten-sie-ihre-federn-mit-uns\/\"><strong>Kundenspezifische Federn<\/strong><\/a>: Wir stellen 100% ma\u00dfgeschneiderte Industrie-federn basierend auf den Anforderungen und Bed\u00fcrfnissen unserer Kunden her.<\/li>\n<li><a href=\"https:\/\/www.mollificiomodenese.it\/de\/die-dienstleistungen-der-firma-mollificio-modenese-fuer-ihre-industriellen-federn\/unterstuetzung-bei-berechnung-und-entwurf-der-federn\/\"><strong>Berechnung der Federn<\/strong><\/a>: Wir unterst\u00fctzen unsere Kunden bei der Berechnung der Federn. Von der Lastgrafik bis zur 3D-Zeichnung der Feder k\u00f6nnen wir technische Unterst\u00fctzung bieten, um sicherzustellen, dass die Federn die geforderten Spezifikationen erf\u00fcllen.<\/li>\n<li><a href=\"https:\/\/www.mollificiomodenese.it\/de\/die-dienstleistungen-der-firma-mollificio-modenese-fuer-ihre-industriellen-federn\/service-fuer-muster-und-kleinserien-von-federn\/\"><strong>Muster und Kleinserien<\/strong><\/a>: Wir erstellen Muster und Kleinserien, um die Federn vor Ort testen zu k\u00f6nnen, bevor wir mit der Serienproduktion beginnen. Dies erm\u00f6glicht es uns, die Effektivit\u00e4t der Federn zu \u00fcberpr\u00fcfen und gegebenenfalls notwendige \u00c4nderungen vorzunehmen.<\/li>\n<li><a href=\"https:\/\/www.mollificiomodenese.it\/de\/die-dienstleistungen-der-firma-mollificio-modenese-fuer-ihre-industriellen-federn\/herstellung-von-federn-nach-mass-gestalten-sie-ihre-federn-mit-uns\/\"><strong>Replikation von Federn nach einem Muster <\/strong><\/a>ist kein Entwurf verf\u00fcgbar, k\u00f6nnen wir Federn an einem Muster replizieren. Dar\u00fcber hinaus k\u00f6nnen wir die von den Federn bereitgestellten Kr\u00e4fte testen, die Sie bereits verwenden, um eventuelle Druckverluste und die \u00dcbereinstimmung mit den theoretischen Berechnungen zu \u00fcberpr\u00fcfen.<\/li>\n<li><a href=\"https:\/\/www.mollificiomodenese.it\/de\/die-dienstleistungen-der-firma-mollificio-modenese-fuer-ihre-industriellen-federn\/wir-testen-und-messen-die-belastung-der-druck-und-zugfedern\/\"><strong>Pr\u00fcfung\/Messung der Druck- und Zuglasten von Federn<\/strong><\/a>: Wir f\u00fchren Pr\u00fcf- und Mess-Dienstleistungen f\u00fcr die Lasten der Federn unserer Kunden mit h\u00f6chster Pr\u00e4zision durch.<\/li>\n<li><a href=\"https:\/\/www.mollificiomodenese.it\/de\/die-dienstleistungen-der-firma-mollificio-modenese-fuer-ihre-industriellen-federn\/transport-und-lieferung-vertrauen-sie-sich-uns-fuer-einen-umfassenden-service-an\/\"><strong>Abwicklung von Transport und Lieferung<\/strong><\/a>: Wir k\u00fcmmern uns um den Transport und die Lieferung der Federn unserer Kunden und lassen ihnen die Wahl, ob sie sich ganz auf uns verlassen oder ihre vertrauten Kurierdienste nutzen m\u00f6chten.<\/li>\n<li><a href=\"https:\/\/www.mollificiomodenese.it\/de\/unsere-federn\/\"><strong>Standardfedern<\/strong><\/a>: Manchmal kann es n\u00fctzlich sein, Federn auf Lager zu finden. Deshalb arbeiten wir mit Springs On Line zusammen, einem unabh\u00e4ngigen Unternehmen, an dem wir beteiligt sind und das ein E-Commerce betreibt.<\/li>\n<\/ul>\n<p><\/p>\n<h3>Kontaktieren Sie uns, um mehr \u00fcber unsere Dienstleistungen f\u00fcr Ihre Federn zu erfahren!<\/h3>\n<p>Wir sind immer bereit, <strong>die am besten geeignete L\u00f6sung f\u00fcr Ihre Bed\u00fcrfnisse zu finden<\/strong>.\u00a0<a href=\"https:\/\/www.mollificiomodenese.it\/de\/kontakte\/\">Z\u00f6gere nicht, uns zu kontaktieren<\/a>, um Muster anzufordern oder deine Projekte f\u00fcr individuelle Federn zu besprechen![\/vc_column_text][\/vc_column][vc_column width=&#8220;1\/3&#8243; css=&#8220;.vc_custom_1697639434736{border-left-width: 1px !important;border-left-color: #004f9f !important;border-left-style: solid !important;}&#8220;][vc_widget_sidebar sidebar_id=&#8220;sidebar-3&#8243;][\/vc_column][\/vc_row][\/vc_section]<\/p>\n<\/div>","protected":false},"excerpt":{"rendered":"<p>[vc_section css=&#8220;.vc_custom_1580193165368{padding-bottom: 100px !important;background-color: #eeeeee !important;}&#8220;][vc_row gap=&#8220;35&#8243;][vc_column width=&#8220;2\/3&#8243;][vc_column_text] Der zuverl\u00e4ssige Partner f\u00fcr Federn nach Ma\u00df Dienstleistungen zum Entwurf von Federn Mollificio Modenese ist ein Bezugspartner in der Herstellung von Federn nach Ma\u00df. Wir sind auf Federn verschiedener Art spezialisiert, darunter Druckfedern, Zugfedern, Torsionsfedern und andere Federn, sowohl f\u00fcr gro\u00dfe Mengen als auch f\u00fcr Muster und [&hellip;]<\/p>\n","protected":false},"author":5,"featured_media":3873,"parent":0,"menu_order":0,"comment_status":"closed","ping_status":"closed","template":"","meta":{"footnotes":""},"class_list":["post-3929","page","type-page","status-publish","hentry"],"yoast_head":"<!-- This site is optimized with the Yoast SEO plugin v27.3 - https:\/\/yoast.com\/product\/yoast-seo-wordpress\/ -->\n<title>Dienstleistungen f\u00fcr industrielle Federn | MOLLIFICIO MODENESE<\/title>\n<meta name=\"description\" content=\"Mollificio Modenese bietet Dienstleistungen zur Herstellung von Federn nach Ma\u00df, Berechnung der Federn, Muster und Nachbau von Federn nach Muster an.\" \/>\n<meta name=\"robots\" content=\"index, follow, max-snippet:-1, max-image-preview:large, max-video-preview:-1\" \/>\n<link rel=\"canonical\" href=\"https:\/\/www.mollificiomodenese.it\/servizi-per-produzione-molle-industriali\/\" \/>\n<meta property=\"og:locale\" content=\"de_DE\" \/>\n<meta property=\"og:type\" content=\"article\" \/>\n<meta property=\"og:title\" content=\"Dienstleistungen f\u00fcr industrielle Federn | MOLLIFICIO MODENESE\" \/>\n<meta property=\"og:description\" content=\"Mollificio Modenese bietet Dienstleistungen zur Herstellung von Federn nach Ma\u00df, Berechnung der Federn, Muster und Nachbau von Federn nach Muster an.\" \/>\n<meta property=\"og:url\" content=\"https:\/\/www.mollificiomodenese.it\/servizi-per-produzione-molle-industriali\/\" \/>\n<meta property=\"og:site_name\" content=\"MOLLIFICIO MODENESE\" \/>\n<meta property=\"article:modified_time\" content=\"2025-07-08T15:21:13+00:00\" \/>\n<meta property=\"og:image\" content=\"https:\/\/www.mollificiomodenese.it\/wp-content\/uploads\/2020\/01\/sfondo2.jpg\" \/>\n\t<meta property=\"og:image:width\" content=\"1250\" \/>\n\t<meta property=\"og:image:height\" content=\"620\" \/>\n\t<meta property=\"og:image:type\" content=\"image\/jpeg\" \/>\n<meta name=\"twitter:card\" content=\"summary_large_image\" \/>\n<meta name=\"twitter:label1\" content=\"Gesch\u00e4tzte Lesezeit\" \/>\n\t<meta name=\"twitter:data1\" content=\"2\u00a0Minuten\" \/>\n<script type=\"application\/ld+json\" class=\"yoast-schema-graph\">{\"@context\":\"https:\\\/\\\/schema.org\",\"@graph\":[{\"@type\":\"WebPage\",\"@id\":\"https:\\\/\\\/www.mollificiomodenese.it\\\/servizi-per-produzione-molle-industriali\\\/\",\"url\":\"https:\\\/\\\/www.mollificiomodenese.it\\\/servizi-per-produzione-molle-industriali\\\/\",\"name\":\"Dienstleistungen f\u00fcr industrielle Federn | MOLLIFICIO MODENESE\",\"isPartOf\":{\"@id\":\"https:\\\/\\\/www.mollificiomodenese.it\\\/#website\"},\"primaryImageOfPage\":{\"@id\":\"https:\\\/\\\/www.mollificiomodenese.it\\\/servizi-per-produzione-molle-industriali\\\/#primaryimage\"},\"image\":{\"@id\":\"https:\\\/\\\/www.mollificiomodenese.it\\\/servizi-per-produzione-molle-industriali\\\/#primaryimage\"},\"thumbnailUrl\":\"https:\\\/\\\/www.mollificiomodenese.it\\\/wp-content\\\/uploads\\\/2020\\\/01\\\/sfondo2.jpg\",\"datePublished\":\"2025-06-06T13:13:13+00:00\",\"dateModified\":\"2025-07-08T15:21:13+00:00\",\"description\":\"Mollificio Modenese bietet Dienstleistungen zur Herstellung von Federn nach Ma\u00df, Berechnung der Federn, Muster und Nachbau von Federn nach Muster an.\",\"breadcrumb\":{\"@id\":\"https:\\\/\\\/www.mollificiomodenese.it\\\/servizi-per-produzione-molle-industriali\\\/#breadcrumb\"},\"inLanguage\":\"de\",\"potentialAction\":[{\"@type\":\"ReadAction\",\"target\":[\"https:\\\/\\\/www.mollificiomodenese.it\\\/servizi-per-produzione-molle-industriali\\\/\"]}]},{\"@type\":\"ImageObject\",\"inLanguage\":\"de\",\"@id\":\"https:\\\/\\\/www.mollificiomodenese.it\\\/servizi-per-produzione-molle-industriali\\\/#primaryimage\",\"url\":\"https:\\\/\\\/www.mollificiomodenese.it\\\/wp-content\\\/uploads\\\/2020\\\/01\\\/sfondo2.jpg\",\"contentUrl\":\"https:\\\/\\\/www.mollificiomodenese.it\\\/wp-content\\\/uploads\\\/2020\\\/01\\\/sfondo2.jpg\",\"width\":1250,\"height\":620,\"caption\":\"mollificio modenese\"},{\"@type\":\"BreadcrumbList\",\"@id\":\"https:\\\/\\\/www.mollificiomodenese.it\\\/servizi-per-produzione-molle-industriali\\\/#breadcrumb\",\"itemListElement\":[{\"@type\":\"ListItem\",\"position\":1,\"name\":\"Home\",\"item\":\"https:\\\/\\\/www.mollificiomodenese.it\\\/de\\\/\"},{\"@type\":\"ListItem\",\"position\":2,\"name\":\"Die Dienstleistungen der Firma Mollificio Modenese f\u00fcr Ihre industriellen Federn\"}]},{\"@type\":\"WebSite\",\"@id\":\"https:\\\/\\\/www.mollificiomodenese.it\\\/#website\",\"url\":\"https:\\\/\\\/www.mollificiomodenese.it\\\/\",\"name\":\"MOLLIFICIO MODENESE\",\"description\":\"\",\"potentialAction\":[{\"@type\":\"SearchAction\",\"target\":{\"@type\":\"EntryPoint\",\"urlTemplate\":\"https:\\\/\\\/www.mollificiomodenese.it\\\/?s={search_term_string}\"},\"query-input\":{\"@type\":\"PropertyValueSpecification\",\"valueRequired\":true,\"valueName\":\"search_term_string\"}}],\"inLanguage\":\"de\"}]}<\/script>\n<!-- \/ Yoast SEO plugin. -->","yoast_head_json":{"title":"Dienstleistungen f\u00fcr industrielle Federn | MOLLIFICIO MODENESE","description":"Mollificio Modenese bietet Dienstleistungen zur Herstellung von Federn nach Ma\u00df, Berechnung der Federn, Muster und Nachbau von Federn nach Muster an.","robots":{"index":"index","follow":"follow","max-snippet":"max-snippet:-1","max-image-preview":"max-image-preview:large","max-video-preview":"max-video-preview:-1"},"canonical":"https:\/\/www.mollificiomodenese.it\/servizi-per-produzione-molle-industriali\/","og_locale":"de_DE","og_type":"article","og_title":"Dienstleistungen f\u00fcr industrielle Federn | MOLLIFICIO MODENESE","og_description":"Mollificio Modenese bietet Dienstleistungen zur Herstellung von Federn nach Ma\u00df, Berechnung der Federn, Muster und Nachbau von Federn nach Muster an.","og_url":"https:\/\/www.mollificiomodenese.it\/servizi-per-produzione-molle-industriali\/","og_site_name":"MOLLIFICIO MODENESE","article_modified_time":"2025-07-08T15:21:13+00:00","og_image":[{"width":1250,"height":620,"url":"https:\/\/www.mollificiomodenese.it\/wp-content\/uploads\/2020\/01\/sfondo2.jpg","type":"image\/jpeg"}],"twitter_card":"summary_large_image","twitter_misc":{"Gesch\u00e4tzte Lesezeit":"2\u00a0Minuten"},"schema":{"@context":"https:\/\/schema.org","@graph":[{"@type":"WebPage","@id":"https:\/\/www.mollificiomodenese.it\/servizi-per-produzione-molle-industriali\/","url":"https:\/\/www.mollificiomodenese.it\/servizi-per-produzione-molle-industriali\/","name":"Dienstleistungen f\u00fcr industrielle Federn | MOLLIFICIO MODENESE","isPartOf":{"@id":"https:\/\/www.mollificiomodenese.it\/#website"},"primaryImageOfPage":{"@id":"https:\/\/www.mollificiomodenese.it\/servizi-per-produzione-molle-industriali\/#primaryimage"},"image":{"@id":"https:\/\/www.mollificiomodenese.it\/servizi-per-produzione-molle-industriali\/#primaryimage"},"thumbnailUrl":"https:\/\/www.mollificiomodenese.it\/wp-content\/uploads\/2020\/01\/sfondo2.jpg","datePublished":"2025-06-06T13:13:13+00:00","dateModified":"2025-07-08T15:21:13+00:00","description":"Mollificio Modenese bietet Dienstleistungen zur Herstellung von Federn nach Ma\u00df, Berechnung der Federn, Muster und Nachbau von Federn nach Muster an.","breadcrumb":{"@id":"https:\/\/www.mollificiomodenese.it\/servizi-per-produzione-molle-industriali\/#breadcrumb"},"inLanguage":"de","potentialAction":[{"@type":"ReadAction","target":["https:\/\/www.mollificiomodenese.it\/servizi-per-produzione-molle-industriali\/"]}]},{"@type":"ImageObject","inLanguage":"de","@id":"https:\/\/www.mollificiomodenese.it\/servizi-per-produzione-molle-industriali\/#primaryimage","url":"https:\/\/www.mollificiomodenese.it\/wp-content\/uploads\/2020\/01\/sfondo2.jpg","contentUrl":"https:\/\/www.mollificiomodenese.it\/wp-content\/uploads\/2020\/01\/sfondo2.jpg","width":1250,"height":620,"caption":"mollificio modenese"},{"@type":"BreadcrumbList","@id":"https:\/\/www.mollificiomodenese.it\/servizi-per-produzione-molle-industriali\/#breadcrumb","itemListElement":[{"@type":"ListItem","position":1,"name":"Home","item":"https:\/\/www.mollificiomodenese.it\/de\/"},{"@type":"ListItem","position":2,"name":"Die Dienstleistungen der Firma Mollificio Modenese f\u00fcr Ihre industriellen Federn"}]},{"@type":"WebSite","@id":"https:\/\/www.mollificiomodenese.it\/#website","url":"https:\/\/www.mollificiomodenese.it\/","name":"MOLLIFICIO MODENESE","description":"","potentialAction":[{"@type":"SearchAction","target":{"@type":"EntryPoint","urlTemplate":"https:\/\/www.mollificiomodenese.it\/?s={search_term_string}"},"query-input":{"@type":"PropertyValueSpecification","valueRequired":true,"valueName":"search_term_string"}}],"inLanguage":"de"}]}},"_links":{"self":[{"href":"https:\/\/www.mollificiomodenese.it\/de\/wp-json\/wp\/v2\/pages\/3929","targetHints":{"allow":["GET"]}}],"collection":[{"href":"https:\/\/www.mollificiomodenese.it\/de\/wp-json\/wp\/v2\/pages"}],"about":[{"href":"https:\/\/www.mollificiomodenese.it\/de\/wp-json\/wp\/v2\/types\/page"}],"author":[{"embeddable":true,"href":"https:\/\/www.mollificiomodenese.it\/de\/wp-json\/wp\/v2\/users\/5"}],"replies":[{"embeddable":true,"href":"https:\/\/www.mollificiomodenese.it\/de\/wp-json\/wp\/v2\/comments?post=3929"}],"version-history":[{"count":5,"href":"https:\/\/www.mollificiomodenese.it\/de\/wp-json\/wp\/v2\/pages\/3929\/revisions"}],"predecessor-version":[{"id":4380,"href":"https:\/\/www.mollificiomodenese.it\/de\/wp-json\/wp\/v2\/pages\/3929\/revisions\/4380"}],"wp:featuredmedia":[{"embeddable":true,"href":"https:\/\/www.mollificiomodenese.it\/de\/wp-json\/wp\/v2\/media\/3873"}],"wp:attachment":[{"href":"https:\/\/www.mollificiomodenese.it\/de\/wp-json\/wp\/v2\/media?parent=3929"}],"curies":[{"name":"wp","href":"https:\/\/api.w.org\/{rel}","templated":true}]}}