{"id":3932,"date":"2025-06-10T09:54:21","date_gmt":"2025-06-10T07:54:21","guid":{"rendered":"https:\/\/www.mollificiomodenese.it\/die-dienstleistungen-der-firma-mollificio-modenese-fuer-ihre-industriellen-federn\/unterstuetzung-bei-berechnung-und-entwurf-der-federn\/"},"modified":"2025-07-08T17:27:44","modified_gmt":"2025-07-08T15:27:44","slug":"unterstuetzung-bei-berechnung-und-entwurf-der-federn","status":"publish","type":"page","link":"https:\/\/www.mollificiomodenese.it\/de\/die-dienstleistungen-der-firma-mollificio-modenese-fuer-ihre-industriellen-federn\/unterstuetzung-bei-berechnung-und-entwurf-der-federn\/","title":{"rendered":"Unterst\u00fctzung bei Berechnung und Entwurf der Federn"},"content":{"rendered":"<div class=\"wpb-content-wrapper\"><p>[vc_section css=&#8220;.vc_custom_1580193165368{padding-bottom: 100px !important;background-color: #eeeeee !important;}&#8220;][vc_row gap=&#8220;35&#8243;][vc_column width=&#8220;2\/3&#8243;][vc_column_text]Die lange Erfahrung von Mollificio Modenese und das hohe Kompetenzniveau des technischen Personals erm\u00f6glichen es uns, uns als Partner anzubieten und<strong> Unterst\u00fctzung bei der Berechnung und dem Entwurf von Druck-, Zug- und Torsionsfedern<\/strong> zu leisten.<strong><br \/>\n<\/strong><br \/>Wir bieten einen umfassenden Service, der <strong>von der Planung bis zur Herstellung des Produkts<\/strong> reicht: In Synergie mit dem Kunden unterst\u00fctzen wir ihn bei der Berechnung und Planung von Druck-, Zug- und Torsionsfedern und erf\u00fcllen dabei auch <strong>sehr komplexe<\/strong> technische Anforderungen.<\/p>\n<h2>Die Berechnung von Federn gem\u00e4\u00df dem Europ\u00e4ischen Ausschuss CEN<\/h2>\n<p>Der <strong><a href=\"http:\/\/www.cencenelec.eu\/\">CEN<\/a> (Europ\u00e4isches Normungskomitee)<\/strong> definiert in der <strong>Norm UNI EN ISO 26909:2010<\/strong> Federn als &#8222;<em>mechanische Vorrichtungen, die dazu dienen, Energie zu speichern, wenn sie verformt werden, und die entsprechende Energie zur\u00fcckzugeben, sobald sie freigegeben werden<\/em>.&#8220;<\/p>\n<p>Die Normen f\u00fcr die Berechnung und Planung von Federn, die aus Draht mit rundem Querschnitt hergestellt werden, geh\u00f6ren zur &#8222;Familie&#8220; 13906:<\/p>\n<ul>\n<li>UNI EN 13906-1:2013 f\u00fcr die <a href=\"https:\/\/www.mollificiomodenese.it\/de\/unsere-federn\/druckfeder\/\">Druckfedern<\/a>.<\/li>\n<li>UNI EN 13906-2:2013 f\u00fcr die Zugfedern.<\/li>\n<li>UNI EN 13906-3:2014 f\u00fcr die Torsionsfedern.<\/li>\n<\/ul>\n<p>In jedem der betreffenden Normen sind die <strong>Formeln und Tabellen<\/strong> <strong>f\u00fcr die Berechnung und Planung der Feder<\/strong> enthalten. Im Rahmen der Berechnung und Konstruktion von Druck-, Zug- und Torsionsfedern definiert die Norm 13906 die f\u00fcr die Herstellung von Federn geeigneten Dr\u00e4hte.<br \/>Die wichtigsten davon sind:<\/p>\n<ul>\n<li>UNI EN 10270-1:2024 f\u00fcr <a href=\"https:\/\/www.mollificiomodenese.it\/de\/vertiefende-informationen-zur-welt-der-federn\/die-verwendeten-materialien\/federstahl-uni-en-10270-1-sh-dh\/\">kaltgezogenem und patentierten Draht aus Kohlenstoffstahl f\u00fcr Federn<\/a>;<\/li>\n<li>UNI EN 10270-2:2011 f\u00fcr <a href=\"https:\/\/www.mollificiomodenese.it\/de\/vertiefende-informationen-zur-welt-der-federn\/die-verwendeten-materialien\/vorgehaerteter-stahl-uni-en-10270-2-fd-vd-sicr\/\">\u00f6lschlussverg\u00fcteter Stahldraht f\u00fcr geh\u00e4rtete und Federn<\/a><u>;<\/u><\/li>\n<li>UNI EN ISO 6931:2020 f\u00fcr <a href=\"https:\/\/www.mollificiomodenese.it\/de\/vertiefende-informationen-zur-welt-der-federn\/die-verwendeten-materialien\/draht-aus-rostfreiem-stahl-uni-en-iso-6931-1-4310aisi-302\/\">rostfreien Stahldr\u00e4hte f\u00fcr Federn<\/a>.<\/li>\n<\/ul>\n<p><\/p>\n<h2>Grundprinzipien der Berechnung von Federn<\/h2>\n<p>Ein wichtiger Parameter, der bei der Berechnung und dem Entwurf von Druck-, Zug- und Torsionsfedern ber\u00fccksichtigt werden muss, ist die <strong>Betriebstemperatur<\/strong>, die eine entscheidende Rolle spielt, da sie das <strong>Elastizit\u00e4tsmodul E (Young&#8217;sches Modul)<\/strong> und das <strong>Modul der Tangientialelastizit\u00e4t G<\/strong> beeinflusst. Wie leicht zu erkennen ist, <strong>spielt der Elastizit\u00e4tsfaktor eine wesentliche Rolle beim Entwurf der Feder<\/strong>, da er direkt die Belastung beeinflusst.<\/p>\n<p>Ebenso wichtig f\u00fcr eine korrekte Berechnung ist die <strong>Art der Belastung<\/strong>, <strong>der die Feder ausgesetzt sein wird<\/strong>: man muss wissen, ob wir eine dynamische, statische oder fast statische Last haben werden, um die genaue <strong>Anzahl der realen \u201eBelastungszyklen\u201c<\/strong> festlegen zu k\u00f6nnen.<\/p>\n<h2>Die erfahrene Unterst\u00fctzung durch das Mollificio Modenese<\/h2>\n<p>Diejenigen, die wir Ihnen vorgestellt haben, sind nur einige der Faktoren, die die Techniker des Mollificio Modenese bei der <strong>Unterst\u00fctzung der Berechnung und Planung von Druck-, Zug- und Torsionsfedern<\/strong> ber\u00fccksichtigen werden.<\/p>\n<p>Weitere Parameter werden auch den <strong>Korrelationsfaktor der Belastung<\/strong> umfassen, der besonders wichtig im Fall von Federn unter dynamischer Belastung ist, das Wickelverh\u00e4ltnis, den tats\u00e4chlichen Belastungswert der Feder (Stress oder Spannung), die Zugfestigkeit und die zul\u00e4ssige Belastung.<\/p>\n<p><strong>Setzen Sie sich sofort mit unseren Spezialisten in Verbindung, um Unterst\u00fctzung bei der Berechnung und Planung von Druck-, Zug- und Torsionsfedern zu erhalten.<\/strong>[\/vc_column_text][vc_btn title=&#8220;FORDERN SIE EIN ANGEBOT AN&#8220; style=&#8220;gradient-custom&#8220; gradient_custom_color_1=&#8220;#004f9f&#8220; gradient_custom_color_2=&#8220;#004f9f&#8220; shape=&#8220;square&#8220; align=&#8220;left&#8220; link=&#8220;url:https%3A%2F%2Fwww.mollificiomodenese.it%2Fde%2Ffordern-sie-ein-angebot-fuer-industrielle-federn-an%2Ferwerben-sie-ihre-spezifisch-gestaltete-feder-von-qualitaet%2F|&#8220;][vc_empty_space][vc_row_inner][vc_column_inner width=&#8220;1\/3&#8243; css=&#8220;.vc_custom_1712328663344{padding: 5px !important;}&#8220;][vc_column_text css=&#8220;.vc_custom_1712328851602{padding-top: 20px !important;padding-right: 20px !important;padding-bottom: 20px !important;padding-left: 20px !important;background-color: #f7f7f7 !important;}&#8220;]<\/p>\n<p style=\"text-align: center;\"><strong>Berechnung von Druckfedern<\/strong><\/p>\n<p><\/p>\n<p style=\"text-align: center;\"><a href=\"https:\/\/www.mollificiomodenese.it\/de\/die-dienstleistungen-der-firma-mollificio-modenese-fuer-ihre-industriellen-federn\/unterstuetzung-bei-berechnung-und-entwurf-der-federn\/berechnung-von-druckfedern-alles-was-man-wissen-muss\/\"><span style=\"font-weight: 400;\">Erfahren Sie mehr &gt;<\/span><\/a><\/p>\n<p>[\/vc_column_text][\/vc_column_inner][vc_column_inner width=&#8220;1\/3&#8243; css=&#8220;.vc_custom_1712328685053{padding: 5px !important;}&#8220;][vc_column_text css=&#8220;.vc_custom_1712328834386{padding-top: 20px !important;padding-right: 20px !important;padding-bottom: 20px !important;padding-left: 20px !important;background-color: #f7f7f7 !important;}&#8220;]<\/p>\n<p style=\"text-align: center;\"><strong>Berechnung von Zugfedern<\/strong><\/p>\n<p><\/p>\n<p style=\"text-align: center;\"><a href=\"https:\/\/www.mollificiomodenese.it\/de\/die-dienstleistungen-der-firma-mollificio-modenese-fuer-ihre-industriellen-federn\/unterstuetzung-bei-berechnung-und-entwurf-der-federn\/die-berechnung-von-zugfedern-eine-kurze-anleitung\/\"><span style=\"font-weight: 400;\">Erfahren Sie mehr &gt;<\/span><\/a><\/p>\n<p>[\/vc_column_text][\/vc_column_inner][vc_column_inner width=&#8220;1\/3&#8243; css=&#8220;.vc_custom_1712328691878{padding: 5px !important;}&#8220;][vc_column_text css=&#8220;.vc_custom_1712329698392{padding-top: 20px !important;padding-right: 20px !important;padding-bottom: 20px !important;padding-left: 20px !important;background-color: #f7f7f7 !important;}&#8220;]<\/p>\n<p style=\"text-align: center;\"><strong>Berechnung von Torsionsfedern<\/strong><\/p>\n<p><\/p>\n<p style=\"text-align: center;\"><a href=\"https:\/\/www.mollificiomodenese.it\/de\/die-dienstleistungen-der-firma-mollificio-modenese-fuer-ihre-industriellen-federn\/unterstuetzung-bei-berechnung-und-entwurf-der-federn\/die-berechnung-von-torsionsfedern-unsere-empfehlungen\/\"><span style=\"font-weight: 400;\">Erfahren Sie mehr &gt;<\/span><\/a><\/p>\n<p>[\/vc_column_text][\/vc_column_inner][\/vc_row_inner][\/vc_column][vc_column width=&#8220;1\/3&#8243; css=&#8220;.vc_custom_1580149774337{border-left-width: 1px !important;border-left-color: #004f9f !important;border-left-style: solid !important;}&#8220;][vc_widget_sidebar sidebar_id=&#8220;sidebar-3&#8243;][\/vc_column][\/vc_row][\/vc_section]<\/p>\n<\/div>","protected":false},"excerpt":{"rendered":"<p>[vc_section css=&#8220;.vc_custom_1580193165368{padding-bottom: 100px !important;background-color: #eeeeee !important;}&#8220;][vc_row gap=&#8220;35&#8243;][vc_column width=&#8220;2\/3&#8243;][vc_column_text]Die lange Erfahrung von Mollificio Modenese und das hohe Kompetenzniveau des technischen Personals erm\u00f6glichen es uns, uns als Partner anzubieten und Unterst\u00fctzung bei der Berechnung und dem Entwurf von Druck-, Zug- und Torsionsfedern zu leisten. Wir bieten einen umfassenden Service, der von der Planung bis zur Herstellung des [&hellip;]<\/p>\n","protected":false},"author":5,"featured_media":3873,"parent":3929,"menu_order":0,"comment_status":"closed","ping_status":"closed","template":"","meta":{"footnotes":""},"class_list":["post-3932","page","type-page","status-publish","hentry"],"yoast_head":"<!-- This site is optimized with the Yoast SEO plugin v27.3 - https:\/\/yoast.com\/product\/yoast-seo-wordpress\/ -->\n<title>Unterst\u00fctzung bei Berechnung und Entwurf der Federn - MOLLIFICIO MODENESE<\/title>\n<meta name=\"description\" content=\"Die Experten des Mollificio Modenese bieten einen angemessenen Service zur Unterst\u00fctzung bei der Berechnung und Entwicklung von Druck-, Zug- und Torsionsfedern.\" \/>\n<meta name=\"robots\" content=\"index, follow, max-snippet:-1, max-image-preview:large, max-video-preview:-1\" \/>\n<link rel=\"canonical\" href=\"https:\/\/www.mollificiomodenese.it\/servizi-per-produzione-molle-industriali\/supporto-calcolo-progetto-molle-compressione-trazione-torsione\/\" \/>\n<meta property=\"og:locale\" content=\"de_DE\" \/>\n<meta property=\"og:type\" content=\"article\" \/>\n<meta property=\"og:title\" content=\"Unterst\u00fctzung bei Berechnung und Entwurf der Federn - MOLLIFICIO MODENESE\" \/>\n<meta property=\"og:description\" content=\"Die Experten des Mollificio Modenese bieten einen angemessenen Service zur Unterst\u00fctzung bei der Berechnung und Entwicklung von Druck-, Zug- und Torsionsfedern.\" \/>\n<meta property=\"og:url\" content=\"https:\/\/www.mollificiomodenese.it\/servizi-per-produzione-molle-industriali\/supporto-calcolo-progetto-molle-compressione-trazione-torsione\/\" \/>\n<meta property=\"og:site_name\" content=\"MOLLIFICIO MODENESE\" \/>\n<meta property=\"article:modified_time\" content=\"2025-07-08T15:27:44+00:00\" \/>\n<meta property=\"og:image\" content=\"https:\/\/www.mollificiomodenese.it\/wp-content\/uploads\/2020\/01\/sfondo2.jpg\" \/>\n\t<meta property=\"og:image:width\" content=\"1250\" \/>\n\t<meta property=\"og:image:height\" content=\"620\" \/>\n\t<meta property=\"og:image:type\" content=\"image\/jpeg\" \/>\n<meta name=\"twitter:card\" content=\"summary_large_image\" \/>\n<meta name=\"twitter:label1\" content=\"Gesch\u00e4tzte Lesezeit\" \/>\n\t<meta name=\"twitter:data1\" content=\"4\u00a0Minuten\" \/>\n<script type=\"application\/ld+json\" class=\"yoast-schema-graph\">{\"@context\":\"https:\\\/\\\/schema.org\",\"@graph\":[{\"@type\":\"WebPage\",\"@id\":\"https:\\\/\\\/www.mollificiomodenese.it\\\/servizi-per-produzione-molle-industriali\\\/supporto-calcolo-progetto-molle-compressione-trazione-torsione\\\/\",\"url\":\"https:\\\/\\\/www.mollificiomodenese.it\\\/servizi-per-produzione-molle-industriali\\\/supporto-calcolo-progetto-molle-compressione-trazione-torsione\\\/\",\"name\":\"Unterst\u00fctzung bei Berechnung und Entwurf der Federn - MOLLIFICIO MODENESE\",\"isPartOf\":{\"@id\":\"https:\\\/\\\/www.mollificiomodenese.it\\\/#website\"},\"primaryImageOfPage\":{\"@id\":\"https:\\\/\\\/www.mollificiomodenese.it\\\/servizi-per-produzione-molle-industriali\\\/supporto-calcolo-progetto-molle-compressione-trazione-torsione\\\/#primaryimage\"},\"image\":{\"@id\":\"https:\\\/\\\/www.mollificiomodenese.it\\\/servizi-per-produzione-molle-industriali\\\/supporto-calcolo-progetto-molle-compressione-trazione-torsione\\\/#primaryimage\"},\"thumbnailUrl\":\"https:\\\/\\\/www.mollificiomodenese.it\\\/wp-content\\\/uploads\\\/2020\\\/01\\\/sfondo2.jpg\",\"datePublished\":\"2025-06-10T07:54:21+00:00\",\"dateModified\":\"2025-07-08T15:27:44+00:00\",\"description\":\"Die Experten des Mollificio Modenese bieten einen angemessenen Service zur Unterst\u00fctzung bei der Berechnung und Entwicklung von Druck-, Zug- und Torsionsfedern.\",\"breadcrumb\":{\"@id\":\"https:\\\/\\\/www.mollificiomodenese.it\\\/servizi-per-produzione-molle-industriali\\\/supporto-calcolo-progetto-molle-compressione-trazione-torsione\\\/#breadcrumb\"},\"inLanguage\":\"de\",\"potentialAction\":[{\"@type\":\"ReadAction\",\"target\":[\"https:\\\/\\\/www.mollificiomodenese.it\\\/servizi-per-produzione-molle-industriali\\\/supporto-calcolo-progetto-molle-compressione-trazione-torsione\\\/\"]}]},{\"@type\":\"ImageObject\",\"inLanguage\":\"de\",\"@id\":\"https:\\\/\\\/www.mollificiomodenese.it\\\/servizi-per-produzione-molle-industriali\\\/supporto-calcolo-progetto-molle-compressione-trazione-torsione\\\/#primaryimage\",\"url\":\"https:\\\/\\\/www.mollificiomodenese.it\\\/wp-content\\\/uploads\\\/2020\\\/01\\\/sfondo2.jpg\",\"contentUrl\":\"https:\\\/\\\/www.mollificiomodenese.it\\\/wp-content\\\/uploads\\\/2020\\\/01\\\/sfondo2.jpg\",\"width\":1250,\"height\":620,\"caption\":\"mollificio modenese\"},{\"@type\":\"BreadcrumbList\",\"@id\":\"https:\\\/\\\/www.mollificiomodenese.it\\\/servizi-per-produzione-molle-industriali\\\/supporto-calcolo-progetto-molle-compressione-trazione-torsione\\\/#breadcrumb\",\"itemListElement\":[{\"@type\":\"ListItem\",\"position\":1,\"name\":\"Home\",\"item\":\"https:\\\/\\\/www.mollificiomodenese.it\\\/de\\\/\"},{\"@type\":\"ListItem\",\"position\":2,\"name\":\"Die Dienstleistungen der Firma Mollificio Modenese f\u00fcr Ihre industriellen Federn\",\"item\":\"https:\\\/\\\/www.mollificiomodenese.it\\\/servizi-per-produzione-molle-industriali\\\/\"},{\"@type\":\"ListItem\",\"position\":3,\"name\":\"Unterst\u00fctzung bei Berechnung und Entwurf der Federn\"}]},{\"@type\":\"WebSite\",\"@id\":\"https:\\\/\\\/www.mollificiomodenese.it\\\/#website\",\"url\":\"https:\\\/\\\/www.mollificiomodenese.it\\\/\",\"name\":\"MOLLIFICIO MODENESE\",\"description\":\"\",\"potentialAction\":[{\"@type\":\"SearchAction\",\"target\":{\"@type\":\"EntryPoint\",\"urlTemplate\":\"https:\\\/\\\/www.mollificiomodenese.it\\\/?s={search_term_string}\"},\"query-input\":{\"@type\":\"PropertyValueSpecification\",\"valueRequired\":true,\"valueName\":\"search_term_string\"}}],\"inLanguage\":\"de\"}]}<\/script>\n<!-- \/ Yoast SEO plugin. -->","yoast_head_json":{"title":"Unterst\u00fctzung bei Berechnung und Entwurf der Federn - MOLLIFICIO MODENESE","description":"Die Experten des Mollificio Modenese bieten einen angemessenen Service zur Unterst\u00fctzung bei der Berechnung und Entwicklung von Druck-, Zug- und Torsionsfedern.","robots":{"index":"index","follow":"follow","max-snippet":"max-snippet:-1","max-image-preview":"max-image-preview:large","max-video-preview":"max-video-preview:-1"},"canonical":"https:\/\/www.mollificiomodenese.it\/servizi-per-produzione-molle-industriali\/supporto-calcolo-progetto-molle-compressione-trazione-torsione\/","og_locale":"de_DE","og_type":"article","og_title":"Unterst\u00fctzung bei Berechnung und Entwurf der Federn - MOLLIFICIO MODENESE","og_description":"Die Experten des Mollificio Modenese bieten einen angemessenen Service zur Unterst\u00fctzung bei der Berechnung und Entwicklung von Druck-, Zug- und Torsionsfedern.","og_url":"https:\/\/www.mollificiomodenese.it\/servizi-per-produzione-molle-industriali\/supporto-calcolo-progetto-molle-compressione-trazione-torsione\/","og_site_name":"MOLLIFICIO MODENESE","article_modified_time":"2025-07-08T15:27:44+00:00","og_image":[{"width":1250,"height":620,"url":"https:\/\/www.mollificiomodenese.it\/wp-content\/uploads\/2020\/01\/sfondo2.jpg","type":"image\/jpeg"}],"twitter_card":"summary_large_image","twitter_misc":{"Gesch\u00e4tzte Lesezeit":"4\u00a0Minuten"},"schema":{"@context":"https:\/\/schema.org","@graph":[{"@type":"WebPage","@id":"https:\/\/www.mollificiomodenese.it\/servizi-per-produzione-molle-industriali\/supporto-calcolo-progetto-molle-compressione-trazione-torsione\/","url":"https:\/\/www.mollificiomodenese.it\/servizi-per-produzione-molle-industriali\/supporto-calcolo-progetto-molle-compressione-trazione-torsione\/","name":"Unterst\u00fctzung bei Berechnung und Entwurf der Federn - MOLLIFICIO MODENESE","isPartOf":{"@id":"https:\/\/www.mollificiomodenese.it\/#website"},"primaryImageOfPage":{"@id":"https:\/\/www.mollificiomodenese.it\/servizi-per-produzione-molle-industriali\/supporto-calcolo-progetto-molle-compressione-trazione-torsione\/#primaryimage"},"image":{"@id":"https:\/\/www.mollificiomodenese.it\/servizi-per-produzione-molle-industriali\/supporto-calcolo-progetto-molle-compressione-trazione-torsione\/#primaryimage"},"thumbnailUrl":"https:\/\/www.mollificiomodenese.it\/wp-content\/uploads\/2020\/01\/sfondo2.jpg","datePublished":"2025-06-10T07:54:21+00:00","dateModified":"2025-07-08T15:27:44+00:00","description":"Die Experten des Mollificio Modenese bieten einen angemessenen Service zur Unterst\u00fctzung bei der Berechnung und Entwicklung von Druck-, Zug- und Torsionsfedern.","breadcrumb":{"@id":"https:\/\/www.mollificiomodenese.it\/servizi-per-produzione-molle-industriali\/supporto-calcolo-progetto-molle-compressione-trazione-torsione\/#breadcrumb"},"inLanguage":"de","potentialAction":[{"@type":"ReadAction","target":["https:\/\/www.mollificiomodenese.it\/servizi-per-produzione-molle-industriali\/supporto-calcolo-progetto-molle-compressione-trazione-torsione\/"]}]},{"@type":"ImageObject","inLanguage":"de","@id":"https:\/\/www.mollificiomodenese.it\/servizi-per-produzione-molle-industriali\/supporto-calcolo-progetto-molle-compressione-trazione-torsione\/#primaryimage","url":"https:\/\/www.mollificiomodenese.it\/wp-content\/uploads\/2020\/01\/sfondo2.jpg","contentUrl":"https:\/\/www.mollificiomodenese.it\/wp-content\/uploads\/2020\/01\/sfondo2.jpg","width":1250,"height":620,"caption":"mollificio modenese"},{"@type":"BreadcrumbList","@id":"https:\/\/www.mollificiomodenese.it\/servizi-per-produzione-molle-industriali\/supporto-calcolo-progetto-molle-compressione-trazione-torsione\/#breadcrumb","itemListElement":[{"@type":"ListItem","position":1,"name":"Home","item":"https:\/\/www.mollificiomodenese.it\/de\/"},{"@type":"ListItem","position":2,"name":"Die Dienstleistungen der Firma Mollificio Modenese f\u00fcr Ihre industriellen Federn","item":"https:\/\/www.mollificiomodenese.it\/servizi-per-produzione-molle-industriali\/"},{"@type":"ListItem","position":3,"name":"Unterst\u00fctzung bei Berechnung und Entwurf der Federn"}]},{"@type":"WebSite","@id":"https:\/\/www.mollificiomodenese.it\/#website","url":"https:\/\/www.mollificiomodenese.it\/","name":"MOLLIFICIO MODENESE","description":"","potentialAction":[{"@type":"SearchAction","target":{"@type":"EntryPoint","urlTemplate":"https:\/\/www.mollificiomodenese.it\/?s={search_term_string}"},"query-input":{"@type":"PropertyValueSpecification","valueRequired":true,"valueName":"search_term_string"}}],"inLanguage":"de"}]}},"_links":{"self":[{"href":"https:\/\/www.mollificiomodenese.it\/de\/wp-json\/wp\/v2\/pages\/3932","targetHints":{"allow":["GET"]}}],"collection":[{"href":"https:\/\/www.mollificiomodenese.it\/de\/wp-json\/wp\/v2\/pages"}],"about":[{"href":"https:\/\/www.mollificiomodenese.it\/de\/wp-json\/wp\/v2\/types\/page"}],"author":[{"embeddable":true,"href":"https:\/\/www.mollificiomodenese.it\/de\/wp-json\/wp\/v2\/users\/5"}],"replies":[{"embeddable":true,"href":"https:\/\/www.mollificiomodenese.it\/de\/wp-json\/wp\/v2\/comments?post=3932"}],"version-history":[{"count":8,"href":"https:\/\/www.mollificiomodenese.it\/de\/wp-json\/wp\/v2\/pages\/3932\/revisions"}],"predecessor-version":[{"id":4384,"href":"https:\/\/www.mollificiomodenese.it\/de\/wp-json\/wp\/v2\/pages\/3932\/revisions\/4384"}],"up":[{"embeddable":true,"href":"https:\/\/www.mollificiomodenese.it\/de\/wp-json\/wp\/v2\/pages\/3929"}],"wp:featuredmedia":[{"embeddable":true,"href":"https:\/\/www.mollificiomodenese.it\/de\/wp-json\/wp\/v2\/media\/3873"}],"wp:attachment":[{"href":"https:\/\/www.mollificiomodenese.it\/de\/wp-json\/wp\/v2\/media?parent=3932"}],"curies":[{"name":"wp","href":"https:\/\/api.w.org\/{rel}","templated":true}]}}