{"id":3947,"date":"2025-06-10T10:23:58","date_gmt":"2025-06-10T08:23:58","guid":{"rendered":"https:\/\/www.mollificiomodenese.it\/die-dienstleistungen-der-firma-mollificio-modenese-fuer-ihre-industriellen-federn\/herstellung-von-federn-nach-mass-gestalten-sie-ihre-federn-mit-uns\/"},"modified":"2025-07-09T09:25:28","modified_gmt":"2025-07-09T07:25:28","slug":"herstellung-von-federn-nach-mass-gestalten-sie-ihre-federn-mit-uns","status":"publish","type":"page","link":"https:\/\/www.mollificiomodenese.it\/de\/die-dienstleistungen-der-firma-mollificio-modenese-fuer-ihre-industriellen-federn\/herstellung-von-federn-nach-mass-gestalten-sie-ihre-federn-mit-uns\/","title":{"rendered":"Herstellung von Federn nach Ma\u00df: Gestalten Sie Ihre Federn mit uns"},"content":{"rendered":"<div class=\"wpb-content-wrapper\"><p>[vc_section css=&#8220;.vc_custom_1580193165368{padding-bottom: 100px !important;background-color: #eeeeee !important;}&#8220;][vc_row gap=&#8220;35&#8243;][vc_column width=&#8220;2\/3&#8243;][vc_column_text]Die Firma Mollificio Modenese positioniert sich auf dem Markt als <strong>Partner der Unternehmen in der Herstellung von hochwertigen Federn nach Ma\u00df<\/strong>: Unsere langj\u00e4hrige Erfahrung in der Branche und die vollst\u00e4ndige Aufmerksamkeit, die wir jeder einzelnen Herstellung widmen, definieren uns als <strong>Bezugspunkt f\u00fcr hochwertige Federn nach Ma\u00df, die nach den Entw\u00fcrfen des Kunden hergestellt werden<\/strong>.<\/p>\n<p>Es ist unser Ziel, Produkte von <strong>ausgezeichneter Produktionsqualit\u00e4t<\/strong>, langer Haltbarkeit und hervorragender Widerstandsf\u00e4higkeit gegen\u00fcber Belastungen zu garantieren.<\/p>\n<h2>Produktion von Federn nach Ma\u00df: Arten und Anwendungsbereiche<\/h2>\n<p>Mollificio Modenese ist auf die Herstellung von Federn nach Ma\u00df der unterschiedlichsten Arten spezialisiert:<\/p>\n<ul>\n<li><a href=\"https:\/\/www.mollificiomodenese.it\/de\/unsere-federn\/druckfeder\/\"><strong>Druckfedern<\/strong><\/a><\/li>\n<li><a href=\"https:\/\/www.mollificiomodenese.it\/de\/unsere-federn\/zugfedern\/\"><strong>Zugfedern<\/strong><\/a><\/li>\n<li><a href=\"https:\/\/www.mollificiomodenese.it\/de\/unsere-federn\/torsionsfedern\/\"><strong>Torsionsfedern<\/strong><\/a><\/li>\n<li><a href=\"https:\/\/www.mollificiomodenese.it\/de\/unsere-federn\/aus-draht-geformte-einzelteile\/\"><strong>Geformte oder mehrmals gefaltete Federn<\/strong><\/a><\/li>\n<li><a href=\"https:\/\/www.mollificiomodenese.it\/de\/unsere-federn\/sicherungsringe\/\"><strong>Ringe<\/strong><\/a><\/li>\n<li><a href=\"https:\/\/www.mollificiomodenese.it\/de\/unsere-federn\/weitere-federarten\/\"><strong>Bandfedern<\/strong><\/a><\/li>\n<\/ul>\n<p><strong>Unsere Produktion von Federn nach Ma\u00df richtet sich an alle Industriebereiche<\/strong>: Hydraulik, Lebensmittel, Verpackung, Transport, Maschinenbau, Erdbau, Elektronik, Schifffahrt, Haushaltsger\u00e4te und viele andere.<\/p>\n<p>Auf Anfrage und um fertige und einbaufertige\u00a0 Produkte zu liefern, sind auch <a href=\"https:\/\/www.mollificiomodenese.it\/de\/vertiefende-informationen-zur-welt-der-federn\/oberflaechenbehandlungen-der-industriellen-federn\/\"><strong>Oberfl\u00e4chenbehandlungen<\/strong> <\/a>m\u00f6glich.<\/p>\n<h3>Wir gestalten Ihre Federn mit h\u00f6chster Pr\u00e4zision<\/h3>\n<p>Die Entscheidung f\u00fcr die Erfahrung des Mollificio Modenese f\u00fcr die <strong>Herstellung von Federn nach Ma\u00df<\/strong> bedeutet, sich auf einen Partner zu verlassen, der h\u00f6chste Qualit\u00e4t als den zus\u00e4tzlichen Wert garantiert, den jeder Kunde erh\u00e4lt: <a href=\"https:\/\/www.mollificiomodenese.it\/de\/kontakte\/\"><strong>Setzen Sie sich mit uns<\/strong><\/a> f\u00fcr eine erste Beratung <a href=\"https:\/\/www.mollificiomodenese.it\/de\/kontakte\/\"><strong>in Verbindung<\/strong><\/a>![\/vc_column_text][vc_btn title=&#8220;FORDERN SIE EIN ANGEBOT AN&#8220; style=&#8220;gradient-custom&#8220; gradient_custom_color_1=&#8220;#004f9f&#8220; gradient_custom_color_2=&#8220;#004f9f&#8220; shape=&#8220;square&#8220; align=&#8220;left&#8220; link=&#8220;url:https%3A%2F%2Fwww.mollificiomodenese.it%2Fde%2Ffordern-sie-ein-angebot-fuer-industrielle-federn-an%2Ferwerben-sie-ihre-spezifisch-gestaltete-feder-von-qualitaet%2F|&#8220;][vc_empty_space][\/vc_column][vc_column width=&#8220;1\/3&#8243; css=&#8220;.vc_custom_1580149774337{border-left-width: 1px !important;border-left-color: #004f9f !important;border-left-style: solid !important;}&#8220;][vc_widget_sidebar sidebar_id=&#8220;sidebar-3&#8243;][\/vc_column][\/vc_row][\/vc_section]<\/p>\n<\/div>","protected":false},"excerpt":{"rendered":"<p>[vc_section css=&#8220;.vc_custom_1580193165368{padding-bottom: 100px !important;background-color: #eeeeee !important;}&#8220;][vc_row gap=&#8220;35&#8243;][vc_column width=&#8220;2\/3&#8243;][vc_column_text]Die Firma Mollificio Modenese positioniert sich auf dem Markt als Partner der Unternehmen in der Herstellung von hochwertigen Federn nach Ma\u00df: Unsere langj\u00e4hrige Erfahrung in der Branche und die vollst\u00e4ndige Aufmerksamkeit, die wir jeder einzelnen Herstellung widmen, definieren uns als Bezugspunkt f\u00fcr hochwertige Federn nach Ma\u00df, die nach [&hellip;]<\/p>\n","protected":false},"author":5,"featured_media":3873,"parent":3929,"menu_order":0,"comment_status":"closed","ping_status":"closed","template":"","meta":{"footnotes":""},"class_list":["post-3947","page","type-page","status-publish","hentry"],"yoast_head":"<!-- This site is optimized with the Yoast SEO plugin v27.3 - https:\/\/yoast.com\/product\/yoast-seo-wordpress\/ -->\n<title>Herstellung von Federn nach Ma\u00df | MOLLIFICIO MODENESE<\/title>\n<meta name=\"description\" content=\"W\u00e4hlen Sie die Firma Mollificio Modenese f\u00fcr Ihre Federn nach Ma\u00df: Erfahren Sie mehr \u00fcber den Service zur Herstellung von Federn nach Ma\u00df.\" \/>\n<meta name=\"robots\" content=\"index, follow, max-snippet:-1, max-image-preview:large, max-video-preview:-1\" \/>\n<link rel=\"canonical\" href=\"https:\/\/www.mollificiomodenese.it\/de\/die-dienstleistungen-der-firma-mollificio-modenese-fuer-ihre-industriellen-federn\/herstellung-von-federn-nach-mass-gestalten-sie-ihre-federn-mit-uns\/\" \/>\n<meta property=\"og:locale\" content=\"de_DE\" \/>\n<meta property=\"og:type\" content=\"article\" \/>\n<meta property=\"og:title\" content=\"Herstellung von Federn nach Ma\u00df | MOLLIFICIO MODENESE\" \/>\n<meta property=\"og:description\" content=\"W\u00e4hlen Sie die Firma Mollificio Modenese f\u00fcr Ihre Federn nach Ma\u00df: Erfahren Sie mehr \u00fcber den Service zur Herstellung von Federn nach Ma\u00df.\" \/>\n<meta property=\"og:url\" content=\"https:\/\/www.mollificiomodenese.it\/de\/die-dienstleistungen-der-firma-mollificio-modenese-fuer-ihre-industriellen-federn\/herstellung-von-federn-nach-mass-gestalten-sie-ihre-federn-mit-uns\/\" \/>\n<meta property=\"og:site_name\" content=\"MOLLIFICIO MODENESE\" \/>\n<meta property=\"article:modified_time\" content=\"2025-07-09T07:25:28+00:00\" \/>\n<meta property=\"og:image\" content=\"https:\/\/www.mollificiomodenese.it\/wp-content\/uploads\/2020\/01\/sfondo2.jpg\" \/>\n\t<meta property=\"og:image:width\" content=\"1250\" \/>\n\t<meta property=\"og:image:height\" content=\"620\" \/>\n\t<meta property=\"og:image:type\" content=\"image\/jpeg\" \/>\n<meta name=\"twitter:card\" content=\"summary_large_image\" \/>\n<meta name=\"twitter:label1\" content=\"Gesch\u00e4tzte Lesezeit\" \/>\n\t<meta name=\"twitter:data1\" content=\"2\u00a0Minuten\" \/>\n<script type=\"application\/ld+json\" class=\"yoast-schema-graph\">{\"@context\":\"https:\\\/\\\/schema.org\",\"@graph\":[{\"@type\":\"WebPage\",\"@id\":\"https:\\\/\\\/www.mollificiomodenese.it\\\/de\\\/die-dienstleistungen-der-firma-mollificio-modenese-fuer-ihre-industriellen-federn\\\/herstellung-von-federn-nach-mass-gestalten-sie-ihre-federn-mit-uns\\\/\",\"url\":\"https:\\\/\\\/www.mollificiomodenese.it\\\/de\\\/die-dienstleistungen-der-firma-mollificio-modenese-fuer-ihre-industriellen-federn\\\/herstellung-von-federn-nach-mass-gestalten-sie-ihre-federn-mit-uns\\\/\",\"name\":\"Herstellung von Federn nach Ma\u00df | MOLLIFICIO MODENESE\",\"isPartOf\":{\"@id\":\"https:\\\/\\\/www.mollificiomodenese.it\\\/#website\"},\"primaryImageOfPage\":{\"@id\":\"https:\\\/\\\/www.mollificiomodenese.it\\\/de\\\/die-dienstleistungen-der-firma-mollificio-modenese-fuer-ihre-industriellen-federn\\\/herstellung-von-federn-nach-mass-gestalten-sie-ihre-federn-mit-uns\\\/#primaryimage\"},\"image\":{\"@id\":\"https:\\\/\\\/www.mollificiomodenese.it\\\/de\\\/die-dienstleistungen-der-firma-mollificio-modenese-fuer-ihre-industriellen-federn\\\/herstellung-von-federn-nach-mass-gestalten-sie-ihre-federn-mit-uns\\\/#primaryimage\"},\"thumbnailUrl\":\"https:\\\/\\\/www.mollificiomodenese.it\\\/wp-content\\\/uploads\\\/2020\\\/01\\\/sfondo2.jpg\",\"datePublished\":\"2025-06-10T08:23:58+00:00\",\"dateModified\":\"2025-07-09T07:25:28+00:00\",\"description\":\"W\u00e4hlen Sie die Firma Mollificio Modenese f\u00fcr Ihre Federn nach Ma\u00df: Erfahren Sie mehr \u00fcber den Service zur Herstellung von Federn nach Ma\u00df.\",\"breadcrumb\":{\"@id\":\"https:\\\/\\\/www.mollificiomodenese.it\\\/de\\\/die-dienstleistungen-der-firma-mollificio-modenese-fuer-ihre-industriellen-federn\\\/herstellung-von-federn-nach-mass-gestalten-sie-ihre-federn-mit-uns\\\/#breadcrumb\"},\"inLanguage\":\"de\",\"potentialAction\":[{\"@type\":\"ReadAction\",\"target\":[\"https:\\\/\\\/www.mollificiomodenese.it\\\/de\\\/die-dienstleistungen-der-firma-mollificio-modenese-fuer-ihre-industriellen-federn\\\/herstellung-von-federn-nach-mass-gestalten-sie-ihre-federn-mit-uns\\\/\"]}]},{\"@type\":\"ImageObject\",\"inLanguage\":\"de\",\"@id\":\"https:\\\/\\\/www.mollificiomodenese.it\\\/de\\\/die-dienstleistungen-der-firma-mollificio-modenese-fuer-ihre-industriellen-federn\\\/herstellung-von-federn-nach-mass-gestalten-sie-ihre-federn-mit-uns\\\/#primaryimage\",\"url\":\"https:\\\/\\\/www.mollificiomodenese.it\\\/wp-content\\\/uploads\\\/2020\\\/01\\\/sfondo2.jpg\",\"contentUrl\":\"https:\\\/\\\/www.mollificiomodenese.it\\\/wp-content\\\/uploads\\\/2020\\\/01\\\/sfondo2.jpg\",\"width\":1250,\"height\":620,\"caption\":\"mollificio modenese\"},{\"@type\":\"BreadcrumbList\",\"@id\":\"https:\\\/\\\/www.mollificiomodenese.it\\\/de\\\/die-dienstleistungen-der-firma-mollificio-modenese-fuer-ihre-industriellen-federn\\\/herstellung-von-federn-nach-mass-gestalten-sie-ihre-federn-mit-uns\\\/#breadcrumb\",\"itemListElement\":[{\"@type\":\"ListItem\",\"position\":1,\"name\":\"Home\",\"item\":\"https:\\\/\\\/www.mollificiomodenese.it\\\/de\\\/\"},{\"@type\":\"ListItem\",\"position\":2,\"name\":\"Die Dienstleistungen der Firma Mollificio Modenese f\u00fcr Ihre industriellen Federn\",\"item\":\"https:\\\/\\\/www.mollificiomodenese.it\\\/servizi-per-produzione-molle-industriali\\\/\"},{\"@type\":\"ListItem\",\"position\":3,\"name\":\"Herstellung von Federn nach Ma\u00df: Gestalten Sie Ihre Federn mit uns\"}]},{\"@type\":\"WebSite\",\"@id\":\"https:\\\/\\\/www.mollificiomodenese.it\\\/#website\",\"url\":\"https:\\\/\\\/www.mollificiomodenese.it\\\/\",\"name\":\"MOLLIFICIO MODENESE\",\"description\":\"\",\"potentialAction\":[{\"@type\":\"SearchAction\",\"target\":{\"@type\":\"EntryPoint\",\"urlTemplate\":\"https:\\\/\\\/www.mollificiomodenese.it\\\/?s={search_term_string}\"},\"query-input\":{\"@type\":\"PropertyValueSpecification\",\"valueRequired\":true,\"valueName\":\"search_term_string\"}}],\"inLanguage\":\"de\"}]}<\/script>\n<!-- \/ Yoast SEO plugin. -->","yoast_head_json":{"title":"Herstellung von Federn nach Ma\u00df | MOLLIFICIO MODENESE","description":"W\u00e4hlen Sie die Firma Mollificio Modenese f\u00fcr Ihre Federn nach Ma\u00df: Erfahren Sie mehr \u00fcber den Service zur Herstellung von Federn nach Ma\u00df.","robots":{"index":"index","follow":"follow","max-snippet":"max-snippet:-1","max-image-preview":"max-image-preview:large","max-video-preview":"max-video-preview:-1"},"canonical":"https:\/\/www.mollificiomodenese.it\/de\/die-dienstleistungen-der-firma-mollificio-modenese-fuer-ihre-industriellen-federn\/herstellung-von-federn-nach-mass-gestalten-sie-ihre-federn-mit-uns\/","og_locale":"de_DE","og_type":"article","og_title":"Herstellung von Federn nach Ma\u00df | MOLLIFICIO MODENESE","og_description":"W\u00e4hlen Sie die Firma Mollificio Modenese f\u00fcr Ihre Federn nach Ma\u00df: Erfahren Sie mehr \u00fcber den Service zur Herstellung von Federn nach Ma\u00df.","og_url":"https:\/\/www.mollificiomodenese.it\/de\/die-dienstleistungen-der-firma-mollificio-modenese-fuer-ihre-industriellen-federn\/herstellung-von-federn-nach-mass-gestalten-sie-ihre-federn-mit-uns\/","og_site_name":"MOLLIFICIO MODENESE","article_modified_time":"2025-07-09T07:25:28+00:00","og_image":[{"width":1250,"height":620,"url":"https:\/\/www.mollificiomodenese.it\/wp-content\/uploads\/2020\/01\/sfondo2.jpg","type":"image\/jpeg"}],"twitter_card":"summary_large_image","twitter_misc":{"Gesch\u00e4tzte Lesezeit":"2\u00a0Minuten"},"schema":{"@context":"https:\/\/schema.org","@graph":[{"@type":"WebPage","@id":"https:\/\/www.mollificiomodenese.it\/de\/die-dienstleistungen-der-firma-mollificio-modenese-fuer-ihre-industriellen-federn\/herstellung-von-federn-nach-mass-gestalten-sie-ihre-federn-mit-uns\/","url":"https:\/\/www.mollificiomodenese.it\/de\/die-dienstleistungen-der-firma-mollificio-modenese-fuer-ihre-industriellen-federn\/herstellung-von-federn-nach-mass-gestalten-sie-ihre-federn-mit-uns\/","name":"Herstellung von Federn nach Ma\u00df | MOLLIFICIO MODENESE","isPartOf":{"@id":"https:\/\/www.mollificiomodenese.it\/#website"},"primaryImageOfPage":{"@id":"https:\/\/www.mollificiomodenese.it\/de\/die-dienstleistungen-der-firma-mollificio-modenese-fuer-ihre-industriellen-federn\/herstellung-von-federn-nach-mass-gestalten-sie-ihre-federn-mit-uns\/#primaryimage"},"image":{"@id":"https:\/\/www.mollificiomodenese.it\/de\/die-dienstleistungen-der-firma-mollificio-modenese-fuer-ihre-industriellen-federn\/herstellung-von-federn-nach-mass-gestalten-sie-ihre-federn-mit-uns\/#primaryimage"},"thumbnailUrl":"https:\/\/www.mollificiomodenese.it\/wp-content\/uploads\/2020\/01\/sfondo2.jpg","datePublished":"2025-06-10T08:23:58+00:00","dateModified":"2025-07-09T07:25:28+00:00","description":"W\u00e4hlen Sie die Firma Mollificio Modenese f\u00fcr Ihre Federn nach Ma\u00df: Erfahren Sie mehr \u00fcber den Service zur Herstellung von Federn nach Ma\u00df.","breadcrumb":{"@id":"https:\/\/www.mollificiomodenese.it\/de\/die-dienstleistungen-der-firma-mollificio-modenese-fuer-ihre-industriellen-federn\/herstellung-von-federn-nach-mass-gestalten-sie-ihre-federn-mit-uns\/#breadcrumb"},"inLanguage":"de","potentialAction":[{"@type":"ReadAction","target":["https:\/\/www.mollificiomodenese.it\/de\/die-dienstleistungen-der-firma-mollificio-modenese-fuer-ihre-industriellen-federn\/herstellung-von-federn-nach-mass-gestalten-sie-ihre-federn-mit-uns\/"]}]},{"@type":"ImageObject","inLanguage":"de","@id":"https:\/\/www.mollificiomodenese.it\/de\/die-dienstleistungen-der-firma-mollificio-modenese-fuer-ihre-industriellen-federn\/herstellung-von-federn-nach-mass-gestalten-sie-ihre-federn-mit-uns\/#primaryimage","url":"https:\/\/www.mollificiomodenese.it\/wp-content\/uploads\/2020\/01\/sfondo2.jpg","contentUrl":"https:\/\/www.mollificiomodenese.it\/wp-content\/uploads\/2020\/01\/sfondo2.jpg","width":1250,"height":620,"caption":"mollificio modenese"},{"@type":"BreadcrumbList","@id":"https:\/\/www.mollificiomodenese.it\/de\/die-dienstleistungen-der-firma-mollificio-modenese-fuer-ihre-industriellen-federn\/herstellung-von-federn-nach-mass-gestalten-sie-ihre-federn-mit-uns\/#breadcrumb","itemListElement":[{"@type":"ListItem","position":1,"name":"Home","item":"https:\/\/www.mollificiomodenese.it\/de\/"},{"@type":"ListItem","position":2,"name":"Die Dienstleistungen der Firma Mollificio Modenese f\u00fcr Ihre industriellen Federn","item":"https:\/\/www.mollificiomodenese.it\/servizi-per-produzione-molle-industriali\/"},{"@type":"ListItem","position":3,"name":"Herstellung von Federn nach Ma\u00df: Gestalten Sie Ihre Federn mit uns"}]},{"@type":"WebSite","@id":"https:\/\/www.mollificiomodenese.it\/#website","url":"https:\/\/www.mollificiomodenese.it\/","name":"MOLLIFICIO MODENESE","description":"","potentialAction":[{"@type":"SearchAction","target":{"@type":"EntryPoint","urlTemplate":"https:\/\/www.mollificiomodenese.it\/?s={search_term_string}"},"query-input":{"@type":"PropertyValueSpecification","valueRequired":true,"valueName":"search_term_string"}}],"inLanguage":"de"}]}},"_links":{"self":[{"href":"https:\/\/www.mollificiomodenese.it\/de\/wp-json\/wp\/v2\/pages\/3947","targetHints":{"allow":["GET"]}}],"collection":[{"href":"https:\/\/www.mollificiomodenese.it\/de\/wp-json\/wp\/v2\/pages"}],"about":[{"href":"https:\/\/www.mollificiomodenese.it\/de\/wp-json\/wp\/v2\/types\/page"}],"author":[{"embeddable":true,"href":"https:\/\/www.mollificiomodenese.it\/de\/wp-json\/wp\/v2\/users\/5"}],"replies":[{"embeddable":true,"href":"https:\/\/www.mollificiomodenese.it\/de\/wp-json\/wp\/v2\/comments?post=3947"}],"version-history":[{"count":5,"href":"https:\/\/www.mollificiomodenese.it\/de\/wp-json\/wp\/v2\/pages\/3947\/revisions"}],"predecessor-version":[{"id":4401,"href":"https:\/\/www.mollificiomodenese.it\/de\/wp-json\/wp\/v2\/pages\/3947\/revisions\/4401"}],"up":[{"embeddable":true,"href":"https:\/\/www.mollificiomodenese.it\/de\/wp-json\/wp\/v2\/pages\/3929"}],"wp:featuredmedia":[{"embeddable":true,"href":"https:\/\/www.mollificiomodenese.it\/de\/wp-json\/wp\/v2\/media\/3873"}],"wp:attachment":[{"href":"https:\/\/www.mollificiomodenese.it\/de\/wp-json\/wp\/v2\/media?parent=3947"}],"curies":[{"name":"wp","href":"https:\/\/api.w.org\/{rel}","templated":true}]}}