{"id":3950,"date":"2025-06-10T10:26:18","date_gmt":"2025-06-10T08:26:18","guid":{"rendered":"https:\/\/www.mollificiomodenese.it\/die-dienstleistungen-der-firma-mollificio-modenese-fuer-ihre-industriellen-federn\/standardfedern\/"},"modified":"2025-07-28T13:58:47","modified_gmt":"2025-07-28T11:58:47","slug":"standardfedern","status":"publish","type":"page","link":"https:\/\/www.mollificiomodenese.it\/de\/die-dienstleistungen-der-firma-mollificio-modenese-fuer-ihre-industriellen-federn\/standardfedern\/","title":{"rendered":"Standardfedern"},"content":{"rendered":"<div class=\"wpb-content-wrapper\"><p>[vc_section css=&#8220;.vc_custom_1580193165368{padding-bottom: 100px !important;background-color: #eeeeee !important;}&#8220;][vc_row gap=&#8220;35&#8243;][vc_column width=&#8220;2\/3&#8243;][vc_column_text]Jedes Projekt ist einzigartig und verdient eine ma\u00dfgeschneiderte Feder. Aber auch wenn das unser Beruf ist, sind wir uns bewusst, dass es manchmal notwendig ist, Standardartikel zu verwenden, die ihre Vorteile haben:<\/p>\n<ul>\n<li>Sie k\u00f6nnten auf Lager verf\u00fcgbar sein, w\u00e4hrend eine Feder nach Ma\u00df speziell hergestellt werden muss. Dies erm\u00f6glicht es, eine Dringlichkeit zu l\u00f6sen, vielleicht w\u00e4hrend des Wartens auf das Originalteil oder der Produktion nach Ma\u00df;<\/li>\n<li>Sie kosten weniger und mit den Kosten f\u00fcr ein Muster von Federn nach Ma\u00df ist es m\u00f6glich, mehrere Standardfedern auszuprobieren.<\/li>\n<\/ul>\n<p>[\/vc_column_text][vc_row_inner gap=&#8220;20&#8243;][vc_column_inner width=&#8220;1\/4&#8243; css=&#8220;.vc_custom_1732786277155{background-color: #ffffff !important;}&#8220;][vc_single_image image=&#8220;3951&#8243; img_size=&#8220;full&#8220; onclick=&#8220;custom_link&#8220; img_link_target=&#8220;_blank&#8220; link=&#8220;https:\/\/www.springsonline.net\/&#8220;][\/vc_column_inner][vc_column_inner width=&#8220;3\/4&#8243;][vc_empty_space height=&#8220;5px&#8220;][vc_column_text]Die Verwaltung eines Katalogs von Standardfedern ist nicht einfach, da der Katalog umfangreich sein muss, um dem Kunden eine Auswahl zu erm\u00f6glichen.<\/p>\n<p><strong>Deshalb sind wir Partner von <a href=\"https:\/\/www.springsonline.net\/\">Springs On Line<\/a> geworden, einem Unternehmen, das eine E-Commerce-Website betreibt, \u00fcber die auch Bestellungen per E-Mail aufgegeben werden k\u00f6nnen.<\/strong>[\/vc_column_text][\/vc_column_inner][\/vc_row_inner][\/vc_column][vc_column width=&#8220;1\/3&#8243; css=&#8220;.vc_custom_1580149774337{border-left-width: 1px !important;border-left-color: #004f9f !important;border-left-style: solid !important;}&#8220;][vc_widget_sidebar sidebar_id=&#8220;sidebar-3&#8243;][\/vc_column][\/vc_row][\/vc_section]<\/p>\n<\/div>","protected":false},"excerpt":{"rendered":"<p>[vc_section css=&#8220;.vc_custom_1580193165368{padding-bottom: 100px !important;background-color: #eeeeee !important;}&#8220;][vc_row gap=&#8220;35&#8243;][vc_column width=&#8220;2\/3&#8243;][vc_column_text]Jedes Projekt ist einzigartig und verdient eine ma\u00dfgeschneiderte Feder. Aber auch wenn das unser Beruf ist, sind wir uns bewusst, dass es manchmal notwendig ist, Standardartikel zu verwenden, die ihre Vorteile haben: Sie k\u00f6nnten auf Lager verf\u00fcgbar sein, w\u00e4hrend eine Feder nach Ma\u00df speziell hergestellt werden muss. Dies [&hellip;]<\/p>\n","protected":false},"author":5,"featured_media":3873,"parent":3929,"menu_order":0,"comment_status":"closed","ping_status":"closed","template":"","meta":{"footnotes":""},"class_list":["post-3950","page","type-page","status-publish","hentry"],"yoast_head":"<!-- This site is optimized with the Yoast SEO plugin v27.3 - https:\/\/yoast.com\/product\/yoast-seo-wordpress\/ -->\n<title>Unterst\u00fctzung bei Berechnung und Entwurf der Federn - MOLLIFICIO MODENESE<\/title>\n<meta name=\"description\" content=\"Die Experten des Mollificio Modenese bieten einen angemessenen Service zur Unterst\u00fctzung bei der Berechnung und Entwicklung von Druck-, Zug- und Torsionsfedern.\" \/>\n<meta name=\"robots\" content=\"index, follow, max-snippet:-1, max-image-preview:large, max-video-preview:-1\" \/>\n<link rel=\"canonical\" href=\"https:\/\/www.mollificiomodenese.it\/de\/die-dienstleistungen-der-firma-mollificio-modenese-fuer-ihre-industriellen-federn\/standardfedern\/\" \/>\n<meta property=\"og:locale\" content=\"de_DE\" \/>\n<meta property=\"og:type\" content=\"article\" \/>\n<meta property=\"og:title\" content=\"Unterst\u00fctzung bei Berechnung und Entwurf der Federn - MOLLIFICIO MODENESE\" \/>\n<meta property=\"og:description\" content=\"Die Experten des Mollificio Modenese bieten einen angemessenen Service zur Unterst\u00fctzung bei der Berechnung und Entwicklung von Druck-, Zug- und Torsionsfedern.\" \/>\n<meta property=\"og:url\" content=\"https:\/\/www.mollificiomodenese.it\/de\/die-dienstleistungen-der-firma-mollificio-modenese-fuer-ihre-industriellen-federn\/standardfedern\/\" \/>\n<meta property=\"og:site_name\" content=\"MOLLIFICIO MODENESE\" \/>\n<meta property=\"article:modified_time\" content=\"2025-07-28T11:58:47+00:00\" \/>\n<meta property=\"og:image\" content=\"https:\/\/www.mollificiomodenese.it\/wp-content\/uploads\/2020\/01\/sfondo2.jpg\" \/>\n\t<meta property=\"og:image:width\" content=\"1250\" \/>\n\t<meta property=\"og:image:height\" content=\"620\" \/>\n\t<meta property=\"og:image:type\" content=\"image\/jpeg\" \/>\n<meta name=\"twitter:card\" content=\"summary_large_image\" \/>\n<meta name=\"twitter:label1\" content=\"Gesch\u00e4tzte Lesezeit\" \/>\n\t<meta name=\"twitter:data1\" content=\"1\u00a0Minute\" \/>\n<script type=\"application\/ld+json\" class=\"yoast-schema-graph\">{\"@context\":\"https:\\\/\\\/schema.org\",\"@graph\":[{\"@type\":\"WebPage\",\"@id\":\"https:\\\/\\\/www.mollificiomodenese.it\\\/de\\\/die-dienstleistungen-der-firma-mollificio-modenese-fuer-ihre-industriellen-federn\\\/standardfedern\\\/\",\"url\":\"https:\\\/\\\/www.mollificiomodenese.it\\\/de\\\/die-dienstleistungen-der-firma-mollificio-modenese-fuer-ihre-industriellen-federn\\\/standardfedern\\\/\",\"name\":\"Unterst\u00fctzung bei Berechnung und Entwurf der Federn - MOLLIFICIO MODENESE\",\"isPartOf\":{\"@id\":\"https:\\\/\\\/www.mollificiomodenese.it\\\/#website\"},\"primaryImageOfPage\":{\"@id\":\"https:\\\/\\\/www.mollificiomodenese.it\\\/de\\\/die-dienstleistungen-der-firma-mollificio-modenese-fuer-ihre-industriellen-federn\\\/standardfedern\\\/#primaryimage\"},\"image\":{\"@id\":\"https:\\\/\\\/www.mollificiomodenese.it\\\/de\\\/die-dienstleistungen-der-firma-mollificio-modenese-fuer-ihre-industriellen-federn\\\/standardfedern\\\/#primaryimage\"},\"thumbnailUrl\":\"https:\\\/\\\/www.mollificiomodenese.it\\\/wp-content\\\/uploads\\\/2020\\\/01\\\/sfondo2.jpg\",\"datePublished\":\"2025-06-10T08:26:18+00:00\",\"dateModified\":\"2025-07-28T11:58:47+00:00\",\"description\":\"Die Experten des Mollificio Modenese bieten einen angemessenen Service zur Unterst\u00fctzung bei der Berechnung und Entwicklung von Druck-, Zug- und Torsionsfedern.\",\"breadcrumb\":{\"@id\":\"https:\\\/\\\/www.mollificiomodenese.it\\\/de\\\/die-dienstleistungen-der-firma-mollificio-modenese-fuer-ihre-industriellen-federn\\\/standardfedern\\\/#breadcrumb\"},\"inLanguage\":\"de\",\"potentialAction\":[{\"@type\":\"ReadAction\",\"target\":[\"https:\\\/\\\/www.mollificiomodenese.it\\\/de\\\/die-dienstleistungen-der-firma-mollificio-modenese-fuer-ihre-industriellen-federn\\\/standardfedern\\\/\"]}]},{\"@type\":\"ImageObject\",\"inLanguage\":\"de\",\"@id\":\"https:\\\/\\\/www.mollificiomodenese.it\\\/de\\\/die-dienstleistungen-der-firma-mollificio-modenese-fuer-ihre-industriellen-federn\\\/standardfedern\\\/#primaryimage\",\"url\":\"https:\\\/\\\/www.mollificiomodenese.it\\\/wp-content\\\/uploads\\\/2020\\\/01\\\/sfondo2.jpg\",\"contentUrl\":\"https:\\\/\\\/www.mollificiomodenese.it\\\/wp-content\\\/uploads\\\/2020\\\/01\\\/sfondo2.jpg\",\"width\":1250,\"height\":620,\"caption\":\"mollificio modenese\"},{\"@type\":\"BreadcrumbList\",\"@id\":\"https:\\\/\\\/www.mollificiomodenese.it\\\/de\\\/die-dienstleistungen-der-firma-mollificio-modenese-fuer-ihre-industriellen-federn\\\/standardfedern\\\/#breadcrumb\",\"itemListElement\":[{\"@type\":\"ListItem\",\"position\":1,\"name\":\"Home\",\"item\":\"https:\\\/\\\/www.mollificiomodenese.it\\\/de\\\/\"},{\"@type\":\"ListItem\",\"position\":2,\"name\":\"Die Dienstleistungen der Firma Mollificio Modenese f\u00fcr Ihre industriellen Federn\",\"item\":\"https:\\\/\\\/www.mollificiomodenese.it\\\/servizi-per-produzione-molle-industriali\\\/\"},{\"@type\":\"ListItem\",\"position\":3,\"name\":\"Standardfedern\"}]},{\"@type\":\"WebSite\",\"@id\":\"https:\\\/\\\/www.mollificiomodenese.it\\\/#website\",\"url\":\"https:\\\/\\\/www.mollificiomodenese.it\\\/\",\"name\":\"MOLLIFICIO MODENESE\",\"description\":\"\",\"potentialAction\":[{\"@type\":\"SearchAction\",\"target\":{\"@type\":\"EntryPoint\",\"urlTemplate\":\"https:\\\/\\\/www.mollificiomodenese.it\\\/?s={search_term_string}\"},\"query-input\":{\"@type\":\"PropertyValueSpecification\",\"valueRequired\":true,\"valueName\":\"search_term_string\"}}],\"inLanguage\":\"de\"}]}<\/script>\n<!-- \/ Yoast SEO plugin. -->","yoast_head_json":{"title":"Unterst\u00fctzung bei Berechnung und Entwurf der Federn - MOLLIFICIO MODENESE","description":"Die Experten des Mollificio Modenese bieten einen angemessenen Service zur Unterst\u00fctzung bei der Berechnung und Entwicklung von Druck-, Zug- und Torsionsfedern.","robots":{"index":"index","follow":"follow","max-snippet":"max-snippet:-1","max-image-preview":"max-image-preview:large","max-video-preview":"max-video-preview:-1"},"canonical":"https:\/\/www.mollificiomodenese.it\/de\/die-dienstleistungen-der-firma-mollificio-modenese-fuer-ihre-industriellen-federn\/standardfedern\/","og_locale":"de_DE","og_type":"article","og_title":"Unterst\u00fctzung bei Berechnung und Entwurf der Federn - MOLLIFICIO MODENESE","og_description":"Die Experten des Mollificio Modenese bieten einen angemessenen Service zur Unterst\u00fctzung bei der Berechnung und Entwicklung von Druck-, Zug- und Torsionsfedern.","og_url":"https:\/\/www.mollificiomodenese.it\/de\/die-dienstleistungen-der-firma-mollificio-modenese-fuer-ihre-industriellen-federn\/standardfedern\/","og_site_name":"MOLLIFICIO MODENESE","article_modified_time":"2025-07-28T11:58:47+00:00","og_image":[{"width":1250,"height":620,"url":"https:\/\/www.mollificiomodenese.it\/wp-content\/uploads\/2020\/01\/sfondo2.jpg","type":"image\/jpeg"}],"twitter_card":"summary_large_image","twitter_misc":{"Gesch\u00e4tzte Lesezeit":"1\u00a0Minute"},"schema":{"@context":"https:\/\/schema.org","@graph":[{"@type":"WebPage","@id":"https:\/\/www.mollificiomodenese.it\/de\/die-dienstleistungen-der-firma-mollificio-modenese-fuer-ihre-industriellen-federn\/standardfedern\/","url":"https:\/\/www.mollificiomodenese.it\/de\/die-dienstleistungen-der-firma-mollificio-modenese-fuer-ihre-industriellen-federn\/standardfedern\/","name":"Unterst\u00fctzung bei Berechnung und Entwurf der Federn - MOLLIFICIO MODENESE","isPartOf":{"@id":"https:\/\/www.mollificiomodenese.it\/#website"},"primaryImageOfPage":{"@id":"https:\/\/www.mollificiomodenese.it\/de\/die-dienstleistungen-der-firma-mollificio-modenese-fuer-ihre-industriellen-federn\/standardfedern\/#primaryimage"},"image":{"@id":"https:\/\/www.mollificiomodenese.it\/de\/die-dienstleistungen-der-firma-mollificio-modenese-fuer-ihre-industriellen-federn\/standardfedern\/#primaryimage"},"thumbnailUrl":"https:\/\/www.mollificiomodenese.it\/wp-content\/uploads\/2020\/01\/sfondo2.jpg","datePublished":"2025-06-10T08:26:18+00:00","dateModified":"2025-07-28T11:58:47+00:00","description":"Die Experten des Mollificio Modenese bieten einen angemessenen Service zur Unterst\u00fctzung bei der Berechnung und Entwicklung von Druck-, Zug- und Torsionsfedern.","breadcrumb":{"@id":"https:\/\/www.mollificiomodenese.it\/de\/die-dienstleistungen-der-firma-mollificio-modenese-fuer-ihre-industriellen-federn\/standardfedern\/#breadcrumb"},"inLanguage":"de","potentialAction":[{"@type":"ReadAction","target":["https:\/\/www.mollificiomodenese.it\/de\/die-dienstleistungen-der-firma-mollificio-modenese-fuer-ihre-industriellen-federn\/standardfedern\/"]}]},{"@type":"ImageObject","inLanguage":"de","@id":"https:\/\/www.mollificiomodenese.it\/de\/die-dienstleistungen-der-firma-mollificio-modenese-fuer-ihre-industriellen-federn\/standardfedern\/#primaryimage","url":"https:\/\/www.mollificiomodenese.it\/wp-content\/uploads\/2020\/01\/sfondo2.jpg","contentUrl":"https:\/\/www.mollificiomodenese.it\/wp-content\/uploads\/2020\/01\/sfondo2.jpg","width":1250,"height":620,"caption":"mollificio modenese"},{"@type":"BreadcrumbList","@id":"https:\/\/www.mollificiomodenese.it\/de\/die-dienstleistungen-der-firma-mollificio-modenese-fuer-ihre-industriellen-federn\/standardfedern\/#breadcrumb","itemListElement":[{"@type":"ListItem","position":1,"name":"Home","item":"https:\/\/www.mollificiomodenese.it\/de\/"},{"@type":"ListItem","position":2,"name":"Die Dienstleistungen der Firma Mollificio Modenese f\u00fcr Ihre industriellen Federn","item":"https:\/\/www.mollificiomodenese.it\/servizi-per-produzione-molle-industriali\/"},{"@type":"ListItem","position":3,"name":"Standardfedern"}]},{"@type":"WebSite","@id":"https:\/\/www.mollificiomodenese.it\/#website","url":"https:\/\/www.mollificiomodenese.it\/","name":"MOLLIFICIO MODENESE","description":"","potentialAction":[{"@type":"SearchAction","target":{"@type":"EntryPoint","urlTemplate":"https:\/\/www.mollificiomodenese.it\/?s={search_term_string}"},"query-input":{"@type":"PropertyValueSpecification","valueRequired":true,"valueName":"search_term_string"}}],"inLanguage":"de"}]}},"_links":{"self":[{"href":"https:\/\/www.mollificiomodenese.it\/de\/wp-json\/wp\/v2\/pages\/3950","targetHints":{"allow":["GET"]}}],"collection":[{"href":"https:\/\/www.mollificiomodenese.it\/de\/wp-json\/wp\/v2\/pages"}],"about":[{"href":"https:\/\/www.mollificiomodenese.it\/de\/wp-json\/wp\/v2\/types\/page"}],"author":[{"embeddable":true,"href":"https:\/\/www.mollificiomodenese.it\/de\/wp-json\/wp\/v2\/users\/5"}],"replies":[{"embeddable":true,"href":"https:\/\/www.mollificiomodenese.it\/de\/wp-json\/wp\/v2\/comments?post=3950"}],"version-history":[{"count":6,"href":"https:\/\/www.mollificiomodenese.it\/de\/wp-json\/wp\/v2\/pages\/3950\/revisions"}],"predecessor-version":[{"id":4524,"href":"https:\/\/www.mollificiomodenese.it\/de\/wp-json\/wp\/v2\/pages\/3950\/revisions\/4524"}],"up":[{"embeddable":true,"href":"https:\/\/www.mollificiomodenese.it\/de\/wp-json\/wp\/v2\/pages\/3929"}],"wp:featuredmedia":[{"embeddable":true,"href":"https:\/\/www.mollificiomodenese.it\/de\/wp-json\/wp\/v2\/media\/3873"}],"wp:attachment":[{"href":"https:\/\/www.mollificiomodenese.it\/de\/wp-json\/wp\/v2\/media?parent=3950"}],"curies":[{"name":"wp","href":"https:\/\/api.w.org\/{rel}","templated":true}]}}