{"id":3955,"date":"2025-06-10T10:36:37","date_gmt":"2025-06-10T08:36:37","guid":{"rendered":"https:\/\/www.mollificiomodenese.it\/die-dienstleistungen-der-firma-mollificio-modenese-fuer-ihre-industriellen-federn\/service-fuer-muster-und-kleinserien-von-federn\/"},"modified":"2025-07-09T09:28:14","modified_gmt":"2025-07-09T07:28:14","slug":"service-fuer-muster-und-kleinserien-von-federn","status":"publish","type":"page","link":"https:\/\/www.mollificiomodenese.it\/de\/die-dienstleistungen-der-firma-mollificio-modenese-fuer-ihre-industriellen-federn\/service-fuer-muster-und-kleinserien-von-federn\/","title":{"rendered":"Service f\u00fcr Muster und Kleinserien von Federn"},"content":{"rendered":"<div class=\"wpb-content-wrapper\"><p>[vc_section css=&#8220;.vc_custom_1580193165368{padding-bottom: 100px !important;background-color: #eeeeee !important;}&#8220;][vc_row gap=&#8220;35&#8243;][vc_column width=&#8220;2\/3&#8243;][vc_column_text]Spezialisiert auf die Herstellung und den Verkauf von Federn f\u00fcr die unterschiedlichsten Industriezweige, befasst sich das Mollificio Modenese auch mit der <strong>Herstellung von Mustern und Kleinserien<\/strong> <strong>von Produkten<\/strong>.<\/p>\n<h2>Die Vorteile, Muster und kleine Serien von Federn bestellen zu k\u00f6nnen.<\/h2>\n<p>Die Herstellung von Muster ist ein wichtiger Service von zus\u00e4tzlichem Wert, der es dem Kunden erm\u00f6glicht, <strong>sein Ger\u00e4t mit Federn zu testen, die identisch sind mit denen, die in der Serienproduktion verwendet werden<\/strong>.<\/p>\n<p>Die Produktion <strong>kleiner Chargen<\/strong> erm\u00f6glicht es allen, ohne die Notwendigkeit, Tausende oder Millionen von Teilen zu produzieren, <strong>individuelle Federn nach Ma\u00df zu nutzen, ohne sich mit Standardfedern zufriedengeben zu m\u00fcssen<\/strong>.<\/p>\n<p>Wir unterst\u00fctzen jeden Kunden bei der Entwicklung der perfekten Feder f\u00fcr die gew\u00fcnschte Anwendung mit spezieller Software zur Berechnung von Federn und zum 3D-Zeichnen, und bieten ihm einen Service von hohem Niveau.<\/p>\n<p>Unser prim\u00e4res Ziel ist es, die <strong>h\u00f6chste Produktqualit\u00e4t<\/strong> zu gew\u00e4hrleisten, auch wenn die Bestellung sich auf Muster oder kleine Serien von Federn bezieht.<\/p>\n<p>In diesem Sinne verf\u00fcgen wir seit 1997 \u00fcber die Zertifizierung unseres Qualit\u00e4tsmanagementsystems nach den strengen Normen <strong>UNI EN ISO 9001<\/strong>.<\/p>\n<h2>Welche Arten von Federn produzieren wir als Muster oder kleinen Serien?<\/h2>\n<p>Die Verf\u00fcgbarkeit von Mustern und Kleinserien, die von Mollificio Modenese angeboten wird, <strong>gilt f\u00fcr die gesamte breite Produktpalette<\/strong>, die wir herstellen.<\/p>\n<p>Konkret sind wir bereit, <strong>kleine Chargen zu produzieren<\/strong> von:<\/p>\n<ul>\n<li><a href=\"https:\/\/www.mollificiomodenese.it\/de\/unsere-federn\/druckfeder\/\">Druckfedern<\/a><\/li>\n<li><a href=\"https:\/\/www.mollificiomodenese.it\/de\/unsere-federn\/zugfedern\/\">Zugfedern<\/a><\/li>\n<li><a href=\"https:\/\/www.mollificiomodenese.it\/de\/unsere-federn\/torsionsfedern\/\">Torsionsfedern<\/a><\/li>\n<li><a href=\"https:\/\/www.mollificiomodenese.it\/de\/unsere-federn\/aus-draht-geformte-einzelteile\/\">Geformte oder mehrfach gefaltete Federn<\/a><\/li>\n<li><a href=\"https:\/\/www.mollificiomodenese.it\/de\/unsere-federn\/sicherungsringe\/\">Ringe<\/a><\/li>\n<li><a href=\"https:\/\/www.mollificiomodenese.it\/de\/unsere-federn\/weitere-federarten\/\">Bandfedern<\/a><\/li>\n<\/ul>\n<p>Alle <a href=\"https:\/\/www.mollificiomodenese.it\/de\/vertiefende-informationen-zur-welt-der-federn\/die-verwendeten-materialien\/\"><strong>verf\u00fcgbaren Materialien<\/strong><\/a> k\u00f6nnen f\u00fcr Muster verwendet werden, ebenso ist es m\u00f6glich, alle <a href=\"https:\/\/www.mollificiomodenese.it\/de\/vertiefende-informationen-zur-welt-der-federn\/oberflaechenbehandlungen-der-industriellen-federn\/\"><strong>Oberfl\u00e4chenbehandlungen<\/strong> <\/a>durchzuf\u00fchren.<\/p>\n<h3>Fordern Sie eine Beratung f\u00fcr Muster von Federn an!<\/h3>\n<p><em>Wir sind bereit, auf Ihre Bed\u00fcrfnisse einzugehen und Ihnen die besten L\u00f6sungen im Bereich von industriellen Federarten oder Kleinserien anzubieten: <a href=\"https:\/\/www.mollificiomodenese.it\/de\/kontakte\/\">Setzen Sie sich sofort mit uns in Verbindung<\/a>!<\/em>[\/vc_column_text][vc_btn title=&#8220;FORDERN SIE EIN ANGEBOT AN&#8220; style=&#8220;gradient-custom&#8220; gradient_custom_color_1=&#8220;#004f9f&#8220; gradient_custom_color_2=&#8220;#004f9f&#8220; shape=&#8220;square&#8220; align=&#8220;left&#8220; link=&#8220;url:https%3A%2F%2Fwww.mollificiomodenese.it%2Fde%2Ffordern-sie-ein-angebot-fuer-industrielle-federn-an%2Ferwerben-sie-ihre-spezifisch-gestaltete-feder-von-qualitaet%2F|&#8220;][vc_empty_space][\/vc_column][vc_column width=&#8220;1\/3&#8243; css=&#8220;.vc_custom_1580149774337{border-left-width: 1px !important;border-left-color: #004f9f !important;border-left-style: solid !important;}&#8220;][vc_widget_sidebar sidebar_id=&#8220;sidebar-3&#8243;][\/vc_column][\/vc_row][\/vc_section]<\/p>\n<\/div>","protected":false},"excerpt":{"rendered":"<p>[vc_section css=&#8220;.vc_custom_1580193165368{padding-bottom: 100px !important;background-color: #eeeeee !important;}&#8220;][vc_row gap=&#8220;35&#8243;][vc_column width=&#8220;2\/3&#8243;][vc_column_text]Spezialisiert auf die Herstellung und den Verkauf von Federn f\u00fcr die unterschiedlichsten Industriezweige, befasst sich das Mollificio Modenese auch mit der Herstellung von Mustern und Kleinserien von Produkten. Die Vorteile, Muster und kleine Serien von Federn bestellen zu k\u00f6nnen. Die Herstellung von Muster ist ein wichtiger Service von [&hellip;]<\/p>\n","protected":false},"author":5,"featured_media":3873,"parent":3929,"menu_order":0,"comment_status":"closed","ping_status":"closed","template":"","meta":{"footnotes":""},"class_list":["post-3955","page","type-page","status-publish","hentry"],"yoast_head":"<!-- This site is optimized with the Yoast SEO plugin v27.3 - https:\/\/yoast.com\/product\/yoast-seo-wordpress\/ -->\n<title>Bemusterung und Kleinserien von Federn | Mollificio Modenese<\/title>\n<meta name=\"description\" content=\"Mollificio Modenese bietet einen Service f\u00fcr Muster und Kleinserien von industriellen Federn an: Erfahren Sie mehr zu!\" \/>\n<meta name=\"robots\" content=\"index, follow, max-snippet:-1, max-image-preview:large, max-video-preview:-1\" \/>\n<link rel=\"canonical\" href=\"https:\/\/www.mollificiomodenese.it\/servizi-per-produzione-molle-industriali\/campionature-e-piccole-serie-molle\/\" \/>\n<meta property=\"og:locale\" content=\"de_DE\" \/>\n<meta property=\"og:type\" content=\"article\" \/>\n<meta property=\"og:title\" content=\"Bemusterung und Kleinserien von Federn | Mollificio Modenese\" \/>\n<meta property=\"og:description\" content=\"Mollificio Modenese bietet einen Service f\u00fcr Muster und Kleinserien von industriellen Federn an: Erfahren Sie mehr zu!\" \/>\n<meta property=\"og:url\" content=\"https:\/\/www.mollificiomodenese.it\/servizi-per-produzione-molle-industriali\/campionature-e-piccole-serie-molle\/\" \/>\n<meta property=\"og:site_name\" content=\"MOLLIFICIO MODENESE\" \/>\n<meta property=\"article:modified_time\" content=\"2025-07-09T07:28:14+00:00\" \/>\n<meta property=\"og:image\" content=\"https:\/\/www.mollificiomodenese.it\/wp-content\/uploads\/2020\/01\/sfondo2.jpg\" \/>\n\t<meta property=\"og:image:width\" content=\"1250\" \/>\n\t<meta property=\"og:image:height\" content=\"620\" \/>\n\t<meta property=\"og:image:type\" content=\"image\/jpeg\" \/>\n<meta name=\"twitter:card\" content=\"summary_large_image\" \/>\n<meta name=\"twitter:label1\" content=\"Gesch\u00e4tzte Lesezeit\" \/>\n\t<meta name=\"twitter:data1\" content=\"2\u00a0Minuten\" \/>\n<script type=\"application\/ld+json\" class=\"yoast-schema-graph\">{\"@context\":\"https:\\\/\\\/schema.org\",\"@graph\":[{\"@type\":\"WebPage\",\"@id\":\"https:\\\/\\\/www.mollificiomodenese.it\\\/servizi-per-produzione-molle-industriali\\\/campionature-e-piccole-serie-molle\\\/\",\"url\":\"https:\\\/\\\/www.mollificiomodenese.it\\\/servizi-per-produzione-molle-industriali\\\/campionature-e-piccole-serie-molle\\\/\",\"name\":\"Bemusterung und Kleinserien von Federn | Mollificio Modenese\",\"isPartOf\":{\"@id\":\"https:\\\/\\\/www.mollificiomodenese.it\\\/#website\"},\"primaryImageOfPage\":{\"@id\":\"https:\\\/\\\/www.mollificiomodenese.it\\\/servizi-per-produzione-molle-industriali\\\/campionature-e-piccole-serie-molle\\\/#primaryimage\"},\"image\":{\"@id\":\"https:\\\/\\\/www.mollificiomodenese.it\\\/servizi-per-produzione-molle-industriali\\\/campionature-e-piccole-serie-molle\\\/#primaryimage\"},\"thumbnailUrl\":\"https:\\\/\\\/www.mollificiomodenese.it\\\/wp-content\\\/uploads\\\/2020\\\/01\\\/sfondo2.jpg\",\"datePublished\":\"2025-06-10T08:36:37+00:00\",\"dateModified\":\"2025-07-09T07:28:14+00:00\",\"description\":\"Mollificio Modenese bietet einen Service f\u00fcr Muster und Kleinserien von industriellen Federn an: Erfahren Sie mehr zu!\",\"breadcrumb\":{\"@id\":\"https:\\\/\\\/www.mollificiomodenese.it\\\/servizi-per-produzione-molle-industriali\\\/campionature-e-piccole-serie-molle\\\/#breadcrumb\"},\"inLanguage\":\"de\",\"potentialAction\":[{\"@type\":\"ReadAction\",\"target\":[\"https:\\\/\\\/www.mollificiomodenese.it\\\/servizi-per-produzione-molle-industriali\\\/campionature-e-piccole-serie-molle\\\/\"]}]},{\"@type\":\"ImageObject\",\"inLanguage\":\"de\",\"@id\":\"https:\\\/\\\/www.mollificiomodenese.it\\\/servizi-per-produzione-molle-industriali\\\/campionature-e-piccole-serie-molle\\\/#primaryimage\",\"url\":\"https:\\\/\\\/www.mollificiomodenese.it\\\/wp-content\\\/uploads\\\/2020\\\/01\\\/sfondo2.jpg\",\"contentUrl\":\"https:\\\/\\\/www.mollificiomodenese.it\\\/wp-content\\\/uploads\\\/2020\\\/01\\\/sfondo2.jpg\",\"width\":1250,\"height\":620,\"caption\":\"mollificio modenese\"},{\"@type\":\"BreadcrumbList\",\"@id\":\"https:\\\/\\\/www.mollificiomodenese.it\\\/servizi-per-produzione-molle-industriali\\\/campionature-e-piccole-serie-molle\\\/#breadcrumb\",\"itemListElement\":[{\"@type\":\"ListItem\",\"position\":1,\"name\":\"Home\",\"item\":\"https:\\\/\\\/www.mollificiomodenese.it\\\/de\\\/\"},{\"@type\":\"ListItem\",\"position\":2,\"name\":\"Die Dienstleistungen der Firma Mollificio Modenese f\u00fcr Ihre industriellen Federn\",\"item\":\"https:\\\/\\\/www.mollificiomodenese.it\\\/servizi-per-produzione-molle-industriali\\\/\"},{\"@type\":\"ListItem\",\"position\":3,\"name\":\"Service f\u00fcr Muster und Kleinserien von Federn\"}]},{\"@type\":\"WebSite\",\"@id\":\"https:\\\/\\\/www.mollificiomodenese.it\\\/#website\",\"url\":\"https:\\\/\\\/www.mollificiomodenese.it\\\/\",\"name\":\"MOLLIFICIO MODENESE\",\"description\":\"\",\"potentialAction\":[{\"@type\":\"SearchAction\",\"target\":{\"@type\":\"EntryPoint\",\"urlTemplate\":\"https:\\\/\\\/www.mollificiomodenese.it\\\/?s={search_term_string}\"},\"query-input\":{\"@type\":\"PropertyValueSpecification\",\"valueRequired\":true,\"valueName\":\"search_term_string\"}}],\"inLanguage\":\"de\"}]}<\/script>\n<!-- \/ Yoast SEO plugin. -->","yoast_head_json":{"title":"Bemusterung und Kleinserien von Federn | Mollificio Modenese","description":"Mollificio Modenese bietet einen Service f\u00fcr Muster und Kleinserien von industriellen Federn an: Erfahren Sie mehr zu!","robots":{"index":"index","follow":"follow","max-snippet":"max-snippet:-1","max-image-preview":"max-image-preview:large","max-video-preview":"max-video-preview:-1"},"canonical":"https:\/\/www.mollificiomodenese.it\/servizi-per-produzione-molle-industriali\/campionature-e-piccole-serie-molle\/","og_locale":"de_DE","og_type":"article","og_title":"Bemusterung und Kleinserien von Federn | Mollificio Modenese","og_description":"Mollificio Modenese bietet einen Service f\u00fcr Muster und Kleinserien von industriellen Federn an: Erfahren Sie mehr zu!","og_url":"https:\/\/www.mollificiomodenese.it\/servizi-per-produzione-molle-industriali\/campionature-e-piccole-serie-molle\/","og_site_name":"MOLLIFICIO MODENESE","article_modified_time":"2025-07-09T07:28:14+00:00","og_image":[{"width":1250,"height":620,"url":"https:\/\/www.mollificiomodenese.it\/wp-content\/uploads\/2020\/01\/sfondo2.jpg","type":"image\/jpeg"}],"twitter_card":"summary_large_image","twitter_misc":{"Gesch\u00e4tzte Lesezeit":"2\u00a0Minuten"},"schema":{"@context":"https:\/\/schema.org","@graph":[{"@type":"WebPage","@id":"https:\/\/www.mollificiomodenese.it\/servizi-per-produzione-molle-industriali\/campionature-e-piccole-serie-molle\/","url":"https:\/\/www.mollificiomodenese.it\/servizi-per-produzione-molle-industriali\/campionature-e-piccole-serie-molle\/","name":"Bemusterung und Kleinserien von Federn | Mollificio Modenese","isPartOf":{"@id":"https:\/\/www.mollificiomodenese.it\/#website"},"primaryImageOfPage":{"@id":"https:\/\/www.mollificiomodenese.it\/servizi-per-produzione-molle-industriali\/campionature-e-piccole-serie-molle\/#primaryimage"},"image":{"@id":"https:\/\/www.mollificiomodenese.it\/servizi-per-produzione-molle-industriali\/campionature-e-piccole-serie-molle\/#primaryimage"},"thumbnailUrl":"https:\/\/www.mollificiomodenese.it\/wp-content\/uploads\/2020\/01\/sfondo2.jpg","datePublished":"2025-06-10T08:36:37+00:00","dateModified":"2025-07-09T07:28:14+00:00","description":"Mollificio Modenese bietet einen Service f\u00fcr Muster und Kleinserien von industriellen Federn an: Erfahren Sie mehr zu!","breadcrumb":{"@id":"https:\/\/www.mollificiomodenese.it\/servizi-per-produzione-molle-industriali\/campionature-e-piccole-serie-molle\/#breadcrumb"},"inLanguage":"de","potentialAction":[{"@type":"ReadAction","target":["https:\/\/www.mollificiomodenese.it\/servizi-per-produzione-molle-industriali\/campionature-e-piccole-serie-molle\/"]}]},{"@type":"ImageObject","inLanguage":"de","@id":"https:\/\/www.mollificiomodenese.it\/servizi-per-produzione-molle-industriali\/campionature-e-piccole-serie-molle\/#primaryimage","url":"https:\/\/www.mollificiomodenese.it\/wp-content\/uploads\/2020\/01\/sfondo2.jpg","contentUrl":"https:\/\/www.mollificiomodenese.it\/wp-content\/uploads\/2020\/01\/sfondo2.jpg","width":1250,"height":620,"caption":"mollificio modenese"},{"@type":"BreadcrumbList","@id":"https:\/\/www.mollificiomodenese.it\/servizi-per-produzione-molle-industriali\/campionature-e-piccole-serie-molle\/#breadcrumb","itemListElement":[{"@type":"ListItem","position":1,"name":"Home","item":"https:\/\/www.mollificiomodenese.it\/de\/"},{"@type":"ListItem","position":2,"name":"Die Dienstleistungen der Firma Mollificio Modenese f\u00fcr Ihre industriellen Federn","item":"https:\/\/www.mollificiomodenese.it\/servizi-per-produzione-molle-industriali\/"},{"@type":"ListItem","position":3,"name":"Service f\u00fcr Muster und Kleinserien von Federn"}]},{"@type":"WebSite","@id":"https:\/\/www.mollificiomodenese.it\/#website","url":"https:\/\/www.mollificiomodenese.it\/","name":"MOLLIFICIO MODENESE","description":"","potentialAction":[{"@type":"SearchAction","target":{"@type":"EntryPoint","urlTemplate":"https:\/\/www.mollificiomodenese.it\/?s={search_term_string}"},"query-input":{"@type":"PropertyValueSpecification","valueRequired":true,"valueName":"search_term_string"}}],"inLanguage":"de"}]}},"_links":{"self":[{"href":"https:\/\/www.mollificiomodenese.it\/de\/wp-json\/wp\/v2\/pages\/3955","targetHints":{"allow":["GET"]}}],"collection":[{"href":"https:\/\/www.mollificiomodenese.it\/de\/wp-json\/wp\/v2\/pages"}],"about":[{"href":"https:\/\/www.mollificiomodenese.it\/de\/wp-json\/wp\/v2\/types\/page"}],"author":[{"embeddable":true,"href":"https:\/\/www.mollificiomodenese.it\/de\/wp-json\/wp\/v2\/users\/5"}],"replies":[{"embeddable":true,"href":"https:\/\/www.mollificiomodenese.it\/de\/wp-json\/wp\/v2\/comments?post=3955"}],"version-history":[{"count":5,"href":"https:\/\/www.mollificiomodenese.it\/de\/wp-json\/wp\/v2\/pages\/3955\/revisions"}],"predecessor-version":[{"id":4404,"href":"https:\/\/www.mollificiomodenese.it\/de\/wp-json\/wp\/v2\/pages\/3955\/revisions\/4404"}],"up":[{"embeddable":true,"href":"https:\/\/www.mollificiomodenese.it\/de\/wp-json\/wp\/v2\/pages\/3929"}],"wp:featuredmedia":[{"embeddable":true,"href":"https:\/\/www.mollificiomodenese.it\/de\/wp-json\/wp\/v2\/media\/3873"}],"wp:attachment":[{"href":"https:\/\/www.mollificiomodenese.it\/de\/wp-json\/wp\/v2\/media?parent=3955"}],"curies":[{"name":"wp","href":"https:\/\/api.w.org\/{rel}","templated":true}]}}