{"id":3958,"date":"2025-06-10T10:42:14","date_gmt":"2025-06-10T08:42:14","guid":{"rendered":"https:\/\/www.mollificiomodenese.it\/die-dienstleistungen-der-firma-mollificio-modenese-fuer-ihre-industriellen-federn\/transport-und-lieferung-vertrauen-sie-sich-uns-fuer-einen-umfassenden-service-an\/"},"modified":"2025-07-09T09:30:08","modified_gmt":"2025-07-09T07:30:08","slug":"transport-und-lieferung-vertrauen-sie-sich-uns-fuer-einen-umfassenden-service-an","status":"publish","type":"page","link":"https:\/\/www.mollificiomodenese.it\/de\/die-dienstleistungen-der-firma-mollificio-modenese-fuer-ihre-industriellen-federn\/transport-und-lieferung-vertrauen-sie-sich-uns-fuer-einen-umfassenden-service-an\/","title":{"rendered":"Transport und Lieferung: Vertrauen Sie sich uns f\u00fcr einen umfassenden Service an"},"content":{"rendered":"<div class=\"wpb-content-wrapper\"><p>[vc_section css=&#8220;.vc_custom_1580193165368{padding-bottom: 100px !important;background-color: #eeeeee !important;}&#8220;][vc_row gap=&#8220;35&#8243;][vc_column width=&#8220;2\/3&#8243;][vc_column_text]Suchen Sie einen <strong>zuverl\u00e4ssigen Partner f\u00fcr den Transport und die Lieferung Ihrer Federn<\/strong>?<strong><br \/>\n<\/strong>In der Mollificio Modenese bieten wir einen vollst\u00e4ndigen Service f\u00fcr diejenigen an, die uns f\u00fcr die Produktion, die Berechnung und die Musterung von Zugfedern, Druckfedern und Torsionsfedern w\u00e4hlen: <strong>Von der Planung bis zur abschlie\u00dfenden Lieferung<\/strong> stehen wir immer an der Seite des Kunden.<\/p>\n<h2>Vorgehensweise bei Transport und Lieferung der Federn<\/h2>\n<p>Der Transport ist ein fundamentaler Ring der Kette, den wir mit der gleichen <strong>Aufmerksamkeit und Pr\u00e4zision<\/strong> verwalten, die wir in die Produktion Ihrer Komponenten stecken.<\/p>\n<p>Mit uns haben Sie die M\u00f6glichkeit zu entscheiden, <strong>wie Sie Ihre Bestellungen erhalten:<\/strong><\/p>\n<ul>\n<li><strong>Verf\u00fcgen Sie bereits \u00fcber einen Kurier Ihres Vertrauens?\u00a0<\/strong>Kein Problem, wir koordinieren uns mit ihm f\u00fcr die Lieferung.<\/li>\n<li><strong>M\u00f6chten Sie sich auf uns verlassen?<\/strong>\u00a0Wir w\u00e4hlen f\u00fcr Sie den am besten geeigneten Kurier aus, garantieren wettbewerbsf\u00e4hige Preise und schnelle Lieferzeiten.<\/li>\n<\/ul>\n<p>Die Bedingungen f\u00fcr die R\u00fcckgabe, die wir verwenden, entsprechen den Incoterms 2020\u00ae:<\/p>\n<ul>\n<li>FCA ist unser Standort f\u00fcr nationale Transporte.<\/li>\n<li>CPT ist der Sitz des Partners f\u00fcr internationale Transporte.<\/li>\n<\/ul>\n<p>Wir erinnern Sie jedoch daran, dass diese Standardleistungen <strong>an Ihre spezifischen Bed\u00fcrfnisse angepasst<\/strong> werden k\u00f6nnen: Aktives Zuh\u00f6ren und Flexibilit\u00e4t stehen f\u00fcr uns bei Mollificio Modenese immer an erster Stelle!<\/p>\n<h3>Ihr Partner f\u00fcr den Transport und die Lieferung von Federn!<\/h3>\n<p><em><a href=\"https:\/\/www.mollificiomodenese.it\/de\/kontakte\/\">Kontaktieren Sie uns<\/a>, um mehr \u00fcber unseren Transport- und Lieferservice zu erfahren: Wir freuen uns, Ihnen alle Informationen zu geben, die Sie ben\u00f6tigen.<\/em>[\/vc_column_text][vc_btn title=&#8220;FORDERN SIE EIN ANGEBOT AN&#8220; style=&#8220;gradient-custom&#8220; gradient_custom_color_1=&#8220;#004f9f&#8220; gradient_custom_color_2=&#8220;#004f9f&#8220; shape=&#8220;square&#8220; align=&#8220;left&#8220; link=&#8220;url:https%3A%2F%2Fwww.mollificiomodenese.it%2Fde%2Ffordern-sie-ein-angebot-fuer-industrielle-federn-an%2Ferwerben-sie-ihre-spezifisch-gestaltete-feder-von-qualitaet%2F|&#8220;][vc_empty_space][\/vc_column][vc_column width=&#8220;1\/3&#8243; css=&#8220;.vc_custom_1580149774337{border-left-width: 1px !important;border-left-color: #004f9f !important;border-left-style: solid !important;}&#8220;][vc_widget_sidebar sidebar_id=&#8220;sidebar-3&#8243;][\/vc_column][\/vc_row][\/vc_section]<\/p>\n<\/div>","protected":false},"excerpt":{"rendered":"<p>[vc_section css=&#8220;.vc_custom_1580193165368{padding-bottom: 100px !important;background-color: #eeeeee !important;}&#8220;][vc_row gap=&#8220;35&#8243;][vc_column width=&#8220;2\/3&#8243;][vc_column_text]Suchen Sie einen zuverl\u00e4ssigen Partner f\u00fcr den Transport und die Lieferung Ihrer Federn? In der Mollificio Modenese bieten wir einen vollst\u00e4ndigen Service f\u00fcr diejenigen an, die uns f\u00fcr die Produktion, die Berechnung und die Musterung von Zugfedern, Druckfedern und Torsionsfedern w\u00e4hlen: Von der Planung bis zur abschlie\u00dfenden Lieferung [&hellip;]<\/p>\n","protected":false},"author":5,"featured_media":3873,"parent":3929,"menu_order":0,"comment_status":"closed","ping_status":"closed","template":"","meta":{"footnotes":""},"class_list":["post-3958","page","type-page","status-publish","hentry"],"yoast_head":"<!-- This site is optimized with the Yoast SEO plugin v27.3 - https:\/\/yoast.com\/product\/yoast-seo-wordpress\/ -->\n<title>Transport und Lieferung von Federn | Mollificio Modenese<\/title>\n<meta name=\"description\" content=\"Mollificio Modenese f\u00fchrt einen Transport- und Lieferdienst f\u00fcr Federn durch und bietet einen umfassenden Service an. Erfahren Sie mehr!\" \/>\n<meta name=\"robots\" content=\"index, follow, max-snippet:-1, max-image-preview:large, max-video-preview:-1\" \/>\n<link rel=\"canonical\" href=\"https:\/\/www.mollificiomodenese.it\/servizi-per-produzione-molle-industriali\/trasporto-consegna-molle\/\" \/>\n<meta property=\"og:locale\" content=\"de_DE\" \/>\n<meta property=\"og:type\" content=\"article\" \/>\n<meta property=\"og:title\" content=\"Transport und Lieferung von Federn | Mollificio Modenese\" \/>\n<meta property=\"og:description\" content=\"Mollificio Modenese f\u00fchrt einen Transport- und Lieferdienst f\u00fcr Federn durch und bietet einen umfassenden Service an. Erfahren Sie mehr!\" \/>\n<meta property=\"og:url\" content=\"https:\/\/www.mollificiomodenese.it\/servizi-per-produzione-molle-industriali\/trasporto-consegna-molle\/\" \/>\n<meta property=\"og:site_name\" content=\"MOLLIFICIO MODENESE\" \/>\n<meta property=\"article:modified_time\" content=\"2025-07-09T07:30:08+00:00\" \/>\n<meta property=\"og:image\" content=\"https:\/\/www.mollificiomodenese.it\/wp-content\/uploads\/2020\/01\/sfondo2.jpg\" \/>\n\t<meta property=\"og:image:width\" content=\"1250\" \/>\n\t<meta property=\"og:image:height\" content=\"620\" \/>\n\t<meta property=\"og:image:type\" content=\"image\/jpeg\" \/>\n<meta name=\"twitter:card\" content=\"summary_large_image\" \/>\n<meta name=\"twitter:label1\" content=\"Gesch\u00e4tzte Lesezeit\" \/>\n\t<meta name=\"twitter:data1\" content=\"2\u00a0Minuten\" \/>\n<script type=\"application\/ld+json\" class=\"yoast-schema-graph\">{\"@context\":\"https:\\\/\\\/schema.org\",\"@graph\":[{\"@type\":\"WebPage\",\"@id\":\"https:\\\/\\\/www.mollificiomodenese.it\\\/servizi-per-produzione-molle-industriali\\\/trasporto-consegna-molle\\\/\",\"url\":\"https:\\\/\\\/www.mollificiomodenese.it\\\/servizi-per-produzione-molle-industriali\\\/trasporto-consegna-molle\\\/\",\"name\":\"Transport und Lieferung von Federn | Mollificio Modenese\",\"isPartOf\":{\"@id\":\"https:\\\/\\\/www.mollificiomodenese.it\\\/#website\"},\"primaryImageOfPage\":{\"@id\":\"https:\\\/\\\/www.mollificiomodenese.it\\\/servizi-per-produzione-molle-industriali\\\/trasporto-consegna-molle\\\/#primaryimage\"},\"image\":{\"@id\":\"https:\\\/\\\/www.mollificiomodenese.it\\\/servizi-per-produzione-molle-industriali\\\/trasporto-consegna-molle\\\/#primaryimage\"},\"thumbnailUrl\":\"https:\\\/\\\/www.mollificiomodenese.it\\\/wp-content\\\/uploads\\\/2020\\\/01\\\/sfondo2.jpg\",\"datePublished\":\"2025-06-10T08:42:14+00:00\",\"dateModified\":\"2025-07-09T07:30:08+00:00\",\"description\":\"Mollificio Modenese f\u00fchrt einen Transport- und Lieferdienst f\u00fcr Federn durch und bietet einen umfassenden Service an. Erfahren Sie mehr!\",\"breadcrumb\":{\"@id\":\"https:\\\/\\\/www.mollificiomodenese.it\\\/servizi-per-produzione-molle-industriali\\\/trasporto-consegna-molle\\\/#breadcrumb\"},\"inLanguage\":\"de\",\"potentialAction\":[{\"@type\":\"ReadAction\",\"target\":[\"https:\\\/\\\/www.mollificiomodenese.it\\\/servizi-per-produzione-molle-industriali\\\/trasporto-consegna-molle\\\/\"]}]},{\"@type\":\"ImageObject\",\"inLanguage\":\"de\",\"@id\":\"https:\\\/\\\/www.mollificiomodenese.it\\\/servizi-per-produzione-molle-industriali\\\/trasporto-consegna-molle\\\/#primaryimage\",\"url\":\"https:\\\/\\\/www.mollificiomodenese.it\\\/wp-content\\\/uploads\\\/2020\\\/01\\\/sfondo2.jpg\",\"contentUrl\":\"https:\\\/\\\/www.mollificiomodenese.it\\\/wp-content\\\/uploads\\\/2020\\\/01\\\/sfondo2.jpg\",\"width\":1250,\"height\":620,\"caption\":\"mollificio modenese\"},{\"@type\":\"BreadcrumbList\",\"@id\":\"https:\\\/\\\/www.mollificiomodenese.it\\\/servizi-per-produzione-molle-industriali\\\/trasporto-consegna-molle\\\/#breadcrumb\",\"itemListElement\":[{\"@type\":\"ListItem\",\"position\":1,\"name\":\"Home\",\"item\":\"https:\\\/\\\/www.mollificiomodenese.it\\\/de\\\/\"},{\"@type\":\"ListItem\",\"position\":2,\"name\":\"Die Dienstleistungen der Firma Mollificio Modenese f\u00fcr Ihre industriellen Federn\",\"item\":\"https:\\\/\\\/www.mollificiomodenese.it\\\/servizi-per-produzione-molle-industriali\\\/\"},{\"@type\":\"ListItem\",\"position\":3,\"name\":\"Transport und Lieferung: Vertrauen Sie sich uns f\u00fcr einen umfassenden Service an\"}]},{\"@type\":\"WebSite\",\"@id\":\"https:\\\/\\\/www.mollificiomodenese.it\\\/#website\",\"url\":\"https:\\\/\\\/www.mollificiomodenese.it\\\/\",\"name\":\"MOLLIFICIO MODENESE\",\"description\":\"\",\"potentialAction\":[{\"@type\":\"SearchAction\",\"target\":{\"@type\":\"EntryPoint\",\"urlTemplate\":\"https:\\\/\\\/www.mollificiomodenese.it\\\/?s={search_term_string}\"},\"query-input\":{\"@type\":\"PropertyValueSpecification\",\"valueRequired\":true,\"valueName\":\"search_term_string\"}}],\"inLanguage\":\"de\"}]}<\/script>\n<!-- \/ Yoast SEO plugin. -->","yoast_head_json":{"title":"Transport und Lieferung von Federn | Mollificio Modenese","description":"Mollificio Modenese f\u00fchrt einen Transport- und Lieferdienst f\u00fcr Federn durch und bietet einen umfassenden Service an. Erfahren Sie mehr!","robots":{"index":"index","follow":"follow","max-snippet":"max-snippet:-1","max-image-preview":"max-image-preview:large","max-video-preview":"max-video-preview:-1"},"canonical":"https:\/\/www.mollificiomodenese.it\/servizi-per-produzione-molle-industriali\/trasporto-consegna-molle\/","og_locale":"de_DE","og_type":"article","og_title":"Transport und Lieferung von Federn | Mollificio Modenese","og_description":"Mollificio Modenese f\u00fchrt einen Transport- und Lieferdienst f\u00fcr Federn durch und bietet einen umfassenden Service an. Erfahren Sie mehr!","og_url":"https:\/\/www.mollificiomodenese.it\/servizi-per-produzione-molle-industriali\/trasporto-consegna-molle\/","og_site_name":"MOLLIFICIO MODENESE","article_modified_time":"2025-07-09T07:30:08+00:00","og_image":[{"width":1250,"height":620,"url":"https:\/\/www.mollificiomodenese.it\/wp-content\/uploads\/2020\/01\/sfondo2.jpg","type":"image\/jpeg"}],"twitter_card":"summary_large_image","twitter_misc":{"Gesch\u00e4tzte Lesezeit":"2\u00a0Minuten"},"schema":{"@context":"https:\/\/schema.org","@graph":[{"@type":"WebPage","@id":"https:\/\/www.mollificiomodenese.it\/servizi-per-produzione-molle-industriali\/trasporto-consegna-molle\/","url":"https:\/\/www.mollificiomodenese.it\/servizi-per-produzione-molle-industriali\/trasporto-consegna-molle\/","name":"Transport und Lieferung von Federn | Mollificio Modenese","isPartOf":{"@id":"https:\/\/www.mollificiomodenese.it\/#website"},"primaryImageOfPage":{"@id":"https:\/\/www.mollificiomodenese.it\/servizi-per-produzione-molle-industriali\/trasporto-consegna-molle\/#primaryimage"},"image":{"@id":"https:\/\/www.mollificiomodenese.it\/servizi-per-produzione-molle-industriali\/trasporto-consegna-molle\/#primaryimage"},"thumbnailUrl":"https:\/\/www.mollificiomodenese.it\/wp-content\/uploads\/2020\/01\/sfondo2.jpg","datePublished":"2025-06-10T08:42:14+00:00","dateModified":"2025-07-09T07:30:08+00:00","description":"Mollificio Modenese f\u00fchrt einen Transport- und Lieferdienst f\u00fcr Federn durch und bietet einen umfassenden Service an. Erfahren Sie mehr!","breadcrumb":{"@id":"https:\/\/www.mollificiomodenese.it\/servizi-per-produzione-molle-industriali\/trasporto-consegna-molle\/#breadcrumb"},"inLanguage":"de","potentialAction":[{"@type":"ReadAction","target":["https:\/\/www.mollificiomodenese.it\/servizi-per-produzione-molle-industriali\/trasporto-consegna-molle\/"]}]},{"@type":"ImageObject","inLanguage":"de","@id":"https:\/\/www.mollificiomodenese.it\/servizi-per-produzione-molle-industriali\/trasporto-consegna-molle\/#primaryimage","url":"https:\/\/www.mollificiomodenese.it\/wp-content\/uploads\/2020\/01\/sfondo2.jpg","contentUrl":"https:\/\/www.mollificiomodenese.it\/wp-content\/uploads\/2020\/01\/sfondo2.jpg","width":1250,"height":620,"caption":"mollificio modenese"},{"@type":"BreadcrumbList","@id":"https:\/\/www.mollificiomodenese.it\/servizi-per-produzione-molle-industriali\/trasporto-consegna-molle\/#breadcrumb","itemListElement":[{"@type":"ListItem","position":1,"name":"Home","item":"https:\/\/www.mollificiomodenese.it\/de\/"},{"@type":"ListItem","position":2,"name":"Die Dienstleistungen der Firma Mollificio Modenese f\u00fcr Ihre industriellen Federn","item":"https:\/\/www.mollificiomodenese.it\/servizi-per-produzione-molle-industriali\/"},{"@type":"ListItem","position":3,"name":"Transport und Lieferung: Vertrauen Sie sich uns f\u00fcr einen umfassenden Service an"}]},{"@type":"WebSite","@id":"https:\/\/www.mollificiomodenese.it\/#website","url":"https:\/\/www.mollificiomodenese.it\/","name":"MOLLIFICIO MODENESE","description":"","potentialAction":[{"@type":"SearchAction","target":{"@type":"EntryPoint","urlTemplate":"https:\/\/www.mollificiomodenese.it\/?s={search_term_string}"},"query-input":{"@type":"PropertyValueSpecification","valueRequired":true,"valueName":"search_term_string"}}],"inLanguage":"de"}]}},"_links":{"self":[{"href":"https:\/\/www.mollificiomodenese.it\/de\/wp-json\/wp\/v2\/pages\/3958","targetHints":{"allow":["GET"]}}],"collection":[{"href":"https:\/\/www.mollificiomodenese.it\/de\/wp-json\/wp\/v2\/pages"}],"about":[{"href":"https:\/\/www.mollificiomodenese.it\/de\/wp-json\/wp\/v2\/types\/page"}],"author":[{"embeddable":true,"href":"https:\/\/www.mollificiomodenese.it\/de\/wp-json\/wp\/v2\/users\/5"}],"replies":[{"embeddable":true,"href":"https:\/\/www.mollificiomodenese.it\/de\/wp-json\/wp\/v2\/comments?post=3958"}],"version-history":[{"count":5,"href":"https:\/\/www.mollificiomodenese.it\/de\/wp-json\/wp\/v2\/pages\/3958\/revisions"}],"predecessor-version":[{"id":4407,"href":"https:\/\/www.mollificiomodenese.it\/de\/wp-json\/wp\/v2\/pages\/3958\/revisions\/4407"}],"up":[{"embeddable":true,"href":"https:\/\/www.mollificiomodenese.it\/de\/wp-json\/wp\/v2\/pages\/3929"}],"wp:featuredmedia":[{"embeddable":true,"href":"https:\/\/www.mollificiomodenese.it\/de\/wp-json\/wp\/v2\/media\/3873"}],"wp:attachment":[{"href":"https:\/\/www.mollificiomodenese.it\/de\/wp-json\/wp\/v2\/media?parent=3958"}],"curies":[{"name":"wp","href":"https:\/\/api.w.org\/{rel}","templated":true}]}}