{"id":4007,"date":"2025-06-27T15:58:00","date_gmt":"2025-06-27T13:58:00","guid":{"rendered":"https:\/\/www.mollificiomodenese.it\/die-dienstleistungen-der-firma-mollificio-modenese-fuer-ihre-industriellen-federn\/wir-testen-und-messen-die-belastung-der-druck-und-zugfedern\/"},"modified":"2025-07-09T09:31:06","modified_gmt":"2025-07-09T07:31:06","slug":"wir-testen-und-messen-die-belastung-der-druck-und-zugfedern","status":"publish","type":"page","link":"https:\/\/www.mollificiomodenese.it\/de\/die-dienstleistungen-der-firma-mollificio-modenese-fuer-ihre-industriellen-federn\/wir-testen-und-messen-die-belastung-der-druck-und-zugfedern\/","title":{"rendered":"Wir testen und messen die Belastung der Druck- und Zugfedern"},"content":{"rendered":"<div class=\"wpb-content-wrapper\"><p>[vc_section css=&#8220;.vc_custom_1580193165368{padding-bottom: 100px !important;background-color: #eeeeee !important;}&#8220;][vc_row gap=&#8220;35&#8243;][vc_column width=&#8220;2\/3&#8243;][vc_column_text]M\u00fcssen Sie <strong>das Verhalten Ihrer Druck- und Zugfedern genau kennen<\/strong>? Dann ist ein Test und\/oder eine Messung ihrer Last erforderlich: <strong>Unser Pr\u00fcf-\/Messger\u00e4t f\u00fcr die Federbelastung<\/strong> steht Ihnen zur Verf\u00fcgung, um Ihnen genaue und zuverl\u00e4ssige Daten zu liefern.<\/p>\n<h2>Warum ist es wichtig, die Belastung der Federn zu messen?<\/h2>\n<p>Zun\u00e4chst ist es wichtig, sich auf den Grund zu konzentrieren, warum es wichtig ist, die <strong>Belastungen von Druck- und Zugfedern zu messen<\/strong>: Durch diesen Vorgang k\u00f6nnen Sie grundlegende Antworten f\u00fcr die Effizienz Ihrer Federn erhalten. Sehen wir sie uns gemeinsam\u00a0 an.<\/p>\n<ul>\n<li><strong>Qualit\u00e4tskontrolle: <\/strong>Stellen Sie sicher, dass Ihre Federn den geforderten Spezifikationen entsprechen und optimale Leistung garantieren.<\/li>\n<li><strong>Entwurf:<\/strong> Erhalten Sie die notwendigen Daten, um neue Komponenten oder Systeme zu entwerfen, die Federn verwenden.<\/li>\n<li><strong>Probleml\u00f6sung:<\/strong> Identifizieren Sie eventuelle Anomalien oder M\u00e4ngel in den vorhandenen Federn und finden Sie effektive L\u00f6sungen.<\/li>\n<\/ul>\n<p><\/p>\n<h2><strong>Was k\u00f6nnen wir f\u00fcr Sie tun: Pr\u00fcf- und Messdienstleistungen f\u00fcr Federbelastungen<\/strong><\/h2>\n<p><strong>Vertrauen Sie sich<\/strong> jetzt, da Sie den Wert der Test- und\/oder Messvorg\u00e4nge der Belastung von Druck- und Zugfedern kennen, <strong>dem Team von Mollificio Modenese an<\/strong>, um die Gewissheit eines erstklassigen Services zu erhalten.<\/p>\n<p>Wir erl\u00e4utern Ihnen im Detail, wie wir Sie in dieser wichtigen Phase der Belastungsmessung bestm\u00f6glich unterst\u00fctzen k\u00f6nnen:<\/p>\n<ul>\n<li><strong>Messung der Belastung<\/strong>: Wir bestimmen genau die maximalen Belastungen, die die Feder aushalten kann, und ihre elastische Konstante.<\/li>\n<li><strong>Vergleich<\/strong>: Wir vergleichen die erzielten Ergebnisse mit Ihren Nominaldaten und heben eventuelle Abweichungen hervor.<\/li>\n<li><strong>Replizierung<\/strong>: Falls notwendig, reproduzieren wir die Feder mit den genauen Eigenschaften und garantieren Ihnen einen perfekten Ersatz.<\/li>\n<li><strong>Interpretation der Daten<\/strong>: Wir liefern Ihnen die Ergebnisse der Messungen und helfen Ihnen, sie bestm\u00f6glich zu interpretieren und zu nutzen.<\/li>\n<li><strong>Technische Beratung<\/strong>: Wir stehen Ihnen zur Verf\u00fcgung, um alle Fragen zu Federn und deren Anwendung zu beantworten.<\/li>\n<li>Kundenspezifische L\u00f6sungen: Wir passen unsere Dienstleistungen an Ihre spezifischen Anforderungen an und bieten Ihnen umfassende Unterst\u00fctzung.<\/li>\n<\/ul>\n<p><\/p>\n<h3><strong>Setzen Sie sich mit uns in Verbindung, um die Belastung Ihrer Federn zu testen und zu messen!<\/strong><\/h3>\n<p><a href=\"https:\/\/www.mollificiomodenese.it\/de\/kontakte\/\"><strong><em>Fordern Sie eine unverbindliche Beratung an<\/em><\/strong><\/a><em>: Wir sind bereit, Ihr Referenzpartner f\u00fcr die Pr\u00fcfung und\/oder Messung von Zug- und Druckfedern zu werden!<\/em>[\/vc_column_text][vc_btn title=&#8220;FORDERN SIE EIN ANGEBOT AN&#8220; style=&#8220;gradient-custom&#8220; gradient_custom_color_1=&#8220;#004f9f&#8220; gradient_custom_color_2=&#8220;#004f9f&#8220; shape=&#8220;square&#8220; align=&#8220;left&#8220; link=&#8220;url:https%3A%2F%2Fwww.mollificiomodenese.it%2Fde%2Ffordern-sie-ein-angebot-fuer-industrielle-federn-an%2Ferwerben-sie-ihre-spezifisch-gestaltete-feder-von-qualitaet%2F|&#8220;][vc_empty_space][\/vc_column][vc_column width=&#8220;1\/3&#8243; css=&#8220;.vc_custom_1580149774337{border-left-width: 1px !important;border-left-color: #004f9f !important;border-left-style: solid !important;}&#8220;][vc_widget_sidebar sidebar_id=&#8220;sidebar-3&#8243;][\/vc_column][\/vc_row][\/vc_section]<\/p>\n<\/div>","protected":false},"excerpt":{"rendered":"<p>[vc_section css=&#8220;.vc_custom_1580193165368{padding-bottom: 100px !important;background-color: #eeeeee !important;}&#8220;][vc_row gap=&#8220;35&#8243;][vc_column width=&#8220;2\/3&#8243;][vc_column_text]M\u00fcssen Sie das Verhalten Ihrer Druck- und Zugfedern genau kennen? Dann ist ein Test und\/oder eine Messung ihrer Last erforderlich: Unser Pr\u00fcf-\/Messger\u00e4t f\u00fcr die Federbelastung steht Ihnen zur Verf\u00fcgung, um Ihnen genaue und zuverl\u00e4ssige Daten zu liefern. Warum ist es wichtig, die Belastung der Federn zu messen? Zun\u00e4chst [&hellip;]<\/p>\n","protected":false},"author":5,"featured_media":3873,"parent":3929,"menu_order":0,"comment_status":"closed","ping_status":"closed","template":"","meta":{"footnotes":""},"class_list":["post-4007","page","type-page","status-publish","hentry"],"yoast_head":"<!-- This site is optimized with the Yoast SEO plugin v27.3 - https:\/\/yoast.com\/product\/yoast-seo-wordpress\/ -->\n<title>Wir testen und messen die Belastung der Federn | Mollificio Modenese<\/title>\n<meta name=\"description\" content=\"M\u00fcssen Sie die Zug- und Drucklast der Federn testen und\/oder messen? Erfahren Sie mehr dazu, wie Ihnen Mollificio Modenese Ihnen helfen kann.\" \/>\n<meta name=\"robots\" content=\"index, follow, max-snippet:-1, max-image-preview:large, max-video-preview:-1\" \/>\n<link rel=\"canonical\" href=\"https:\/\/www.mollificiomodenese.it\/servizi-per-produzione-molle-industriali\/prova-misura-molle-trazione-compressione\/\" \/>\n<meta property=\"og:locale\" content=\"de_DE\" \/>\n<meta property=\"og:type\" content=\"article\" \/>\n<meta property=\"og:title\" content=\"Wir testen und messen die Belastung der Federn | Mollificio Modenese\" \/>\n<meta property=\"og:description\" content=\"M\u00fcssen Sie die Zug- und Drucklast der Federn testen und\/oder messen? Erfahren Sie mehr dazu, wie Ihnen Mollificio Modenese Ihnen helfen kann.\" \/>\n<meta property=\"og:url\" content=\"https:\/\/www.mollificiomodenese.it\/servizi-per-produzione-molle-industriali\/prova-misura-molle-trazione-compressione\/\" \/>\n<meta property=\"og:site_name\" content=\"MOLLIFICIO MODENESE\" \/>\n<meta property=\"article:modified_time\" content=\"2025-07-09T07:31:06+00:00\" \/>\n<meta property=\"og:image\" content=\"https:\/\/www.mollificiomodenese.it\/wp-content\/uploads\/2020\/01\/sfondo2.jpg\" \/>\n\t<meta property=\"og:image:width\" content=\"1250\" \/>\n\t<meta property=\"og:image:height\" content=\"620\" \/>\n\t<meta property=\"og:image:type\" content=\"image\/jpeg\" \/>\n<meta name=\"twitter:card\" content=\"summary_large_image\" \/>\n<meta name=\"twitter:label1\" content=\"Gesch\u00e4tzte Lesezeit\" \/>\n\t<meta name=\"twitter:data1\" content=\"2\u00a0Minuten\" \/>\n<script type=\"application\/ld+json\" class=\"yoast-schema-graph\">{\"@context\":\"https:\\\/\\\/schema.org\",\"@graph\":[{\"@type\":\"WebPage\",\"@id\":\"https:\\\/\\\/www.mollificiomodenese.it\\\/servizi-per-produzione-molle-industriali\\\/prova-misura-molle-trazione-compressione\\\/\",\"url\":\"https:\\\/\\\/www.mollificiomodenese.it\\\/servizi-per-produzione-molle-industriali\\\/prova-misura-molle-trazione-compressione\\\/\",\"name\":\"Wir testen und messen die Belastung der Federn | Mollificio Modenese\",\"isPartOf\":{\"@id\":\"https:\\\/\\\/www.mollificiomodenese.it\\\/#website\"},\"primaryImageOfPage\":{\"@id\":\"https:\\\/\\\/www.mollificiomodenese.it\\\/servizi-per-produzione-molle-industriali\\\/prova-misura-molle-trazione-compressione\\\/#primaryimage\"},\"image\":{\"@id\":\"https:\\\/\\\/www.mollificiomodenese.it\\\/servizi-per-produzione-molle-industriali\\\/prova-misura-molle-trazione-compressione\\\/#primaryimage\"},\"thumbnailUrl\":\"https:\\\/\\\/www.mollificiomodenese.it\\\/wp-content\\\/uploads\\\/2020\\\/01\\\/sfondo2.jpg\",\"datePublished\":\"2025-06-27T13:58:00+00:00\",\"dateModified\":\"2025-07-09T07:31:06+00:00\",\"description\":\"M\u00fcssen Sie die Zug- und Drucklast der Federn testen und\\\/oder messen? Erfahren Sie mehr dazu, wie Ihnen Mollificio Modenese Ihnen helfen kann.\",\"breadcrumb\":{\"@id\":\"https:\\\/\\\/www.mollificiomodenese.it\\\/servizi-per-produzione-molle-industriali\\\/prova-misura-molle-trazione-compressione\\\/#breadcrumb\"},\"inLanguage\":\"de\",\"potentialAction\":[{\"@type\":\"ReadAction\",\"target\":[\"https:\\\/\\\/www.mollificiomodenese.it\\\/servizi-per-produzione-molle-industriali\\\/prova-misura-molle-trazione-compressione\\\/\"]}]},{\"@type\":\"ImageObject\",\"inLanguage\":\"de\",\"@id\":\"https:\\\/\\\/www.mollificiomodenese.it\\\/servizi-per-produzione-molle-industriali\\\/prova-misura-molle-trazione-compressione\\\/#primaryimage\",\"url\":\"https:\\\/\\\/www.mollificiomodenese.it\\\/wp-content\\\/uploads\\\/2020\\\/01\\\/sfondo2.jpg\",\"contentUrl\":\"https:\\\/\\\/www.mollificiomodenese.it\\\/wp-content\\\/uploads\\\/2020\\\/01\\\/sfondo2.jpg\",\"width\":1250,\"height\":620,\"caption\":\"mollificio modenese\"},{\"@type\":\"BreadcrumbList\",\"@id\":\"https:\\\/\\\/www.mollificiomodenese.it\\\/servizi-per-produzione-molle-industriali\\\/prova-misura-molle-trazione-compressione\\\/#breadcrumb\",\"itemListElement\":[{\"@type\":\"ListItem\",\"position\":1,\"name\":\"Home\",\"item\":\"https:\\\/\\\/www.mollificiomodenese.it\\\/de\\\/\"},{\"@type\":\"ListItem\",\"position\":2,\"name\":\"Die Dienstleistungen der Firma Mollificio Modenese f\u00fcr Ihre industriellen Federn\",\"item\":\"https:\\\/\\\/www.mollificiomodenese.it\\\/servizi-per-produzione-molle-industriali\\\/\"},{\"@type\":\"ListItem\",\"position\":3,\"name\":\"Wir testen und messen die Belastung der Druck- und Zugfedern\"}]},{\"@type\":\"WebSite\",\"@id\":\"https:\\\/\\\/www.mollificiomodenese.it\\\/#website\",\"url\":\"https:\\\/\\\/www.mollificiomodenese.it\\\/\",\"name\":\"MOLLIFICIO MODENESE\",\"description\":\"\",\"potentialAction\":[{\"@type\":\"SearchAction\",\"target\":{\"@type\":\"EntryPoint\",\"urlTemplate\":\"https:\\\/\\\/www.mollificiomodenese.it\\\/?s={search_term_string}\"},\"query-input\":{\"@type\":\"PropertyValueSpecification\",\"valueRequired\":true,\"valueName\":\"search_term_string\"}}],\"inLanguage\":\"de\"}]}<\/script>\n<!-- \/ Yoast SEO plugin. -->","yoast_head_json":{"title":"Wir testen und messen die Belastung der Federn | Mollificio Modenese","description":"M\u00fcssen Sie die Zug- und Drucklast der Federn testen und\/oder messen? Erfahren Sie mehr dazu, wie Ihnen Mollificio Modenese Ihnen helfen kann.","robots":{"index":"index","follow":"follow","max-snippet":"max-snippet:-1","max-image-preview":"max-image-preview:large","max-video-preview":"max-video-preview:-1"},"canonical":"https:\/\/www.mollificiomodenese.it\/servizi-per-produzione-molle-industriali\/prova-misura-molle-trazione-compressione\/","og_locale":"de_DE","og_type":"article","og_title":"Wir testen und messen die Belastung der Federn | Mollificio Modenese","og_description":"M\u00fcssen Sie die Zug- und Drucklast der Federn testen und\/oder messen? Erfahren Sie mehr dazu, wie Ihnen Mollificio Modenese Ihnen helfen kann.","og_url":"https:\/\/www.mollificiomodenese.it\/servizi-per-produzione-molle-industriali\/prova-misura-molle-trazione-compressione\/","og_site_name":"MOLLIFICIO MODENESE","article_modified_time":"2025-07-09T07:31:06+00:00","og_image":[{"width":1250,"height":620,"url":"https:\/\/www.mollificiomodenese.it\/wp-content\/uploads\/2020\/01\/sfondo2.jpg","type":"image\/jpeg"}],"twitter_card":"summary_large_image","twitter_misc":{"Gesch\u00e4tzte Lesezeit":"2\u00a0Minuten"},"schema":{"@context":"https:\/\/schema.org","@graph":[{"@type":"WebPage","@id":"https:\/\/www.mollificiomodenese.it\/servizi-per-produzione-molle-industriali\/prova-misura-molle-trazione-compressione\/","url":"https:\/\/www.mollificiomodenese.it\/servizi-per-produzione-molle-industriali\/prova-misura-molle-trazione-compressione\/","name":"Wir testen und messen die Belastung der Federn | Mollificio Modenese","isPartOf":{"@id":"https:\/\/www.mollificiomodenese.it\/#website"},"primaryImageOfPage":{"@id":"https:\/\/www.mollificiomodenese.it\/servizi-per-produzione-molle-industriali\/prova-misura-molle-trazione-compressione\/#primaryimage"},"image":{"@id":"https:\/\/www.mollificiomodenese.it\/servizi-per-produzione-molle-industriali\/prova-misura-molle-trazione-compressione\/#primaryimage"},"thumbnailUrl":"https:\/\/www.mollificiomodenese.it\/wp-content\/uploads\/2020\/01\/sfondo2.jpg","datePublished":"2025-06-27T13:58:00+00:00","dateModified":"2025-07-09T07:31:06+00:00","description":"M\u00fcssen Sie die Zug- und Drucklast der Federn testen und\/oder messen? Erfahren Sie mehr dazu, wie Ihnen Mollificio Modenese Ihnen helfen kann.","breadcrumb":{"@id":"https:\/\/www.mollificiomodenese.it\/servizi-per-produzione-molle-industriali\/prova-misura-molle-trazione-compressione\/#breadcrumb"},"inLanguage":"de","potentialAction":[{"@type":"ReadAction","target":["https:\/\/www.mollificiomodenese.it\/servizi-per-produzione-molle-industriali\/prova-misura-molle-trazione-compressione\/"]}]},{"@type":"ImageObject","inLanguage":"de","@id":"https:\/\/www.mollificiomodenese.it\/servizi-per-produzione-molle-industriali\/prova-misura-molle-trazione-compressione\/#primaryimage","url":"https:\/\/www.mollificiomodenese.it\/wp-content\/uploads\/2020\/01\/sfondo2.jpg","contentUrl":"https:\/\/www.mollificiomodenese.it\/wp-content\/uploads\/2020\/01\/sfondo2.jpg","width":1250,"height":620,"caption":"mollificio modenese"},{"@type":"BreadcrumbList","@id":"https:\/\/www.mollificiomodenese.it\/servizi-per-produzione-molle-industriali\/prova-misura-molle-trazione-compressione\/#breadcrumb","itemListElement":[{"@type":"ListItem","position":1,"name":"Home","item":"https:\/\/www.mollificiomodenese.it\/de\/"},{"@type":"ListItem","position":2,"name":"Die Dienstleistungen der Firma Mollificio Modenese f\u00fcr Ihre industriellen Federn","item":"https:\/\/www.mollificiomodenese.it\/servizi-per-produzione-molle-industriali\/"},{"@type":"ListItem","position":3,"name":"Wir testen und messen die Belastung der Druck- und Zugfedern"}]},{"@type":"WebSite","@id":"https:\/\/www.mollificiomodenese.it\/#website","url":"https:\/\/www.mollificiomodenese.it\/","name":"MOLLIFICIO MODENESE","description":"","potentialAction":[{"@type":"SearchAction","target":{"@type":"EntryPoint","urlTemplate":"https:\/\/www.mollificiomodenese.it\/?s={search_term_string}"},"query-input":{"@type":"PropertyValueSpecification","valueRequired":true,"valueName":"search_term_string"}}],"inLanguage":"de"}]}},"_links":{"self":[{"href":"https:\/\/www.mollificiomodenese.it\/de\/wp-json\/wp\/v2\/pages\/4007","targetHints":{"allow":["GET"]}}],"collection":[{"href":"https:\/\/www.mollificiomodenese.it\/de\/wp-json\/wp\/v2\/pages"}],"about":[{"href":"https:\/\/www.mollificiomodenese.it\/de\/wp-json\/wp\/v2\/types\/page"}],"author":[{"embeddable":true,"href":"https:\/\/www.mollificiomodenese.it\/de\/wp-json\/wp\/v2\/users\/5"}],"replies":[{"embeddable":true,"href":"https:\/\/www.mollificiomodenese.it\/de\/wp-json\/wp\/v2\/comments?post=4007"}],"version-history":[{"count":5,"href":"https:\/\/www.mollificiomodenese.it\/de\/wp-json\/wp\/v2\/pages\/4007\/revisions"}],"predecessor-version":[{"id":4410,"href":"https:\/\/www.mollificiomodenese.it\/de\/wp-json\/wp\/v2\/pages\/4007\/revisions\/4410"}],"up":[{"embeddable":true,"href":"https:\/\/www.mollificiomodenese.it\/de\/wp-json\/wp\/v2\/pages\/3929"}],"wp:featuredmedia":[{"embeddable":true,"href":"https:\/\/www.mollificiomodenese.it\/de\/wp-json\/wp\/v2\/media\/3873"}],"wp:attachment":[{"href":"https:\/\/www.mollificiomodenese.it\/de\/wp-json\/wp\/v2\/media?parent=4007"}],"curies":[{"name":"wp","href":"https:\/\/api.w.org\/{rel}","templated":true}]}}