{"id":4013,"date":"2025-06-27T16:10:03","date_gmt":"2025-06-27T14:10:03","guid":{"rendered":"https:\/\/www.mollificiomodenese.it\/vertiefende-informationen-zur-welt-der-federn\/glossar\/"},"modified":"2025-06-27T16:10:43","modified_gmt":"2025-06-27T14:10:43","slug":"glossar","status":"publish","type":"page","link":"https:\/\/www.mollificiomodenese.it\/de\/vertiefende-informationen-zur-welt-der-federn\/glossar\/","title":{"rendered":"Glossar"},"content":{"rendered":"<div class=\"wpb-content-wrapper\"><p>[vc_section css=&#8220;.vc_custom_1580193122610{padding-bottom: 100px !important;background-color: #eeeeee !important;}&#8220;][vc_row gap=&#8220;35&#8243;][vc_column width=&#8220;2\/3&#8243;][vc_column_text]<\/p>\n<h2>Feder:<\/h2>\n<p>Eine mechanische Vorrichtung, die in der Lage ist, Energie zu speichern, wenn sie verformt wird, und eine gleichwertige Menge Energie zur\u00fcckzugeben, wenn sie freigegeben wird.[\/vc_column_text][vc_single_image image=&#8220;30&#8243; alignment=&#8220;center&#8220; css=&#8220;.vc_custom_1579790986509{margin-top: 30px !important;border-top-width: 1px !important;}&#8220; el_class=&#8220;img-molla&#8220;][vc_column_text css=&#8220;.vc_custom_1698739894565{margin-top: 0px !important;padding-top: 0px !important;}&#8220;]<\/p>\n<h2>Druckfeder:<\/h2>\n<p>Eine Feder, die auf eine axiale Druckkraft reagiert, die versucht, die L\u00e4nge der Feder zu verringern. Die Druckfedern werden auch Druckfedern, Pressfedern, dr\u00fcckende Federn genannt. Sie bestehen aus einem Draht mit kreisf\u00f6rmigem, quadratischem oder rechteckigem Querschnitt, der spiralf\u00f6rmig mit sich nicht ber\u00fchrenden Windungen um eine Achse gewickelt ist. Die spiralf\u00f6rmige Druckfeder ist zylindrisch, konisch oder bikonisch.[\/vc_column_text][vc_single_image image=&#8220;30&#8243; alignment=&#8220;center&#8220; css=&#8220;.vc_custom_1579790986509{margin-top: 30px !important;border-top-width: 1px !important;}&#8220; el_class=&#8220;img-molla&#8220;][vc_column_text]<\/p>\n<h2>Zugfeder:<\/h2>\n<p>Eine Feder, die auf eine axiale Druckkraft reagiert, die versucht, die L\u00e4nge der Feder mit oder ohne Vorspannung zu auszudehnen. Die Zugfedern werden auch Ziehfedern oder ziehende Federn genannt. Sie bestehen gew\u00f6hnlich aus Draht mit rundem Querschnitt, der spiralf\u00f6rmig mit sich ber\u00fchrenden oder nicht ber\u00fchrenden Windungen um eine Achse gewickelt ist.[\/vc_column_text][vc_single_image image=&#8220;30&#8243; alignment=&#8220;center&#8220; css=&#8220;.vc_custom_1579790986509{margin-top: 30px !important;border-top-width: 1px !important;}&#8220; el_class=&#8220;img-molla&#8220;][vc_column_text]<\/p>\n<h2>Torsionsfeder:<\/h2>\n<p>Feder, die auf ein Torsionsmoment um die L\u00e4ngsachse der Feder reagiert. Sie bestehen gew\u00f6hnlich aus Draht mit rundem Querschnitt, der spiralf\u00f6rmig um eine Achse gewickelt ist und dessen Enden ein Torsionsmoment \u00fcbertragen.[\/vc_column_text][vc_single_image image=&#8220;30&#8243; alignment=&#8220;center&#8220; css=&#8220;.vc_custom_1579790986509{margin-top: 30px !important;border-top-width: 1px !important;}&#8220; el_class=&#8220;img-molla&#8220;][vc_column_text]<\/p>\n<h2>Torsionsstange:<\/h2>\n<p>Torsionsfeder bestehend aus Stangen oder geraden St\u00e4ben mit einem bestimmten Querschnitt.[\/vc_column_text][vc_single_image image=&#8220;30&#8243; alignment=&#8220;center&#8220; css=&#8220;.vc_custom_1579790986509{margin-top: 30px !important;border-top-width: 1px !important;}&#8220; el_class=&#8220;img-molla&#8220;][vc_column_text]<\/p>\n<h2>Tellerfeder:<\/h2>\n<p>Elastische Rosette in Form eines Kegelstumpfes mit konstanter Materialst\u00e4rke, die in der Lage ist, hohe Belastungen bei sehr geringen Federwegen auszuhalten.[\/vc_column_text][vc_single_image image=&#8220;30&#8243; alignment=&#8220;center&#8220; css=&#8220;.vc_custom_1579790986509{margin-top: 30px !important;border-top-width: 1px !important;}&#8220; el_class=&#8220;img-molla&#8220;][vc_column_text]<\/p>\n<h2>Anzahl der nutzbaren Windungen:<\/h2>\n<p>Anzahl der Windungen, die zur Berechnung des maximalen Federwegs verwendet werden.[\/vc_column_text][vc_single_image image=&#8220;30&#8243; alignment=&#8220;center&#8220; css=&#8220;.vc_custom_1579790986509{margin-top: 30px !important;border-top-width: 1px !important;}&#8220; el_class=&#8220;img-molla&#8220;][vc_column_text]<\/p>\n<h2>Gesamtanzahl der Windungen (der Druckfedern):<\/h2>\n<p>Anzahl der n\u00fctzlichen Windungen plus der das Ende bildenden Windungen.[\/vc_column_text][vc_single_image image=&#8220;30&#8243; alignment=&#8220;center&#8220; css=&#8220;.vc_custom_1579790986509{margin-top: 30px !important;border-top-width: 1px !important;}&#8220; el_class=&#8220;img-molla&#8220;][vc_column_text]<\/p>\n<h2>Maximaler Federweg:<\/h2>\n<p>Verschiebung aus der freien Position der Feder zur Position bei maximaler Belastung.[\/vc_column_text][vc_single_image image=&#8220;30&#8243; alignment=&#8220;center&#8220; css=&#8220;.vc_custom_1579790986509{margin-top: 30px !important;border-top-width: 1px !important;}&#8220; el_class=&#8220;img-molla&#8220;][vc_column_text]<\/p>\n<h2>Kraft:<\/h2>\n<p>Kraft, die von der Feder im verformten Zustand im Vergleich zum freien Zustand ausge\u00fcbt wird, um eine Bewegung zu reproduzieren oder zu ver\u00e4ndern, oder um ein Gleichgewicht eines Kraftsystems aufrechtzuerhalten.[\/vc_column_text][vc_single_image image=&#8220;30&#8243; alignment=&#8220;center&#8220; css=&#8220;.vc_custom_1579790986509{margin-top: 30px !important;border-top-width: 1px !important;}&#8220; el_class=&#8220;img-molla&#8220;][vc_column_text]<\/p>\n<h2>Wicklungsrichtung:<\/h2>\n<p>Richtung, in die sich die Spiralen bewegen, gesehen von einem Betrachter an einem Ende der Feder. Die Wicklungsrichtung ist rechts (RH), wenn sich die Wicklung im Uhrzeigersinn entfernt; links (LH), wenn sich die Wicklung gegen den Uhrzeigersinn entfernt.<\/p>\n<p>[\/vc_column_text][vc_single_image image=&#8220;30&#8243; alignment=&#8220;center&#8220; css=&#8220;.vc_custom_1579790986509{margin-top: 30px !important;border-top-width: 1px !important;}&#8220; el_class=&#8220;img-molla&#8220;][vc_column_text]<\/p>\n<h2>Freie L\u00e4nge:<\/h2>\n<p>Gesamtl\u00e4nge einer Feder, auf die keine externe Kraft einwirkt.[\/vc_column_text][vc_single_image image=&#8220;30&#8243; alignment=&#8220;center&#8220; css=&#8220;.vc_custom_1579790986509{margin-top: 30px !important;border-top-width: 1px !important;}&#8220; el_class=&#8220;img-molla&#8220;][vc_column_text]<\/p>\n<h2>Blockl\u00e4nge:<\/h2>\n<p>Gesamtl\u00e4nge einer Druckfeder, wenn die Windungen vollst\u00e4ndig miteinander in Ber\u00fchrung sind. Wird auch als L\u00e4nge der Feder als Paket bezeichnet.[\/vc_column_text][vc_single_image image=&#8220;30&#8243; alignment=&#8220;center&#8220; css=&#8220;.vc_custom_1579790986509{margin-top: 30px !important;border-top-width: 1px !important;}&#8220; el_class=&#8220;img-molla&#8220;][vc_column_text]<\/p>\n<h2>Entspannung:<\/h2>\n<p>Verringerung der Reaktionskr\u00e4fte einer in fester Position verformten Feder in Abh\u00e4ngigkeit von der Zeit.[\/vc_column_text][vc_single_image image=&#8220;30&#8243; alignment=&#8220;center&#8220; css=&#8220;.vc_custom_1579790986509{margin-top: 30px !important;border-top-width: 1px !important;}&#8220; el_class=&#8220;img-molla&#8220;][vc_column_text]<\/p>\n<h2>Belastung der Feder:<\/h2>\n<p>Kraft, die von oder auf eine Feder ausge\u00fcbt wird, wenn sie auf eine bestimmte L\u00e4nge gezogen oder zusammengedr\u00fcckt wird.[\/vc_column_text][vc_single_image image=&#8220;30&#8243; alignment=&#8220;center&#8220; css=&#8220;.vc_custom_1579790986509{margin-top: 30px !important;border-top-width: 1px !important;}&#8220; el_class=&#8220;img-molla&#8220;][vc_column_text]<\/p>\n<h2>Steigung der Feder:<\/h2>\n<p>Abstand zwischen zwei aufeinanderfolgenden n\u00fctzlichen Windungen der freien Feder, im Wesentlichen gemessen zwischen den Mitten der beiden Abschnitte des Materials.[\/vc_column_text][vc_single_image image=&#8220;30&#8243; alignment=&#8220;center&#8220; css=&#8220;.vc_custom_1579790986509{margin-top: 30px !important;border-top-width: 1px !important;}&#8220; el_class=&#8220;img-molla&#8220;][vc_column_text]<\/p>\n<h2>Entspannungsanlassen:<\/h2>\n<p>Unterdr\u00fcckung der Restbelastungen, die durch den Formungsprozess der Feder erzeugt werden, mittels einer W\u00e4rmebehandlung bei niedriger Temperatur, die nach dem Wickeln oder Kr\u00fcmmen durchgef\u00fchrt wird. Je nach durchgef\u00fchrter W\u00e4rmebehandlung wird das Entspannungsanlassen auch genannt: \u201cEntspannung der Verformungen\u201d, \u201cStabilisierung der Belastungen\u201d, \u201cAnlassen\u201d, \u201cBlaugl\u00fchen\u201d, \u201cGl\u00fchen\u201d.[\/vc_column_text][vc_single_image image=&#8220;30&#8243; alignment=&#8220;center&#8220; css=&#8220;.vc_custom_1579790986509{margin-top: 30px !important;border-top-width: 1px !important;}&#8220; el_class=&#8220;img-molla&#8220;][vc_column_text]<\/p>\n<h2>Anfangsspannung:<\/h2>\n<p>In den Zugfedern w\u00e4hrend des Wickelvorgangs induzierte Kraft. Sie h\u00e4lt die Wicklungen eng zusammen; Damit sich die Wicklungen zu \u00f6ffnen beginnen, muss eine gr\u00f6\u00dfere Kraft als die anf\u00e4ngliche auf die Zugfeder angewendet werden.[\/vc_column_text][\/vc_column][vc_column width=&#8220;1\/3&#8243; css=&#8220;.vc_custom_1580149465633{border-left-width: 1px !important;border-left-color: #004f9f !important;border-left-style: solid !important;}&#8220;][vc_widget_sidebar sidebar_id=&#8220;sidebar-3&#8243;][\/vc_column][\/vc_row][\/vc_section]<\/p>\n<\/div>","protected":false},"excerpt":{"rendered":"<p>[vc_section css=&#8220;.vc_custom_1580193122610{padding-bottom: 100px !important;background-color: #eeeeee !important;}&#8220;][vc_row gap=&#8220;35&#8243;][vc_column width=&#8220;2\/3&#8243;][vc_column_text] Feder: Eine mechanische Vorrichtung, die in der Lage ist, Energie zu speichern, wenn sie verformt wird, und eine gleichwertige Menge Energie zur\u00fcckzugeben, wenn sie freigegeben wird.[\/vc_column_text][vc_single_image image=&#8220;30&#8243; alignment=&#8220;center&#8220; css=&#8220;.vc_custom_1579790986509{margin-top: 30px !important;border-top-width: 1px !important;}&#8220; el_class=&#8220;img-molla&#8220;][vc_column_text css=&#8220;.vc_custom_1698739894565{margin-top: 0px !important;padding-top: 0px !important;}&#8220;] Druckfeder: Eine Feder, die auf eine axiale Druckkraft [&hellip;]<\/p>\n","protected":false},"author":5,"featured_media":3873,"parent":4010,"menu_order":0,"comment_status":"closed","ping_status":"closed","template":"","meta":{"footnotes":""},"class_list":["post-4013","page","type-page","status-publish","hentry"],"yoast_head":"<!-- This site is optimized with the Yoast SEO plugin v27.3 - https:\/\/yoast.com\/product\/yoast-seo-wordpress\/ -->\n<title>Mollificio Modenese \u2013 Glossar<\/title>\n<meta name=\"description\" content=\"Glossar der technischen Begriffe zu den Federn der Mollificio Modenese srl. Alles, was man \u00fcber Federn wissen muss. Erfahren Sie mehr!\" \/>\n<meta name=\"robots\" content=\"index, follow, max-snippet:-1, max-image-preview:large, max-video-preview:-1\" \/>\n<link rel=\"canonical\" href=\"https:\/\/www.mollificiomodenese.it\/approfondimenti-mondo-molle-industriali\/glossario\/\" \/>\n<meta property=\"og:locale\" content=\"de_DE\" \/>\n<meta property=\"og:type\" content=\"article\" \/>\n<meta property=\"og:title\" content=\"Mollificio Modenese \u2013 Glossar\" \/>\n<meta property=\"og:description\" content=\"Glossar der technischen Begriffe zu den Federn der Mollificio Modenese srl. Alles, was man \u00fcber Federn wissen muss. Erfahren Sie mehr!\" \/>\n<meta property=\"og:url\" content=\"https:\/\/www.mollificiomodenese.it\/approfondimenti-mondo-molle-industriali\/glossario\/\" \/>\n<meta property=\"og:site_name\" content=\"MOLLIFICIO MODENESE\" \/>\n<meta property=\"article:modified_time\" content=\"2025-06-27T14:10:43+00:00\" \/>\n<meta property=\"og:image\" content=\"https:\/\/www.mollificiomodenese.it\/wp-content\/uploads\/2020\/01\/sfondo2.jpg\" \/>\n\t<meta property=\"og:image:width\" content=\"1250\" \/>\n\t<meta property=\"og:image:height\" content=\"620\" \/>\n\t<meta property=\"og:image:type\" content=\"image\/jpeg\" \/>\n<meta name=\"twitter:card\" content=\"summary_large_image\" \/>\n<meta name=\"twitter:label1\" content=\"Gesch\u00e4tzte Lesezeit\" \/>\n\t<meta name=\"twitter:data1\" content=\"5\u00a0Minuten\" \/>\n<script type=\"application\/ld+json\" class=\"yoast-schema-graph\">{\"@context\":\"https:\\\/\\\/schema.org\",\"@graph\":[{\"@type\":\"WebPage\",\"@id\":\"https:\\\/\\\/www.mollificiomodenese.it\\\/approfondimenti-mondo-molle-industriali\\\/glossario\\\/\",\"url\":\"https:\\\/\\\/www.mollificiomodenese.it\\\/approfondimenti-mondo-molle-industriali\\\/glossario\\\/\",\"name\":\"Mollificio Modenese \u2013 Glossar\",\"isPartOf\":{\"@id\":\"https:\\\/\\\/www.mollificiomodenese.it\\\/#website\"},\"primaryImageOfPage\":{\"@id\":\"https:\\\/\\\/www.mollificiomodenese.it\\\/approfondimenti-mondo-molle-industriali\\\/glossario\\\/#primaryimage\"},\"image\":{\"@id\":\"https:\\\/\\\/www.mollificiomodenese.it\\\/approfondimenti-mondo-molle-industriali\\\/glossario\\\/#primaryimage\"},\"thumbnailUrl\":\"https:\\\/\\\/www.mollificiomodenese.it\\\/wp-content\\\/uploads\\\/2020\\\/01\\\/sfondo2.jpg\",\"datePublished\":\"2025-06-27T14:10:03+00:00\",\"dateModified\":\"2025-06-27T14:10:43+00:00\",\"description\":\"Glossar der technischen Begriffe zu den Federn der Mollificio Modenese srl. Alles, was man \u00fcber Federn wissen muss. Erfahren Sie mehr!\",\"breadcrumb\":{\"@id\":\"https:\\\/\\\/www.mollificiomodenese.it\\\/approfondimenti-mondo-molle-industriali\\\/glossario\\\/#breadcrumb\"},\"inLanguage\":\"de\",\"potentialAction\":[{\"@type\":\"ReadAction\",\"target\":[\"https:\\\/\\\/www.mollificiomodenese.it\\\/approfondimenti-mondo-molle-industriali\\\/glossario\\\/\"]}]},{\"@type\":\"ImageObject\",\"inLanguage\":\"de\",\"@id\":\"https:\\\/\\\/www.mollificiomodenese.it\\\/approfondimenti-mondo-molle-industriali\\\/glossario\\\/#primaryimage\",\"url\":\"https:\\\/\\\/www.mollificiomodenese.it\\\/wp-content\\\/uploads\\\/2020\\\/01\\\/sfondo2.jpg\",\"contentUrl\":\"https:\\\/\\\/www.mollificiomodenese.it\\\/wp-content\\\/uploads\\\/2020\\\/01\\\/sfondo2.jpg\",\"width\":1250,\"height\":620,\"caption\":\"mollificio modenese\"},{\"@type\":\"BreadcrumbList\",\"@id\":\"https:\\\/\\\/www.mollificiomodenese.it\\\/approfondimenti-mondo-molle-industriali\\\/glossario\\\/#breadcrumb\",\"itemListElement\":[{\"@type\":\"ListItem\",\"position\":1,\"name\":\"Home\",\"item\":\"https:\\\/\\\/www.mollificiomodenese.it\\\/de\\\/\"},{\"@type\":\"ListItem\",\"position\":2,\"name\":\"Vertiefende Informationen zur Welt der Federn\",\"item\":\"https:\\\/\\\/www.mollificiomodenese.it\\\/approfondimenti-mondo-molle-industriali\\\/\"},{\"@type\":\"ListItem\",\"position\":3,\"name\":\"Glossar\"}]},{\"@type\":\"WebSite\",\"@id\":\"https:\\\/\\\/www.mollificiomodenese.it\\\/#website\",\"url\":\"https:\\\/\\\/www.mollificiomodenese.it\\\/\",\"name\":\"MOLLIFICIO MODENESE\",\"description\":\"\",\"potentialAction\":[{\"@type\":\"SearchAction\",\"target\":{\"@type\":\"EntryPoint\",\"urlTemplate\":\"https:\\\/\\\/www.mollificiomodenese.it\\\/?s={search_term_string}\"},\"query-input\":{\"@type\":\"PropertyValueSpecification\",\"valueRequired\":true,\"valueName\":\"search_term_string\"}}],\"inLanguage\":\"de\"}]}<\/script>\n<!-- \/ Yoast SEO plugin. -->","yoast_head_json":{"title":"Mollificio Modenese \u2013 Glossar","description":"Glossar der technischen Begriffe zu den Federn der Mollificio Modenese srl. Alles, was man \u00fcber Federn wissen muss. Erfahren Sie mehr!","robots":{"index":"index","follow":"follow","max-snippet":"max-snippet:-1","max-image-preview":"max-image-preview:large","max-video-preview":"max-video-preview:-1"},"canonical":"https:\/\/www.mollificiomodenese.it\/approfondimenti-mondo-molle-industriali\/glossario\/","og_locale":"de_DE","og_type":"article","og_title":"Mollificio Modenese \u2013 Glossar","og_description":"Glossar der technischen Begriffe zu den Federn der Mollificio Modenese srl. Alles, was man \u00fcber Federn wissen muss. Erfahren Sie mehr!","og_url":"https:\/\/www.mollificiomodenese.it\/approfondimenti-mondo-molle-industriali\/glossario\/","og_site_name":"MOLLIFICIO MODENESE","article_modified_time":"2025-06-27T14:10:43+00:00","og_image":[{"width":1250,"height":620,"url":"https:\/\/www.mollificiomodenese.it\/wp-content\/uploads\/2020\/01\/sfondo2.jpg","type":"image\/jpeg"}],"twitter_card":"summary_large_image","twitter_misc":{"Gesch\u00e4tzte Lesezeit":"5\u00a0Minuten"},"schema":{"@context":"https:\/\/schema.org","@graph":[{"@type":"WebPage","@id":"https:\/\/www.mollificiomodenese.it\/approfondimenti-mondo-molle-industriali\/glossario\/","url":"https:\/\/www.mollificiomodenese.it\/approfondimenti-mondo-molle-industriali\/glossario\/","name":"Mollificio Modenese \u2013 Glossar","isPartOf":{"@id":"https:\/\/www.mollificiomodenese.it\/#website"},"primaryImageOfPage":{"@id":"https:\/\/www.mollificiomodenese.it\/approfondimenti-mondo-molle-industriali\/glossario\/#primaryimage"},"image":{"@id":"https:\/\/www.mollificiomodenese.it\/approfondimenti-mondo-molle-industriali\/glossario\/#primaryimage"},"thumbnailUrl":"https:\/\/www.mollificiomodenese.it\/wp-content\/uploads\/2020\/01\/sfondo2.jpg","datePublished":"2025-06-27T14:10:03+00:00","dateModified":"2025-06-27T14:10:43+00:00","description":"Glossar der technischen Begriffe zu den Federn der Mollificio Modenese srl. Alles, was man \u00fcber Federn wissen muss. Erfahren Sie mehr!","breadcrumb":{"@id":"https:\/\/www.mollificiomodenese.it\/approfondimenti-mondo-molle-industriali\/glossario\/#breadcrumb"},"inLanguage":"de","potentialAction":[{"@type":"ReadAction","target":["https:\/\/www.mollificiomodenese.it\/approfondimenti-mondo-molle-industriali\/glossario\/"]}]},{"@type":"ImageObject","inLanguage":"de","@id":"https:\/\/www.mollificiomodenese.it\/approfondimenti-mondo-molle-industriali\/glossario\/#primaryimage","url":"https:\/\/www.mollificiomodenese.it\/wp-content\/uploads\/2020\/01\/sfondo2.jpg","contentUrl":"https:\/\/www.mollificiomodenese.it\/wp-content\/uploads\/2020\/01\/sfondo2.jpg","width":1250,"height":620,"caption":"mollificio modenese"},{"@type":"BreadcrumbList","@id":"https:\/\/www.mollificiomodenese.it\/approfondimenti-mondo-molle-industriali\/glossario\/#breadcrumb","itemListElement":[{"@type":"ListItem","position":1,"name":"Home","item":"https:\/\/www.mollificiomodenese.it\/de\/"},{"@type":"ListItem","position":2,"name":"Vertiefende Informationen zur Welt der Federn","item":"https:\/\/www.mollificiomodenese.it\/approfondimenti-mondo-molle-industriali\/"},{"@type":"ListItem","position":3,"name":"Glossar"}]},{"@type":"WebSite","@id":"https:\/\/www.mollificiomodenese.it\/#website","url":"https:\/\/www.mollificiomodenese.it\/","name":"MOLLIFICIO MODENESE","description":"","potentialAction":[{"@type":"SearchAction","target":{"@type":"EntryPoint","urlTemplate":"https:\/\/www.mollificiomodenese.it\/?s={search_term_string}"},"query-input":{"@type":"PropertyValueSpecification","valueRequired":true,"valueName":"search_term_string"}}],"inLanguage":"de"}]}},"_links":{"self":[{"href":"https:\/\/www.mollificiomodenese.it\/de\/wp-json\/wp\/v2\/pages\/4013","targetHints":{"allow":["GET"]}}],"collection":[{"href":"https:\/\/www.mollificiomodenese.it\/de\/wp-json\/wp\/v2\/pages"}],"about":[{"href":"https:\/\/www.mollificiomodenese.it\/de\/wp-json\/wp\/v2\/types\/page"}],"author":[{"embeddable":true,"href":"https:\/\/www.mollificiomodenese.it\/de\/wp-json\/wp\/v2\/users\/5"}],"replies":[{"embeddable":true,"href":"https:\/\/www.mollificiomodenese.it\/de\/wp-json\/wp\/v2\/comments?post=4013"}],"version-history":[{"count":5,"href":"https:\/\/www.mollificiomodenese.it\/de\/wp-json\/wp\/v2\/pages\/4013\/revisions"}],"predecessor-version":[{"id":4018,"href":"https:\/\/www.mollificiomodenese.it\/de\/wp-json\/wp\/v2\/pages\/4013\/revisions\/4018"}],"up":[{"embeddable":true,"href":"https:\/\/www.mollificiomodenese.it\/de\/wp-json\/wp\/v2\/pages\/4010"}],"wp:featuredmedia":[{"embeddable":true,"href":"https:\/\/www.mollificiomodenese.it\/de\/wp-json\/wp\/v2\/media\/3873"}],"wp:attachment":[{"href":"https:\/\/www.mollificiomodenese.it\/de\/wp-json\/wp\/v2\/media?parent=4013"}],"curies":[{"name":"wp","href":"https:\/\/api.w.org\/{rel}","templated":true}]}}