{"id":4028,"date":"2025-06-27T16:33:53","date_gmt":"2025-06-27T14:33:53","guid":{"rendered":"https:\/\/www.mollificiomodenese.it\/vertiefende-informationen-zur-welt-der-federn\/die-verwendeten-materialien\/vorgehaerteter-stahl-uni-en-10270-2-fd-vd-sicr\/"},"modified":"2025-06-30T16:21:22","modified_gmt":"2025-06-30T14:21:22","slug":"vorgehaerteter-stahl-uni-en-10270-2-fd-vd-sicr","status":"publish","type":"page","link":"https:\/\/www.mollificiomodenese.it\/de\/vertiefende-informationen-zur-welt-der-federn\/die-verwendeten-materialien\/vorgehaerteter-stahl-uni-en-10270-2-fd-vd-sicr\/","title":{"rendered":"Vorgeh\u00e4rteter Stahl UNI EN 10270-2 FD\/VD SiCr"},"content":{"rendered":"<div class=\"wpb-content-wrapper\"><p>[vc_section css=&#8220;.vc_custom_1580193165368{padding-bottom: 100px !important;background-color: #eeeeee !important;}&#8220;][vc_row gap=&#8220;35&#8243;][vc_column width=&#8220;2\/3&#8243;][vc_column_text]<\/p>\n<h1>UNI EN 10270-2 FD\/VD SiCr<\/h1>\n<p>[\/vc_column_text][vc_column_text]Der Draht UNI EN 10270-2 ist ein legierter, geh\u00e4rteter und \u00f6lschlussverg\u00fcteter Stahl f\u00fcr Federn. In der Klasse VD handelt es sich um das am besten geeignete Material f\u00fcr Anwendungen, die aus dynamischer Sicht sehr beanspruchend sind.[\/vc_column_text][vc_single_image image=&#8220;30&#8243; alignment=&#8220;center&#8220; el_class=&#8220;img-molla&#8220;][vc_column_text]Chemische Zusammensetzung, % in der Masse:[\/vc_column_text][vc_raw_html]W3RhYmxlIGlkPTU0IC9d[\/vc_raw_html][vc_raw_html]W3RhYmxlIGlkPTg1IC9d[\/vc_raw_html][vc_column_text]Zugfestigkeit in MPa. F\u00fcr Zwischenwerte der Durchmesser ist der n\u00e4chstgr\u00f6\u00dfere Durchmesser zum gew\u00fcnschten Durchmesser zu ber\u00fccksichtigen.[\/vc_column_text][vc_row_inner][vc_column_inner][vc_raw_html]PHN0eWxlPg0KICAgIHRhYmxlIHsNCiAgICAgICAgYm9yZGVyLWNvbGxhcHNlOiBjb2xsYXBzZTsNCiAgICAgICAgd2lkdGg6IDEwMCU7DQogICAgfQ0KICAgIHRoZWFkIHtmb250LXdlaWdodDo3MDA7fQ0KICAgIHRoLA0KICAgIHRkIHsNCiAgICAgICAgYm9yZGVyOiAxcHggc29saWQgI2NjYzsNCiAgICAgICAgcGFkZGluZzogOHB4Ow0KICAgICAgICB0ZXh0LWFsaWduOiBjZW50ZXI7DQogICAgfQ0KDQogICAgLyp0aCB7DQogICAgICAgIGJhY2tncm91bmQtY29sb3I6ICNmMmYyZjI7DQogICAgfSovDQo8L3N0eWxlPjxicj48YnI+PHRhYmxlPg0KDQogICAgPHRoZWFkPg0KICAgICAgICA8dHI+DQogICAgICAgICAgICA8dGg+ZDwvdGg+DQogICAgICAgICAgICA8dGggY29sc3Bhbj0iMiI+RkQgU2lDcjwvdGg+DQogICAgICAgICAgICA8dGggY29sc3Bhbj0iMiI+VkQgU2lDcjwvdGg+DQogICAgICAgIDwvdHI+DQogICAgICAgIDx0cj4NCiAgICAgICAgICAgIDx0ZD4gPC90ZD4NCiAgICAgICAgICAgIDx0ZD5taW48L3RkPg0KICAgICAgICAgICAgPHRkPm1heDwvdGQ+DQogICAgICAgICAgICA8dGQ+bWluPC90ZD4NCiAgICAgICAgICAgIDx0ZD5tYXg8L3RkPg0KICAgICAgICA8L3RyPg0KICAgIDwvdGhlYWQ+DQogICAgPHRib2R5Pg0KICAgICAgICA8dHI+DQogICAgICAgICAgICA8dGQ+MCw1MDwvdGQ+DQogICAgICAgICAgICA8dGQ+MjEwMDwvdGQ+DQogICAgICAgICAgICA8dGQ+MjMwMDwvdGQ+DQogICAgICAgICAgICA8dGQ+MjA4MDwvdGQ+DQogICAgICAgICAgICA8dGQ+MjIzMDwvdGQ+DQogICAgICAgIDwvdHI+DQogICAgICAgIDx0cj4NCiAgICAgICAgICAgIDx0ZD4wLDYwPC90ZD4NCiAgICAgICAgICAgIDx0ZD4yMTAwPC90ZD4NCiAgICAgICAgICAgIDx0ZD4yMzAwPC90ZD4NCiAgICAgICAgICAgIDx0ZD4yMDgwPC90ZD4NCiAgICAgICAgICAgIDx0ZD4yMjMwPC90ZD4NCiAgICAgICAgPC90cj4NCiAgICAgICAgPHRyPg0KICAgICAgICAgICAgPHRkPjAsODA8L3RkPg0KICAgICAgICAgICAgPHRkPjIxMDA8L3RkPg0KICAgICAgICAgICAgPHRkPjIzMDA8L3RkPg0KICAgICAgICAgICAgPHRkPjIwODA8L3RkPg0KICAgICAgICAgICAgPHRkPjIyMzA8L3RkPg0KICAgICAgICA8L3RyPg0KICAgICAgICA8dHI+DQogICAgICAgICAgICA8dGQ+MSwwMDwvdGQ+DQogICAgICAgICAgICA8dGQ+MjEwMDwvdGQ+DQogICAgICAgICAgICA8dGQ+MjMwMDwvdGQ+DQogICAgICAgICAgICA8dGQ+MjA4MDwvdGQ+DQogICAgICAgICAgICA8dGQ+MjIzMDwvdGQ+DQogICAgICAgIDwvdHI+DQogICAgICAgIDx0cj4NCiAgICAgICAgICAgIDx0ZD4xLDMwPC90ZD4NCiAgICAgICAgICAgIDx0ZD4yMDcwPC90ZD4NCiAgICAgICAgICAgIDx0ZD4yMjYwPC90ZD4NCiAgICAgICAgICAgIDx0ZD4yMDgwPC90ZD4NCiAgICAgICAgICAgIDx0ZD4yMjMwPC90ZD4NCiAgICAgICAgPC90cj4NCiAgICAgICAgPHRyPg0KICAgICAgICAgICAgPHRkPjEsNDA8L3RkPg0KICAgICAgICAgICAgPHRkPjIwNjA8L3RkPg0KICAgICAgICAgICAgPHRkPjIyNTA8L3RkPg0KICAgICAgICAgICAgPHRkPjIwMjA8L3RkPg0KICAgICAgICAgICAgPHRkPjIyMTA8L3RkPg0KICAgICAgICA8L3RyPg0KICAgICAgICA8dHI+DQogICAgICAgICAgICA8dGQ+MSw2MDwvdGQ+DQogICAgICAgICAgICA8dGQ+MjA0MDwvdGQ+DQogICAgICAgICAgICA8dGQ+MjIyMDwvdGQ+DQogICAgICAgICAgICA8dGQ+MjAxMDwvdGQ+DQogICAgICAgICAgICA8dGQ+MjE2MDwvdGQ+DQogICAgICAgIDwvdHI+DQogICAgICAgIDx0cj4NCiAgICAgICAgICAgIDx0ZD4yLDAwPC90ZD4NCiAgICAgICAgICAgIDx0ZD4yMDAwPC90ZD4NCiAgICAgICAgICAgIDx0ZD4yMTgwPC90ZD4NCiAgICAgICAgICAgIDx0ZD4yMDEwPC90ZD4NCiAgICAgICAgICAgIDx0ZD4yMTYwPC90ZD4NCiAgICAgICAgPC90cj4NCiAgICAgICAgPHRyPg0KICAgICAgICAgICAgPHRkPjIsNTA8L3RkPg0KICAgICAgICAgICAgPHRkPjE5NzA8L3RkPg0KICAgICAgICAgICAgPHRkPjIxNDA8L3RkPg0KICAgICAgICAgICAgPHRkPjE5NjA8L3RkPg0KICAgICAgICAgICAgPHRkPjIwNjA8L3RkPg0KICAgICAgICA8L3RyPg0KICAgICAgICA8dHI+DQogICAgICAgICAgICA8dGQ+Miw3MDwvdGQ+DQogICAgICAgICAgICA8dGQ+MTk1MDwvdGQ+DQogICAgICAgICAgICA8dGQ+MjEyMDwvdGQ+DQogICAgICAgICAgICA8dGQ+MTkxMDwvdGQ+DQogICAgICAgICAgICA8dGQ+MjAxMDwvdGQ+DQogICAgICAgIDwvdHI+DQogICAgICAgIDx0cj4NCiAgICAgICAgICAgIDx0ZD4zLDAwPC90ZD4NCiAgICAgICAgICAgIDx0ZD4xOTMwPC90ZD4NCiAgICAgICAgICAgIDx0ZD4yMTAwPC90ZD4NCiAgICAgICAgICAgIDx0ZD4xOTEwPC90ZD4NCiAgICAgICAgICAgIDx0ZD4yMDEwPC90ZD4NCiAgICAgICAgPC90cj4NCiAgICAgICAgPHRyPg0KICAgICAgICAgICAgPHRkPjMsMjA8L3RkPg0KICAgICAgICAgICAgPHRkPjE5MTA8L3RkPg0KICAgICAgICAgICAgPHRkPjIwODA8L3RkPg0KICAgICAgICAgICAgPHRkPjE5MTA8L3RkPg0KICAgICAgICAgICAgPHRkPjIwMTA8L3RkPg0KICAgICAgICA8L3RyPg0KICAgICAgICA8dHI+DQogICAgICAgICAgICA8dGQ+Myw1MDwvdGQ+DQogICAgICAgICAgICA8dGQ+MTkwMDwvdGQ+DQogICAgICAgICAgICA8dGQ+MjA2MDwvdGQ+DQogICAgICAgICAgICA8dGQ+MTkxMDwvdGQ+DQogICAgICAgICAgICA8dGQ+MjAxMDwvdGQ+DQogICAgICAgIDwvdHI+DQogICAgICAgIDx0cj4NCiAgICAgICAgICAgIDx0ZD40LDAwPC90ZD4NCiAgICAgICAgICAgIDx0ZD4xODcwPC90ZD4NCiAgICAgICAgICAgIDx0ZD4yMDMwPC90ZD4NCiAgICAgICAgICAgIDx0ZD4xODYwPC90ZD4NCiAgICAgICAgICAgIDx0ZD4xOTYwPC90ZD4NCiAgICAgICAgPC90cj4NCiAgICAgICAgPHRyPg0KICAgICAgICAgICAgPHRkPjQsMjA8L3RkPg0KICAgICAgICAgICAgPHRkPjE4NjA8L3RkPg0KICAgICAgICAgICAgPHRkPjIwMjA8L3RkPg0KICAgICAgICAgICAgPHRkPjE4NjA8L3RkPg0KICAgICAgICAgICAgPHRkPjE5NjA8L3RkPg0KICAgICAgICA8L3RyPg0KICAgICAgICA8dHI+DQogICAgICAgICAgICA8dGQ+NCw1MDwvdGQ+DQogICAgICAgICAgICA8dGQ+MTg1MDwvdGQ+DQogICAgICAgICAgICA8dGQ+MjAwMDwvdGQ+DQogICAgICAgICAgICA8dGQ+MTg2MDwvdGQ+DQogICAgICAgICAgICA8dGQ+MTk2MDwvdGQ+DQogICAgICAgIDwvdHI+DQogICAgICAgIDx0cj4NCiAgICAgICAgICAgIDx0ZD40LDcwPC90ZD4NCiAgICAgICAgICAgIDx0ZD4xODQwPC90ZD4NCiAgICAgICAgICAgIDx0ZD4xOTkwPC90ZD4NCiAgICAgICAgICAgIDx0ZD4xODYwPC90ZD4NCiAgICAgICAgICAgIDx0ZD4xOTYwPC90ZD4NCiAgICAgICAgPC90cj4NCiAgICAgICAgPHRyPg0KICAgICAgICAgICAgPHRkPjUsMDA8L3RkPg0KICAgICAgICAgICAgPHRkPjE4MzA8L3RkPg0KICAgICAgICAgICAgPHRkPjE5ODA8L3RkPg0KICAgICAgICAgICAgPHRkPjE4NjA8L3RkPg0KICAgICAgICAgICAgPHRkPjE5NjA8L3RkPg0KICAgICAgICA8L3RyPg0KICAgICAgICA8dHI+DQogICAgICAgICAgICA8dGQ+NSw2MDwvdGQ+DQogICAgICAgICAgICA8dGQ+MTgwMDwvdGQ+DQogICAgICAgICAgICA8dGQ+MTk1MDwvdGQ+DQogICAgICAgICAgICA8dGQ+MTg2MDwvdGQ+DQogICAgICAgICAgICA8dGQ+MTk2MDwvdGQ+DQogICAgICAgIDwvdHI+DQogICAgICAgIDx0cj4NCiAgICAgICAgICAgIDx0ZD42LDAwPC90ZD4NCiAgICAgICAgICAgIDx0ZD4xNzgwPC90ZD4NCiAgICAgICAgICAgIDx0ZD4xOTMwPC90ZD4NCiAgICAgICAgICAgIDx0ZD4xNzYwPC90ZD4NCiAgICAgICAgICAgIDx0ZD4xODYwPC90ZD4NCiAgICAgICAgPC90cj4NCiAgICAgICAgPHRyPg0KICAgICAgICAgICAgPHRkPjYsNTA8L3RkPg0KICAgICAgICAgICAgPHRkPjE3NjA8L3RkPg0KICAgICAgICAgICAgPHRkPjE5MTA8L3RkPg0KICAgICAgICAgICAgPHRkPjE3NjA8L3RkPg0KICAgICAgICAgICAgPHRkPjE4NjA8L3RkPg0KICAgICAgICA8L3RyPg0KICAgICAgICA8dHI+DQogICAgICAgICAgICA8dGQ+NywwMDwvdGQ+DQogICAgICAgICAgICA8dGQ+MTc0MDwvdGQ+DQogICAgICAgICAgICA8dGQ+MTg5MDwvdGQ+DQogICAgICAgICAgICA8dGQ+MTcxMDwvdGQ+DQogICAgICAgICAgICA8dGQ+MTgxMDwvdGQ+DQogICAgICAgIDwvdHI+DQogICAgICAgIDx0cj4NCiAgICAgICAgICAgIDx0ZD44LDAwPC90ZD4NCiAgICAgICAgICAgIDx0ZD4xNzEwPC90ZD4NCiAgICAgICAgICAgIDx0ZD4xODYwPC90ZD4NCiAgICAgICAgICAgIDx0ZD4xNzEwPC90ZD4NCiAgICAgICAgICAgIDx0ZD4xODEwPC90ZD4NCiAgICAgICAgPC90cj4NCiAgICAgICAgPHRyPg0KICAgICAgICAgICAgPHRkPjgsNTA8L3RkPg0KICAgICAgICAgICAgPHRkPjE3MDA8L3RkPg0KICAgICAgICAgICAgPHRkPjE4NTA8L3RkPg0KICAgICAgICAgICAgPHRkPjE2NzA8L3RkPg0KICAgICAgICAgICAgPHRkPjE3NzA8L3RkPg0KICAgICAgICA8L3RyPg0KICAgICAgICA8dHI+DQogICAgICAgICAgICA8dGQ+MTAsMDA8L3RkPg0KICAgICAgICAgICAgPHRkPjE2NjA8L3RkPg0KICAgICAgICAgICAgPHRkPjE4MTA8L3RkPg0KICAgICAgICAgICAgPHRkPjE2NzA8L3RkPg0KICAgICAgICAgICAgPHRkPjE3NzA8L3RkPg0KICAgICAgICA8L3RyPg0KICAgICAgICA8dHI+DQogICAgICAgICAgICA8dGQ+MTIsMDA8L3RkPg0KICAgICAgICAgICAgPHRkPjE2MjA8L3RkPg0KICAgICAgICAgICAgPHRkPjE3NzANCiAgICAgICAgICAgIDx0ZD4tPC90ZD4NCiAgICAgICAgICAgIDx0ZD4tPC90ZD4NCiAgICAgICAgPC90cj4NCiAgICAgICAgPHRyPg0KICAgICAgICAgICAgPHRkPjE0LDAwPC90ZD4NCiAgICAgICAgICAgIDx0ZD4xNTgwPC90ZD4NCiAgICAgICAgICAgIDx0ZD4xNzMwPC90ZD4NCiAgICAgICAgICAgIDx0ZD4tPC90ZD4NCiAgICAgICAgICAgIDx0ZD4tPC90ZD4NCiAgICAgICAgPC90cj4NCiAgICAgICAgPHRyPg0KICAgICAgICAgICAgPHRkPjE1LDAwPC90ZD4NCiAgICAgICAgICAgIDx0ZD4xNTcwPC90ZD4NCiAgICAgICAgICAgIDx0ZD4xNzIwPC90ZD4NCiAgICAgICAgICAgIDx0ZD4tPC90ZD4NCiAgICAgICAgICAgIDx0ZD4tPC90ZD4NCiAgICAgICAgPC90cj4NCiAgICAgICAgPHRyPg0KICAgICAgICAgICAgPHRkPjE3LDAwPC90ZD4NCiAgICAgICAgICAgIDx0ZD4xNTUwPC90ZD4NCiAgICAgICAgICAgIDx0ZD4xNzAwPC90ZD4NCiAgICAgICAgICAgIDx0ZD4tPC90ZD4NCiAgICAgICAgICAgIDx0ZD4tPC90ZD4NCiAgICAgICAgPC90cj4NCiAgICA8L3Rib2R5Pg0KPC90YWJsZT4=[\/vc_raw_html][\/vc_column_inner][\/vc_row_inner][\/vc_column][vc_column width=&#8220;1\/3&#8243; css=&#8220;.vc_custom_1697619583535{border-left-width: 1px !important;border-left-color: #004f9f !important;border-left-style: solid !important;}&#8220;][vc_widget_sidebar sidebar_id=&#8220;sidebar-3&#8243;][\/vc_column][\/vc_row][\/vc_section]<\/p>\n<\/div>","protected":false},"excerpt":{"rendered":"<p>[vc_section css=&#8220;.vc_custom_1580193165368{padding-bottom: 100px !important;background-color: #eeeeee !important;}&#8220;][vc_row gap=&#8220;35&#8243;][vc_column width=&#8220;2\/3&#8243;][vc_column_text] UNI EN 10270-2 FD\/VD SiCr [\/vc_column_text][vc_column_text]Der Draht UNI EN 10270-2 ist ein legierter, geh\u00e4rteter und \u00f6lschlussverg\u00fcteter Stahl f\u00fcr Federn. In der Klasse VD handelt es sich um das am besten geeignete Material f\u00fcr Anwendungen, die aus dynamischer Sicht sehr beanspruchend sind.[\/vc_column_text][vc_single_image image=&#8220;30&#8243; alignment=&#8220;center&#8220; el_class=&#8220;img-molla&#8220;][vc_column_text]Chemische Zusammensetzung, % in [&hellip;]<\/p>\n","protected":false},"author":5,"featured_media":3873,"parent":4019,"menu_order":0,"comment_status":"closed","ping_status":"closed","template":"","meta":{"footnotes":""},"class_list":["post-4028","page","type-page","status-publish","hentry"],"yoast_head":"<!-- This site is optimized with the Yoast SEO plugin v27.3 - https:\/\/yoast.com\/product\/yoast-seo-wordpress\/ -->\n<title>Mollificio Modenese \u2013 Edelstahl verschiedener Art<\/title>\n<meta name=\"description\" content=\"Erfahren Sie mehr \u00fcber die verschiedenen Arten von rostfreiem Edelstahl, die von Mollificio Modenese verwendet werden. Setzen Sie sich mit uns in Verbindung, falls Sie Informationen w\u00fcnschen. Wir stehen zu Ihrer Verf\u00fcgung!\" \/>\n<meta name=\"robots\" content=\"index, follow, max-snippet:-1, max-image-preview:large, max-video-preview:-1\" \/>\n<link rel=\"canonical\" href=\"https:\/\/www.mollificiomodenese.it\/approfondimenti-mondo-molle-industriali\/i-materiali-utilizzati\/acciaio-pretemprato-uni-en-10270-2-fd-vd-sicr\/\" \/>\n<meta property=\"og:locale\" content=\"de_DE\" \/>\n<meta property=\"og:type\" content=\"article\" \/>\n<meta property=\"og:title\" content=\"Mollificio Modenese \u2013 Edelstahl verschiedener Art\" \/>\n<meta property=\"og:description\" content=\"Erfahren Sie mehr \u00fcber die verschiedenen Arten von rostfreiem Edelstahl, die von Mollificio Modenese verwendet werden. Setzen Sie sich mit uns in Verbindung, falls Sie Informationen w\u00fcnschen. Wir stehen zu Ihrer Verf\u00fcgung!\" \/>\n<meta property=\"og:url\" content=\"https:\/\/www.mollificiomodenese.it\/approfondimenti-mondo-molle-industriali\/i-materiali-utilizzati\/acciaio-pretemprato-uni-en-10270-2-fd-vd-sicr\/\" \/>\n<meta property=\"og:site_name\" content=\"MOLLIFICIO MODENESE\" \/>\n<meta property=\"article:modified_time\" content=\"2025-06-30T14:21:22+00:00\" \/>\n<meta property=\"og:image\" content=\"https:\/\/www.mollificiomodenese.it\/wp-content\/uploads\/2020\/01\/sfondo2.jpg\" \/>\n\t<meta property=\"og:image:width\" content=\"1250\" \/>\n\t<meta property=\"og:image:height\" content=\"620\" \/>\n\t<meta property=\"og:image:type\" content=\"image\/jpeg\" \/>\n<meta name=\"twitter:card\" content=\"summary_large_image\" \/>\n<meta name=\"twitter:label1\" content=\"Gesch\u00e4tzte Lesezeit\" \/>\n\t<meta name=\"twitter:data1\" content=\"5\u00a0Minuten\" \/>\n<script type=\"application\/ld+json\" class=\"yoast-schema-graph\">{\"@context\":\"https:\\\/\\\/schema.org\",\"@graph\":[{\"@type\":\"WebPage\",\"@id\":\"https:\\\/\\\/www.mollificiomodenese.it\\\/approfondimenti-mondo-molle-industriali\\\/i-materiali-utilizzati\\\/acciaio-pretemprato-uni-en-10270-2-fd-vd-sicr\\\/\",\"url\":\"https:\\\/\\\/www.mollificiomodenese.it\\\/approfondimenti-mondo-molle-industriali\\\/i-materiali-utilizzati\\\/acciaio-pretemprato-uni-en-10270-2-fd-vd-sicr\\\/\",\"name\":\"Mollificio Modenese \u2013 Edelstahl verschiedener Art\",\"isPartOf\":{\"@id\":\"https:\\\/\\\/www.mollificiomodenese.it\\\/#website\"},\"primaryImageOfPage\":{\"@id\":\"https:\\\/\\\/www.mollificiomodenese.it\\\/approfondimenti-mondo-molle-industriali\\\/i-materiali-utilizzati\\\/acciaio-pretemprato-uni-en-10270-2-fd-vd-sicr\\\/#primaryimage\"},\"image\":{\"@id\":\"https:\\\/\\\/www.mollificiomodenese.it\\\/approfondimenti-mondo-molle-industriali\\\/i-materiali-utilizzati\\\/acciaio-pretemprato-uni-en-10270-2-fd-vd-sicr\\\/#primaryimage\"},\"thumbnailUrl\":\"https:\\\/\\\/www.mollificiomodenese.it\\\/wp-content\\\/uploads\\\/2020\\\/01\\\/sfondo2.jpg\",\"datePublished\":\"2025-06-27T14:33:53+00:00\",\"dateModified\":\"2025-06-30T14:21:22+00:00\",\"description\":\"Erfahren Sie mehr \u00fcber die verschiedenen Arten von rostfreiem Edelstahl, die von Mollificio Modenese verwendet werden. Setzen Sie sich mit uns in Verbindung, falls Sie Informationen w\u00fcnschen. Wir stehen zu Ihrer Verf\u00fcgung!\",\"breadcrumb\":{\"@id\":\"https:\\\/\\\/www.mollificiomodenese.it\\\/approfondimenti-mondo-molle-industriali\\\/i-materiali-utilizzati\\\/acciaio-pretemprato-uni-en-10270-2-fd-vd-sicr\\\/#breadcrumb\"},\"inLanguage\":\"de\",\"potentialAction\":[{\"@type\":\"ReadAction\",\"target\":[\"https:\\\/\\\/www.mollificiomodenese.it\\\/approfondimenti-mondo-molle-industriali\\\/i-materiali-utilizzati\\\/acciaio-pretemprato-uni-en-10270-2-fd-vd-sicr\\\/\"]}]},{\"@type\":\"ImageObject\",\"inLanguage\":\"de\",\"@id\":\"https:\\\/\\\/www.mollificiomodenese.it\\\/approfondimenti-mondo-molle-industriali\\\/i-materiali-utilizzati\\\/acciaio-pretemprato-uni-en-10270-2-fd-vd-sicr\\\/#primaryimage\",\"url\":\"https:\\\/\\\/www.mollificiomodenese.it\\\/wp-content\\\/uploads\\\/2020\\\/01\\\/sfondo2.jpg\",\"contentUrl\":\"https:\\\/\\\/www.mollificiomodenese.it\\\/wp-content\\\/uploads\\\/2020\\\/01\\\/sfondo2.jpg\",\"width\":1250,\"height\":620,\"caption\":\"mollificio modenese\"},{\"@type\":\"BreadcrumbList\",\"@id\":\"https:\\\/\\\/www.mollificiomodenese.it\\\/approfondimenti-mondo-molle-industriali\\\/i-materiali-utilizzati\\\/acciaio-pretemprato-uni-en-10270-2-fd-vd-sicr\\\/#breadcrumb\",\"itemListElement\":[{\"@type\":\"ListItem\",\"position\":1,\"name\":\"Home\",\"item\":\"https:\\\/\\\/www.mollificiomodenese.it\\\/de\\\/\"},{\"@type\":\"ListItem\",\"position\":2,\"name\":\"Vertiefende Informationen zur Welt der Federn\",\"item\":\"https:\\\/\\\/www.mollificiomodenese.it\\\/approfondimenti-mondo-molle-industriali\\\/\"},{\"@type\":\"ListItem\",\"position\":3,\"name\":\"Die verwendeten Materialien\",\"item\":\"https:\\\/\\\/www.mollificiomodenese.it\\\/approfondimenti-mondo-molle-industriali\\\/i-materiali-utilizzati\\\/\"},{\"@type\":\"ListItem\",\"position\":4,\"name\":\"Vorgeh\u00e4rteter Stahl UNI EN 10270-2 FD\\\/VD SiCr\"}]},{\"@type\":\"WebSite\",\"@id\":\"https:\\\/\\\/www.mollificiomodenese.it\\\/#website\",\"url\":\"https:\\\/\\\/www.mollificiomodenese.it\\\/\",\"name\":\"MOLLIFICIO MODENESE\",\"description\":\"\",\"potentialAction\":[{\"@type\":\"SearchAction\",\"target\":{\"@type\":\"EntryPoint\",\"urlTemplate\":\"https:\\\/\\\/www.mollificiomodenese.it\\\/?s={search_term_string}\"},\"query-input\":{\"@type\":\"PropertyValueSpecification\",\"valueRequired\":true,\"valueName\":\"search_term_string\"}}],\"inLanguage\":\"de\"}]}<\/script>\n<!-- \/ Yoast SEO plugin. -->","yoast_head_json":{"title":"Mollificio Modenese \u2013 Edelstahl verschiedener Art","description":"Erfahren Sie mehr \u00fcber die verschiedenen Arten von rostfreiem Edelstahl, die von Mollificio Modenese verwendet werden. Setzen Sie sich mit uns in Verbindung, falls Sie Informationen w\u00fcnschen. Wir stehen zu Ihrer Verf\u00fcgung!","robots":{"index":"index","follow":"follow","max-snippet":"max-snippet:-1","max-image-preview":"max-image-preview:large","max-video-preview":"max-video-preview:-1"},"canonical":"https:\/\/www.mollificiomodenese.it\/approfondimenti-mondo-molle-industriali\/i-materiali-utilizzati\/acciaio-pretemprato-uni-en-10270-2-fd-vd-sicr\/","og_locale":"de_DE","og_type":"article","og_title":"Mollificio Modenese \u2013 Edelstahl verschiedener Art","og_description":"Erfahren Sie mehr \u00fcber die verschiedenen Arten von rostfreiem Edelstahl, die von Mollificio Modenese verwendet werden. Setzen Sie sich mit uns in Verbindung, falls Sie Informationen w\u00fcnschen. Wir stehen zu Ihrer Verf\u00fcgung!","og_url":"https:\/\/www.mollificiomodenese.it\/approfondimenti-mondo-molle-industriali\/i-materiali-utilizzati\/acciaio-pretemprato-uni-en-10270-2-fd-vd-sicr\/","og_site_name":"MOLLIFICIO MODENESE","article_modified_time":"2025-06-30T14:21:22+00:00","og_image":[{"width":1250,"height":620,"url":"https:\/\/www.mollificiomodenese.it\/wp-content\/uploads\/2020\/01\/sfondo2.jpg","type":"image\/jpeg"}],"twitter_card":"summary_large_image","twitter_misc":{"Gesch\u00e4tzte Lesezeit":"5\u00a0Minuten"},"schema":{"@context":"https:\/\/schema.org","@graph":[{"@type":"WebPage","@id":"https:\/\/www.mollificiomodenese.it\/approfondimenti-mondo-molle-industriali\/i-materiali-utilizzati\/acciaio-pretemprato-uni-en-10270-2-fd-vd-sicr\/","url":"https:\/\/www.mollificiomodenese.it\/approfondimenti-mondo-molle-industriali\/i-materiali-utilizzati\/acciaio-pretemprato-uni-en-10270-2-fd-vd-sicr\/","name":"Mollificio Modenese \u2013 Edelstahl verschiedener Art","isPartOf":{"@id":"https:\/\/www.mollificiomodenese.it\/#website"},"primaryImageOfPage":{"@id":"https:\/\/www.mollificiomodenese.it\/approfondimenti-mondo-molle-industriali\/i-materiali-utilizzati\/acciaio-pretemprato-uni-en-10270-2-fd-vd-sicr\/#primaryimage"},"image":{"@id":"https:\/\/www.mollificiomodenese.it\/approfondimenti-mondo-molle-industriali\/i-materiali-utilizzati\/acciaio-pretemprato-uni-en-10270-2-fd-vd-sicr\/#primaryimage"},"thumbnailUrl":"https:\/\/www.mollificiomodenese.it\/wp-content\/uploads\/2020\/01\/sfondo2.jpg","datePublished":"2025-06-27T14:33:53+00:00","dateModified":"2025-06-30T14:21:22+00:00","description":"Erfahren Sie mehr \u00fcber die verschiedenen Arten von rostfreiem Edelstahl, die von Mollificio Modenese verwendet werden. Setzen Sie sich mit uns in Verbindung, falls Sie Informationen w\u00fcnschen. Wir stehen zu Ihrer Verf\u00fcgung!","breadcrumb":{"@id":"https:\/\/www.mollificiomodenese.it\/approfondimenti-mondo-molle-industriali\/i-materiali-utilizzati\/acciaio-pretemprato-uni-en-10270-2-fd-vd-sicr\/#breadcrumb"},"inLanguage":"de","potentialAction":[{"@type":"ReadAction","target":["https:\/\/www.mollificiomodenese.it\/approfondimenti-mondo-molle-industriali\/i-materiali-utilizzati\/acciaio-pretemprato-uni-en-10270-2-fd-vd-sicr\/"]}]},{"@type":"ImageObject","inLanguage":"de","@id":"https:\/\/www.mollificiomodenese.it\/approfondimenti-mondo-molle-industriali\/i-materiali-utilizzati\/acciaio-pretemprato-uni-en-10270-2-fd-vd-sicr\/#primaryimage","url":"https:\/\/www.mollificiomodenese.it\/wp-content\/uploads\/2020\/01\/sfondo2.jpg","contentUrl":"https:\/\/www.mollificiomodenese.it\/wp-content\/uploads\/2020\/01\/sfondo2.jpg","width":1250,"height":620,"caption":"mollificio modenese"},{"@type":"BreadcrumbList","@id":"https:\/\/www.mollificiomodenese.it\/approfondimenti-mondo-molle-industriali\/i-materiali-utilizzati\/acciaio-pretemprato-uni-en-10270-2-fd-vd-sicr\/#breadcrumb","itemListElement":[{"@type":"ListItem","position":1,"name":"Home","item":"https:\/\/www.mollificiomodenese.it\/de\/"},{"@type":"ListItem","position":2,"name":"Vertiefende Informationen zur Welt der Federn","item":"https:\/\/www.mollificiomodenese.it\/approfondimenti-mondo-molle-industriali\/"},{"@type":"ListItem","position":3,"name":"Die verwendeten Materialien","item":"https:\/\/www.mollificiomodenese.it\/approfondimenti-mondo-molle-industriali\/i-materiali-utilizzati\/"},{"@type":"ListItem","position":4,"name":"Vorgeh\u00e4rteter Stahl UNI EN 10270-2 FD\/VD SiCr"}]},{"@type":"WebSite","@id":"https:\/\/www.mollificiomodenese.it\/#website","url":"https:\/\/www.mollificiomodenese.it\/","name":"MOLLIFICIO MODENESE","description":"","potentialAction":[{"@type":"SearchAction","target":{"@type":"EntryPoint","urlTemplate":"https:\/\/www.mollificiomodenese.it\/?s={search_term_string}"},"query-input":{"@type":"PropertyValueSpecification","valueRequired":true,"valueName":"search_term_string"}}],"inLanguage":"de"}]}},"_links":{"self":[{"href":"https:\/\/www.mollificiomodenese.it\/de\/wp-json\/wp\/v2\/pages\/4028","targetHints":{"allow":["GET"]}}],"collection":[{"href":"https:\/\/www.mollificiomodenese.it\/de\/wp-json\/wp\/v2\/pages"}],"about":[{"href":"https:\/\/www.mollificiomodenese.it\/de\/wp-json\/wp\/v2\/types\/page"}],"author":[{"embeddable":true,"href":"https:\/\/www.mollificiomodenese.it\/de\/wp-json\/wp\/v2\/users\/5"}],"replies":[{"embeddable":true,"href":"https:\/\/www.mollificiomodenese.it\/de\/wp-json\/wp\/v2\/comments?post=4028"}],"version-history":[{"count":5,"href":"https:\/\/www.mollificiomodenese.it\/de\/wp-json\/wp\/v2\/pages\/4028\/revisions"}],"predecessor-version":[{"id":4165,"href":"https:\/\/www.mollificiomodenese.it\/de\/wp-json\/wp\/v2\/pages\/4028\/revisions\/4165"}],"up":[{"embeddable":true,"href":"https:\/\/www.mollificiomodenese.it\/de\/wp-json\/wp\/v2\/pages\/4019"}],"wp:featuredmedia":[{"embeddable":true,"href":"https:\/\/www.mollificiomodenese.it\/de\/wp-json\/wp\/v2\/media\/3873"}],"wp:attachment":[{"href":"https:\/\/www.mollificiomodenese.it\/de\/wp-json\/wp\/v2\/media?parent=4028"}],"curies":[{"name":"wp","href":"https:\/\/api.w.org\/{rel}","templated":true}]}}