{"id":4037,"date":"2025-06-27T16:41:53","date_gmt":"2025-06-27T14:41:53","guid":{"rendered":"https:\/\/www.mollificiomodenese.it\/vertiefende-informationen-zur-welt-der-federn\/die-verwendeten-materialien\/uni-en-iso-6931-1-4568aisi-631\/"},"modified":"2025-06-30T16:27:27","modified_gmt":"2025-06-30T14:27:27","slug":"uni-en-iso-6931-1-4568aisi-631","status":"publish","type":"page","link":"https:\/\/www.mollificiomodenese.it\/de\/vertiefende-informationen-zur-welt-der-federn\/die-verwendeten-materialien\/uni-en-iso-6931-1-4568aisi-631\/","title":{"rendered":"UNI EN ISO 6931\u20131.4568(AISI 631)"},"content":{"rendered":"<div class=\"wpb-content-wrapper\"><p>[vc_section css=&#8220;.vc_custom_1580193165368{padding-bottom: 100px !important;background-color: #eeeeee !important;}&#8220;][vc_row gap=&#8220;35&#8243;][vc_column width=&#8220;2\/3&#8243;][vc_column_text]<\/p>\n<div class=\"wpb_text_column wpb_content_element \">\n<div class=\"wpb_wrapper\">\n<h1>UNI EN ISO 6931\u20131.4568 (X7CrNiAl17-7)<\/h1>\n<\/div>\n<p><\/div>\n<p><\/p>\n<div class=\"wpb_text_column wpb_content_element \">\n<div class=\"wpb_wrapper\"><\/div>\n<p><\/div>\n<p>\n[\/vc_column_text][vc_column_text]Edelstahl, der durch Ausf\u00e4llung h\u00e4rtet: Nach der W\u00e4rmebehandlung besitzt er mechanische Eigenschaften, die den 302 \u00fcbertreffen. Das Vorhandensein von Aluminium macht ihn besonders vielseitig.[\/vc_column_text][vc_single_image image=&#8220;30&#8243; alignment=&#8220;center&#8220; el_class=&#8220;img-molla&#8220;][vc_column_text]Chemische Zusammensetzung, % in der Masse:[\/vc_column_text][vc_raw_html]W3RhYmxlIGlkPTU4IC9d[\/vc_raw_html][vc_raw_html]W3RhYmxlIGlkPTg3IC9d[\/vc_raw_html][vc_column_text]Zugfestigkeit in MPa. F\u00fcr Zwischenwerte der Durchmesser ist der n\u00e4chstgr\u00f6\u00dfere Durchmesser zum gew\u00fcnschten Durchmesser zu ber\u00fccksichtigen.[\/vc_column_text][vc_row_inner][vc_column_inner][vc_raw_html]PHN0eWxlPg0KICAgIHRhYmxlIHs8YnIgLz4NCiAgICAgICAgYm9yZGVyLWNvbGxhcHNlOiBjb2xsYXBzZTs8YnIgLz4NCiAgICAgICAgd2lkdGg6IDEwMCU7PGJyIC8+DQogICAgfTxiciAvPg0KICAgIHRoZWFkIHtmb250LXdlaWdodDo3MDA7Y29sb3I6IzAwMDt9PGJyIC8+DQogICAgdGgsPGJyIC8+DQogICAgdGQgezxiciAvPg0KICAgICAgICBib3JkZXI6IDFweCBzb2xpZCAjY2NjOzxiciAvPg0KICAgICAgICBwYWRkaW5nOiA4cHg7PGJyIC8+DQogICAgICAgIHRleHQtYWxpZ246IGNlbnRlcjs8YnIgLz4NCiAgICB9PC9wPg0KPHA+ICAgIHRoIHs8YnIgLz4NCiAgICAgICAgYmFja2dyb3VuZC1jb2xvcjogI2YyZjJmMjs8YnIgLz4NCiAgICB9PGJyIC8+DQo8L3N0eWxlPjxicj48dGFibGU+DQo8dGhlYWQ+DQo8dHI+DQo8dGQ+PC90ZD4NCjx0ZCBjb2xzcGFuPSIyIj5MaWVmZXJiZWRpbmd1bmdlbjwvdGQ+DQo8dGQ+TmFjaCBCZWhhbmRsdW5nPC90ZD4NCjwvdHI+DQo8L3RoZWFkPg0KPHRib2R5Pg0KPHRyPg0KPHRkPmQ8L3RkPg0KPHRkPk1pbjwvdGQ+DQo8dGQ+TWF4PC90ZD4NCjx0ZD5NaW48L3RkPg0KPC90cj4NCjx0cj4NCjx0ZD4wLDIwPC90ZD4NCjx0ZD4xOTc1PC90ZD4NCjx0ZD4yMjgwPC90ZD4NCjx0ZD4yMjc1PC90ZD4NCjwvdHI+DQo8dHI+DQo8dGQ+MCwzMDwvdGQ+DQo8dGQ+MTk1MDwvdGQ+DQo8dGQ+MjI1MDwvdGQ+DQo8dGQ+MjI1MDwvdGQ+DQo8L3RyPg0KPHRyPg0KPHRkPjAsNDA8L3RkPg0KPHRkPjE5MjU8L3RkPg0KPHRkPjIyMjA8L3RkPg0KPHRkPjIyMjU8L3RkPg0KPC90cj4NCjx0cj4NCjx0ZD4wLDUwPC90ZD4NCjx0ZD4xOTAwPC90ZD4NCjx0ZD4yMTkwPC90ZD4NCjx0ZD4yMjAwPC90ZD4NCjwvdHI+DQo8dHI+DQo8dGQ+MCw2NTwvdGQ+DQo8dGQ+MTg1MDwvdGQ+DQo8dGQ+MjEzMDwvdGQ+DQo8dGQ+MjE1MDwvdGQ+DQo8L3RyPg0KPHRyPg0KPHRkPjAsODA8L3RkPg0KPHRkPjE4MjU8L3RkPg0KPHRkPjIxMDA8L3RkPg0KPHRkPjIxMjU8L3RkPg0KPC90cj4NCjx0cj4NCjx0ZD4xLDAwPC90ZD4NCjx0ZD4xODAwPC90ZD4NCjx0ZD4yMDcwPC90ZD4NCjx0ZD4yMTAwPC90ZD4NCjwvdHI+DQo8dHI+DQo8dGQ+MSwyNTwvdGQ+DQo8dGQ+MTc1MDwvdGQ+DQo8dGQ+MjAyMDwvdGQ+DQo8dGQ+MjA1MDwvdGQ+DQo8L3RyPg0KPHRyPg0KPHRkPjEsNTA8L3RkPg0KPHRkPjE3MDA8L3RkPg0KPHRkPjE5NjA8L3RkPg0KPHRkPjIwMDA8L3RkPg0KPC90cj4NCjx0cj4NCjx0ZD4xLDc1PC90ZD4NCjx0ZD4xNjUwPC90ZD4NCjx0ZD4xOTAwPC90ZD4NCjx0ZD4xOTUwPC90ZD4NCjwvdHI+DQo8dHI+DQo8dGQ+MiwwMDwvdGQ+DQo8dGQ+MTYwMDwvdGQ+DQo8dGQ+MTg0MDwvdGQ+DQo8dGQ+MTkwMDwvdGQ+DQo8L3RyPg0KPHRyPg0KPHRkPjIsNTA8L3RkPg0KPHRkPjE1NTA8L3RkPg0KPHRkPjE3OTA8L3RkPg0KPHRkPjE4NTA8L3RkPg0KPC90cj4NCjx0cj4NCjx0ZD4zLDAwPC90ZD4NCjx0ZD4xNTAwPC90ZD4NCjx0ZD4xNzMwPC90ZD4NCjx0ZD4xODAwPC90ZD4NCjwvdHI+DQo8dHI+DQo8dGQ+Myw1MDwvdGQ+DQo8dGQ+MTQ1MDwvdGQ+DQo8dGQ+MTY3MDwvdGQ+DQo8dGQ+MTc1MDwvdGQ+DQo8L3RyPg0KPHRyPg0KPHRkPjQsMjU8L3RkPg0KPHRkPjE0MDA8L3RkPg0KPHRkPjE2MTA8L3RkPg0KPHRkPjE3MDA8L3RkPg0KPC90cj4NCjx0cj4NCjx0ZD41LDAwPC90ZD4NCjx0ZD4xMzUwPC90ZD4NCjx0ZD4xNTYwPC90ZD4NCjx0ZD4xNjUwPC90ZD4NCjwvdHI+DQo8dHI+DQo8dGQ+NiwwMDwvdGQ+DQo8dGQ+MTMwMDwvdGQ+DQo8dGQ+MTUwMDwvdGQ+DQo8dGQ+MTU1MDwvdGQ+DQo8L3RyPg0KPHRyPg0KPHRkPjcsMDA8L3RkPg0KPHRkPjEyNTA8L3RkPg0KPHRkPjE0NDA8L3RkPg0KPHRkPjE1MDA8L3RkPg0KPC90cj4NCjx0cj4NCjx0ZD44LDUwPC90ZD4NCjx0ZD4xMjUwPC90ZD4NCjx0ZD4xNDQwPC90ZD4NCjx0ZD4xNTAwPC90ZD4NCjwvdHI+DQo8dHI+DQo8dGQ+MTA8L3RkPg0KPHRkPjEyNTA8L3RkPg0KPHRkPjE0NDA8L3RkPg0KPHRkPjE1MDA8L3RkPg0KPC90cj4NCjwvdGJvZHk+DQo8L3RhYmxlPg==[\/vc_raw_html][\/vc_column_inner][\/vc_row_inner][vc_row_inner][vc_column_inner width=&#8220;1\/2&#8243;][\/vc_column_inner][vc_column_inner width=&#8220;1\/2&#8243;][\/vc_column_inner][\/vc_row_inner][\/vc_column][vc_column width=&#8220;1\/3&#8243; css=&#8220;.vc_custom_1697619583535{border-left-width: 1px !important;border-left-color: #004f9f !important;border-left-style: solid !important;}&#8220;][vc_widget_sidebar sidebar_id=&#8220;sidebar-3&#8243;][\/vc_column][\/vc_row][\/vc_section]<\/p>\n<\/div>","protected":false},"excerpt":{"rendered":"<p>[vc_section css=&#8220;.vc_custom_1580193165368{padding-bottom: 100px !important;background-color: #eeeeee !important;}&#8220;][vc_row gap=&#8220;35&#8243;][vc_column width=&#8220;2\/3&#8243;][vc_column_text] UNI EN ISO 6931\u20131.4568 (X7CrNiAl17-7) [\/vc_column_text][vc_column_text]Edelstahl, der durch Ausf\u00e4llung h\u00e4rtet: Nach der W\u00e4rmebehandlung besitzt er mechanische Eigenschaften, die den 302 \u00fcbertreffen. Das Vorhandensein von Aluminium macht ihn besonders vielseitig.[\/vc_column_text][vc_single_image image=&#8220;30&#8243; alignment=&#8220;center&#8220; el_class=&#8220;img-molla&#8220;][vc_column_text]Chemische Zusammensetzung, % in der Masse:[\/vc_column_text][vc_raw_html]W3RhYmxlIGlkPTU4IC9d[\/vc_raw_html][vc_raw_html]W3RhYmxlIGlkPTg3IC9d[\/vc_raw_html][vc_column_text]Zugfestigkeit in MPa. F\u00fcr Zwischenwerte der Durchmesser ist der n\u00e4chstgr\u00f6\u00dfere Durchmesser [&hellip;]<\/p>\n","protected":false},"author":5,"featured_media":3873,"parent":4019,"menu_order":0,"comment_status":"closed","ping_status":"closed","template":"","meta":{"footnotes":""},"class_list":["post-4037","page","type-page","status-publish","hentry"],"yoast_head":"<!-- This site is optimized with the Yoast SEO plugin v27.3 - https:\/\/yoast.com\/product\/yoast-seo-wordpress\/ -->\n<title>Mollificio Modenese \u2013 Edelstahl verschiedener Art<\/title>\n<meta name=\"description\" content=\"Erfahren Sie mehr \u00fcber die verschiedenen Arten von rostfreiem Edelstahl, die von Mollificio Modenese verwendet werden. Setzen Sie sich mit uns in Verbindung, falls Sie Informationen w\u00fcnschen. Wir stehen zu Ihrer Verf\u00fcgung!\" \/>\n<meta name=\"robots\" content=\"index, follow, max-snippet:-1, max-image-preview:large, max-video-preview:-1\" \/>\n<link rel=\"canonical\" href=\"https:\/\/www.mollificiomodenese.it\/approfondimenti-mondo-molle-industriali\/i-materiali-utilizzati\/uni-en-iso-6931-1-4568-aisi-631uni-en-iso-6931-1-4568-aisi-631\/\" \/>\n<meta property=\"og:locale\" content=\"de_DE\" \/>\n<meta property=\"og:type\" content=\"article\" \/>\n<meta property=\"og:title\" content=\"Mollificio Modenese \u2013 Edelstahl verschiedener Art\" \/>\n<meta property=\"og:description\" content=\"Erfahren Sie mehr \u00fcber die verschiedenen Arten von rostfreiem Edelstahl, die von Mollificio Modenese verwendet werden. Setzen Sie sich mit uns in Verbindung, falls Sie Informationen w\u00fcnschen. Wir stehen zu Ihrer Verf\u00fcgung!\" \/>\n<meta property=\"og:url\" content=\"https:\/\/www.mollificiomodenese.it\/approfondimenti-mondo-molle-industriali\/i-materiali-utilizzati\/uni-en-iso-6931-1-4568-aisi-631uni-en-iso-6931-1-4568-aisi-631\/\" \/>\n<meta property=\"og:site_name\" content=\"MOLLIFICIO MODENESE\" \/>\n<meta property=\"article:modified_time\" content=\"2025-06-30T14:27:27+00:00\" \/>\n<meta property=\"og:image\" content=\"https:\/\/www.mollificiomodenese.it\/wp-content\/uploads\/2020\/01\/sfondo2.jpg\" \/>\n\t<meta property=\"og:image:width\" content=\"1250\" \/>\n\t<meta property=\"og:image:height\" content=\"620\" \/>\n\t<meta property=\"og:image:type\" content=\"image\/jpeg\" \/>\n<meta name=\"twitter:card\" content=\"summary_large_image\" \/>\n<meta name=\"twitter:label1\" content=\"Gesch\u00e4tzte Lesezeit\" \/>\n\t<meta name=\"twitter:data1\" content=\"3\u00a0Minuten\" \/>\n<script type=\"application\/ld+json\" class=\"yoast-schema-graph\">{\"@context\":\"https:\\\/\\\/schema.org\",\"@graph\":[{\"@type\":\"WebPage\",\"@id\":\"https:\\\/\\\/www.mollificiomodenese.it\\\/approfondimenti-mondo-molle-industriali\\\/i-materiali-utilizzati\\\/uni-en-iso-6931-1-4568-aisi-631uni-en-iso-6931-1-4568-aisi-631\\\/\",\"url\":\"https:\\\/\\\/www.mollificiomodenese.it\\\/approfondimenti-mondo-molle-industriali\\\/i-materiali-utilizzati\\\/uni-en-iso-6931-1-4568-aisi-631uni-en-iso-6931-1-4568-aisi-631\\\/\",\"name\":\"Mollificio Modenese \u2013 Edelstahl verschiedener Art\",\"isPartOf\":{\"@id\":\"https:\\\/\\\/www.mollificiomodenese.it\\\/#website\"},\"primaryImageOfPage\":{\"@id\":\"https:\\\/\\\/www.mollificiomodenese.it\\\/approfondimenti-mondo-molle-industriali\\\/i-materiali-utilizzati\\\/uni-en-iso-6931-1-4568-aisi-631uni-en-iso-6931-1-4568-aisi-631\\\/#primaryimage\"},\"image\":{\"@id\":\"https:\\\/\\\/www.mollificiomodenese.it\\\/approfondimenti-mondo-molle-industriali\\\/i-materiali-utilizzati\\\/uni-en-iso-6931-1-4568-aisi-631uni-en-iso-6931-1-4568-aisi-631\\\/#primaryimage\"},\"thumbnailUrl\":\"https:\\\/\\\/www.mollificiomodenese.it\\\/wp-content\\\/uploads\\\/2020\\\/01\\\/sfondo2.jpg\",\"datePublished\":\"2025-06-27T14:41:53+00:00\",\"dateModified\":\"2025-06-30T14:27:27+00:00\",\"description\":\"Erfahren Sie mehr \u00fcber die verschiedenen Arten von rostfreiem Edelstahl, die von Mollificio Modenese verwendet werden. Setzen Sie sich mit uns in Verbindung, falls Sie Informationen w\u00fcnschen. Wir stehen zu Ihrer Verf\u00fcgung!\",\"breadcrumb\":{\"@id\":\"https:\\\/\\\/www.mollificiomodenese.it\\\/approfondimenti-mondo-molle-industriali\\\/i-materiali-utilizzati\\\/uni-en-iso-6931-1-4568-aisi-631uni-en-iso-6931-1-4568-aisi-631\\\/#breadcrumb\"},\"inLanguage\":\"de\",\"potentialAction\":[{\"@type\":\"ReadAction\",\"target\":[\"https:\\\/\\\/www.mollificiomodenese.it\\\/approfondimenti-mondo-molle-industriali\\\/i-materiali-utilizzati\\\/uni-en-iso-6931-1-4568-aisi-631uni-en-iso-6931-1-4568-aisi-631\\\/\"]}]},{\"@type\":\"ImageObject\",\"inLanguage\":\"de\",\"@id\":\"https:\\\/\\\/www.mollificiomodenese.it\\\/approfondimenti-mondo-molle-industriali\\\/i-materiali-utilizzati\\\/uni-en-iso-6931-1-4568-aisi-631uni-en-iso-6931-1-4568-aisi-631\\\/#primaryimage\",\"url\":\"https:\\\/\\\/www.mollificiomodenese.it\\\/wp-content\\\/uploads\\\/2020\\\/01\\\/sfondo2.jpg\",\"contentUrl\":\"https:\\\/\\\/www.mollificiomodenese.it\\\/wp-content\\\/uploads\\\/2020\\\/01\\\/sfondo2.jpg\",\"width\":1250,\"height\":620,\"caption\":\"mollificio modenese\"},{\"@type\":\"BreadcrumbList\",\"@id\":\"https:\\\/\\\/www.mollificiomodenese.it\\\/approfondimenti-mondo-molle-industriali\\\/i-materiali-utilizzati\\\/uni-en-iso-6931-1-4568-aisi-631uni-en-iso-6931-1-4568-aisi-631\\\/#breadcrumb\",\"itemListElement\":[{\"@type\":\"ListItem\",\"position\":1,\"name\":\"Home\",\"item\":\"https:\\\/\\\/www.mollificiomodenese.it\\\/de\\\/\"},{\"@type\":\"ListItem\",\"position\":2,\"name\":\"Vertiefende Informationen zur Welt der Federn\",\"item\":\"https:\\\/\\\/www.mollificiomodenese.it\\\/approfondimenti-mondo-molle-industriali\\\/\"},{\"@type\":\"ListItem\",\"position\":3,\"name\":\"Die verwendeten Materialien\",\"item\":\"https:\\\/\\\/www.mollificiomodenese.it\\\/approfondimenti-mondo-molle-industriali\\\/i-materiali-utilizzati\\\/\"},{\"@type\":\"ListItem\",\"position\":4,\"name\":\"UNI EN ISO 6931\u20131.4568(AISI 631)\"}]},{\"@type\":\"WebSite\",\"@id\":\"https:\\\/\\\/www.mollificiomodenese.it\\\/#website\",\"url\":\"https:\\\/\\\/www.mollificiomodenese.it\\\/\",\"name\":\"MOLLIFICIO MODENESE\",\"description\":\"\",\"potentialAction\":[{\"@type\":\"SearchAction\",\"target\":{\"@type\":\"EntryPoint\",\"urlTemplate\":\"https:\\\/\\\/www.mollificiomodenese.it\\\/?s={search_term_string}\"},\"query-input\":{\"@type\":\"PropertyValueSpecification\",\"valueRequired\":true,\"valueName\":\"search_term_string\"}}],\"inLanguage\":\"de\"}]}<\/script>\n<!-- \/ Yoast SEO plugin. -->","yoast_head_json":{"title":"Mollificio Modenese \u2013 Edelstahl verschiedener Art","description":"Erfahren Sie mehr \u00fcber die verschiedenen Arten von rostfreiem Edelstahl, die von Mollificio Modenese verwendet werden. Setzen Sie sich mit uns in Verbindung, falls Sie Informationen w\u00fcnschen. Wir stehen zu Ihrer Verf\u00fcgung!","robots":{"index":"index","follow":"follow","max-snippet":"max-snippet:-1","max-image-preview":"max-image-preview:large","max-video-preview":"max-video-preview:-1"},"canonical":"https:\/\/www.mollificiomodenese.it\/approfondimenti-mondo-molle-industriali\/i-materiali-utilizzati\/uni-en-iso-6931-1-4568-aisi-631uni-en-iso-6931-1-4568-aisi-631\/","og_locale":"de_DE","og_type":"article","og_title":"Mollificio Modenese \u2013 Edelstahl verschiedener Art","og_description":"Erfahren Sie mehr \u00fcber die verschiedenen Arten von rostfreiem Edelstahl, die von Mollificio Modenese verwendet werden. Setzen Sie sich mit uns in Verbindung, falls Sie Informationen w\u00fcnschen. Wir stehen zu Ihrer Verf\u00fcgung!","og_url":"https:\/\/www.mollificiomodenese.it\/approfondimenti-mondo-molle-industriali\/i-materiali-utilizzati\/uni-en-iso-6931-1-4568-aisi-631uni-en-iso-6931-1-4568-aisi-631\/","og_site_name":"MOLLIFICIO MODENESE","article_modified_time":"2025-06-30T14:27:27+00:00","og_image":[{"width":1250,"height":620,"url":"https:\/\/www.mollificiomodenese.it\/wp-content\/uploads\/2020\/01\/sfondo2.jpg","type":"image\/jpeg"}],"twitter_card":"summary_large_image","twitter_misc":{"Gesch\u00e4tzte Lesezeit":"3\u00a0Minuten"},"schema":{"@context":"https:\/\/schema.org","@graph":[{"@type":"WebPage","@id":"https:\/\/www.mollificiomodenese.it\/approfondimenti-mondo-molle-industriali\/i-materiali-utilizzati\/uni-en-iso-6931-1-4568-aisi-631uni-en-iso-6931-1-4568-aisi-631\/","url":"https:\/\/www.mollificiomodenese.it\/approfondimenti-mondo-molle-industriali\/i-materiali-utilizzati\/uni-en-iso-6931-1-4568-aisi-631uni-en-iso-6931-1-4568-aisi-631\/","name":"Mollificio Modenese \u2013 Edelstahl verschiedener Art","isPartOf":{"@id":"https:\/\/www.mollificiomodenese.it\/#website"},"primaryImageOfPage":{"@id":"https:\/\/www.mollificiomodenese.it\/approfondimenti-mondo-molle-industriali\/i-materiali-utilizzati\/uni-en-iso-6931-1-4568-aisi-631uni-en-iso-6931-1-4568-aisi-631\/#primaryimage"},"image":{"@id":"https:\/\/www.mollificiomodenese.it\/approfondimenti-mondo-molle-industriali\/i-materiali-utilizzati\/uni-en-iso-6931-1-4568-aisi-631uni-en-iso-6931-1-4568-aisi-631\/#primaryimage"},"thumbnailUrl":"https:\/\/www.mollificiomodenese.it\/wp-content\/uploads\/2020\/01\/sfondo2.jpg","datePublished":"2025-06-27T14:41:53+00:00","dateModified":"2025-06-30T14:27:27+00:00","description":"Erfahren Sie mehr \u00fcber die verschiedenen Arten von rostfreiem Edelstahl, die von Mollificio Modenese verwendet werden. Setzen Sie sich mit uns in Verbindung, falls Sie Informationen w\u00fcnschen. Wir stehen zu Ihrer Verf\u00fcgung!","breadcrumb":{"@id":"https:\/\/www.mollificiomodenese.it\/approfondimenti-mondo-molle-industriali\/i-materiali-utilizzati\/uni-en-iso-6931-1-4568-aisi-631uni-en-iso-6931-1-4568-aisi-631\/#breadcrumb"},"inLanguage":"de","potentialAction":[{"@type":"ReadAction","target":["https:\/\/www.mollificiomodenese.it\/approfondimenti-mondo-molle-industriali\/i-materiali-utilizzati\/uni-en-iso-6931-1-4568-aisi-631uni-en-iso-6931-1-4568-aisi-631\/"]}]},{"@type":"ImageObject","inLanguage":"de","@id":"https:\/\/www.mollificiomodenese.it\/approfondimenti-mondo-molle-industriali\/i-materiali-utilizzati\/uni-en-iso-6931-1-4568-aisi-631uni-en-iso-6931-1-4568-aisi-631\/#primaryimage","url":"https:\/\/www.mollificiomodenese.it\/wp-content\/uploads\/2020\/01\/sfondo2.jpg","contentUrl":"https:\/\/www.mollificiomodenese.it\/wp-content\/uploads\/2020\/01\/sfondo2.jpg","width":1250,"height":620,"caption":"mollificio modenese"},{"@type":"BreadcrumbList","@id":"https:\/\/www.mollificiomodenese.it\/approfondimenti-mondo-molle-industriali\/i-materiali-utilizzati\/uni-en-iso-6931-1-4568-aisi-631uni-en-iso-6931-1-4568-aisi-631\/#breadcrumb","itemListElement":[{"@type":"ListItem","position":1,"name":"Home","item":"https:\/\/www.mollificiomodenese.it\/de\/"},{"@type":"ListItem","position":2,"name":"Vertiefende Informationen zur Welt der Federn","item":"https:\/\/www.mollificiomodenese.it\/approfondimenti-mondo-molle-industriali\/"},{"@type":"ListItem","position":3,"name":"Die verwendeten Materialien","item":"https:\/\/www.mollificiomodenese.it\/approfondimenti-mondo-molle-industriali\/i-materiali-utilizzati\/"},{"@type":"ListItem","position":4,"name":"UNI EN ISO 6931\u20131.4568(AISI 631)"}]},{"@type":"WebSite","@id":"https:\/\/www.mollificiomodenese.it\/#website","url":"https:\/\/www.mollificiomodenese.it\/","name":"MOLLIFICIO MODENESE","description":"","potentialAction":[{"@type":"SearchAction","target":{"@type":"EntryPoint","urlTemplate":"https:\/\/www.mollificiomodenese.it\/?s={search_term_string}"},"query-input":{"@type":"PropertyValueSpecification","valueRequired":true,"valueName":"search_term_string"}}],"inLanguage":"de"}]}},"_links":{"self":[{"href":"https:\/\/www.mollificiomodenese.it\/de\/wp-json\/wp\/v2\/pages\/4037","targetHints":{"allow":["GET"]}}],"collection":[{"href":"https:\/\/www.mollificiomodenese.it\/de\/wp-json\/wp\/v2\/pages"}],"about":[{"href":"https:\/\/www.mollificiomodenese.it\/de\/wp-json\/wp\/v2\/types\/page"}],"author":[{"embeddable":true,"href":"https:\/\/www.mollificiomodenese.it\/de\/wp-json\/wp\/v2\/users\/5"}],"replies":[{"embeddable":true,"href":"https:\/\/www.mollificiomodenese.it\/de\/wp-json\/wp\/v2\/comments?post=4037"}],"version-history":[{"count":5,"href":"https:\/\/www.mollificiomodenese.it\/de\/wp-json\/wp\/v2\/pages\/4037\/revisions"}],"predecessor-version":[{"id":4178,"href":"https:\/\/www.mollificiomodenese.it\/de\/wp-json\/wp\/v2\/pages\/4037\/revisions\/4178"}],"up":[{"embeddable":true,"href":"https:\/\/www.mollificiomodenese.it\/de\/wp-json\/wp\/v2\/pages\/4019"}],"wp:featuredmedia":[{"embeddable":true,"href":"https:\/\/www.mollificiomodenese.it\/de\/wp-json\/wp\/v2\/media\/3873"}],"wp:attachment":[{"href":"https:\/\/www.mollificiomodenese.it\/de\/wp-json\/wp\/v2\/media?parent=4037"}],"curies":[{"name":"wp","href":"https:\/\/api.w.org\/{rel}","templated":true}]}}