{"id":4040,"date":"2025-06-27T16:43:10","date_gmt":"2025-06-27T14:43:10","guid":{"rendered":"https:\/\/www.mollificiomodenese.it\/vertiefende-informationen-zur-welt-der-federn\/die-verwendeten-materialien\/uni-en-iso-6931-1-4462\/"},"modified":"2025-06-30T16:29:14","modified_gmt":"2025-06-30T14:29:14","slug":"uni-en-iso-6931-1-4462","status":"publish","type":"page","link":"https:\/\/www.mollificiomodenese.it\/de\/vertiefende-informationen-zur-welt-der-federn\/die-verwendeten-materialien\/uni-en-iso-6931-1-4462\/","title":{"rendered":"UNI EN ISO 6931\u20131.4462"},"content":{"rendered":"<div class=\"wpb-content-wrapper\"><p>[vc_section css=&#8220;.vc_custom_1580193165368{padding-bottom: 100px !important;background-color: #eeeeee !important;}&#8220;][vc_row gap=&#8220;35&#8243;][vc_column width=&#8220;2\/3&#8243;][vc_column_text]<\/p>\n<h1>UNI EN ISO 6931\u20131.4462 X2CrNiMoN22-5-3 DUPLEX<\/h1>\n<p>\n[\/vc_column_text][vc_column_text]Rostfreier Duplex-Austenit-Ferrit-Stahl, der eine ausgezeichnete Erm\u00fcdungsbest\u00e4ndigkeit und eine hohe Korrosionsbest\u00e4ndigkeit bietet.[\/vc_column_text][vc_single_image image=&#8220;30&#8243; alignment=&#8220;center&#8220; el_class=&#8220;img-molla&#8220; css=&#8220;.vc_custom_1721892892968{margin-top: 20px !important;margin-bottom: 20px !important;}&#8220;][vc_column_text]Chemische Zusammensetzung, % in der Masse:[\/vc_column_text][vc_raw_html]W3RhYmxlIGlkPTYwIC9d[\/vc_raw_html][vc_raw_html]W3RhYmxlIGlkPTg4IC9d[\/vc_raw_html][vc_column_text]Zugfestigkeit in MPa. F\u00fcr Zwischenwerte der Durchmesser ist der n\u00e4chstgr\u00f6\u00dfere Durchmesser zum gew\u00fcnschten Durchmesser zu ber\u00fccksichtigen.[\/vc_column_text][vc_row_inner][vc_column_inner][vc_raw_html]PHN0eWxlPg0KICAgIHRhYmxlIHsNCiAgICAgICAgYm9yZGVyLWNvbGxhcHNlOiBjb2xsYXBzZTsNCiAgICAgICAgd2lkdGg6IDEwMCU7DQogICAgfQ0KICAgIHRoZWFkIHtmb250LXdlaWdodDo3MDA7Y29sb3I6IzAwMDt9DQogICAgdGgsDQogICAgdGQgew0KICAgICAgICBib3JkZXI6IDFweCBzb2xpZCAjY2NjOw0KICAgICAgICBwYWRkaW5nOiA4cHg7DQogICAgICAgIHRleHQtYWxpZ246IGNlbnRlcjsNCiAgICB9DQoNCiAgICB0aCB7DQogICAgICAgIGJhY2tncm91bmQtY29sb3I6ICNmMmYyZjI7DQogICAgfQ0KPC9zdHlsZT48YnI+PGJyPjx0YWJsZT4NCiAgICA8dGhlYWQ+DQogICAgICAgIDx0cj4NCiAgICAgICAgICAgIDx0ZD5kPC90ZD4NCiAgICAgICAgICAgIDx0ZD5NaW48L3RkPg0KICAgICAgICAgICAgPHRkPk1heDwvdGQ+DQogICAgICAgIDwvdHI+DQogICAgPC90aGVhZD4NCiAgICA8dGJvZHk+DQoNCiAgICAgICAgPHRyPg0KICAgICAgICAgICAgPHRkPjAsMjA8L3RkPg0KICAgICAgICAgICAgPHRkPjIxNTA8L3RkPg0KICAgICAgICAgICAgPHRkPjI0ODA8L3RkPg0KDQogICAgICAgIDwvdHI+DQogICAgICAgIDx0cj4NCiAgICAgICAgICAgIDx0ZD4wLDMwPC90ZD4NCiAgICAgICAgICAgIDx0ZD4yMTAwPC90ZD4NCiAgICAgICAgICAgIDx0ZD4yNDIwPC90ZD4NCg0KICAgICAgICA8L3RyPg0KICAgICAgICA8dHI+DQogICAgICAgICAgICA8dGQ+MCw0MDwvdGQ+DQogICAgICAgICAgICA8dGQ+MjAwMDwvdGQ+DQogICAgICAgICAgICA8dGQ+MjMwMDwvdGQ+DQoNCiAgICAgICAgPC90cj4NCiAgICAgICAgPHRyPg0KICAgICAgICAgICAgPHRkPjAsNTA8L3RkPg0KICAgICAgICAgICAgPHRkPjIwMDA8L3RkPg0KICAgICAgICAgICAgPHRkPjIzMDA8L3RkPg0KDQogICAgICAgIDwvdHI+DQoNCiAgICAgICAgPHRyPg0KICAgICAgICAgICAgPHRkPjAsNjU8L3RkPg0KICAgICAgICAgICAgPHRkPjE5MDA8L3RkPg0KICAgICAgICAgICAgPHRkPjIxOTA8L3RkPg0KDQogICAgICAgIDwvdHI+DQogICAgICAgIDx0cj4NCiAgICAgICAgICAgIDx0ZD4wLDgwPC90ZD4NCiAgICAgICAgICAgIDx0ZD4xOTAwPC90ZD4NCiAgICAgICAgICAgIDx0ZD4yMTkwPC90ZD4NCg0KICAgICAgICA8L3RyPg0KICAgICAgICA8dHI+DQogICAgICAgICAgICA8dGQ+MSwwMDwvdGQ+DQogICAgICAgICAgICA8dGQ+MTgwMDwvdGQ+DQogICAgICAgICAgICA8dGQ+MjA3MDwvdGQ+DQoNCiAgICAgICAgPC90cj4NCiAgICAgICAgPHRyPg0KICAgICAgICAgICAgPHRkPjEsMjU8L3RkPg0KICAgICAgICAgICAgPHRkPjE4MDA8L3RkPg0KICAgICAgICAgICAgPHRkPjIwNzA8L3RkPg0KDQogICAgICAgIDwvdHI+DQogICAgICAgIDx0cj4NCiAgICAgICAgICAgIDx0ZD4xLDUwPC90ZD4NCiAgICAgICAgICAgIDx0ZD4xNzAwPC90ZD4NCiAgICAgICAgICAgIDx0ZD4xOTYwPC90ZD4NCg0KICAgICAgICA8L3RyPg0KICAgICAgICA8dHI+DQogICAgICAgICAgICA8dGQ+MSw3NTwvdGQ+DQogICAgICAgICAgICA8dGQ+MTcwMDwvdGQ+DQogICAgICAgICAgICA8dGQ+MTk2MDwvdGQ+DQoNCiAgICAgICAgPC90cj4NCiAgICAgICAgPHRyPg0KICAgICAgICAgICAgPHRkPjIsMDA8L3RkPg0KICAgICAgICAgICAgPHRkPjE3MDA8L3RkPg0KICAgICAgICAgICAgPHRkPjE5NjA8L3RkPg0KDQogICAgICAgIDwvdHI+DQogICAgICAgIDx0cj4NCiAgICAgICAgICAgIDx0ZD4yLDUwPC90ZD4NCiAgICAgICAgICAgIDx0ZD4xNTUwPC90ZD4NCiAgICAgICAgICAgIDx0ZD4xNzkwPC90ZD4NCg0KICAgICAgICA8L3RyPg0KICAgICAgICA8dHI+DQogICAgICAgICAgICA8dGQ+MywwMDwvdGQ+DQogICAgICAgICAgICA8dGQ+MTU1MDwvdGQ+DQogICAgICAgICAgICA8dGQ+MTc5MDwvdGQ+DQoNCiAgICAgICAgPC90cj4NCiAgICAgICAgPHRyPg0KICAgICAgICAgICAgPHRkPjMsNTA8L3RkPg0KICAgICAgICAgICAgPHRkPjE1NTA8L3RkPg0KICAgICAgICAgICAgPHRkPjE3OTA8L3RkPg0KDQogICAgICAgIDwvdHI+DQogICAgICAgIDx0cj4NCiAgICAgICAgICAgIDx0ZD40LDI1PC90ZD4NCiAgICAgICAgICAgIDx0ZD4xNDUwPC90ZD4NCiAgICAgICAgICAgIDx0ZD4xNjcwPC90ZD4NCg0KICAgICAgICA8L3RyPg0KICAgICAgICA8dHI+DQogICAgICAgICAgICA8dGQ+NSwwMDwvdGQ+DQogICAgICAgICAgICA8dGQ+MTQ1MDwvdGQ+DQogICAgICAgICAgICA8dGQ+MTY3MDwvdGQ+DQoNCiAgICAgICAgPC90cj4NCiAgICAgICAgPHRyPg0KICAgICAgICAgICAgPHRkPjYsMDA8L3RkPg0KICAgICAgICAgICAgPHRkPjEzNTA8L3RkPg0KICAgICAgICAgICAgPHRkPjE1NjA8L3RkPg0KDQogICAgICAgIDwvdHI+DQogICAgICAgIDx0cj4NCiAgICAgICAgICAgIDx0ZD43LDAwPC90ZD4NCiAgICAgICAgICAgIDx0ZD4xMzUwPC90ZD4NCiAgICAgICAgICAgIDx0ZD4xNTYwPC90ZD4NCg0KICAgICAgICA8L3RyPg0KICAgIDwvdGJvZHk+DQo8L3RhYmxlPg==[\/vc_raw_html][\/vc_column_inner][\/vc_row_inner][\/vc_column][vc_column width=&#8220;1\/3&#8243; css=&#8220;.vc_custom_1697619583535{border-left-width: 1px !important;border-left-color: #004f9f !important;border-left-style: solid !important;}&#8220;][vc_widget_sidebar sidebar_id=&#8220;sidebar-3&#8243;][\/vc_column][\/vc_row][\/vc_section]<\/p>\n<\/div>","protected":false},"excerpt":{"rendered":"<p>[vc_section css=&#8220;.vc_custom_1580193165368{padding-bottom: 100px !important;background-color: #eeeeee !important;}&#8220;][vc_row gap=&#8220;35&#8243;][vc_column width=&#8220;2\/3&#8243;][vc_column_text] UNI EN ISO 6931\u20131.4462 X2CrNiMoN22-5-3 DUPLEX [\/vc_column_text][vc_column_text]Rostfreier Duplex-Austenit-Ferrit-Stahl, der eine ausgezeichnete Erm\u00fcdungsbest\u00e4ndigkeit und eine hohe Korrosionsbest\u00e4ndigkeit bietet.[\/vc_column_text][vc_single_image image=&#8220;30&#8243; alignment=&#8220;center&#8220; el_class=&#8220;img-molla&#8220; css=&#8220;.vc_custom_1721892892968{margin-top: 20px !important;margin-bottom: 20px !important;}&#8220;][vc_column_text]Chemische Zusammensetzung, % in der Masse:[\/vc_column_text][vc_raw_html]W3RhYmxlIGlkPTYwIC9d[\/vc_raw_html][vc_raw_html]W3RhYmxlIGlkPTg4IC9d[\/vc_raw_html][vc_column_text]Zugfestigkeit in MPa. F\u00fcr Zwischenwerte der Durchmesser ist der n\u00e4chstgr\u00f6\u00dfere Durchmesser zum gew\u00fcnschten Durchmesser zu ber\u00fccksichtigen.[\/vc_column_text][vc_row_inner][vc_column_inner][vc_raw_html]PHN0eWxlPg0KICAgIHRhYmxlIHsNCiAgICAgICAgYm9yZGVyLWNvbGxhcHNlOiBjb2xsYXBzZTsNCiAgICAgICAgd2lkdGg6IDEwMCU7DQogICAgfQ0KICAgIHRoZWFkIHtmb250LXdlaWdodDo3MDA7Y29sb3I6IzAwMDt9DQogICAgdGgsDQogICAgdGQgew0KICAgICAgICBib3JkZXI6IDFweCBzb2xpZCAjY2NjOw0KICAgICAgICBwYWRkaW5nOiA4cHg7DQogICAgICAgIHRleHQtYWxpZ246IGNlbnRlcjsNCiAgICB9DQoNCiAgICB0aCB7DQogICAgICAgIGJhY2tncm91bmQtY29sb3I6ICNmMmYyZjI7DQogICAgfQ0KPC9zdHlsZT48YnI+PGJyPjx0YWJsZT4NCiAgICA8dGhlYWQ+DQogICAgICAgIDx0cj4NCiAgICAgICAgICAgIDx0ZD5kPC90ZD4NCiAgICAgICAgICAgIDx0ZD5NaW48L3RkPg0KICAgICAgICAgICAgPHRkPk1heDwvdGQ+DQogICAgICAgIDwvdHI+DQogICAgPC90aGVhZD4NCiAgICA8dGJvZHk+DQoNCiAgICAgICAgPHRyPg0KICAgICAgICAgICAgPHRkPjAsMjA8L3RkPg0KICAgICAgICAgICAgPHRkPjIxNTA8L3RkPg0KICAgICAgICAgICAgPHRkPjI0ODA8L3RkPg0KDQogICAgICAgIDwvdHI+DQogICAgICAgIDx0cj4NCiAgICAgICAgICAgIDx0ZD4wLDMwPC90ZD4NCiAgICAgICAgICAgIDx0ZD4yMTAwPC90ZD4NCiAgICAgICAgICAgIDx0ZD4yNDIwPC90ZD4NCg0KICAgICAgICA8L3RyPg0KICAgICAgICA8dHI+DQogICAgICAgICAgICA8dGQ+MCw0MDwvdGQ+DQogICAgICAgICAgICA8dGQ+MjAwMDwvdGQ+DQogICAgICAgICAgICA8dGQ+MjMwMDwvdGQ+DQoNCiAgICAgICAgPC90cj4NCiAgICAgICAgPHRyPg0KICAgICAgICAgICAgPHRkPjAsNTA8L3RkPg0KICAgICAgICAgICAgPHRkPjIwMDA8L3RkPg0KICAgICAgICAgICAgPHRkPjIzMDA8L3RkPg0KDQogICAgICAgIDwvdHI+DQoNCiAgICAgICAgPHRyPg0KICAgICAgICAgICAgPHRkPjAsNjU8L3RkPg0KICAgICAgICAgICAgPHRkPjE5MDA8L3RkPg0KICAgICAgICAgICAgPHRkPjIxOTA8L3RkPg0KDQogICAgICAgIDwvdHI+DQogICAgICAgIDx0cj4NCiAgICAgICAgICAgIDx0ZD4wLDgwPC90ZD4NCiAgICAgICAgICAgIDx0ZD4xOTAwPC90ZD4NCiAgICAgICAgICAgIDx0ZD4yMTkwPC90ZD4NCg0KICAgICAgICA8L3RyPg0KICAgICAgICA8dHI+DQogICAgICAgICAgICA8dGQ+MSwwMDwvdGQ+DQogICAgICAgICAgICA8dGQ+MTgwMDwvdGQ+DQogICAgICAgICAgICA8dGQ+MjA3MDwvdGQ+DQoNCiAgICAgICAgPC90cj4NCiAgICAgICAgPHRyPg0KICAgICAgICAgICAgPHRkPjEsMjU8L3RkPg0KICAgICAgICAgICAgPHRkPjE4MDA8L3RkPg0KICAgICAgICAgICAgPHRkPjIwNzA8L3RkPg0KDQogICAgICAgIDwvdHI+DQogICAgICAgIDx0cj4NCiAgICAgICAgICAgIDx0ZD4xLDUwPC90ZD4NCiAgICAgICAgICAgIDx0ZD4xNzAwPC90ZD4NCiAgICAgICAgICAgIDx0ZD4xOTYwPC90ZD4NCg0KICAgICAgICA8L3RyPg0KICAgICAgICA8dHI+DQogICAgICAgICAgICA8dGQ+MSw3NTwvdGQ+DQogICAgICAgICAgICA8dGQ+MTcwMDwvdGQ+DQogICAgICAgICAgICA8dGQ+MTk2MDwvdGQ+DQoNCiAgICAgICAgPC90cj4NCiAgICAgICAgPHRyPg0KICAgICAgICAgICAgPHRkPjIsMDA8L3RkPg0KICAgICAgICAgICAgPHRkPjE3MDA8L3RkPg0KICAgICAgICAgICAgPHRkPjE5NjA8L3RkPg0KDQogICAgICAgIDwvdHI+DQogICAgICAgIDx0cj4NCiAgICAgICAgICAgIDx0ZD4yLDUwPC90ZD4NCiAgICAgICAgICAgIDx0ZD4xNTUwPC90ZD4NCiAgICAgICAgICAgIDx0ZD4xNzkwPC90ZD4NCg0KICAgICAgICA8L3RyPg0KICAgICAgICA8dHI+DQogICAgICAgICAgICA8dGQ+MywwMDwvdGQ+DQogICAgICAgICAgICA8dGQ+MTU1MDwvdGQ+DQogICAgICAgICAgICA8dGQ+MTc5MDwvdGQ+DQoNCiAgICAgICAgPC90cj4NCiAgICAgICAgPHRyPg0KICAgICAgICAgICAgPHRkPjMsNTA8L3RkPg0KICAgICAgICAgICAgPHRkPjE1NTA8L3RkPg0KICAgICAgICAgICAgPHRkPjE3OTA8L3RkPg0KDQogICAgICAgIDwvdHI+DQogICAgICAgIDx0cj4NCiAgICAgICAgICAgIDx0ZD40LDI1PC90ZD4NCiAgICAgICAgICAgIDx0ZD4xNDUwPC90ZD4NCiAgICAgICAgICAgIDx0ZD4xNjcwPC90ZD4NCg0KICAgICAgICA8L3RyPg0KICAgICAgICA8dHI+DQogICAgICAgICAgICA8dGQ+NSwwMDwvdGQ+DQogICAgICAgICAgICA8dGQ+MTQ1MDwvdGQ+DQogICAgICAgICAgICA8dGQ+MTY3MDwvdGQ+DQoNCiAgICAgICAgPC90cj4NCiAgICAgICAgPHRyPg0KICAgICAgICAgICAgPHRkPjYsMDA8L3RkPg0KICAgICAgICAgICAgPHRkPjEzNTA8L3RkPg0KICAgICAgICAgICAgPHRkPjE1NjA8L3RkPg0KDQogICAgICAgIDwvdHI+DQogICAgICAgIDx0cj4NCiAgICAgICAgICAgIDx0ZD43LDAwPC90ZD4NCiAgICAgICAgICAgIDx0ZD4xMzUwPC90ZD4NCiAgICAgICAgICAgIDx0ZD4xNTYwPC90ZD4NCg0KICAgICAgICA8L3RyPg0KICAgIDwvdGJvZHk+DQo8L3RhYmxlPg==[\/vc_raw_html][\/vc_column_inner][\/vc_row_inner][\/vc_column][vc_column width=&#8220;1\/3&#8243; css=&#8220;.vc_custom_1697619583535{border-left-width: [&hellip;]<\/p>\n","protected":false},"author":5,"featured_media":3873,"parent":4019,"menu_order":0,"comment_status":"closed","ping_status":"closed","template":"","meta":{"footnotes":""},"class_list":["post-4040","page","type-page","status-publish","hentry"],"yoast_head":"<!-- This site is optimized with the Yoast SEO plugin v27.3 - https:\/\/yoast.com\/product\/yoast-seo-wordpress\/ -->\n<title>Mollificio Modenese \u2013 Edelstahl verschiedener Art<\/title>\n<meta name=\"description\" content=\"Erfahren Sie mehr \u00fcber die verschiedenen Arten von rostfreiem Edelstahl, die von Mollificio Modenese verwendet werden. Setzen Sie sich mit uns in Verbindung, falls Sie Informationen w\u00fcnschen. Wir stehen zu Ihrer Verf\u00fcgung!\" \/>\n<meta name=\"robots\" content=\"index, follow, max-snippet:-1, max-image-preview:large, max-video-preview:-1\" \/>\n<link rel=\"canonical\" href=\"https:\/\/www.mollificiomodenese.it\/approfondimenti-mondo-molle-industriali\/i-materiali-utilizzati\/uni-en-iso-6931-1-4462\/\" \/>\n<meta property=\"og:locale\" content=\"de_DE\" \/>\n<meta property=\"og:type\" content=\"article\" \/>\n<meta property=\"og:title\" content=\"Mollificio Modenese \u2013 Edelstahl verschiedener Art\" \/>\n<meta property=\"og:description\" content=\"Erfahren Sie mehr \u00fcber die verschiedenen Arten von rostfreiem Edelstahl, die von Mollificio Modenese verwendet werden. Setzen Sie sich mit uns in Verbindung, falls Sie Informationen w\u00fcnschen. Wir stehen zu Ihrer Verf\u00fcgung!\" \/>\n<meta property=\"og:url\" content=\"https:\/\/www.mollificiomodenese.it\/approfondimenti-mondo-molle-industriali\/i-materiali-utilizzati\/uni-en-iso-6931-1-4462\/\" \/>\n<meta property=\"og:site_name\" content=\"MOLLIFICIO MODENESE\" \/>\n<meta property=\"article:modified_time\" content=\"2025-06-30T14:29:14+00:00\" \/>\n<meta property=\"og:image\" content=\"https:\/\/www.mollificiomodenese.it\/wp-content\/uploads\/2020\/01\/sfondo2.jpg\" \/>\n\t<meta property=\"og:image:width\" content=\"1250\" \/>\n\t<meta property=\"og:image:height\" content=\"620\" \/>\n\t<meta property=\"og:image:type\" content=\"image\/jpeg\" \/>\n<meta name=\"twitter:card\" content=\"summary_large_image\" \/>\n<meta name=\"twitter:label1\" content=\"Gesch\u00e4tzte Lesezeit\" \/>\n\t<meta name=\"twitter:data1\" content=\"3\u00a0Minuten\" \/>\n<script type=\"application\/ld+json\" class=\"yoast-schema-graph\">{\"@context\":\"https:\\\/\\\/schema.org\",\"@graph\":[{\"@type\":\"WebPage\",\"@id\":\"https:\\\/\\\/www.mollificiomodenese.it\\\/approfondimenti-mondo-molle-industriali\\\/i-materiali-utilizzati\\\/uni-en-iso-6931-1-4462\\\/\",\"url\":\"https:\\\/\\\/www.mollificiomodenese.it\\\/approfondimenti-mondo-molle-industriali\\\/i-materiali-utilizzati\\\/uni-en-iso-6931-1-4462\\\/\",\"name\":\"Mollificio Modenese \u2013 Edelstahl verschiedener Art\",\"isPartOf\":{\"@id\":\"https:\\\/\\\/www.mollificiomodenese.it\\\/#website\"},\"primaryImageOfPage\":{\"@id\":\"https:\\\/\\\/www.mollificiomodenese.it\\\/approfondimenti-mondo-molle-industriali\\\/i-materiali-utilizzati\\\/uni-en-iso-6931-1-4462\\\/#primaryimage\"},\"image\":{\"@id\":\"https:\\\/\\\/www.mollificiomodenese.it\\\/approfondimenti-mondo-molle-industriali\\\/i-materiali-utilizzati\\\/uni-en-iso-6931-1-4462\\\/#primaryimage\"},\"thumbnailUrl\":\"https:\\\/\\\/www.mollificiomodenese.it\\\/wp-content\\\/uploads\\\/2020\\\/01\\\/sfondo2.jpg\",\"datePublished\":\"2025-06-27T14:43:10+00:00\",\"dateModified\":\"2025-06-30T14:29:14+00:00\",\"description\":\"Erfahren Sie mehr \u00fcber die verschiedenen Arten von rostfreiem Edelstahl, die von Mollificio Modenese verwendet werden. Setzen Sie sich mit uns in Verbindung, falls Sie Informationen w\u00fcnschen. Wir stehen zu Ihrer Verf\u00fcgung!\",\"breadcrumb\":{\"@id\":\"https:\\\/\\\/www.mollificiomodenese.it\\\/approfondimenti-mondo-molle-industriali\\\/i-materiali-utilizzati\\\/uni-en-iso-6931-1-4462\\\/#breadcrumb\"},\"inLanguage\":\"de\",\"potentialAction\":[{\"@type\":\"ReadAction\",\"target\":[\"https:\\\/\\\/www.mollificiomodenese.it\\\/approfondimenti-mondo-molle-industriali\\\/i-materiali-utilizzati\\\/uni-en-iso-6931-1-4462\\\/\"]}]},{\"@type\":\"ImageObject\",\"inLanguage\":\"de\",\"@id\":\"https:\\\/\\\/www.mollificiomodenese.it\\\/approfondimenti-mondo-molle-industriali\\\/i-materiali-utilizzati\\\/uni-en-iso-6931-1-4462\\\/#primaryimage\",\"url\":\"https:\\\/\\\/www.mollificiomodenese.it\\\/wp-content\\\/uploads\\\/2020\\\/01\\\/sfondo2.jpg\",\"contentUrl\":\"https:\\\/\\\/www.mollificiomodenese.it\\\/wp-content\\\/uploads\\\/2020\\\/01\\\/sfondo2.jpg\",\"width\":1250,\"height\":620,\"caption\":\"mollificio modenese\"},{\"@type\":\"BreadcrumbList\",\"@id\":\"https:\\\/\\\/www.mollificiomodenese.it\\\/approfondimenti-mondo-molle-industriali\\\/i-materiali-utilizzati\\\/uni-en-iso-6931-1-4462\\\/#breadcrumb\",\"itemListElement\":[{\"@type\":\"ListItem\",\"position\":1,\"name\":\"Home\",\"item\":\"https:\\\/\\\/www.mollificiomodenese.it\\\/de\\\/\"},{\"@type\":\"ListItem\",\"position\":2,\"name\":\"Vertiefende Informationen zur Welt der Federn\",\"item\":\"https:\\\/\\\/www.mollificiomodenese.it\\\/approfondimenti-mondo-molle-industriali\\\/\"},{\"@type\":\"ListItem\",\"position\":3,\"name\":\"Die verwendeten Materialien\",\"item\":\"https:\\\/\\\/www.mollificiomodenese.it\\\/approfondimenti-mondo-molle-industriali\\\/i-materiali-utilizzati\\\/\"},{\"@type\":\"ListItem\",\"position\":4,\"name\":\"UNI EN ISO 6931\u20131.4462\"}]},{\"@type\":\"WebSite\",\"@id\":\"https:\\\/\\\/www.mollificiomodenese.it\\\/#website\",\"url\":\"https:\\\/\\\/www.mollificiomodenese.it\\\/\",\"name\":\"MOLLIFICIO MODENESE\",\"description\":\"\",\"potentialAction\":[{\"@type\":\"SearchAction\",\"target\":{\"@type\":\"EntryPoint\",\"urlTemplate\":\"https:\\\/\\\/www.mollificiomodenese.it\\\/?s={search_term_string}\"},\"query-input\":{\"@type\":\"PropertyValueSpecification\",\"valueRequired\":true,\"valueName\":\"search_term_string\"}}],\"inLanguage\":\"de\"}]}<\/script>\n<!-- \/ Yoast SEO plugin. -->","yoast_head_json":{"title":"Mollificio Modenese \u2013 Edelstahl verschiedener Art","description":"Erfahren Sie mehr \u00fcber die verschiedenen Arten von rostfreiem Edelstahl, die von Mollificio Modenese verwendet werden. Setzen Sie sich mit uns in Verbindung, falls Sie Informationen w\u00fcnschen. Wir stehen zu Ihrer Verf\u00fcgung!","robots":{"index":"index","follow":"follow","max-snippet":"max-snippet:-1","max-image-preview":"max-image-preview:large","max-video-preview":"max-video-preview:-1"},"canonical":"https:\/\/www.mollificiomodenese.it\/approfondimenti-mondo-molle-industriali\/i-materiali-utilizzati\/uni-en-iso-6931-1-4462\/","og_locale":"de_DE","og_type":"article","og_title":"Mollificio Modenese \u2013 Edelstahl verschiedener Art","og_description":"Erfahren Sie mehr \u00fcber die verschiedenen Arten von rostfreiem Edelstahl, die von Mollificio Modenese verwendet werden. Setzen Sie sich mit uns in Verbindung, falls Sie Informationen w\u00fcnschen. Wir stehen zu Ihrer Verf\u00fcgung!","og_url":"https:\/\/www.mollificiomodenese.it\/approfondimenti-mondo-molle-industriali\/i-materiali-utilizzati\/uni-en-iso-6931-1-4462\/","og_site_name":"MOLLIFICIO MODENESE","article_modified_time":"2025-06-30T14:29:14+00:00","og_image":[{"width":1250,"height":620,"url":"https:\/\/www.mollificiomodenese.it\/wp-content\/uploads\/2020\/01\/sfondo2.jpg","type":"image\/jpeg"}],"twitter_card":"summary_large_image","twitter_misc":{"Gesch\u00e4tzte Lesezeit":"3\u00a0Minuten"},"schema":{"@context":"https:\/\/schema.org","@graph":[{"@type":"WebPage","@id":"https:\/\/www.mollificiomodenese.it\/approfondimenti-mondo-molle-industriali\/i-materiali-utilizzati\/uni-en-iso-6931-1-4462\/","url":"https:\/\/www.mollificiomodenese.it\/approfondimenti-mondo-molle-industriali\/i-materiali-utilizzati\/uni-en-iso-6931-1-4462\/","name":"Mollificio Modenese \u2013 Edelstahl verschiedener Art","isPartOf":{"@id":"https:\/\/www.mollificiomodenese.it\/#website"},"primaryImageOfPage":{"@id":"https:\/\/www.mollificiomodenese.it\/approfondimenti-mondo-molle-industriali\/i-materiali-utilizzati\/uni-en-iso-6931-1-4462\/#primaryimage"},"image":{"@id":"https:\/\/www.mollificiomodenese.it\/approfondimenti-mondo-molle-industriali\/i-materiali-utilizzati\/uni-en-iso-6931-1-4462\/#primaryimage"},"thumbnailUrl":"https:\/\/www.mollificiomodenese.it\/wp-content\/uploads\/2020\/01\/sfondo2.jpg","datePublished":"2025-06-27T14:43:10+00:00","dateModified":"2025-06-30T14:29:14+00:00","description":"Erfahren Sie mehr \u00fcber die verschiedenen Arten von rostfreiem Edelstahl, die von Mollificio Modenese verwendet werden. Setzen Sie sich mit uns in Verbindung, falls Sie Informationen w\u00fcnschen. Wir stehen zu Ihrer Verf\u00fcgung!","breadcrumb":{"@id":"https:\/\/www.mollificiomodenese.it\/approfondimenti-mondo-molle-industriali\/i-materiali-utilizzati\/uni-en-iso-6931-1-4462\/#breadcrumb"},"inLanguage":"de","potentialAction":[{"@type":"ReadAction","target":["https:\/\/www.mollificiomodenese.it\/approfondimenti-mondo-molle-industriali\/i-materiali-utilizzati\/uni-en-iso-6931-1-4462\/"]}]},{"@type":"ImageObject","inLanguage":"de","@id":"https:\/\/www.mollificiomodenese.it\/approfondimenti-mondo-molle-industriali\/i-materiali-utilizzati\/uni-en-iso-6931-1-4462\/#primaryimage","url":"https:\/\/www.mollificiomodenese.it\/wp-content\/uploads\/2020\/01\/sfondo2.jpg","contentUrl":"https:\/\/www.mollificiomodenese.it\/wp-content\/uploads\/2020\/01\/sfondo2.jpg","width":1250,"height":620,"caption":"mollificio modenese"},{"@type":"BreadcrumbList","@id":"https:\/\/www.mollificiomodenese.it\/approfondimenti-mondo-molle-industriali\/i-materiali-utilizzati\/uni-en-iso-6931-1-4462\/#breadcrumb","itemListElement":[{"@type":"ListItem","position":1,"name":"Home","item":"https:\/\/www.mollificiomodenese.it\/de\/"},{"@type":"ListItem","position":2,"name":"Vertiefende Informationen zur Welt der Federn","item":"https:\/\/www.mollificiomodenese.it\/approfondimenti-mondo-molle-industriali\/"},{"@type":"ListItem","position":3,"name":"Die verwendeten Materialien","item":"https:\/\/www.mollificiomodenese.it\/approfondimenti-mondo-molle-industriali\/i-materiali-utilizzati\/"},{"@type":"ListItem","position":4,"name":"UNI EN ISO 6931\u20131.4462"}]},{"@type":"WebSite","@id":"https:\/\/www.mollificiomodenese.it\/#website","url":"https:\/\/www.mollificiomodenese.it\/","name":"MOLLIFICIO MODENESE","description":"","potentialAction":[{"@type":"SearchAction","target":{"@type":"EntryPoint","urlTemplate":"https:\/\/www.mollificiomodenese.it\/?s={search_term_string}"},"query-input":{"@type":"PropertyValueSpecification","valueRequired":true,"valueName":"search_term_string"}}],"inLanguage":"de"}]}},"_links":{"self":[{"href":"https:\/\/www.mollificiomodenese.it\/de\/wp-json\/wp\/v2\/pages\/4040","targetHints":{"allow":["GET"]}}],"collection":[{"href":"https:\/\/www.mollificiomodenese.it\/de\/wp-json\/wp\/v2\/pages"}],"about":[{"href":"https:\/\/www.mollificiomodenese.it\/de\/wp-json\/wp\/v2\/types\/page"}],"author":[{"embeddable":true,"href":"https:\/\/www.mollificiomodenese.it\/de\/wp-json\/wp\/v2\/users\/5"}],"replies":[{"embeddable":true,"href":"https:\/\/www.mollificiomodenese.it\/de\/wp-json\/wp\/v2\/comments?post=4040"}],"version-history":[{"count":5,"href":"https:\/\/www.mollificiomodenese.it\/de\/wp-json\/wp\/v2\/pages\/4040\/revisions"}],"predecessor-version":[{"id":4183,"href":"https:\/\/www.mollificiomodenese.it\/de\/wp-json\/wp\/v2\/pages\/4040\/revisions\/4183"}],"up":[{"embeddable":true,"href":"https:\/\/www.mollificiomodenese.it\/de\/wp-json\/wp\/v2\/pages\/4019"}],"wp:featuredmedia":[{"embeddable":true,"href":"https:\/\/www.mollificiomodenese.it\/de\/wp-json\/wp\/v2\/media\/3873"}],"wp:attachment":[{"href":"https:\/\/www.mollificiomodenese.it\/de\/wp-json\/wp\/v2\/media?parent=4040"}],"curies":[{"name":"wp","href":"https:\/\/api.w.org\/{rel}","templated":true}]}}