{"id":4043,"date":"2025-06-27T16:44:35","date_gmt":"2025-06-27T14:44:35","guid":{"rendered":"https:\/\/www.mollificiomodenese.it\/vertiefende-informationen-zur-welt-der-federn\/die-verwendeten-materialien\/verguetungsstahl-en-10089-51crv4\/"},"modified":"2025-06-30T16:31:27","modified_gmt":"2025-06-30T14:31:27","slug":"verguetungsstahl-en-10089-51crv4","status":"publish","type":"page","link":"https:\/\/www.mollificiomodenese.it\/de\/vertiefende-informationen-zur-welt-der-federn\/die-verwendeten-materialien\/verguetungsstahl-en-10089-51crv4\/","title":{"rendered":"Verg\u00fctungsstahl EN 10089 51CrV4"},"content":{"rendered":"<div class=\"wpb-content-wrapper\"><p>[vc_section css=&#8220;.vc_custom_1580193165368{padding-bottom: 100px !important;background-color: #eeeeee !important;}&#8220;][vc_row gap=&#8220;35&#8243;][vc_column width=&#8220;2\/3&#8243;][vc_column_text]<\/p>\n<h1>Verg\u00fctungsstahl EN 10089 51CrV4<\/h1>\n<p>[\/vc_column_text][vc_column_text]Mit Chrom-Vanadium legierter Stahl, der f\u00fcr gro\u00dfe Federn verwendet wird, die durch Warmwickeln hergestellt werden. Nach der Formgebung ist eine W\u00e4rmebehandlung zur Verg\u00fctung erforderlich.[\/vc_column_text][vc_single_image image=&#8220;30&#8243; alignment=&#8220;center&#8220; el_class=&#8220;img-molla&#8220; css=&#8220;.vc_custom_1721892892968{margin-top: 20px !important;margin-bottom: 20px !important;}&#8220;][vc_column_text]Chemische Zusammensetzung, % in der Masse:[\/vc_column_text][vc_raw_html]W3RhYmxlIGlkPTY0IC9d[\/vc_raw_html][vc_raw_html]W3RhYmxlIGlkPTg5IC9d[\/vc_raw_html][vc_column_text]Zugfestigkeit in MPa.[\/vc_column_text][vc_raw_html]W3RhYmxlIGlkPTY2IC9d[\/vc_raw_html][\/vc_column][vc_column width=&#8220;1\/3&#8243; css=&#8220;.vc_custom_1697619583535{border-left-width: 1px !important;border-left-color: #004f9f !important;border-left-style: solid !important;}&#8220;][vc_widget_sidebar sidebar_id=&#8220;sidebar-3&#8243;][\/vc_column][\/vc_row][\/vc_section]<\/p>\n<\/div>","protected":false},"excerpt":{"rendered":"<p>[vc_section css=&#8220;.vc_custom_1580193165368{padding-bottom: 100px !important;background-color: #eeeeee !important;}&#8220;][vc_row gap=&#8220;35&#8243;][vc_column width=&#8220;2\/3&#8243;][vc_column_text] Verg\u00fctungsstahl EN 10089 51CrV4 [\/vc_column_text][vc_column_text]Mit Chrom-Vanadium legierter Stahl, der f\u00fcr gro\u00dfe Federn verwendet wird, die durch Warmwickeln hergestellt werden. Nach der Formgebung ist eine W\u00e4rmebehandlung zur Verg\u00fctung erforderlich.[\/vc_column_text][vc_single_image image=&#8220;30&#8243; alignment=&#8220;center&#8220; el_class=&#8220;img-molla&#8220; css=&#8220;.vc_custom_1721892892968{margin-top: 20px !important;margin-bottom: 20px !important;}&#8220;][vc_column_text]Chemische Zusammensetzung, % in der Masse:[\/vc_column_text][vc_raw_html]W3RhYmxlIGlkPTY0IC9d[\/vc_raw_html][vc_raw_html]W3RhYmxlIGlkPTg5IC9d[\/vc_raw_html][vc_column_text]Zugfestigkeit in MPa.[\/vc_column_text][vc_raw_html]W3RhYmxlIGlkPTY2IC9d[\/vc_raw_html][\/vc_column][vc_column width=&#8220;1\/3&#8243; css=&#8220;.vc_custom_1697619583535{border-left-width: 1px !important;border-left-color: [&hellip;]<\/p>\n","protected":false},"author":5,"featured_media":3873,"parent":4019,"menu_order":0,"comment_status":"closed","ping_status":"closed","template":"","meta":{"footnotes":""},"class_list":["post-4043","page","type-page","status-publish","hentry"],"yoast_head":"<!-- This site is optimized with the Yoast SEO plugin v27.3 - https:\/\/yoast.com\/product\/yoast-seo-wordpress\/ -->\n<title>Mollificio Modenese \u2013 Edelstahl verschiedener Art<\/title>\n<meta name=\"description\" content=\"Erfahren Sie mehr \u00fcber die verschiedenen Arten von rostfreiem Edelstahl, die von Mollificio Modenese verwendet werden. Setzen Sie sich mit uns in Verbindung, falls Sie Informationen w\u00fcnschen. Wir stehen zu Ihrer Verf\u00fcgung!\" \/>\n<meta name=\"robots\" content=\"index, follow, max-snippet:-1, max-image-preview:large, max-video-preview:-1\" \/>\n<link rel=\"canonical\" href=\"https:\/\/www.mollificiomodenese.it\/approfondimenti-mondo-molle-industriali\/i-materiali-utilizzati\/acciaio-da-bonifica-en-10089-51crv4\/\" \/>\n<meta property=\"og:locale\" content=\"de_DE\" \/>\n<meta property=\"og:type\" content=\"article\" \/>\n<meta property=\"og:title\" content=\"Mollificio Modenese \u2013 Edelstahl verschiedener Art\" \/>\n<meta property=\"og:description\" content=\"Erfahren Sie mehr \u00fcber die verschiedenen Arten von rostfreiem Edelstahl, die von Mollificio Modenese verwendet werden. Setzen Sie sich mit uns in Verbindung, falls Sie Informationen w\u00fcnschen. Wir stehen zu Ihrer Verf\u00fcgung!\" \/>\n<meta property=\"og:url\" content=\"https:\/\/www.mollificiomodenese.it\/approfondimenti-mondo-molle-industriali\/i-materiali-utilizzati\/acciaio-da-bonifica-en-10089-51crv4\/\" \/>\n<meta property=\"og:site_name\" content=\"MOLLIFICIO MODENESE\" \/>\n<meta property=\"article:modified_time\" content=\"2025-06-30T14:31:27+00:00\" \/>\n<meta property=\"og:image\" content=\"https:\/\/www.mollificiomodenese.it\/wp-content\/uploads\/2020\/01\/sfondo2.jpg\" \/>\n\t<meta property=\"og:image:width\" content=\"1250\" \/>\n\t<meta property=\"og:image:height\" content=\"620\" \/>\n\t<meta property=\"og:image:type\" content=\"image\/jpeg\" \/>\n<meta name=\"twitter:card\" content=\"summary_large_image\" \/>\n<meta name=\"twitter:label1\" content=\"Gesch\u00e4tzte Lesezeit\" \/>\n\t<meta name=\"twitter:data1\" content=\"1\u00a0Minute\" \/>\n<script type=\"application\/ld+json\" class=\"yoast-schema-graph\">{\"@context\":\"https:\\\/\\\/schema.org\",\"@graph\":[{\"@type\":\"WebPage\",\"@id\":\"https:\\\/\\\/www.mollificiomodenese.it\\\/approfondimenti-mondo-molle-industriali\\\/i-materiali-utilizzati\\\/acciaio-da-bonifica-en-10089-51crv4\\\/\",\"url\":\"https:\\\/\\\/www.mollificiomodenese.it\\\/approfondimenti-mondo-molle-industriali\\\/i-materiali-utilizzati\\\/acciaio-da-bonifica-en-10089-51crv4\\\/\",\"name\":\"Mollificio Modenese \u2013 Edelstahl verschiedener Art\",\"isPartOf\":{\"@id\":\"https:\\\/\\\/www.mollificiomodenese.it\\\/#website\"},\"primaryImageOfPage\":{\"@id\":\"https:\\\/\\\/www.mollificiomodenese.it\\\/approfondimenti-mondo-molle-industriali\\\/i-materiali-utilizzati\\\/acciaio-da-bonifica-en-10089-51crv4\\\/#primaryimage\"},\"image\":{\"@id\":\"https:\\\/\\\/www.mollificiomodenese.it\\\/approfondimenti-mondo-molle-industriali\\\/i-materiali-utilizzati\\\/acciaio-da-bonifica-en-10089-51crv4\\\/#primaryimage\"},\"thumbnailUrl\":\"https:\\\/\\\/www.mollificiomodenese.it\\\/wp-content\\\/uploads\\\/2020\\\/01\\\/sfondo2.jpg\",\"datePublished\":\"2025-06-27T14:44:35+00:00\",\"dateModified\":\"2025-06-30T14:31:27+00:00\",\"description\":\"Erfahren Sie mehr \u00fcber die verschiedenen Arten von rostfreiem Edelstahl, die von Mollificio Modenese verwendet werden. Setzen Sie sich mit uns in Verbindung, falls Sie Informationen w\u00fcnschen. Wir stehen zu Ihrer Verf\u00fcgung!\",\"breadcrumb\":{\"@id\":\"https:\\\/\\\/www.mollificiomodenese.it\\\/approfondimenti-mondo-molle-industriali\\\/i-materiali-utilizzati\\\/acciaio-da-bonifica-en-10089-51crv4\\\/#breadcrumb\"},\"inLanguage\":\"de\",\"potentialAction\":[{\"@type\":\"ReadAction\",\"target\":[\"https:\\\/\\\/www.mollificiomodenese.it\\\/approfondimenti-mondo-molle-industriali\\\/i-materiali-utilizzati\\\/acciaio-da-bonifica-en-10089-51crv4\\\/\"]}]},{\"@type\":\"ImageObject\",\"inLanguage\":\"de\",\"@id\":\"https:\\\/\\\/www.mollificiomodenese.it\\\/approfondimenti-mondo-molle-industriali\\\/i-materiali-utilizzati\\\/acciaio-da-bonifica-en-10089-51crv4\\\/#primaryimage\",\"url\":\"https:\\\/\\\/www.mollificiomodenese.it\\\/wp-content\\\/uploads\\\/2020\\\/01\\\/sfondo2.jpg\",\"contentUrl\":\"https:\\\/\\\/www.mollificiomodenese.it\\\/wp-content\\\/uploads\\\/2020\\\/01\\\/sfondo2.jpg\",\"width\":1250,\"height\":620,\"caption\":\"mollificio modenese\"},{\"@type\":\"BreadcrumbList\",\"@id\":\"https:\\\/\\\/www.mollificiomodenese.it\\\/approfondimenti-mondo-molle-industriali\\\/i-materiali-utilizzati\\\/acciaio-da-bonifica-en-10089-51crv4\\\/#breadcrumb\",\"itemListElement\":[{\"@type\":\"ListItem\",\"position\":1,\"name\":\"Home\",\"item\":\"https:\\\/\\\/www.mollificiomodenese.it\\\/de\\\/\"},{\"@type\":\"ListItem\",\"position\":2,\"name\":\"Vertiefende Informationen zur Welt der Federn\",\"item\":\"https:\\\/\\\/www.mollificiomodenese.it\\\/approfondimenti-mondo-molle-industriali\\\/\"},{\"@type\":\"ListItem\",\"position\":3,\"name\":\"Die verwendeten Materialien\",\"item\":\"https:\\\/\\\/www.mollificiomodenese.it\\\/approfondimenti-mondo-molle-industriali\\\/i-materiali-utilizzati\\\/\"},{\"@type\":\"ListItem\",\"position\":4,\"name\":\"Verg\u00fctungsstahl EN 10089 51CrV4\"}]},{\"@type\":\"WebSite\",\"@id\":\"https:\\\/\\\/www.mollificiomodenese.it\\\/#website\",\"url\":\"https:\\\/\\\/www.mollificiomodenese.it\\\/\",\"name\":\"MOLLIFICIO MODENESE\",\"description\":\"\",\"potentialAction\":[{\"@type\":\"SearchAction\",\"target\":{\"@type\":\"EntryPoint\",\"urlTemplate\":\"https:\\\/\\\/www.mollificiomodenese.it\\\/?s={search_term_string}\"},\"query-input\":{\"@type\":\"PropertyValueSpecification\",\"valueRequired\":true,\"valueName\":\"search_term_string\"}}],\"inLanguage\":\"de\"}]}<\/script>\n<!-- \/ Yoast SEO plugin. -->","yoast_head_json":{"title":"Mollificio Modenese \u2013 Edelstahl verschiedener Art","description":"Erfahren Sie mehr \u00fcber die verschiedenen Arten von rostfreiem Edelstahl, die von Mollificio Modenese verwendet werden. Setzen Sie sich mit uns in Verbindung, falls Sie Informationen w\u00fcnschen. Wir stehen zu Ihrer Verf\u00fcgung!","robots":{"index":"index","follow":"follow","max-snippet":"max-snippet:-1","max-image-preview":"max-image-preview:large","max-video-preview":"max-video-preview:-1"},"canonical":"https:\/\/www.mollificiomodenese.it\/approfondimenti-mondo-molle-industriali\/i-materiali-utilizzati\/acciaio-da-bonifica-en-10089-51crv4\/","og_locale":"de_DE","og_type":"article","og_title":"Mollificio Modenese \u2013 Edelstahl verschiedener Art","og_description":"Erfahren Sie mehr \u00fcber die verschiedenen Arten von rostfreiem Edelstahl, die von Mollificio Modenese verwendet werden. Setzen Sie sich mit uns in Verbindung, falls Sie Informationen w\u00fcnschen. Wir stehen zu Ihrer Verf\u00fcgung!","og_url":"https:\/\/www.mollificiomodenese.it\/approfondimenti-mondo-molle-industriali\/i-materiali-utilizzati\/acciaio-da-bonifica-en-10089-51crv4\/","og_site_name":"MOLLIFICIO MODENESE","article_modified_time":"2025-06-30T14:31:27+00:00","og_image":[{"width":1250,"height":620,"url":"https:\/\/www.mollificiomodenese.it\/wp-content\/uploads\/2020\/01\/sfondo2.jpg","type":"image\/jpeg"}],"twitter_card":"summary_large_image","twitter_misc":{"Gesch\u00e4tzte Lesezeit":"1\u00a0Minute"},"schema":{"@context":"https:\/\/schema.org","@graph":[{"@type":"WebPage","@id":"https:\/\/www.mollificiomodenese.it\/approfondimenti-mondo-molle-industriali\/i-materiali-utilizzati\/acciaio-da-bonifica-en-10089-51crv4\/","url":"https:\/\/www.mollificiomodenese.it\/approfondimenti-mondo-molle-industriali\/i-materiali-utilizzati\/acciaio-da-bonifica-en-10089-51crv4\/","name":"Mollificio Modenese \u2013 Edelstahl verschiedener Art","isPartOf":{"@id":"https:\/\/www.mollificiomodenese.it\/#website"},"primaryImageOfPage":{"@id":"https:\/\/www.mollificiomodenese.it\/approfondimenti-mondo-molle-industriali\/i-materiali-utilizzati\/acciaio-da-bonifica-en-10089-51crv4\/#primaryimage"},"image":{"@id":"https:\/\/www.mollificiomodenese.it\/approfondimenti-mondo-molle-industriali\/i-materiali-utilizzati\/acciaio-da-bonifica-en-10089-51crv4\/#primaryimage"},"thumbnailUrl":"https:\/\/www.mollificiomodenese.it\/wp-content\/uploads\/2020\/01\/sfondo2.jpg","datePublished":"2025-06-27T14:44:35+00:00","dateModified":"2025-06-30T14:31:27+00:00","description":"Erfahren Sie mehr \u00fcber die verschiedenen Arten von rostfreiem Edelstahl, die von Mollificio Modenese verwendet werden. Setzen Sie sich mit uns in Verbindung, falls Sie Informationen w\u00fcnschen. Wir stehen zu Ihrer Verf\u00fcgung!","breadcrumb":{"@id":"https:\/\/www.mollificiomodenese.it\/approfondimenti-mondo-molle-industriali\/i-materiali-utilizzati\/acciaio-da-bonifica-en-10089-51crv4\/#breadcrumb"},"inLanguage":"de","potentialAction":[{"@type":"ReadAction","target":["https:\/\/www.mollificiomodenese.it\/approfondimenti-mondo-molle-industriali\/i-materiali-utilizzati\/acciaio-da-bonifica-en-10089-51crv4\/"]}]},{"@type":"ImageObject","inLanguage":"de","@id":"https:\/\/www.mollificiomodenese.it\/approfondimenti-mondo-molle-industriali\/i-materiali-utilizzati\/acciaio-da-bonifica-en-10089-51crv4\/#primaryimage","url":"https:\/\/www.mollificiomodenese.it\/wp-content\/uploads\/2020\/01\/sfondo2.jpg","contentUrl":"https:\/\/www.mollificiomodenese.it\/wp-content\/uploads\/2020\/01\/sfondo2.jpg","width":1250,"height":620,"caption":"mollificio modenese"},{"@type":"BreadcrumbList","@id":"https:\/\/www.mollificiomodenese.it\/approfondimenti-mondo-molle-industriali\/i-materiali-utilizzati\/acciaio-da-bonifica-en-10089-51crv4\/#breadcrumb","itemListElement":[{"@type":"ListItem","position":1,"name":"Home","item":"https:\/\/www.mollificiomodenese.it\/de\/"},{"@type":"ListItem","position":2,"name":"Vertiefende Informationen zur Welt der Federn","item":"https:\/\/www.mollificiomodenese.it\/approfondimenti-mondo-molle-industriali\/"},{"@type":"ListItem","position":3,"name":"Die verwendeten Materialien","item":"https:\/\/www.mollificiomodenese.it\/approfondimenti-mondo-molle-industriali\/i-materiali-utilizzati\/"},{"@type":"ListItem","position":4,"name":"Verg\u00fctungsstahl EN 10089 51CrV4"}]},{"@type":"WebSite","@id":"https:\/\/www.mollificiomodenese.it\/#website","url":"https:\/\/www.mollificiomodenese.it\/","name":"MOLLIFICIO MODENESE","description":"","potentialAction":[{"@type":"SearchAction","target":{"@type":"EntryPoint","urlTemplate":"https:\/\/www.mollificiomodenese.it\/?s={search_term_string}"},"query-input":{"@type":"PropertyValueSpecification","valueRequired":true,"valueName":"search_term_string"}}],"inLanguage":"de"}]}},"_links":{"self":[{"href":"https:\/\/www.mollificiomodenese.it\/de\/wp-json\/wp\/v2\/pages\/4043","targetHints":{"allow":["GET"]}}],"collection":[{"href":"https:\/\/www.mollificiomodenese.it\/de\/wp-json\/wp\/v2\/pages"}],"about":[{"href":"https:\/\/www.mollificiomodenese.it\/de\/wp-json\/wp\/v2\/types\/page"}],"author":[{"embeddable":true,"href":"https:\/\/www.mollificiomodenese.it\/de\/wp-json\/wp\/v2\/users\/5"}],"replies":[{"embeddable":true,"href":"https:\/\/www.mollificiomodenese.it\/de\/wp-json\/wp\/v2\/comments?post=4043"}],"version-history":[{"count":5,"href":"https:\/\/www.mollificiomodenese.it\/de\/wp-json\/wp\/v2\/pages\/4043\/revisions"}],"predecessor-version":[{"id":4188,"href":"https:\/\/www.mollificiomodenese.it\/de\/wp-json\/wp\/v2\/pages\/4043\/revisions\/4188"}],"up":[{"embeddable":true,"href":"https:\/\/www.mollificiomodenese.it\/de\/wp-json\/wp\/v2\/pages\/4019"}],"wp:featuredmedia":[{"embeddable":true,"href":"https:\/\/www.mollificiomodenese.it\/de\/wp-json\/wp\/v2\/media\/3873"}],"wp:attachment":[{"href":"https:\/\/www.mollificiomodenese.it\/de\/wp-json\/wp\/v2\/media?parent=4043"}],"curies":[{"name":"wp","href":"https:\/\/api.w.org\/{rel}","templated":true}]}}