{"id":4074,"date":"2025-06-27T16:57:48","date_gmt":"2025-06-27T14:57:48","guid":{"rendered":"https:\/\/www.mollificiomodenese.it\/vertiefende-informationen-zur-welt-der-federn\/oberflaechenbehandlungen-der-industriellen-federn\/"},"modified":"2025-06-27T16:57:49","modified_gmt":"2025-06-27T14:57:49","slug":"oberflaechenbehandlungen-der-industriellen-federn","status":"publish","type":"page","link":"https:\/\/www.mollificiomodenese.it\/de\/vertiefende-informationen-zur-welt-der-federn\/oberflaechenbehandlungen-der-industriellen-federn\/","title":{"rendered":"Oberfl\u00e4chenbehandlungen der industriellen Federn"},"content":{"rendered":"<div class=\"wpb-content-wrapper\"><p>[vc_section css=&#8220;.vc_custom_1580193165368{padding-bottom: 100px !important;background-color: #eeeeee !important;}&#8220;][vc_row gap=&#8220;35&#8243;][vc_column width=&#8220;2\/3&#8243;][vc_column_text]Die Oberfl\u00e4chenbehandlungen sind industrielle Prozesse, die darauf abzielen, die Oberfl\u00e4che eines Produktes zu ver\u00e4ndern. Sie werden verwendet, um <strong>eine Vielzahl von Produkteigenschaften zu verbessern<\/strong>, darunter die \u00c4sthetik, die Korrosionsbest\u00e4ndigkeit, die H\u00e4rte, die elektrischen oder mechanischen Eigenschaften und die Oberfl\u00e4chenreibung.<\/p>\n<h2>Oberfl\u00e4chenbehandlungen f\u00fcr Federn nach Ma\u00df<\/h2>\n<p>Die Federn k\u00f6nnen je nach den spezifischen Anforderungen der Anwendung einer <strong>Vielzahl von Oberfl\u00e4chenbehandlungen<\/strong> unterzogen werden. Die h\u00e4ufigsten Oberfl\u00e4chenbehandlungen sind:<\/p>\n<ul>\n<li>Verzinken: Es handelt sich um einen galvanischen Prozess, der es erm\u00f6glicht, eine d\u00fcnne Schicht Zink auf die Oberfl\u00e4che der Feder aufzulegen, ein Metall, das eine gute Best\u00e4ndigkeit gegen Korrosion bietet.<\/li>\n<li><strong>Kataphorese<\/strong>: Dies ist eine Art von Lackierung, die durch einen galvanischen Prozess erzielt wird, der die Ablagerung einer Harzschicht auf der Oberfl\u00e4che der Feder garantiert und eine\u00a0 bemerkenswerte Korrosionsbest\u00e4ndigkeit garantiert.<\/li>\n<li><strong>Geomet<\/strong>: Es handelt sich um eine sch\u00fctzende Beschichtung auf der Basis von Zink und Phosphaten. Sie ist abrieb- und verschlei\u00dffest.<\/li>\n<li><strong>Phosphatierung<\/strong>: Es handelt sich um einen Prozess, bei dem eine Schicht aus Zink- oder Manganphosphat auf die Oberfl\u00e4che eines Objekts aufgetragen wird, um eine Barriere zu schaffen, die die Feder vor Korrosion sch\u00fctzt.<\/li>\n<li><strong>Epoxidbeschichtung<\/strong>: Dies ist eine sch\u00fctzende Beschichtung auf Basis von Epoxidharz, die best\u00e4ndig gegen Korrosion, Abrieb und Kratzer ist.<\/li>\n<li><strong>Teflon-Beschichtung<\/strong>: Es handelt sich um einen Prozess, der eine Schicht Teflon auf die Oberfl\u00e4che eines Objekts auftr\u00e4gt. Teflon ist ein Antihaftmaterial und abriebfest, das die Reibung auf der behandelten Federoberfl\u00e4che verringert.<\/li>\n<li><strong>Sandstrahlen<\/strong>: Ein Sandstrahl wird verwendet, um Rost, Schmutz, Grate und andere Verunreinigungen von der Oberfl\u00e4che eines Objekts zu entfernen.<\/li>\n<li><strong>Kugelstrahlen<\/strong>: Durch einen Strahl aus Metall- oder Keramikkugeln werden Rost, Schmutz, Grate und andere Verunreinigungen von der Oberfl\u00e4che eines Objekts entfernt. Au\u00dferdem wird die Feder gegen\u00fcber Erm\u00fcdung widerstandsf\u00e4higer gemacht.<\/li>\n<\/ul>\n<p><\/p>\n<h2>Welche Oberfl\u00e4chenbehandlung sollte f\u00fcr die Federn gew\u00e4hlt werden?<\/h2>\n<p>Die Wahl der am besten geeigneten Oberfl\u00e4chenbehandlung <strong>ist von einer Reihe von Faktoren abh\u00e4ngig<\/strong>, darunter des Federtyps, der Anwendung und den Umgebungsbedingungen. Oberfl\u00e4chenbehandlungen k\u00f6nnen helfen, die Haltbarkeit, die Leistung und die \u00c4sthetik der Federn zu verbessern.<\/p>\n<p>Die genannten Oberfl\u00e4chenbehandlungen geh\u00f6ren zu den h\u00e4ufigsten, stellen jedoch nur einige der verf\u00fcgbaren Optionen dar: Wir werden jede Anfrage nach Oberfl\u00e4chenbehandlungen in Zusammenarbeit mit unseren Anbietern auswerten (alle Oberfl\u00e4chenbehandlungen werden an spezialisierte Unternehmen ausgelagert), um die Erfordernisse des Kunden voll und ganz zu erf\u00fcllen.<\/p>\n<p>Oberfl\u00e4chenbehandlungen m\u00fcssen ausdr\u00fccklich vom Kunden angefordert werden: Bei fehlenden spezifischen Angaben werden die Federn ohne eine Oberfl\u00e4chenbehandlung geliefert.[\/vc_column_text][vc_empty_space][\/vc_column][vc_column width=&#8220;1\/3&#8243; css=&#8220;.vc_custom_1580149774337{border-left-width: 1px !important;border-left-color: #004f9f !important;border-left-style: solid !important;}&#8220;][vc_widget_sidebar sidebar_id=&#8220;sidebar-3&#8243;][\/vc_column][\/vc_row][\/vc_section]<\/p>\n<\/div>","protected":false},"excerpt":{"rendered":"<p>[vc_section css=&#8220;.vc_custom_1580193165368{padding-bottom: 100px !important;background-color: #eeeeee !important;}&#8220;][vc_row gap=&#8220;35&#8243;][vc_column width=&#8220;2\/3&#8243;][vc_column_text]Die Oberfl\u00e4chenbehandlungen sind industrielle Prozesse, die darauf abzielen, die Oberfl\u00e4che eines Produktes zu ver\u00e4ndern. Sie werden verwendet, um eine Vielzahl von Produkteigenschaften zu verbessern, darunter die \u00c4sthetik, die Korrosionsbest\u00e4ndigkeit, die H\u00e4rte, die elektrischen oder mechanischen Eigenschaften und die Oberfl\u00e4chenreibung. Oberfl\u00e4chenbehandlungen f\u00fcr Federn nach Ma\u00df Die Federn k\u00f6nnen je [&hellip;]<\/p>\n","protected":false},"author":5,"featured_media":3873,"parent":4010,"menu_order":0,"comment_status":"closed","ping_status":"closed","template":"","meta":{"footnotes":""},"class_list":["post-4074","page","type-page","status-publish","hentry"],"yoast_head":"<!-- This site is optimized with the Yoast SEO plugin v27.3 - https:\/\/yoast.com\/product\/yoast-seo-wordpress\/ -->\n<title>Oberfl\u00e4chenbehandlungen der industriellen Federn| Mollificio Modenese<\/title>\n<meta name=\"description\" content=\"Erfahren Sie, welche Oberfl\u00e4chenbehandlungen von industriellen Federn auf den Produkten des Mollificio Modenese durchgef\u00fchrt werden k\u00f6nnen. Erfahren Sie mehr dazu und setzen Sie sich mit uns in Verbindung!\" \/>\n<meta name=\"robots\" content=\"index, follow, max-snippet:-1, max-image-preview:large, max-video-preview:-1\" \/>\n<link rel=\"canonical\" href=\"https:\/\/www.mollificiomodenese.it\/approfondimenti-mondo-molle-industriali\/trattamenti-superficiali\/\" \/>\n<meta property=\"og:locale\" content=\"de_DE\" \/>\n<meta property=\"og:type\" content=\"article\" \/>\n<meta property=\"og:title\" content=\"Oberfl\u00e4chenbehandlungen der industriellen Federn| Mollificio Modenese\" \/>\n<meta property=\"og:description\" content=\"Erfahren Sie, welche Oberfl\u00e4chenbehandlungen von industriellen Federn auf den Produkten des Mollificio Modenese durchgef\u00fchrt werden k\u00f6nnen. Erfahren Sie mehr dazu und setzen Sie sich mit uns in Verbindung!\" \/>\n<meta property=\"og:url\" content=\"https:\/\/www.mollificiomodenese.it\/approfondimenti-mondo-molle-industriali\/trattamenti-superficiali\/\" \/>\n<meta property=\"og:site_name\" content=\"MOLLIFICIO MODENESE\" \/>\n<meta property=\"article:modified_time\" content=\"2025-06-27T14:57:49+00:00\" \/>\n<meta property=\"og:image\" content=\"https:\/\/www.mollificiomodenese.it\/wp-content\/uploads\/2020\/01\/sfondo2.jpg\" \/>\n\t<meta property=\"og:image:width\" content=\"1250\" \/>\n\t<meta property=\"og:image:height\" content=\"620\" \/>\n\t<meta property=\"og:image:type\" content=\"image\/jpeg\" \/>\n<meta name=\"twitter:card\" content=\"summary_large_image\" \/>\n<meta name=\"twitter:label1\" content=\"Gesch\u00e4tzte Lesezeit\" \/>\n\t<meta name=\"twitter:data1\" content=\"2\u00a0Minuten\" \/>\n<script type=\"application\/ld+json\" class=\"yoast-schema-graph\">{\"@context\":\"https:\\\/\\\/schema.org\",\"@graph\":[{\"@type\":\"WebPage\",\"@id\":\"https:\\\/\\\/www.mollificiomodenese.it\\\/approfondimenti-mondo-molle-industriali\\\/trattamenti-superficiali\\\/\",\"url\":\"https:\\\/\\\/www.mollificiomodenese.it\\\/approfondimenti-mondo-molle-industriali\\\/trattamenti-superficiali\\\/\",\"name\":\"Oberfl\u00e4chenbehandlungen der industriellen Federn| Mollificio Modenese\",\"isPartOf\":{\"@id\":\"https:\\\/\\\/www.mollificiomodenese.it\\\/#website\"},\"primaryImageOfPage\":{\"@id\":\"https:\\\/\\\/www.mollificiomodenese.it\\\/approfondimenti-mondo-molle-industriali\\\/trattamenti-superficiali\\\/#primaryimage\"},\"image\":{\"@id\":\"https:\\\/\\\/www.mollificiomodenese.it\\\/approfondimenti-mondo-molle-industriali\\\/trattamenti-superficiali\\\/#primaryimage\"},\"thumbnailUrl\":\"https:\\\/\\\/www.mollificiomodenese.it\\\/wp-content\\\/uploads\\\/2020\\\/01\\\/sfondo2.jpg\",\"datePublished\":\"2025-06-27T14:57:48+00:00\",\"dateModified\":\"2025-06-27T14:57:49+00:00\",\"description\":\"Erfahren Sie, welche Oberfl\u00e4chenbehandlungen von industriellen Federn auf den Produkten des Mollificio Modenese durchgef\u00fchrt werden k\u00f6nnen. Erfahren Sie mehr dazu und setzen Sie sich mit uns in Verbindung!\",\"breadcrumb\":{\"@id\":\"https:\\\/\\\/www.mollificiomodenese.it\\\/approfondimenti-mondo-molle-industriali\\\/trattamenti-superficiali\\\/#breadcrumb\"},\"inLanguage\":\"de\",\"potentialAction\":[{\"@type\":\"ReadAction\",\"target\":[\"https:\\\/\\\/www.mollificiomodenese.it\\\/approfondimenti-mondo-molle-industriali\\\/trattamenti-superficiali\\\/\"]}]},{\"@type\":\"ImageObject\",\"inLanguage\":\"de\",\"@id\":\"https:\\\/\\\/www.mollificiomodenese.it\\\/approfondimenti-mondo-molle-industriali\\\/trattamenti-superficiali\\\/#primaryimage\",\"url\":\"https:\\\/\\\/www.mollificiomodenese.it\\\/wp-content\\\/uploads\\\/2020\\\/01\\\/sfondo2.jpg\",\"contentUrl\":\"https:\\\/\\\/www.mollificiomodenese.it\\\/wp-content\\\/uploads\\\/2020\\\/01\\\/sfondo2.jpg\",\"width\":1250,\"height\":620,\"caption\":\"mollificio modenese\"},{\"@type\":\"BreadcrumbList\",\"@id\":\"https:\\\/\\\/www.mollificiomodenese.it\\\/approfondimenti-mondo-molle-industriali\\\/trattamenti-superficiali\\\/#breadcrumb\",\"itemListElement\":[{\"@type\":\"ListItem\",\"position\":1,\"name\":\"Home\",\"item\":\"https:\\\/\\\/www.mollificiomodenese.it\\\/de\\\/\"},{\"@type\":\"ListItem\",\"position\":2,\"name\":\"Vertiefende Informationen zur Welt der Federn\",\"item\":\"https:\\\/\\\/www.mollificiomodenese.it\\\/approfondimenti-mondo-molle-industriali\\\/\"},{\"@type\":\"ListItem\",\"position\":3,\"name\":\"Oberfl\u00e4chenbehandlungen der industriellen Federn\"}]},{\"@type\":\"WebSite\",\"@id\":\"https:\\\/\\\/www.mollificiomodenese.it\\\/#website\",\"url\":\"https:\\\/\\\/www.mollificiomodenese.it\\\/\",\"name\":\"MOLLIFICIO MODENESE\",\"description\":\"\",\"potentialAction\":[{\"@type\":\"SearchAction\",\"target\":{\"@type\":\"EntryPoint\",\"urlTemplate\":\"https:\\\/\\\/www.mollificiomodenese.it\\\/?s={search_term_string}\"},\"query-input\":{\"@type\":\"PropertyValueSpecification\",\"valueRequired\":true,\"valueName\":\"search_term_string\"}}],\"inLanguage\":\"de\"}]}<\/script>\n<!-- \/ Yoast SEO plugin. -->","yoast_head_json":{"title":"Oberfl\u00e4chenbehandlungen der industriellen Federn| Mollificio Modenese","description":"Erfahren Sie, welche Oberfl\u00e4chenbehandlungen von industriellen Federn auf den Produkten des Mollificio Modenese durchgef\u00fchrt werden k\u00f6nnen. Erfahren Sie mehr dazu und setzen Sie sich mit uns in Verbindung!","robots":{"index":"index","follow":"follow","max-snippet":"max-snippet:-1","max-image-preview":"max-image-preview:large","max-video-preview":"max-video-preview:-1"},"canonical":"https:\/\/www.mollificiomodenese.it\/approfondimenti-mondo-molle-industriali\/trattamenti-superficiali\/","og_locale":"de_DE","og_type":"article","og_title":"Oberfl\u00e4chenbehandlungen der industriellen Federn| Mollificio Modenese","og_description":"Erfahren Sie, welche Oberfl\u00e4chenbehandlungen von industriellen Federn auf den Produkten des Mollificio Modenese durchgef\u00fchrt werden k\u00f6nnen. Erfahren Sie mehr dazu und setzen Sie sich mit uns in Verbindung!","og_url":"https:\/\/www.mollificiomodenese.it\/approfondimenti-mondo-molle-industriali\/trattamenti-superficiali\/","og_site_name":"MOLLIFICIO MODENESE","article_modified_time":"2025-06-27T14:57:49+00:00","og_image":[{"width":1250,"height":620,"url":"https:\/\/www.mollificiomodenese.it\/wp-content\/uploads\/2020\/01\/sfondo2.jpg","type":"image\/jpeg"}],"twitter_card":"summary_large_image","twitter_misc":{"Gesch\u00e4tzte Lesezeit":"2\u00a0Minuten"},"schema":{"@context":"https:\/\/schema.org","@graph":[{"@type":"WebPage","@id":"https:\/\/www.mollificiomodenese.it\/approfondimenti-mondo-molle-industriali\/trattamenti-superficiali\/","url":"https:\/\/www.mollificiomodenese.it\/approfondimenti-mondo-molle-industriali\/trattamenti-superficiali\/","name":"Oberfl\u00e4chenbehandlungen der industriellen Federn| Mollificio Modenese","isPartOf":{"@id":"https:\/\/www.mollificiomodenese.it\/#website"},"primaryImageOfPage":{"@id":"https:\/\/www.mollificiomodenese.it\/approfondimenti-mondo-molle-industriali\/trattamenti-superficiali\/#primaryimage"},"image":{"@id":"https:\/\/www.mollificiomodenese.it\/approfondimenti-mondo-molle-industriali\/trattamenti-superficiali\/#primaryimage"},"thumbnailUrl":"https:\/\/www.mollificiomodenese.it\/wp-content\/uploads\/2020\/01\/sfondo2.jpg","datePublished":"2025-06-27T14:57:48+00:00","dateModified":"2025-06-27T14:57:49+00:00","description":"Erfahren Sie, welche Oberfl\u00e4chenbehandlungen von industriellen Federn auf den Produkten des Mollificio Modenese durchgef\u00fchrt werden k\u00f6nnen. Erfahren Sie mehr dazu und setzen Sie sich mit uns in Verbindung!","breadcrumb":{"@id":"https:\/\/www.mollificiomodenese.it\/approfondimenti-mondo-molle-industriali\/trattamenti-superficiali\/#breadcrumb"},"inLanguage":"de","potentialAction":[{"@type":"ReadAction","target":["https:\/\/www.mollificiomodenese.it\/approfondimenti-mondo-molle-industriali\/trattamenti-superficiali\/"]}]},{"@type":"ImageObject","inLanguage":"de","@id":"https:\/\/www.mollificiomodenese.it\/approfondimenti-mondo-molle-industriali\/trattamenti-superficiali\/#primaryimage","url":"https:\/\/www.mollificiomodenese.it\/wp-content\/uploads\/2020\/01\/sfondo2.jpg","contentUrl":"https:\/\/www.mollificiomodenese.it\/wp-content\/uploads\/2020\/01\/sfondo2.jpg","width":1250,"height":620,"caption":"mollificio modenese"},{"@type":"BreadcrumbList","@id":"https:\/\/www.mollificiomodenese.it\/approfondimenti-mondo-molle-industriali\/trattamenti-superficiali\/#breadcrumb","itemListElement":[{"@type":"ListItem","position":1,"name":"Home","item":"https:\/\/www.mollificiomodenese.it\/de\/"},{"@type":"ListItem","position":2,"name":"Vertiefende Informationen zur Welt der Federn","item":"https:\/\/www.mollificiomodenese.it\/approfondimenti-mondo-molle-industriali\/"},{"@type":"ListItem","position":3,"name":"Oberfl\u00e4chenbehandlungen der industriellen Federn"}]},{"@type":"WebSite","@id":"https:\/\/www.mollificiomodenese.it\/#website","url":"https:\/\/www.mollificiomodenese.it\/","name":"MOLLIFICIO MODENESE","description":"","potentialAction":[{"@type":"SearchAction","target":{"@type":"EntryPoint","urlTemplate":"https:\/\/www.mollificiomodenese.it\/?s={search_term_string}"},"query-input":{"@type":"PropertyValueSpecification","valueRequired":true,"valueName":"search_term_string"}}],"inLanguage":"de"}]}},"_links":{"self":[{"href":"https:\/\/www.mollificiomodenese.it\/de\/wp-json\/wp\/v2\/pages\/4074","targetHints":{"allow":["GET"]}}],"collection":[{"href":"https:\/\/www.mollificiomodenese.it\/de\/wp-json\/wp\/v2\/pages"}],"about":[{"href":"https:\/\/www.mollificiomodenese.it\/de\/wp-json\/wp\/v2\/types\/page"}],"author":[{"embeddable":true,"href":"https:\/\/www.mollificiomodenese.it\/de\/wp-json\/wp\/v2\/users\/5"}],"replies":[{"embeddable":true,"href":"https:\/\/www.mollificiomodenese.it\/de\/wp-json\/wp\/v2\/comments?post=4074"}],"version-history":[{"count":2,"href":"https:\/\/www.mollificiomodenese.it\/de\/wp-json\/wp\/v2\/pages\/4074\/revisions"}],"predecessor-version":[{"id":4076,"href":"https:\/\/www.mollificiomodenese.it\/de\/wp-json\/wp\/v2\/pages\/4074\/revisions\/4076"}],"up":[{"embeddable":true,"href":"https:\/\/www.mollificiomodenese.it\/de\/wp-json\/wp\/v2\/pages\/4010"}],"wp:featuredmedia":[{"embeddable":true,"href":"https:\/\/www.mollificiomodenese.it\/de\/wp-json\/wp\/v2\/media\/3873"}],"wp:attachment":[{"href":"https:\/\/www.mollificiomodenese.it\/de\/wp-json\/wp\/v2\/media?parent=4074"}],"curies":[{"name":"wp","href":"https:\/\/api.w.org\/{rel}","templated":true}]}}