{"id":4077,"date":"2025-06-27T17:01:08","date_gmt":"2025-06-27T15:01:08","guid":{"rendered":"https:\/\/www.mollificiomodenese.it\/vertiefende-informationen-zur-welt-der-federn\/thermische-behandlungen-der-federn\/"},"modified":"2025-07-09T09:35:59","modified_gmt":"2025-07-09T07:35:59","slug":"thermische-behandlungen-der-federn","status":"publish","type":"page","link":"https:\/\/www.mollificiomodenese.it\/de\/vertiefende-informationen-zur-welt-der-federn\/thermische-behandlungen-der-federn\/","title":{"rendered":"Thermische Behandlungen der Federn"},"content":{"rendered":"<div class=\"wpb-content-wrapper\"><p>[vc_section css=&#8220;.vc_custom_1580193165368{padding-bottom: 100px !important;background-color: #eeeeee !important;}&#8220;][vc_row gap=&#8220;35&#8243;][vc_column width=&#8220;2\/3&#8243;][vc_column_text]Allgemein wird die <strong>thermische Behandlung<\/strong> verwendet, um bestimmte mechanische Eigenschaften zu erzielen. Dabei handelt es sich um den Zyklus des Erhitzens und anschlie\u00dfenden Abk\u00fchlens, der verwendet wird, um dem Metall, das Gegenstand der Behandlung ist, die <strong>gew\u00fcnschte<\/strong> <strong>kristalline Struktur<\/strong> zu verleihen.<\/p>\n<h2>Die Entspannung f\u00fcr Federn nach Ma\u00df, industrielle Federn und vieles mehr<\/h2>\n<p>Das Thema der <strong>thermischen Behandlungen<\/strong> von Federn ist ein sehr umfassendes und komplexes Feld: Es gibt Behandlungen, die mehrere Zyklen erfordern, und andere, die kontrollierte Atmosph\u00e4ren ben\u00f6tigen. Dar\u00fcber hinaus ben\u00f6tigt jedes Material eine spezifische thermische Behandlung: Nicht alle Behandlungen sind auf alle Materialien anwendbar.<\/p>\n<p>Als <strong>Hersteller von Federn nach Ma\u00df<\/strong> ist die einzige thermische Behandlung, <strong>die wir intern durchf\u00fchren, das Entspannen<\/strong>, das darauf abzielt, die inneren Spannungen, die w\u00e4hrend der Formgebung der Feder (kaltplastische Verformung) entstanden sind, zu reduzieren, ohne die H\u00e4rte des Stahls zu ver\u00e4ndern. Alle Materialien f\u00fcr <strong>industrielle Federn<\/strong> der EN 10270 erfordern diese Behandlung.<\/p>\n<p>Durch \u00a0Outsourcing an spezialisierte externe Firmen k\u00f6nnen wir anschlie\u00dfend <strong>jede weitere Behandlung durchf\u00fchren, die vom bearbeiteten Material verlangt wird<\/strong>. Die h\u00e4ufigste Methode ist die Verg\u00fctung, die aus einem H\u00e4rten gefolgt von einem Anlassen besteht, dem die aus gegl\u00fchtem Band gefertigten Teile unterzogen werden.<\/p>\n<p><a href=\"https:\/\/www.mollificiomodenese.it\/de\/fordern-sie-ein-angebot-fuer-industrielle-federn-an\/\">Setzen Sie sich mit uns jetzt in Verbindung<\/a>, um mehr zu erfahren oder um ein Angebot zu erhalten.[\/vc_column_text][vc_empty_space][\/vc_column][vc_column width=&#8220;1\/3&#8243; css=&#8220;.vc_custom_1580149774337{border-left-width: 1px !important;border-left-color: #004f9f !important;border-left-style: solid !important;}&#8220;][vc_widget_sidebar sidebar_id=&#8220;sidebar-3&#8243;][\/vc_column][\/vc_row][\/vc_section]<\/p>\n<\/div>","protected":false},"excerpt":{"rendered":"<p>[vc_section css=&#8220;.vc_custom_1580193165368{padding-bottom: 100px !important;background-color: #eeeeee !important;}&#8220;][vc_row gap=&#8220;35&#8243;][vc_column width=&#8220;2\/3&#8243;][vc_column_text]Allgemein wird die thermische Behandlung verwendet, um bestimmte mechanische Eigenschaften zu erzielen. Dabei handelt es sich um den Zyklus des Erhitzens und anschlie\u00dfenden Abk\u00fchlens, der verwendet wird, um dem Metall, das Gegenstand der Behandlung ist, die gew\u00fcnschte kristalline Struktur zu verleihen. Die Entspannung f\u00fcr Federn nach Ma\u00df, industrielle [&hellip;]<\/p>\n","protected":false},"author":5,"featured_media":3873,"parent":4010,"menu_order":0,"comment_status":"closed","ping_status":"closed","template":"","meta":{"footnotes":""},"class_list":["post-4077","page","type-page","status-publish","hentry"],"yoast_head":"<!-- This site is optimized with the Yoast SEO plugin v27.3 - https:\/\/yoast.com\/product\/yoast-seo-wordpress\/ -->\n<title>Thermische Behandlungen der industriellen Federn und der Federn nach Ma\u00df| Mollificio Modenese<\/title>\n<meta name=\"description\" content=\"Wir bieten eine breite Palette von W\u00e4rmebehandlungen f\u00fcr Federn an: Setzen Sie sich mit uns f\u00fcr Informationen in Verbindung! Wir werden die passende L\u00f6sung f\u00fcr Sie zu finden wissen.\" \/>\n<meta name=\"robots\" content=\"index, follow, max-snippet:-1, max-image-preview:large, max-video-preview:-1\" \/>\n<link rel=\"canonical\" href=\"https:\/\/www.mollificiomodenese.it\/approfondimenti-mondo-molle-industriali\/trattamenti-termici\/\" \/>\n<meta property=\"og:locale\" content=\"de_DE\" \/>\n<meta property=\"og:type\" content=\"article\" \/>\n<meta property=\"og:title\" content=\"Thermische Behandlungen der industriellen Federn und der Federn nach Ma\u00df| Mollificio Modenese\" \/>\n<meta property=\"og:description\" content=\"Wir bieten eine breite Palette von W\u00e4rmebehandlungen f\u00fcr Federn an: Setzen Sie sich mit uns f\u00fcr Informationen in Verbindung! Wir werden die passende L\u00f6sung f\u00fcr Sie zu finden wissen.\" \/>\n<meta property=\"og:url\" content=\"https:\/\/www.mollificiomodenese.it\/approfondimenti-mondo-molle-industriali\/trattamenti-termici\/\" \/>\n<meta property=\"og:site_name\" content=\"MOLLIFICIO MODENESE\" \/>\n<meta property=\"article:modified_time\" content=\"2025-07-09T07:35:59+00:00\" \/>\n<meta property=\"og:image\" content=\"https:\/\/www.mollificiomodenese.it\/wp-content\/uploads\/2020\/01\/sfondo2.jpg\" \/>\n\t<meta property=\"og:image:width\" content=\"1250\" \/>\n\t<meta property=\"og:image:height\" content=\"620\" \/>\n\t<meta property=\"og:image:type\" content=\"image\/jpeg\" \/>\n<meta name=\"twitter:card\" content=\"summary_large_image\" \/>\n<meta name=\"twitter:label1\" content=\"Gesch\u00e4tzte Lesezeit\" \/>\n\t<meta name=\"twitter:data1\" content=\"1\u00a0Minute\" \/>\n<script type=\"application\/ld+json\" class=\"yoast-schema-graph\">{\"@context\":\"https:\\\/\\\/schema.org\",\"@graph\":[{\"@type\":\"WebPage\",\"@id\":\"https:\\\/\\\/www.mollificiomodenese.it\\\/approfondimenti-mondo-molle-industriali\\\/trattamenti-termici\\\/\",\"url\":\"https:\\\/\\\/www.mollificiomodenese.it\\\/approfondimenti-mondo-molle-industriali\\\/trattamenti-termici\\\/\",\"name\":\"Thermische Behandlungen der industriellen Federn und der Federn nach Ma\u00df| Mollificio Modenese\",\"isPartOf\":{\"@id\":\"https:\\\/\\\/www.mollificiomodenese.it\\\/#website\"},\"primaryImageOfPage\":{\"@id\":\"https:\\\/\\\/www.mollificiomodenese.it\\\/approfondimenti-mondo-molle-industriali\\\/trattamenti-termici\\\/#primaryimage\"},\"image\":{\"@id\":\"https:\\\/\\\/www.mollificiomodenese.it\\\/approfondimenti-mondo-molle-industriali\\\/trattamenti-termici\\\/#primaryimage\"},\"thumbnailUrl\":\"https:\\\/\\\/www.mollificiomodenese.it\\\/wp-content\\\/uploads\\\/2020\\\/01\\\/sfondo2.jpg\",\"datePublished\":\"2025-06-27T15:01:08+00:00\",\"dateModified\":\"2025-07-09T07:35:59+00:00\",\"description\":\"Wir bieten eine breite Palette von W\u00e4rmebehandlungen f\u00fcr Federn an: Setzen Sie sich mit uns f\u00fcr Informationen in Verbindung! Wir werden die passende L\u00f6sung f\u00fcr Sie zu finden wissen.\",\"breadcrumb\":{\"@id\":\"https:\\\/\\\/www.mollificiomodenese.it\\\/approfondimenti-mondo-molle-industriali\\\/trattamenti-termici\\\/#breadcrumb\"},\"inLanguage\":\"de\",\"potentialAction\":[{\"@type\":\"ReadAction\",\"target\":[\"https:\\\/\\\/www.mollificiomodenese.it\\\/approfondimenti-mondo-molle-industriali\\\/trattamenti-termici\\\/\"]}]},{\"@type\":\"ImageObject\",\"inLanguage\":\"de\",\"@id\":\"https:\\\/\\\/www.mollificiomodenese.it\\\/approfondimenti-mondo-molle-industriali\\\/trattamenti-termici\\\/#primaryimage\",\"url\":\"https:\\\/\\\/www.mollificiomodenese.it\\\/wp-content\\\/uploads\\\/2020\\\/01\\\/sfondo2.jpg\",\"contentUrl\":\"https:\\\/\\\/www.mollificiomodenese.it\\\/wp-content\\\/uploads\\\/2020\\\/01\\\/sfondo2.jpg\",\"width\":1250,\"height\":620,\"caption\":\"mollificio modenese\"},{\"@type\":\"BreadcrumbList\",\"@id\":\"https:\\\/\\\/www.mollificiomodenese.it\\\/approfondimenti-mondo-molle-industriali\\\/trattamenti-termici\\\/#breadcrumb\",\"itemListElement\":[{\"@type\":\"ListItem\",\"position\":1,\"name\":\"Home\",\"item\":\"https:\\\/\\\/www.mollificiomodenese.it\\\/de\\\/\"},{\"@type\":\"ListItem\",\"position\":2,\"name\":\"Vertiefende Informationen zur Welt der Federn\",\"item\":\"https:\\\/\\\/www.mollificiomodenese.it\\\/approfondimenti-mondo-molle-industriali\\\/\"},{\"@type\":\"ListItem\",\"position\":3,\"name\":\"Thermische Behandlungen der Federn\"}]},{\"@type\":\"WebSite\",\"@id\":\"https:\\\/\\\/www.mollificiomodenese.it\\\/#website\",\"url\":\"https:\\\/\\\/www.mollificiomodenese.it\\\/\",\"name\":\"MOLLIFICIO MODENESE\",\"description\":\"\",\"potentialAction\":[{\"@type\":\"SearchAction\",\"target\":{\"@type\":\"EntryPoint\",\"urlTemplate\":\"https:\\\/\\\/www.mollificiomodenese.it\\\/?s={search_term_string}\"},\"query-input\":{\"@type\":\"PropertyValueSpecification\",\"valueRequired\":true,\"valueName\":\"search_term_string\"}}],\"inLanguage\":\"de\"}]}<\/script>\n<!-- \/ Yoast SEO plugin. -->","yoast_head_json":{"title":"Thermische Behandlungen der industriellen Federn und der Federn nach Ma\u00df| Mollificio Modenese","description":"Wir bieten eine breite Palette von W\u00e4rmebehandlungen f\u00fcr Federn an: Setzen Sie sich mit uns f\u00fcr Informationen in Verbindung! Wir werden die passende L\u00f6sung f\u00fcr Sie zu finden wissen.","robots":{"index":"index","follow":"follow","max-snippet":"max-snippet:-1","max-image-preview":"max-image-preview:large","max-video-preview":"max-video-preview:-1"},"canonical":"https:\/\/www.mollificiomodenese.it\/approfondimenti-mondo-molle-industriali\/trattamenti-termici\/","og_locale":"de_DE","og_type":"article","og_title":"Thermische Behandlungen der industriellen Federn und der Federn nach Ma\u00df| Mollificio Modenese","og_description":"Wir bieten eine breite Palette von W\u00e4rmebehandlungen f\u00fcr Federn an: Setzen Sie sich mit uns f\u00fcr Informationen in Verbindung! Wir werden die passende L\u00f6sung f\u00fcr Sie zu finden wissen.","og_url":"https:\/\/www.mollificiomodenese.it\/approfondimenti-mondo-molle-industriali\/trattamenti-termici\/","og_site_name":"MOLLIFICIO MODENESE","article_modified_time":"2025-07-09T07:35:59+00:00","og_image":[{"width":1250,"height":620,"url":"https:\/\/www.mollificiomodenese.it\/wp-content\/uploads\/2020\/01\/sfondo2.jpg","type":"image\/jpeg"}],"twitter_card":"summary_large_image","twitter_misc":{"Gesch\u00e4tzte Lesezeit":"1\u00a0Minute"},"schema":{"@context":"https:\/\/schema.org","@graph":[{"@type":"WebPage","@id":"https:\/\/www.mollificiomodenese.it\/approfondimenti-mondo-molle-industriali\/trattamenti-termici\/","url":"https:\/\/www.mollificiomodenese.it\/approfondimenti-mondo-molle-industriali\/trattamenti-termici\/","name":"Thermische Behandlungen der industriellen Federn und der Federn nach Ma\u00df| Mollificio Modenese","isPartOf":{"@id":"https:\/\/www.mollificiomodenese.it\/#website"},"primaryImageOfPage":{"@id":"https:\/\/www.mollificiomodenese.it\/approfondimenti-mondo-molle-industriali\/trattamenti-termici\/#primaryimage"},"image":{"@id":"https:\/\/www.mollificiomodenese.it\/approfondimenti-mondo-molle-industriali\/trattamenti-termici\/#primaryimage"},"thumbnailUrl":"https:\/\/www.mollificiomodenese.it\/wp-content\/uploads\/2020\/01\/sfondo2.jpg","datePublished":"2025-06-27T15:01:08+00:00","dateModified":"2025-07-09T07:35:59+00:00","description":"Wir bieten eine breite Palette von W\u00e4rmebehandlungen f\u00fcr Federn an: Setzen Sie sich mit uns f\u00fcr Informationen in Verbindung! Wir werden die passende L\u00f6sung f\u00fcr Sie zu finden wissen.","breadcrumb":{"@id":"https:\/\/www.mollificiomodenese.it\/approfondimenti-mondo-molle-industriali\/trattamenti-termici\/#breadcrumb"},"inLanguage":"de","potentialAction":[{"@type":"ReadAction","target":["https:\/\/www.mollificiomodenese.it\/approfondimenti-mondo-molle-industriali\/trattamenti-termici\/"]}]},{"@type":"ImageObject","inLanguage":"de","@id":"https:\/\/www.mollificiomodenese.it\/approfondimenti-mondo-molle-industriali\/trattamenti-termici\/#primaryimage","url":"https:\/\/www.mollificiomodenese.it\/wp-content\/uploads\/2020\/01\/sfondo2.jpg","contentUrl":"https:\/\/www.mollificiomodenese.it\/wp-content\/uploads\/2020\/01\/sfondo2.jpg","width":1250,"height":620,"caption":"mollificio modenese"},{"@type":"BreadcrumbList","@id":"https:\/\/www.mollificiomodenese.it\/approfondimenti-mondo-molle-industriali\/trattamenti-termici\/#breadcrumb","itemListElement":[{"@type":"ListItem","position":1,"name":"Home","item":"https:\/\/www.mollificiomodenese.it\/de\/"},{"@type":"ListItem","position":2,"name":"Vertiefende Informationen zur Welt der Federn","item":"https:\/\/www.mollificiomodenese.it\/approfondimenti-mondo-molle-industriali\/"},{"@type":"ListItem","position":3,"name":"Thermische Behandlungen der Federn"}]},{"@type":"WebSite","@id":"https:\/\/www.mollificiomodenese.it\/#website","url":"https:\/\/www.mollificiomodenese.it\/","name":"MOLLIFICIO MODENESE","description":"","potentialAction":[{"@type":"SearchAction","target":{"@type":"EntryPoint","urlTemplate":"https:\/\/www.mollificiomodenese.it\/?s={search_term_string}"},"query-input":{"@type":"PropertyValueSpecification","valueRequired":true,"valueName":"search_term_string"}}],"inLanguage":"de"}]}},"_links":{"self":[{"href":"https:\/\/www.mollificiomodenese.it\/de\/wp-json\/wp\/v2\/pages\/4077","targetHints":{"allow":["GET"]}}],"collection":[{"href":"https:\/\/www.mollificiomodenese.it\/de\/wp-json\/wp\/v2\/pages"}],"about":[{"href":"https:\/\/www.mollificiomodenese.it\/de\/wp-json\/wp\/v2\/types\/page"}],"author":[{"embeddable":true,"href":"https:\/\/www.mollificiomodenese.it\/de\/wp-json\/wp\/v2\/users\/5"}],"replies":[{"embeddable":true,"href":"https:\/\/www.mollificiomodenese.it\/de\/wp-json\/wp\/v2\/comments?post=4077"}],"version-history":[{"count":5,"href":"https:\/\/www.mollificiomodenese.it\/de\/wp-json\/wp\/v2\/pages\/4077\/revisions"}],"predecessor-version":[{"id":4419,"href":"https:\/\/www.mollificiomodenese.it\/de\/wp-json\/wp\/v2\/pages\/4077\/revisions\/4419"}],"up":[{"embeddable":true,"href":"https:\/\/www.mollificiomodenese.it\/de\/wp-json\/wp\/v2\/pages\/4010"}],"wp:featuredmedia":[{"embeddable":true,"href":"https:\/\/www.mollificiomodenese.it\/de\/wp-json\/wp\/v2\/media\/3873"}],"wp:attachment":[{"href":"https:\/\/www.mollificiomodenese.it\/de\/wp-json\/wp\/v2\/media?parent=4077"}],"curies":[{"name":"wp","href":"https:\/\/api.w.org\/{rel}","templated":true}]}}