{"id":4080,"date":"2025-06-27T17:07:15","date_gmt":"2025-06-27T15:07:15","guid":{"rendered":"https:\/\/www.mollificiomodenese.it\/kontakte\/"},"modified":"2025-10-29T10:26:37","modified_gmt":"2025-10-29T09:26:37","slug":"kontakte","status":"publish","type":"page","link":"https:\/\/www.mollificiomodenese.it\/de\/kontakte\/","title":{"rendered":"Kontakte"},"content":{"rendered":"<div class=\"wpb-content-wrapper\"><p>[vc_section css=&#8220;.vc_custom_1697638852462{padding-bottom: 100px !important;background-color: #eeeeee !important;}&#8220;][vc_row gap=&#8220;35&#8243;][vc_column width=&#8220;2\/3&#8243;][vc_column_text]<\/p>\n<div class=\"secondTitleContainer\">\n<h2 class=\"secondTitle\">Unsere Kontaktdaten<\/h2>\n<\/div>\n<ul class=\"squaredOne\">\n<li>E-mail:\u00a0<a href=\"mailto:export@mollificiomodenese.it\">export@mollificiomodenese.it<\/a><\/li>\n<li>Anschrift: Mollificio Modenese s.r.l.,<br \/>\nVia J. F. Kennedy 3,<br \/>\n41122 Modena, Italien.<\/li>\n<\/ul>\n<p>[\/vc_column_text][vc_single_image image=&#8220;4449&#8243; alignment=&#8220;center&#8220; css=&#8220;.vc_custom_1579790986509{margin-top: 30px !important;border-top-width: 1px !important;}&#8220; el_class=&#8220;img-molla&#8220;][vc_column_text]<\/p>\n<div class=\"secondTitleContainer\">\n<h2 class=\"secondTitle\">Anfahrt<\/h2>\n<\/div>\n<p>Wenn Sie uns stattdessen besuchen m\u00f6chten, hat die Firma Mollificio Modenese ihren Sitz in Modena, im Industriegebiet &#8222;Torrazzi&#8220;.[\/vc_column_text][vc_raw_html]PGlmcmFtZSBzcmM9Imh0dHBzOi8vd3d3Lmdvb2dsZS5jb20vbWFwcy9lbWJlZD9wYj0hMW0xOCExbTEyITFtMyExZDI4MzguMTE3NTMzNTkyNDU5ITJkMTAuOTU5MzY5MjE1NDkzMDE4ITNkNDQuNjU1OTUwMjc5MDk5NzIhMm0zITFmMCEyZjAhM2YwITNtMiExaTEwMjQhMmk3NjghNGYxMy4xITNtMyExbTIhMXMweDQ3N2ZlOGQ0OGEzNjQ1ZmIlM0EweDQ5ZmNmZTdmZDYyN2MzZGQhMnNNb2xsaWZpY2lvJTIwTW9kZW5lc2UlMjBzcmwhNWUwITNtMiExc2l0ITJzaXQhNHYxNTc5NzE5NDkzMjEzITVtMiExc2l0ITJzaXQiIHdpZHRoPSIxMDAlIiBoZWlnaHQ9IjQ1MCIgZnJhbWVib3JkZXI9IjAiIHN0eWxlPSJib3JkZXI6MDsiIGFsbG93ZnVsbHNjcmVlbj0iIj48L2lmcmFtZT4=[\/vc_raw_html][vc_column_text]<\/p>\n<ul class=\"squaredOne\">\n<li><strong>Mit dem Auto:<\/strong>\n<ul>\n<li>F\u00fcr diejenigen, die aus <strong>Mailand<\/strong> oder <strong>Verona<\/strong> in Richtung S\u00fcden kommen: Fahren Sie an der Ausfahrt &#8222;Modena Nord&#8220; ab und fahren Sie die Umgehungsstra\u00dfe von Modena in Richtung Bologna. Fahren Sie auf der Umgehungsstra\u00dfe bis zur Ausfahrt <strong>Nr. 4<\/strong>. Fahren Sie von der Stra\u00dfe sofort nach der Br\u00fccke ab, um auf die Umgehungsstra\u00dfe in die entgegengesetzte Richtung zu gelangen. Nehmen Sie die Ausfahrt Nr. 5 und biegen Sie in die &#8222;Via Torrazzi&#8220; ein. Via Kennedy ist die dritte Seitenstra\u00dfe rechts.<\/li>\n<li>F\u00fcr diejenigen, die aus <strong>Bologna<\/strong> kommen: Fahren Sie an der Ausfahrt \u201eModena Sud\u201c, in Richtung Modena Stadt. An der Umgehungsstra\u00dfe von Modena fahren Sie in Richtung Mailand. Bleiben Sie auf der Umgehungsstra\u00dfe bis zur Ausfahrt <strong>Nr. 5<\/strong>, von wo aus Sie in die &#8222;Via Torrazzi&#8220; gelangen. Via Kennedy ist die dritte Seitenstra\u00dfe rechts.<\/li>\n<\/ul>\n<\/li>\n<li><strong>Mit dem Zug oder dem Autobus:<\/strong>\u00a0Modena liegt an den Linien Bologna-Mailand und Modena-Verona-Brenner und ist daher leicht mit dem Zug zu erreichen.<br \/>\nVom Hauptbahnhof Modena aus k\u00f6nnen Sie uns mit der Linie 14 der st\u00e4dtischen Busse SETA in Richtung &#8222;Nazioni&#8220; erreichen. Die n\u00e4chstgelegenen Haltestellen zum Sitz des Mollificio Modenese befinden sich in der Via Torrazzi.<\/li>\n<\/ul>\n<p>[\/vc_column_text][\/vc_column][vc_column width=&#8220;1\/3&#8243; css=&#8220;.vc_custom_1697639452005{border-left-width: 1px !important;border-left-color: #004f9f !important;border-left-style: solid !important;}&#8220;][vc_widget_sidebar sidebar_id=&#8220;sidebar-3&#8243;][\/vc_column][\/vc_row][\/vc_section]<\/p>\n<\/div>","protected":false},"excerpt":{"rendered":"<p>[vc_section css=&#8220;.vc_custom_1697638852462{padding-bottom: 100px !important;background-color: #eeeeee !important;}&#8220;][vc_row gap=&#8220;35&#8243;][vc_column width=&#8220;2\/3&#8243;][vc_column_text] Unsere Kontaktdaten E-mail:\u00a0export@mollificiomodenese.it Anschrift: Mollificio Modenese s.r.l., Via J. F. Kennedy 3, 41122 Modena, Italien. [\/vc_column_text][vc_single_image image=&#8220;4449&#8243; alignment=&#8220;center&#8220; css=&#8220;.vc_custom_1579790986509{margin-top: 30px !important;border-top-width: 1px !important;}&#8220; el_class=&#8220;img-molla&#8220;][vc_column_text] Anfahrt Wenn Sie uns stattdessen besuchen m\u00f6chten, hat die Firma Mollificio Modenese ihren Sitz in Modena, im Industriegebiet &#8222;Torrazzi&#8220;.[\/vc_column_text][vc_raw_html]PGlmcmFtZSBzcmM9Imh0dHBzOi8vd3d3Lmdvb2dsZS5jb20vbWFwcy9lbWJlZD9wYj0hMW0xOCExbTEyITFtMyExZDI4MzguMTE3NTMzNTkyNDU5ITJkMTAuOTU5MzY5MjE1NDkzMDE4ITNkNDQuNjU1OTUwMjc5MDk5NzIhMm0zITFmMCEyZjAhM2YwITNtMiExaTEwMjQhMmk3NjghNGYxMy4xITNtMyExbTIhMXMweDQ3N2ZlOGQ0OGEzNjQ1ZmIlM0EweDQ5ZmNmZTdmZDYyN2MzZGQhMnNNb2xsaWZpY2lvJTIwTW9kZW5lc2UlMjBzcmwhNWUwITNtMiExc2l0ITJzaXQhNHYxNTc5NzE5NDkzMjEzITVtMiExc2l0ITJzaXQiIHdpZHRoPSIxMDAlIiBoZWlnaHQ9IjQ1MCIgZnJhbWVib3JkZXI9IjAiIHN0eWxlPSJib3JkZXI6MDsiIGFsbG93ZnVsbHNjcmVlbj0iIj48L2lmcmFtZT4=[\/vc_raw_html][vc_column_text] Mit dem Auto: F\u00fcr [&hellip;]<\/p>\n","protected":false},"author":5,"featured_media":3873,"parent":0,"menu_order":0,"comment_status":"closed","ping_status":"closed","template":"","meta":{"footnotes":""},"class_list":["post-4080","page","type-page","status-publish","hentry"],"yoast_head":"<!-- This site is optimized with the Yoast SEO plugin v27.3 - https:\/\/yoast.com\/product\/yoast-seo-wordpress\/ -->\n<title>Mollificio Modenese \u2013 Kontakte<\/title>\n<meta name=\"description\" content=\"Rufen Sie uns unter (+39) 059 25 04 65 an oder schreiben Sie uns eine E-Mail an informazioni@mollificiomodenese.it. Wir befinden uns in Modena, Via J. F. Kennedy Nr. 3. Wir stehen zu Ihrer Verf\u00fcgung!\" \/>\n<meta name=\"robots\" content=\"index, follow, max-snippet:-1, max-image-preview:large, max-video-preview:-1\" \/>\n<link rel=\"canonical\" href=\"https:\/\/www.mollificiomodenese.it\/de\/kontakte\/\" \/>\n<meta property=\"og:locale\" content=\"de_DE\" \/>\n<meta property=\"og:type\" content=\"article\" \/>\n<meta property=\"og:title\" content=\"Mollificio Modenese \u2013 Kontakte\" \/>\n<meta property=\"og:description\" content=\"Rufen Sie uns unter (+39) 059 25 04 65 an oder schreiben Sie uns eine E-Mail an informazioni@mollificiomodenese.it. Wir befinden uns in Modena, Via J. F. Kennedy Nr. 3. Wir stehen zu Ihrer Verf\u00fcgung!\" \/>\n<meta property=\"og:url\" content=\"https:\/\/www.mollificiomodenese.it\/de\/kontakte\/\" \/>\n<meta property=\"og:site_name\" content=\"MOLLIFICIO MODENESE\" \/>\n<meta property=\"article:modified_time\" content=\"2025-10-29T09:26:37+00:00\" \/>\n<meta property=\"og:image\" content=\"https:\/\/www.mollificiomodenese.it\/wp-content\/uploads\/2020\/01\/sfondo2.jpg\" \/>\n\t<meta property=\"og:image:width\" content=\"1250\" \/>\n\t<meta property=\"og:image:height\" content=\"620\" \/>\n\t<meta property=\"og:image:type\" content=\"image\/jpeg\" \/>\n<meta name=\"twitter:card\" content=\"summary_large_image\" \/>\n<meta name=\"twitter:label1\" content=\"Gesch\u00e4tzte Lesezeit\" \/>\n\t<meta name=\"twitter:data1\" content=\"2\u00a0Minuten\" \/>\n<script type=\"application\/ld+json\" class=\"yoast-schema-graph\">{\"@context\":\"https:\\\/\\\/schema.org\",\"@graph\":[{\"@type\":\"WebPage\",\"@id\":\"https:\\\/\\\/www.mollificiomodenese.it\\\/de\\\/kontakte\\\/\",\"url\":\"https:\\\/\\\/www.mollificiomodenese.it\\\/de\\\/kontakte\\\/\",\"name\":\"Mollificio Modenese \u2013 Kontakte\",\"isPartOf\":{\"@id\":\"https:\\\/\\\/www.mollificiomodenese.it\\\/#website\"},\"primaryImageOfPage\":{\"@id\":\"https:\\\/\\\/www.mollificiomodenese.it\\\/de\\\/kontakte\\\/#primaryimage\"},\"image\":{\"@id\":\"https:\\\/\\\/www.mollificiomodenese.it\\\/de\\\/kontakte\\\/#primaryimage\"},\"thumbnailUrl\":\"https:\\\/\\\/www.mollificiomodenese.it\\\/wp-content\\\/uploads\\\/2020\\\/01\\\/sfondo2.jpg\",\"datePublished\":\"2025-06-27T15:07:15+00:00\",\"dateModified\":\"2025-10-29T09:26:37+00:00\",\"description\":\"Rufen Sie uns unter (+39) 059 25 04 65 an oder schreiben Sie uns eine E-Mail an informazioni@mollificiomodenese.it. Wir befinden uns in Modena, Via J. F. Kennedy Nr. 3. Wir stehen zu Ihrer Verf\u00fcgung!\",\"breadcrumb\":{\"@id\":\"https:\\\/\\\/www.mollificiomodenese.it\\\/de\\\/kontakte\\\/#breadcrumb\"},\"inLanguage\":\"de\",\"potentialAction\":[{\"@type\":\"ReadAction\",\"target\":[\"https:\\\/\\\/www.mollificiomodenese.it\\\/de\\\/kontakte\\\/\"]}]},{\"@type\":\"ImageObject\",\"inLanguage\":\"de\",\"@id\":\"https:\\\/\\\/www.mollificiomodenese.it\\\/de\\\/kontakte\\\/#primaryimage\",\"url\":\"https:\\\/\\\/www.mollificiomodenese.it\\\/wp-content\\\/uploads\\\/2020\\\/01\\\/sfondo2.jpg\",\"contentUrl\":\"https:\\\/\\\/www.mollificiomodenese.it\\\/wp-content\\\/uploads\\\/2020\\\/01\\\/sfondo2.jpg\",\"width\":1250,\"height\":620,\"caption\":\"mollificio modenese\"},{\"@type\":\"BreadcrumbList\",\"@id\":\"https:\\\/\\\/www.mollificiomodenese.it\\\/de\\\/kontakte\\\/#breadcrumb\",\"itemListElement\":[{\"@type\":\"ListItem\",\"position\":1,\"name\":\"Home\",\"item\":\"https:\\\/\\\/www.mollificiomodenese.it\\\/de\\\/\"},{\"@type\":\"ListItem\",\"position\":2,\"name\":\"Kontakte\"}]},{\"@type\":\"WebSite\",\"@id\":\"https:\\\/\\\/www.mollificiomodenese.it\\\/#website\",\"url\":\"https:\\\/\\\/www.mollificiomodenese.it\\\/\",\"name\":\"MOLLIFICIO MODENESE\",\"description\":\"\",\"potentialAction\":[{\"@type\":\"SearchAction\",\"target\":{\"@type\":\"EntryPoint\",\"urlTemplate\":\"https:\\\/\\\/www.mollificiomodenese.it\\\/?s={search_term_string}\"},\"query-input\":{\"@type\":\"PropertyValueSpecification\",\"valueRequired\":true,\"valueName\":\"search_term_string\"}}],\"inLanguage\":\"de\"}]}<\/script>\n<!-- \/ Yoast SEO plugin. -->","yoast_head_json":{"title":"Mollificio Modenese \u2013 Kontakte","description":"Rufen Sie uns unter (+39) 059 25 04 65 an oder schreiben Sie uns eine E-Mail an informazioni@mollificiomodenese.it. Wir befinden uns in Modena, Via J. F. Kennedy Nr. 3. Wir stehen zu Ihrer Verf\u00fcgung!","robots":{"index":"index","follow":"follow","max-snippet":"max-snippet:-1","max-image-preview":"max-image-preview:large","max-video-preview":"max-video-preview:-1"},"canonical":"https:\/\/www.mollificiomodenese.it\/de\/kontakte\/","og_locale":"de_DE","og_type":"article","og_title":"Mollificio Modenese \u2013 Kontakte","og_description":"Rufen Sie uns unter (+39) 059 25 04 65 an oder schreiben Sie uns eine E-Mail an informazioni@mollificiomodenese.it. Wir befinden uns in Modena, Via J. F. Kennedy Nr. 3. Wir stehen zu Ihrer Verf\u00fcgung!","og_url":"https:\/\/www.mollificiomodenese.it\/de\/kontakte\/","og_site_name":"MOLLIFICIO MODENESE","article_modified_time":"2025-10-29T09:26:37+00:00","og_image":[{"width":1250,"height":620,"url":"https:\/\/www.mollificiomodenese.it\/wp-content\/uploads\/2020\/01\/sfondo2.jpg","type":"image\/jpeg"}],"twitter_card":"summary_large_image","twitter_misc":{"Gesch\u00e4tzte Lesezeit":"2\u00a0Minuten"},"schema":{"@context":"https:\/\/schema.org","@graph":[{"@type":"WebPage","@id":"https:\/\/www.mollificiomodenese.it\/de\/kontakte\/","url":"https:\/\/www.mollificiomodenese.it\/de\/kontakte\/","name":"Mollificio Modenese \u2013 Kontakte","isPartOf":{"@id":"https:\/\/www.mollificiomodenese.it\/#website"},"primaryImageOfPage":{"@id":"https:\/\/www.mollificiomodenese.it\/de\/kontakte\/#primaryimage"},"image":{"@id":"https:\/\/www.mollificiomodenese.it\/de\/kontakte\/#primaryimage"},"thumbnailUrl":"https:\/\/www.mollificiomodenese.it\/wp-content\/uploads\/2020\/01\/sfondo2.jpg","datePublished":"2025-06-27T15:07:15+00:00","dateModified":"2025-10-29T09:26:37+00:00","description":"Rufen Sie uns unter (+39) 059 25 04 65 an oder schreiben Sie uns eine E-Mail an informazioni@mollificiomodenese.it. Wir befinden uns in Modena, Via J. F. Kennedy Nr. 3. Wir stehen zu Ihrer Verf\u00fcgung!","breadcrumb":{"@id":"https:\/\/www.mollificiomodenese.it\/de\/kontakte\/#breadcrumb"},"inLanguage":"de","potentialAction":[{"@type":"ReadAction","target":["https:\/\/www.mollificiomodenese.it\/de\/kontakte\/"]}]},{"@type":"ImageObject","inLanguage":"de","@id":"https:\/\/www.mollificiomodenese.it\/de\/kontakte\/#primaryimage","url":"https:\/\/www.mollificiomodenese.it\/wp-content\/uploads\/2020\/01\/sfondo2.jpg","contentUrl":"https:\/\/www.mollificiomodenese.it\/wp-content\/uploads\/2020\/01\/sfondo2.jpg","width":1250,"height":620,"caption":"mollificio modenese"},{"@type":"BreadcrumbList","@id":"https:\/\/www.mollificiomodenese.it\/de\/kontakte\/#breadcrumb","itemListElement":[{"@type":"ListItem","position":1,"name":"Home","item":"https:\/\/www.mollificiomodenese.it\/de\/"},{"@type":"ListItem","position":2,"name":"Kontakte"}]},{"@type":"WebSite","@id":"https:\/\/www.mollificiomodenese.it\/#website","url":"https:\/\/www.mollificiomodenese.it\/","name":"MOLLIFICIO MODENESE","description":"","potentialAction":[{"@type":"SearchAction","target":{"@type":"EntryPoint","urlTemplate":"https:\/\/www.mollificiomodenese.it\/?s={search_term_string}"},"query-input":{"@type":"PropertyValueSpecification","valueRequired":true,"valueName":"search_term_string"}}],"inLanguage":"de"}]}},"_links":{"self":[{"href":"https:\/\/www.mollificiomodenese.it\/de\/wp-json\/wp\/v2\/pages\/4080","targetHints":{"allow":["GET"]}}],"collection":[{"href":"https:\/\/www.mollificiomodenese.it\/de\/wp-json\/wp\/v2\/pages"}],"about":[{"href":"https:\/\/www.mollificiomodenese.it\/de\/wp-json\/wp\/v2\/types\/page"}],"author":[{"embeddable":true,"href":"https:\/\/www.mollificiomodenese.it\/de\/wp-json\/wp\/v2\/users\/5"}],"replies":[{"embeddable":true,"href":"https:\/\/www.mollificiomodenese.it\/de\/wp-json\/wp\/v2\/comments?post=4080"}],"version-history":[{"count":4,"href":"https:\/\/www.mollificiomodenese.it\/de\/wp-json\/wp\/v2\/pages\/4080\/revisions"}],"predecessor-version":[{"id":4867,"href":"https:\/\/www.mollificiomodenese.it\/de\/wp-json\/wp\/v2\/pages\/4080\/revisions\/4867"}],"wp:featuredmedia":[{"embeddable":true,"href":"https:\/\/www.mollificiomodenese.it\/de\/wp-json\/wp\/v2\/media\/3873"}],"wp:attachment":[{"href":"https:\/\/www.mollificiomodenese.it\/de\/wp-json\/wp\/v2\/media?parent=4080"}],"curies":[{"name":"wp","href":"https:\/\/api.w.org\/{rel}","templated":true}]}}