{"id":4083,"date":"2025-06-27T17:17:13","date_gmt":"2025-06-27T15:17:13","guid":{"rendered":"https:\/\/www.mollificiomodenese.it\/fordern-sie-ein-angebot-fuer-industrielle-federn-an\/"},"modified":"2025-10-29T10:27:15","modified_gmt":"2025-10-29T09:27:15","slug":"fordern-sie-ein-angebot-fuer-industrielle-federn-an","status":"publish","type":"page","link":"https:\/\/www.mollificiomodenese.it\/de\/fordern-sie-ein-angebot-fuer-industrielle-federn-an\/","title":{"rendered":"Fordern Sie ein Angebot f\u00fcr industrielle Federn an"},"content":{"rendered":"<div class=\"wpb-content-wrapper\"><p>[vc_section css=&#8220;.vc_custom_1580192768455{padding-bottom: 100px !important;background-color: #eeeeee !important;}&#8220;][vc_row gap=&#8220;35&#8243;][vc_column width=&#8220;2\/3&#8243;][vc_column_text]Anfragen f\u00fcr Angebote k\u00f6nnen erfolgen mittels<\/p>\n<ul>\n<li>Post: Mollificio Modenese Via J.F. Kennedy 3 41122 Modena, Italien<\/li>\n<li>E-Mail: <a href=\"mailto:preventivi@mollificiomodenese.it\">preventivi@mollificiomodenese.it<\/a><\/li>\n<\/ul>\n<p>Es ist oft nicht einfach, ein Angebot f\u00fcr einen Gegenstand anzufordern, der zwar allt\u00e4glich ist, aber eine technische Terminologie ben\u00f6tigt, um beschrieben zu werden. Um es Ihnen zu erleichtern, die Feder oder das ben\u00f6tigte Metallteil zu beschreiben, haben Sie auch die M\u00f6glichkeit:<\/p>\n<ul>\n<li>Die Anfrage nach einem Online-Angebot\u00a0 auszuf\u00fcllen<\/li>\n<li>Ein PDF-Formular auszuf\u00fcllen und es uns per E-Mail an die oben angegebenen Kontaktdaten zuzusenden.<\/li>\n<\/ul>\n<p>[\/vc_column_text][vc_single_image image=&#8220;4449&#8243; alignment=&#8220;center&#8220; css=&#8220;.vc_custom_1579790986509{margin-top: 30px !important;border-top-width: 1px !important;}&#8220; el_class=&#8220;img-molla&#8220;][vc_column_text]<\/p>\n<h2>Online-Angebote f\u00fcr Federn nach Ma\u00df<\/h2>\n<p>&nbsp;<\/p>\n<ul>\n<li style=\"list-style-type: none;\">\n<ul>\n<li>Wir bieten Ihnen ausf\u00fcllbare Online-Formulare an, die Ihnen helfen sollen, alle n\u00fctzlichen Informationen weiterzugeben und es uns zu erm\u00f6glichen, schnell auf Ihre Anfragen zu reagieren. Sie k\u00f6nnen auf die Formulare \u00fcber das seitliche Men\u00fc auf jeder Seite der Website oder durch Klicken auf die folgenden Links zugreifen:\n<ul>\n<li>Anfordern eines Angebots f\u00fcr <a href=\"https:\/\/www.mollificiomodenese.it\/de\/fordern-sie-ein-angebot-fuer-industrielle-federn-an\/anforderung-eines-angebots-fuer-die-berechnung-von-druckfedern\/\">Druckfedern nach Ma\u00df<\/a><\/li>\n<li>Anfordern eines Angebots f\u00fcr <a href=\"https:\/\/www.mollificiomodenese.it\/de\/fordern-sie-ein-angebot-fuer-industrielle-federn-an\/anforderung-eines-angebots-fuer-die-berechnung-von-zugfedern\/\">Zugfedern nach Ma\u00df<\/a><\/li>\n<li>Anfordern eines Angebots f\u00fcr <a href=\"https:\/\/www.mollificiomodenese.it\/de\/fordern-sie-ein-angebot-fuer-industrielle-federn-an\/erwerben-sie-ihre-spezifisch-gestaltete-feder-von-qualitaet\/\">jede andere Art eines elastischen Bauteils<\/a><\/li>\n<\/ul>\n<p>&nbsp;<\/li>\n<\/ul>\n<\/li>\n<\/ul>\n<p>&nbsp;<\/p>\n<p>[\/vc_column_text][vc_single_image image=&#8220;4449&#8243; alignment=&#8220;center&#8220; css=&#8220;.vc_custom_1579790986509{margin-top: 30px !important;border-top-width: 1px !important;}&#8220; el_class=&#8220;img-molla&#8220;][vc_column_text]<\/p>\n<h2>Offline-Angebote f\u00fcr Federn nach Ma\u00df<\/h2>\n<p>Schreiben Sie uns eine E-Mail an preventivi@mollificiomodenese.it mit Ihren Daten (Zeichnung, Foto, Ma\u00dfe, Menge), um ein Angebot anzufordern. Sie k\u00f6nnen auch eines unserer Formulare im PDF-Format herunterladen, ausf\u00fcllen und an dieselbe E-Mail-Adresse senden. Sollten Sie es vorziehen, setzen Sie sich mit uns \u00fcber WhatsApp unter der Nummer \u00a0<a href=\"https:\/\/wa.me\/+393317530427\">+39 331 7530427<\/a> in Verbindung.<\/p>\n<ul>\n<li>PDF-Formular zur Anforderung eines Angebots f\u00fcr <a href=\"https:\/\/www.mollificiomodenese.it\/wp-content\/uploads\/2025\/07\/ModuloRichiestaMollaCompressioneEN.pdf\">Druckfedern nach Ma\u00df (Dokument auf Englisch)<\/a><\/li>\n<li>PDF-Formular zur Anforderung eines Angebots f\u00fcr <a href=\"https:\/\/www.mollificiomodenese.it\/wp-content\/uploads\/2025\/07\/ModuloRichiestaMollaTrazioneEN.pdf\">Zugfedern nach Ma\u00df (Dokument auf Englisch)<\/a><\/li>\n<li>PDF-Formular zur Anforderung eines Angebots f\u00fcr <a href=\"https:\/\/www.mollificiomodenese.it\/wp-content\/uploads\/2025\/07\/ModuloRichiestaMollaTorsioneEN.pdf\">Torsionsfedern nach Ma\u00df (Dokument auf Englisch)<\/a><\/li>\n<\/ul>\n<p>[\/vc_column_text][\/vc_column][vc_column width=&#8220;1\/3&#8243; css=&#8220;.vc_custom_1580149952732{border-left-width: 1px !important;border-left-color: #004f9f !important;border-left-style: solid !important;}&#8220;][vc_widget_sidebar sidebar_id=&#8220;sidebar-3&#8243;][\/vc_column][\/vc_row][\/vc_section]<\/p>\n<\/div>","protected":false},"excerpt":{"rendered":"<p>[vc_section css=&#8220;.vc_custom_1580192768455{padding-bottom: 100px !important;background-color: #eeeeee !important;}&#8220;][vc_row gap=&#8220;35&#8243;][vc_column width=&#8220;2\/3&#8243;][vc_column_text]Anfragen f\u00fcr Angebote k\u00f6nnen erfolgen mittels Post: Mollificio Modenese Via J.F. Kennedy 3 41122 Modena, Italien E-Mail: preventivi@mollificiomodenese.it Es ist oft nicht einfach, ein Angebot f\u00fcr einen Gegenstand anzufordern, der zwar allt\u00e4glich ist, aber eine technische Terminologie ben\u00f6tigt, um beschrieben zu werden. Um es Ihnen zu erleichtern, die [&hellip;]<\/p>\n","protected":false},"author":5,"featured_media":3873,"parent":0,"menu_order":0,"comment_status":"closed","ping_status":"closed","template":"","meta":{"footnotes":""},"class_list":["post-4083","page","type-page","status-publish","hentry"],"yoast_head":"<!-- This site is optimized with the Yoast SEO plugin v27.3 - https:\/\/yoast.com\/product\/yoast-seo-wordpress\/ -->\n<title>Mollificio Modenese \u2013 Fordern Sie ein Angebot an<\/title>\n<meta name=\"description\" content=\"Fordern Sie sofort ein Angebot bei der Firma Mollificio Modenese an! Sie k\u00f6nnen es telefonisch oder online anfordern. Z\u00f6gern Sie nicht, sich mit uns in Verbindung zu setzen! Unser Team steht zu Ihrer Verf\u00fcgung!\" \/>\n<meta name=\"robots\" content=\"index, follow, max-snippet:-1, max-image-preview:large, max-video-preview:-1\" \/>\n<link rel=\"canonical\" href=\"https:\/\/www.mollificiomodenese.it\/de\/fordern-sie-ein-angebot-fuer-industrielle-federn-an\/\" \/>\n<meta property=\"og:locale\" content=\"de_DE\" \/>\n<meta property=\"og:type\" content=\"article\" \/>\n<meta property=\"og:title\" content=\"Mollificio Modenese \u2013 Fordern Sie ein Angebot an\" \/>\n<meta property=\"og:description\" content=\"Fordern Sie sofort ein Angebot bei der Firma Mollificio Modenese an! Sie k\u00f6nnen es telefonisch oder online anfordern. Z\u00f6gern Sie nicht, sich mit uns in Verbindung zu setzen! Unser Team steht zu Ihrer Verf\u00fcgung!\" \/>\n<meta property=\"og:url\" content=\"https:\/\/www.mollificiomodenese.it\/de\/fordern-sie-ein-angebot-fuer-industrielle-federn-an\/\" \/>\n<meta property=\"og:site_name\" content=\"MOLLIFICIO MODENESE\" \/>\n<meta property=\"article:modified_time\" content=\"2025-10-29T09:27:15+00:00\" \/>\n<meta property=\"og:image\" content=\"https:\/\/www.mollificiomodenese.it\/wp-content\/uploads\/2020\/01\/sfondo2.jpg\" \/>\n\t<meta property=\"og:image:width\" content=\"1250\" \/>\n\t<meta property=\"og:image:height\" content=\"620\" \/>\n\t<meta property=\"og:image:type\" content=\"image\/jpeg\" \/>\n<meta name=\"twitter:card\" content=\"summary_large_image\" \/>\n<meta name=\"twitter:label1\" content=\"Gesch\u00e4tzte Lesezeit\" \/>\n\t<meta name=\"twitter:data1\" content=\"3\u00a0Minuten\" \/>\n<script type=\"application\/ld+json\" class=\"yoast-schema-graph\">{\"@context\":\"https:\\\/\\\/schema.org\",\"@graph\":[{\"@type\":\"WebPage\",\"@id\":\"https:\\\/\\\/www.mollificiomodenese.it\\\/de\\\/fordern-sie-ein-angebot-fuer-industrielle-federn-an\\\/\",\"url\":\"https:\\\/\\\/www.mollificiomodenese.it\\\/de\\\/fordern-sie-ein-angebot-fuer-industrielle-federn-an\\\/\",\"name\":\"Mollificio Modenese \u2013 Fordern Sie ein Angebot an\",\"isPartOf\":{\"@id\":\"https:\\\/\\\/www.mollificiomodenese.it\\\/#website\"},\"primaryImageOfPage\":{\"@id\":\"https:\\\/\\\/www.mollificiomodenese.it\\\/de\\\/fordern-sie-ein-angebot-fuer-industrielle-federn-an\\\/#primaryimage\"},\"image\":{\"@id\":\"https:\\\/\\\/www.mollificiomodenese.it\\\/de\\\/fordern-sie-ein-angebot-fuer-industrielle-federn-an\\\/#primaryimage\"},\"thumbnailUrl\":\"https:\\\/\\\/www.mollificiomodenese.it\\\/wp-content\\\/uploads\\\/2020\\\/01\\\/sfondo2.jpg\",\"datePublished\":\"2025-06-27T15:17:13+00:00\",\"dateModified\":\"2025-10-29T09:27:15+00:00\",\"description\":\"Fordern Sie sofort ein Angebot bei der Firma Mollificio Modenese an! Sie k\u00f6nnen es telefonisch oder online anfordern. Z\u00f6gern Sie nicht, sich mit uns in Verbindung zu setzen! Unser Team steht zu Ihrer Verf\u00fcgung!\",\"breadcrumb\":{\"@id\":\"https:\\\/\\\/www.mollificiomodenese.it\\\/de\\\/fordern-sie-ein-angebot-fuer-industrielle-federn-an\\\/#breadcrumb\"},\"inLanguage\":\"de\",\"potentialAction\":[{\"@type\":\"ReadAction\",\"target\":[\"https:\\\/\\\/www.mollificiomodenese.it\\\/de\\\/fordern-sie-ein-angebot-fuer-industrielle-federn-an\\\/\"]}]},{\"@type\":\"ImageObject\",\"inLanguage\":\"de\",\"@id\":\"https:\\\/\\\/www.mollificiomodenese.it\\\/de\\\/fordern-sie-ein-angebot-fuer-industrielle-federn-an\\\/#primaryimage\",\"url\":\"https:\\\/\\\/www.mollificiomodenese.it\\\/wp-content\\\/uploads\\\/2020\\\/01\\\/sfondo2.jpg\",\"contentUrl\":\"https:\\\/\\\/www.mollificiomodenese.it\\\/wp-content\\\/uploads\\\/2020\\\/01\\\/sfondo2.jpg\",\"width\":1250,\"height\":620,\"caption\":\"mollificio modenese\"},{\"@type\":\"BreadcrumbList\",\"@id\":\"https:\\\/\\\/www.mollificiomodenese.it\\\/de\\\/fordern-sie-ein-angebot-fuer-industrielle-federn-an\\\/#breadcrumb\",\"itemListElement\":[{\"@type\":\"ListItem\",\"position\":1,\"name\":\"Home\",\"item\":\"https:\\\/\\\/www.mollificiomodenese.it\\\/de\\\/\"},{\"@type\":\"ListItem\",\"position\":2,\"name\":\"Fordern Sie ein Angebot f\u00fcr industrielle Federn an\"}]},{\"@type\":\"WebSite\",\"@id\":\"https:\\\/\\\/www.mollificiomodenese.it\\\/#website\",\"url\":\"https:\\\/\\\/www.mollificiomodenese.it\\\/\",\"name\":\"MOLLIFICIO MODENESE\",\"description\":\"\",\"potentialAction\":[{\"@type\":\"SearchAction\",\"target\":{\"@type\":\"EntryPoint\",\"urlTemplate\":\"https:\\\/\\\/www.mollificiomodenese.it\\\/?s={search_term_string}\"},\"query-input\":{\"@type\":\"PropertyValueSpecification\",\"valueRequired\":true,\"valueName\":\"search_term_string\"}}],\"inLanguage\":\"de\"}]}<\/script>\n<!-- \/ Yoast SEO plugin. -->","yoast_head_json":{"title":"Mollificio Modenese \u2013 Fordern Sie ein Angebot an","description":"Fordern Sie sofort ein Angebot bei der Firma Mollificio Modenese an! Sie k\u00f6nnen es telefonisch oder online anfordern. Z\u00f6gern Sie nicht, sich mit uns in Verbindung zu setzen! Unser Team steht zu Ihrer Verf\u00fcgung!","robots":{"index":"index","follow":"follow","max-snippet":"max-snippet:-1","max-image-preview":"max-image-preview:large","max-video-preview":"max-video-preview:-1"},"canonical":"https:\/\/www.mollificiomodenese.it\/de\/fordern-sie-ein-angebot-fuer-industrielle-federn-an\/","og_locale":"de_DE","og_type":"article","og_title":"Mollificio Modenese \u2013 Fordern Sie ein Angebot an","og_description":"Fordern Sie sofort ein Angebot bei der Firma Mollificio Modenese an! Sie k\u00f6nnen es telefonisch oder online anfordern. Z\u00f6gern Sie nicht, sich mit uns in Verbindung zu setzen! Unser Team steht zu Ihrer Verf\u00fcgung!","og_url":"https:\/\/www.mollificiomodenese.it\/de\/fordern-sie-ein-angebot-fuer-industrielle-federn-an\/","og_site_name":"MOLLIFICIO MODENESE","article_modified_time":"2025-10-29T09:27:15+00:00","og_image":[{"width":1250,"height":620,"url":"https:\/\/www.mollificiomodenese.it\/wp-content\/uploads\/2020\/01\/sfondo2.jpg","type":"image\/jpeg"}],"twitter_card":"summary_large_image","twitter_misc":{"Gesch\u00e4tzte Lesezeit":"3\u00a0Minuten"},"schema":{"@context":"https:\/\/schema.org","@graph":[{"@type":"WebPage","@id":"https:\/\/www.mollificiomodenese.it\/de\/fordern-sie-ein-angebot-fuer-industrielle-federn-an\/","url":"https:\/\/www.mollificiomodenese.it\/de\/fordern-sie-ein-angebot-fuer-industrielle-federn-an\/","name":"Mollificio Modenese \u2013 Fordern Sie ein Angebot an","isPartOf":{"@id":"https:\/\/www.mollificiomodenese.it\/#website"},"primaryImageOfPage":{"@id":"https:\/\/www.mollificiomodenese.it\/de\/fordern-sie-ein-angebot-fuer-industrielle-federn-an\/#primaryimage"},"image":{"@id":"https:\/\/www.mollificiomodenese.it\/de\/fordern-sie-ein-angebot-fuer-industrielle-federn-an\/#primaryimage"},"thumbnailUrl":"https:\/\/www.mollificiomodenese.it\/wp-content\/uploads\/2020\/01\/sfondo2.jpg","datePublished":"2025-06-27T15:17:13+00:00","dateModified":"2025-10-29T09:27:15+00:00","description":"Fordern Sie sofort ein Angebot bei der Firma Mollificio Modenese an! Sie k\u00f6nnen es telefonisch oder online anfordern. Z\u00f6gern Sie nicht, sich mit uns in Verbindung zu setzen! Unser Team steht zu Ihrer Verf\u00fcgung!","breadcrumb":{"@id":"https:\/\/www.mollificiomodenese.it\/de\/fordern-sie-ein-angebot-fuer-industrielle-federn-an\/#breadcrumb"},"inLanguage":"de","potentialAction":[{"@type":"ReadAction","target":["https:\/\/www.mollificiomodenese.it\/de\/fordern-sie-ein-angebot-fuer-industrielle-federn-an\/"]}]},{"@type":"ImageObject","inLanguage":"de","@id":"https:\/\/www.mollificiomodenese.it\/de\/fordern-sie-ein-angebot-fuer-industrielle-federn-an\/#primaryimage","url":"https:\/\/www.mollificiomodenese.it\/wp-content\/uploads\/2020\/01\/sfondo2.jpg","contentUrl":"https:\/\/www.mollificiomodenese.it\/wp-content\/uploads\/2020\/01\/sfondo2.jpg","width":1250,"height":620,"caption":"mollificio modenese"},{"@type":"BreadcrumbList","@id":"https:\/\/www.mollificiomodenese.it\/de\/fordern-sie-ein-angebot-fuer-industrielle-federn-an\/#breadcrumb","itemListElement":[{"@type":"ListItem","position":1,"name":"Home","item":"https:\/\/www.mollificiomodenese.it\/de\/"},{"@type":"ListItem","position":2,"name":"Fordern Sie ein Angebot f\u00fcr industrielle Federn an"}]},{"@type":"WebSite","@id":"https:\/\/www.mollificiomodenese.it\/#website","url":"https:\/\/www.mollificiomodenese.it\/","name":"MOLLIFICIO MODENESE","description":"","potentialAction":[{"@type":"SearchAction","target":{"@type":"EntryPoint","urlTemplate":"https:\/\/www.mollificiomodenese.it\/?s={search_term_string}"},"query-input":{"@type":"PropertyValueSpecification","valueRequired":true,"valueName":"search_term_string"}}],"inLanguage":"de"}]}},"_links":{"self":[{"href":"https:\/\/www.mollificiomodenese.it\/de\/wp-json\/wp\/v2\/pages\/4083","targetHints":{"allow":["GET"]}}],"collection":[{"href":"https:\/\/www.mollificiomodenese.it\/de\/wp-json\/wp\/v2\/pages"}],"about":[{"href":"https:\/\/www.mollificiomodenese.it\/de\/wp-json\/wp\/v2\/types\/page"}],"author":[{"embeddable":true,"href":"https:\/\/www.mollificiomodenese.it\/de\/wp-json\/wp\/v2\/users\/5"}],"replies":[{"embeddable":true,"href":"https:\/\/www.mollificiomodenese.it\/de\/wp-json\/wp\/v2\/comments?post=4083"}],"version-history":[{"count":10,"href":"https:\/\/www.mollificiomodenese.it\/de\/wp-json\/wp\/v2\/pages\/4083\/revisions"}],"predecessor-version":[{"id":4869,"href":"https:\/\/www.mollificiomodenese.it\/de\/wp-json\/wp\/v2\/pages\/4083\/revisions\/4869"}],"wp:featuredmedia":[{"embeddable":true,"href":"https:\/\/www.mollificiomodenese.it\/de\/wp-json\/wp\/v2\/media\/3873"}],"wp:attachment":[{"href":"https:\/\/www.mollificiomodenese.it\/de\/wp-json\/wp\/v2\/media?parent=4083"}],"curies":[{"name":"wp","href":"https:\/\/api.w.org\/{rel}","templated":true}]}}