{"id":4096,"date":"2025-06-30T12:09:27","date_gmt":"2025-06-30T10:09:27","guid":{"rendered":"https:\/\/www.mollificiomodenese.it\/fordern-sie-ein-angebot-fuer-industrielle-federn-an\/anforderung-eines-angebots-fuer-die-berechnung-von-torsionsfedern\/"},"modified":"2025-07-09T09:58:20","modified_gmt":"2025-07-09T07:58:20","slug":"anforderung-eines-angebots-fuer-die-berechnung-von-torsionsfedern","status":"publish","type":"page","link":"https:\/\/www.mollificiomodenese.it\/de\/fordern-sie-ein-angebot-fuer-industrielle-federn-an\/anforderung-eines-angebots-fuer-die-berechnung-von-torsionsfedern\/","title":{"rendered":"Anforderung eines Angebots f\u00fcr die Berechnung von Torsionsfedern"},"content":{"rendered":"<div class=\"wpb-content-wrapper\"><p>[vc_section css=&#8220;.vc_custom_1580193165368{padding-bottom: 100px !important;background-color: #eeeeee !important;}&#8220;][vc_row gap=&#8220;35&#8243;][vc_column width=&#8220;2\/3&#8243;][vc_column_text]<\/p>\n<h2>Angebote f\u00fcr Torsionsfedern nach Ma\u00df<\/h2>\n<p>Wir k\u00f6nnen eine Vielzahl von <a href=\"https:\/\/www.mollificiomodenese.it\/de\/unsere-federn\/torsionsfedern\/\"><strong>Torsionsfedern<\/strong> <\/a>herstellen, die sich in den Formen, Funktionen und Materialien unterscheiden. Wir sind in der Lage, <strong>Torsionsfedern basierend auf einem Entwurf oder einem vom Kunden bereitgestellten Muster<\/strong> herzustellen: F\u00fcllen Sie bitte das nachstehende Formular aus, um uns eine Anfrage f\u00fcr ein Angebot f\u00fcr <strong>Torsionsfedern nach Ma\u00df<\/strong> zu senden!<\/p>\n<p>Sollten Sie nicht \u00fcber alle Werte verf\u00fcgen, um die Feder zu bauen, k\u00f6nnen wir die <a href=\"https:\/\/www.mollificiomodenese.it\/de\/die-dienstleistungen-der-firma-mollificio-modenese-fuer-ihre-industriellen-federn\/unterstuetzung-bei-berechnung-und-entwurf-der-federn\/die-berechnung-von-torsionsfedern-unsere-empfehlungen\/\"><strong>Berechnung der Torsionsfedern<\/strong><\/a> \u00fcbernehmen: Setzen Sie sich sofort mit uns f\u00fcr ein Angebot in Verbindung, indem Sie alle erforderlichen Informationen im Formular eingeben.[\/vc_column_text]\n<div class=\"wpcf7 no-js\" id=\"wpcf7-f4150-o1\" lang=\"it-IT\" dir=\"ltr\" data-wpcf7-id=\"4150\">\n<div class=\"screen-reader-response\"><p role=\"status\" aria-live=\"polite\" aria-atomic=\"true\"><\/p> <ul><\/ul><\/div>\n<form action=\"\/de\/wp-json\/wp\/v2\/pages\/4096#wpcf7-f4150-o1\" method=\"post\" class=\"wpcf7-form init\" aria-label=\"Modulo di contatto\" novalidate=\"novalidate\" data-status=\"init\">\n<fieldset class=\"hidden-fields-container\"><input type=\"hidden\" name=\"_wpcf7\" value=\"4150\" \/><input type=\"hidden\" name=\"_wpcf7_version\" value=\"6.1.5\" \/><input type=\"hidden\" name=\"_wpcf7_locale\" value=\"it_IT\" \/><input type=\"hidden\" name=\"_wpcf7_unit_tag\" value=\"wpcf7-f4150-o1\" \/><input type=\"hidden\" name=\"_wpcf7_container_post\" value=\"0\" \/><input type=\"hidden\" name=\"_wpcf7_posted_data_hash\" value=\"\" \/><input type=\"hidden\" name=\"_wpcf7cf_hidden_group_fields\" value=\"[]\" \/><input type=\"hidden\" name=\"_wpcf7cf_hidden_groups\" value=\"[]\" \/><input type=\"hidden\" name=\"_wpcf7cf_visible_groups\" value=\"[]\" \/><input type=\"hidden\" name=\"_wpcf7cf_repeaters\" value=\"[]\" \/><input type=\"hidden\" name=\"_wpcf7cf_steps\" value=\"{}\" \/><input type=\"hidden\" name=\"_wpcf7cf_options\" value=\"{&quot;form_id&quot;:4150,&quot;conditions&quot;:[],&quot;settings&quot;:{&quot;animation&quot;:&quot;yes&quot;,&quot;animation_intime&quot;:200,&quot;animation_outtime&quot;:200,&quot;conditions_ui&quot;:&quot;normal&quot;,&quot;notice_dismissed&quot;:false}}\" \/><input type=\"hidden\" name=\"_wpcf7_recaptcha_response\" value=\"\" \/>\n<\/fieldset>\n<p>Daten des Anfragenden\n<\/p>\n<div class=\"form-molle\">\n\t<div class=\"input-normal\">\n\t\t<p><label for=\"your-name\">Name oder Firmenname *<\/label><br \/>\n<span class=\"wpcf7-form-control-wrap\" data-name=\"your-name\"><input size=\"40\" maxlength=\"400\" class=\"wpcf7-form-control wpcf7-text wpcf7-validates-as-required\" id=\"your-name\" aria-required=\"true\" aria-invalid=\"false\" value=\"\" type=\"text\" name=\"your-name\" \/><\/span>\n\t\t<\/p>\n\t<\/div>\n\t<div class=\"input-normal\">\n\t\t<p><label for=\"your-city\">Stadt *<\/label><br \/>\n<span class=\"wpcf7-form-control-wrap\" data-name=\"your-city\"><input size=\"40\" maxlength=\"400\" class=\"wpcf7-form-control wpcf7-text wpcf7-validates-as-required\" id=\"your-city\" aria-required=\"true\" aria-invalid=\"false\" value=\"\" type=\"text\" name=\"your-city\" \/><\/span>\n\t\t<\/p>\n\t<\/div>\n\t<div class=\"input-normal\">\n\t\t<p><label for=\"your-province\">Provinz *<\/label><br \/>\n<span class=\"wpcf7-form-control-wrap\" data-name=\"your-province\"><input size=\"40\" maxlength=\"400\" class=\"wpcf7-form-control wpcf7-text wpcf7-validates-as-required\" id=\"your-province\" aria-required=\"true\" aria-invalid=\"false\" value=\"\" type=\"text\" name=\"your-province\" \/><\/span>\n\t\t<\/p>\n\t<\/div>\n\t<div class=\"input-normal\">\n\t\t<p><label for=\"your-email\">E-Mail-Adresse *<\/label><br \/>\n<span class=\"wpcf7-form-control-wrap\" data-name=\"your-email\"><input size=\"40\" maxlength=\"400\" class=\"wpcf7-form-control wpcf7-email wpcf7-validates-as-required wpcf7-text wpcf7-validates-as-email\" id=\"your-email\" aria-required=\"true\" aria-invalid=\"false\" value=\"\" type=\"email\" name=\"your-email\" \/><\/span>\n\t\t<\/p>\n\t<\/div>\n\t<div class=\"input-normal\">\n\t\t<p><label for=\"your-riferimento\">Ansprechpartner *<\/label><br \/>\n<span class=\"wpcf7-form-control-wrap\" data-name=\"your-riferimento\"><input size=\"40\" maxlength=\"400\" class=\"wpcf7-form-control wpcf7-text wpcf7-validates-as-required\" id=\"your-riferimento\" aria-required=\"true\" aria-invalid=\"false\" value=\"\" type=\"text\" name=\"your-riferimento\" \/><\/span>\n\t\t<\/p>\n\t<\/div>\n\t<p>Abmessungen und Eigenschaften der Torsionsfedern\n\t<\/p>\n\t<div class=\"input-normal\">\n\t\t<p><label for=\"your-quantity\">Menge: *<\/label><br \/>\n<span class=\"wpcf7-form-control-wrap\" data-name=\"your-quantity\"><input size=\"40\" maxlength=\"400\" class=\"wpcf7-form-control wpcf7-text wpcf7-validates-as-required\" id=\"your-quantity\" aria-required=\"true\" aria-invalid=\"false\" value=\"\" type=\"text\" name=\"your-quantity\" \/><\/span>\n\t\t<\/p>\n\t<\/div>\n\t<div class=\"input-normal\">\n\t\t<p><label for=\"your-diameter\">Drahtdurchmesser in mm *<\/label><br \/>\n<span class=\"wpcf7-form-control-wrap\" data-name=\"your-diameter\"><input size=\"40\" maxlength=\"400\" class=\"wpcf7-form-control wpcf7-text wpcf7-validates-as-required\" id=\"your-diameter\" aria-required=\"true\" aria-invalid=\"false\" value=\"\" type=\"text\" name=\"your-diameter\" \/><\/span>\n\t\t<\/p>\n\t<\/div>\n\t<div class=\"input-normal\">\n\t\t<p><label for=\"your-material\">Material:<\/label><br \/>\n<span class=\"wpcf7-form-control-wrap\" data-name=\"your-material\"><select class=\"wpcf7-form-control wpcf7-select\" id=\"your-material\" aria-invalid=\"false\" name=\"your-material\"><option value=\"Federstahl EN 10270-1 SH (UNI 3823 Klasse C \u2013 ehemals C85)\">Federstahl EN 10270-1 SH (UNI 3823 Klasse C \u2013 ehemals C85)<\/option><option value=\"Sonstiges (Bitte in den Anmerkungen angeben)\">Sonstiges (Bitte in den Anmerkungen angeben)<\/option><\/select><\/span>\n\t\t<\/p>\n\t<\/div>\n\t<fieldset>\n\t\t<legend>Wicklungsrichtung:\n\t\t<\/legend>\n\t\t<p><span class=\"wpcf7-form-control-wrap\" data-name=\"your-senso-avvolgimento\"><span class=\"wpcf7-form-control wpcf7-radio\" id=\"your-senso-avvolgimento\"><span class=\"wpcf7-list-item first\"><input type=\"radio\" name=\"your-senso-avvolgimento\" value=\"Rechts\" checked=\"checked\" \/><span class=\"wpcf7-list-item-label\">Rechts<\/span><\/span><span class=\"wpcf7-list-item last\"><input type=\"radio\" name=\"your-senso-avvolgimento\" value=\"Links\" \/><span class=\"wpcf7-list-item-label\">Links<\/span><\/span><\/span><\/span>\n\t\t<\/p>\n\t<\/fieldset>\n\t<div class=\"input-normal\">\n\t\t<p><label for=\"your-diameter-extern\">Au\u00dfendurchmesser in mm *<\/label><br \/>\n<span class=\"wpcf7-form-control-wrap\" data-name=\"your-diameter-extern\"><input size=\"40\" maxlength=\"400\" class=\"wpcf7-form-control wpcf7-text wpcf7-validates-as-required\" id=\"your-diameter-extern\" aria-required=\"true\" aria-invalid=\"false\" value=\"\" type=\"text\" name=\"your-diameter-extern\" \/><\/span>\n\t\t<\/p>\n\t<\/div>\n\t<div class=\"input-normal\">\n\t\t<p><label for=\"your-diameter-intern\">Innendurchmesser in mm *<\/label><br \/>\n<span class=\"wpcf7-form-control-wrap\" data-name=\"your-diameter-intern\"><input size=\"40\" maxlength=\"400\" class=\"wpcf7-form-control wpcf7-text wpcf7-validates-as-required\" id=\"your-diameter-intern\" aria-required=\"true\" aria-invalid=\"false\" value=\"\" type=\"text\" name=\"your-diameter-intern\" \/><\/span>\n\t\t<\/p>\n\t<\/div>\n\t<p><img decoding=\"async\" src=\"\/wp-content\/uploads\/2023\/01\/posizione-spire.png\" alt=\"Diagramm mit Wicklungspositionen der Feder\" style=\"width:100%;max-width: 500px;margin-left:0;\" \/>\n\t<\/p>\n\t<fieldset>\n\t\t<legend>Position der Wicklungen:\n\t\t<\/legend>\n\t\t<p><span class=\"wpcf7-form-control-wrap\" data-name=\"your-posizione-spire\"><span class=\"wpcf7-form-control wpcf7-radio\" id=\"your-posizione-spire\"><span class=\"wpcf7-list-item first\"><input type=\"radio\" name=\"your-posizione-spire\" value=\"0\u00b0\" checked=\"checked\" \/><span class=\"wpcf7-list-item-label\">0\u00b0<\/span><\/span><span class=\"wpcf7-list-item\"><input type=\"radio\" name=\"your-posizione-spire\" value=\"90\u00b0\" \/><span class=\"wpcf7-list-item-label\">90\u00b0<\/span><\/span><span class=\"wpcf7-list-item\"><input type=\"radio\" name=\"your-posizione-spire\" value=\"180\u00b0\" \/><span class=\"wpcf7-list-item-label\">180\u00b0<\/span><\/span><span class=\"wpcf7-list-item last\"><input type=\"radio\" name=\"your-posizione-spire\" value=\"270\u00b0\" \/><span class=\"wpcf7-list-item-label\">270\u00b0<\/span><\/span><\/span><\/span>\n\t\t<\/p>\n\t<\/fieldset>\n\t<div class=\"input-normal\">\n\t\t<p><label for=\"your-numero-spire\">Anzahl der Wicklungen:<\/label><br \/>\n<span class=\"wpcf7-form-control-wrap\" data-name=\"your-numero-spire\"><input size=\"40\" maxlength=\"400\" class=\"wpcf7-form-control wpcf7-text\" id=\"your-numero-spire\" aria-invalid=\"false\" value=\"\" type=\"text\" name=\"your-numero-spire\" \/><\/span>\n\t\t<\/p>\n\t<\/div>\n\t<p><img decoding=\"async\" src=\"\/wp-content\/uploads\/2023\/01\/form-tipo-gambo.png\" alt=\"Diagramm mit Arten der Federarme\" style=\"width:100%;max-width: 450px;margin-left:0;\" \/>\n\t<\/p>\n\t<fieldset>\n\t\t<legend>Art des Stabes:\n\t\t<\/legend>\n\t\t<p><span class=\"wpcf7-form-control-wrap\" data-name=\"your-gambo\"><span class=\"wpcf7-form-control wpcf7-radio\" id=\"your-gambo\"><span class=\"wpcf7-list-item first\"><input type=\"radio\" name=\"your-gambo\" value=\"Tangential\" checked=\"checked\" \/><span class=\"wpcf7-list-item-label\">Tangential<\/span><\/span><span class=\"wpcf7-list-item\"><input type=\"radio\" name=\"your-gambo\" value=\"Radial\" \/><span class=\"wpcf7-list-item-label\">Radial<\/span><\/span><span class=\"wpcf7-list-item last\"><input type=\"radio\" name=\"your-gambo\" value=\"In Achse\" \/><span class=\"wpcf7-list-item-label\">In Achse<\/span><\/span><\/span><\/span>\n\t\t<\/p>\n\t<\/fieldset>\n\t<div class=\"input-normal\">\n\t\t<p><label for=\"your-lunghezza-primo-gambo\">L\u00e4nge des 1. Stabs:<\/label><br \/>\n<span class=\"wpcf7-form-control-wrap\" data-name=\"your-lunghezza-primo-gambo\"><input size=\"40\" maxlength=\"400\" class=\"wpcf7-form-control wpcf7-text\" id=\"your-lunghezza-primo-gambo\" aria-invalid=\"false\" value=\"\" type=\"text\" name=\"your-lunghezza-primo-gambo\" \/><\/span>\n\t\t<\/p>\n\t<\/div>\n\t<div class=\"input-normal\">\n\t\t<p><label for=\"your-lunghezza-secondo-gambo\">L\u00e4nge des 2. Stabs:<\/label><br \/>\n<span class=\"wpcf7-form-control-wrap\" data-name=\"your-lunghezza-secondo-gambo\"><input size=\"40\" maxlength=\"400\" class=\"wpcf7-form-control wpcf7-text\" id=\"your-lunghezza-secondo-gambo\" aria-invalid=\"false\" value=\"\" type=\"text\" name=\"your-lunghezza-secondo-gambo\" \/><\/span>\n\t\t<\/p>\n\t<\/div>\n\t<fieldset>\n\t\t<legend>Verzinken:\n\t\t<\/legend>\n\t\t<p><span class=\"wpcf7-form-control-wrap\" data-name=\"your-zincatura\"><span class=\"wpcf7-form-control wpcf7-radio\" id=\"your-zincatura\"><span class=\"wpcf7-list-item first\"><input type=\"radio\" name=\"your-zincatura\" value=\"Ja\" checked=\"checked\" \/><span class=\"wpcf7-list-item-label\">Ja<\/span><\/span><span class=\"wpcf7-list-item last\"><input type=\"radio\" name=\"your-zincatura\" value=\"Nein\" \/><span class=\"wpcf7-list-item-label\">Nein<\/span><\/span><\/span><\/span>\n\t\t<\/p>\n\t<\/fieldset>\n\t<div class=\"input-specifiche\">\n\t\t<p><label for=\"your-richieste-specifiche\">Weitere spezifische Forderungen und Hinweise zur Produktion<\/label><br \/>\n<span class=\"wpcf7-form-control-wrap\" data-name=\"your-richieste-specifiche\"><textarea cols=\"40\" rows=\"10\" maxlength=\"2000\" class=\"wpcf7-form-control wpcf7-textarea\" id=\"your-richieste-specifiche\" aria-invalid=\"false\" name=\"your-richieste-specifiche\"><\/textarea><\/span>\n\t\t<\/p>\n\t<\/div>\n\t<p><strong>Datenschutzerkl\u00e4rung: Genehmigung zur Verarbeitung personenbezogener Daten<\/strong>\n\t<\/p>\n\t<p>Die erhobenen personenbezogenen Daten werden vom Mollificio Modenese unter Einsatz elektronischer Mittel ausschlie\u00dflich verwendet, um diese Anfrage f\u00fcr ein Angebot f\u00fcr Zugfedern nach Ma\u00df zu erf\u00fcllen. Laut Art. 13 des Gesetzes 675\/96 hat der Nutzer das Recht, die ihn betreffenden Daten zu kennen, ihre Korrektur, Erg\u00e4nzung und bei Vorliegen von Daten deren L\u00f6schung oder Sperrung zu verlangen. Nach Kenntnisnahme von der oben genannten Erkl\u00e4rung erm\u00e4chtige ich die Verarbeitung und Kommunikation meiner Daten durch die Firma Mollificio Modenese.\n\t<\/p>\n\t<fieldset>\n\t\t<legend>Einwilligung *\n\t\t<\/legend>\n\t\t<p>[radio* your-accept id:your-accept default:1 \"Ich stimme zu\" \"Ich stimme nicht zu\"]\n\t\t<\/p>\n\t<\/fieldset>\n\t<div class=\"block-button\">\n\t\t<p><input class=\"wpcf7-form-control wpcf7-submit has-spinner\" type=\"submit\" value=\"Anfrage senden\" \/>\n\t\t<\/p>\n\t<\/div>\n<\/div><div class=\"wpcf7-response-output\" aria-hidden=\"true\"><\/div>\n<\/form>\n<\/div>\n[vc_empty_space][\/vc_column][vc_column width=&#8220;1\/3&#8243; css=&#8220;.vc_custom_1580149774337{border-left-width: 1px !important;border-left-color: #004f9f !important;border-left-style: solid !important;}&#8220;][vc_widget_sidebar sidebar_id=&#8220;sidebar-3&#8243;][\/vc_column][\/vc_row][\/vc_section]<\/p>\n<\/div>","protected":false},"excerpt":{"rendered":"<p>[vc_section css=&#8220;.vc_custom_1580193165368{padding-bottom: 100px !important;background-color: #eeeeee !important;}&#8220;][vc_row gap=&#8220;35&#8243;][vc_column width=&#8220;2\/3&#8243;][vc_column_text] Angebote f\u00fcr Torsionsfedern nach Ma\u00df Wir k\u00f6nnen eine Vielzahl von Torsionsfedern herstellen, die sich in den Formen, Funktionen und Materialien unterscheiden. Wir sind in der Lage, Torsionsfedern basierend auf einem Entwurf oder einem vom Kunden bereitgestellten Muster herzustellen: F\u00fcllen Sie bitte das nachstehende Formular aus, um uns [&hellip;]<\/p>\n","protected":false},"author":5,"featured_media":3873,"parent":4083,"menu_order":0,"comment_status":"closed","ping_status":"closed","template":"","meta":{"footnotes":""},"class_list":["post-4096","page","type-page","status-publish","hentry"],"yoast_head":"<!-- This site is optimized with the Yoast SEO plugin v27.3 - https:\/\/yoast.com\/product\/yoast-seo-wordpress\/ -->\n<title>Angebot f\u00fcr die Berechnung von Torsionsfedern | Mollificio Modenese<\/title>\n<meta name=\"description\" content=\"Mollificio Modenese stellt Torsionsfedern her: Fordern Sie jetzt ein Angebot an. F\u00fcllen Sie bitte das Formular aus.\" \/>\n<meta name=\"robots\" content=\"index, follow, max-snippet:-1, max-image-preview:large, max-video-preview:-1\" \/>\n<link rel=\"canonical\" href=\"https:\/\/www.mollificiomodenese.it\/de\/fordern-sie-ein-angebot-fuer-industrielle-federn-an\/anforderung-eines-angebots-fuer-die-berechnung-von-torsionsfedern\/\" \/>\n<meta property=\"og:locale\" content=\"de_DE\" \/>\n<meta property=\"og:type\" content=\"article\" \/>\n<meta property=\"og:title\" content=\"Angebot f\u00fcr die Berechnung von Torsionsfedern | Mollificio Modenese\" \/>\n<meta property=\"og:description\" content=\"Mollificio Modenese stellt Torsionsfedern her: Fordern Sie jetzt ein Angebot an. F\u00fcllen Sie bitte das Formular aus.\" \/>\n<meta property=\"og:url\" content=\"https:\/\/www.mollificiomodenese.it\/de\/fordern-sie-ein-angebot-fuer-industrielle-federn-an\/anforderung-eines-angebots-fuer-die-berechnung-von-torsionsfedern\/\" \/>\n<meta property=\"og:site_name\" content=\"MOLLIFICIO MODENESE\" \/>\n<meta property=\"article:modified_time\" content=\"2025-07-09T07:58:20+00:00\" \/>\n<meta property=\"og:image\" content=\"https:\/\/www.mollificiomodenese.it\/wp-content\/uploads\/2020\/01\/sfondo2.jpg\" \/>\n\t<meta property=\"og:image:width\" content=\"1250\" \/>\n\t<meta property=\"og:image:height\" content=\"620\" \/>\n\t<meta property=\"og:image:type\" content=\"image\/jpeg\" \/>\n<meta name=\"twitter:card\" content=\"summary_large_image\" \/>\n<meta name=\"twitter:label1\" content=\"Gesch\u00e4tzte Lesezeit\" \/>\n\t<meta name=\"twitter:data1\" content=\"1\u00a0Minute\" \/>\n<script type=\"application\/ld+json\" class=\"yoast-schema-graph\">{\"@context\":\"https:\\\/\\\/schema.org\",\"@graph\":[{\"@type\":\"WebPage\",\"@id\":\"https:\\\/\\\/www.mollificiomodenese.it\\\/de\\\/fordern-sie-ein-angebot-fuer-industrielle-federn-an\\\/anforderung-eines-angebots-fuer-die-berechnung-von-torsionsfedern\\\/\",\"url\":\"https:\\\/\\\/www.mollificiomodenese.it\\\/de\\\/fordern-sie-ein-angebot-fuer-industrielle-federn-an\\\/anforderung-eines-angebots-fuer-die-berechnung-von-torsionsfedern\\\/\",\"name\":\"Angebot f\u00fcr die Berechnung von Torsionsfedern | Mollificio Modenese\",\"isPartOf\":{\"@id\":\"https:\\\/\\\/www.mollificiomodenese.it\\\/#website\"},\"primaryImageOfPage\":{\"@id\":\"https:\\\/\\\/www.mollificiomodenese.it\\\/de\\\/fordern-sie-ein-angebot-fuer-industrielle-federn-an\\\/anforderung-eines-angebots-fuer-die-berechnung-von-torsionsfedern\\\/#primaryimage\"},\"image\":{\"@id\":\"https:\\\/\\\/www.mollificiomodenese.it\\\/de\\\/fordern-sie-ein-angebot-fuer-industrielle-federn-an\\\/anforderung-eines-angebots-fuer-die-berechnung-von-torsionsfedern\\\/#primaryimage\"},\"thumbnailUrl\":\"https:\\\/\\\/www.mollificiomodenese.it\\\/wp-content\\\/uploads\\\/2020\\\/01\\\/sfondo2.jpg\",\"datePublished\":\"2025-06-30T10:09:27+00:00\",\"dateModified\":\"2025-07-09T07:58:20+00:00\",\"description\":\"Mollificio Modenese stellt Torsionsfedern her: Fordern Sie jetzt ein Angebot an. F\u00fcllen Sie bitte das Formular aus.\",\"breadcrumb\":{\"@id\":\"https:\\\/\\\/www.mollificiomodenese.it\\\/de\\\/fordern-sie-ein-angebot-fuer-industrielle-federn-an\\\/anforderung-eines-angebots-fuer-die-berechnung-von-torsionsfedern\\\/#breadcrumb\"},\"inLanguage\":\"de\",\"potentialAction\":[{\"@type\":\"ReadAction\",\"target\":[\"https:\\\/\\\/www.mollificiomodenese.it\\\/de\\\/fordern-sie-ein-angebot-fuer-industrielle-federn-an\\\/anforderung-eines-angebots-fuer-die-berechnung-von-torsionsfedern\\\/\"]}]},{\"@type\":\"ImageObject\",\"inLanguage\":\"de\",\"@id\":\"https:\\\/\\\/www.mollificiomodenese.it\\\/de\\\/fordern-sie-ein-angebot-fuer-industrielle-federn-an\\\/anforderung-eines-angebots-fuer-die-berechnung-von-torsionsfedern\\\/#primaryimage\",\"url\":\"https:\\\/\\\/www.mollificiomodenese.it\\\/wp-content\\\/uploads\\\/2020\\\/01\\\/sfondo2.jpg\",\"contentUrl\":\"https:\\\/\\\/www.mollificiomodenese.it\\\/wp-content\\\/uploads\\\/2020\\\/01\\\/sfondo2.jpg\",\"width\":1250,\"height\":620,\"caption\":\"mollificio modenese\"},{\"@type\":\"BreadcrumbList\",\"@id\":\"https:\\\/\\\/www.mollificiomodenese.it\\\/de\\\/fordern-sie-ein-angebot-fuer-industrielle-federn-an\\\/anforderung-eines-angebots-fuer-die-berechnung-von-torsionsfedern\\\/#breadcrumb\",\"itemListElement\":[{\"@type\":\"ListItem\",\"position\":1,\"name\":\"Home\",\"item\":\"https:\\\/\\\/www.mollificiomodenese.it\\\/de\\\/\"},{\"@type\":\"ListItem\",\"position\":2,\"name\":\"Fordern Sie ein Angebot f\u00fcr industrielle Federn an\",\"item\":\"https:\\\/\\\/www.mollificiomodenese.it\\\/de\\\/fordern-sie-ein-angebot-fuer-industrielle-federn-an\\\/\"},{\"@type\":\"ListItem\",\"position\":3,\"name\":\"Anforderung eines Angebots f\u00fcr die Berechnung von Torsionsfedern\"}]},{\"@type\":\"WebSite\",\"@id\":\"https:\\\/\\\/www.mollificiomodenese.it\\\/#website\",\"url\":\"https:\\\/\\\/www.mollificiomodenese.it\\\/\",\"name\":\"MOLLIFICIO MODENESE\",\"description\":\"\",\"potentialAction\":[{\"@type\":\"SearchAction\",\"target\":{\"@type\":\"EntryPoint\",\"urlTemplate\":\"https:\\\/\\\/www.mollificiomodenese.it\\\/?s={search_term_string}\"},\"query-input\":{\"@type\":\"PropertyValueSpecification\",\"valueRequired\":true,\"valueName\":\"search_term_string\"}}],\"inLanguage\":\"de\"}]}<\/script>\n<!-- \/ Yoast SEO plugin. -->","yoast_head_json":{"title":"Angebot f\u00fcr die Berechnung von Torsionsfedern | Mollificio Modenese","description":"Mollificio Modenese stellt Torsionsfedern her: Fordern Sie jetzt ein Angebot an. F\u00fcllen Sie bitte das Formular aus.","robots":{"index":"index","follow":"follow","max-snippet":"max-snippet:-1","max-image-preview":"max-image-preview:large","max-video-preview":"max-video-preview:-1"},"canonical":"https:\/\/www.mollificiomodenese.it\/de\/fordern-sie-ein-angebot-fuer-industrielle-federn-an\/anforderung-eines-angebots-fuer-die-berechnung-von-torsionsfedern\/","og_locale":"de_DE","og_type":"article","og_title":"Angebot f\u00fcr die Berechnung von Torsionsfedern | Mollificio Modenese","og_description":"Mollificio Modenese stellt Torsionsfedern her: Fordern Sie jetzt ein Angebot an. F\u00fcllen Sie bitte das Formular aus.","og_url":"https:\/\/www.mollificiomodenese.it\/de\/fordern-sie-ein-angebot-fuer-industrielle-federn-an\/anforderung-eines-angebots-fuer-die-berechnung-von-torsionsfedern\/","og_site_name":"MOLLIFICIO MODENESE","article_modified_time":"2025-07-09T07:58:20+00:00","og_image":[{"width":1250,"height":620,"url":"https:\/\/www.mollificiomodenese.it\/wp-content\/uploads\/2020\/01\/sfondo2.jpg","type":"image\/jpeg"}],"twitter_card":"summary_large_image","twitter_misc":{"Gesch\u00e4tzte Lesezeit":"1\u00a0Minute"},"schema":{"@context":"https:\/\/schema.org","@graph":[{"@type":"WebPage","@id":"https:\/\/www.mollificiomodenese.it\/de\/fordern-sie-ein-angebot-fuer-industrielle-federn-an\/anforderung-eines-angebots-fuer-die-berechnung-von-torsionsfedern\/","url":"https:\/\/www.mollificiomodenese.it\/de\/fordern-sie-ein-angebot-fuer-industrielle-federn-an\/anforderung-eines-angebots-fuer-die-berechnung-von-torsionsfedern\/","name":"Angebot f\u00fcr die Berechnung von Torsionsfedern | Mollificio Modenese","isPartOf":{"@id":"https:\/\/www.mollificiomodenese.it\/#website"},"primaryImageOfPage":{"@id":"https:\/\/www.mollificiomodenese.it\/de\/fordern-sie-ein-angebot-fuer-industrielle-federn-an\/anforderung-eines-angebots-fuer-die-berechnung-von-torsionsfedern\/#primaryimage"},"image":{"@id":"https:\/\/www.mollificiomodenese.it\/de\/fordern-sie-ein-angebot-fuer-industrielle-federn-an\/anforderung-eines-angebots-fuer-die-berechnung-von-torsionsfedern\/#primaryimage"},"thumbnailUrl":"https:\/\/www.mollificiomodenese.it\/wp-content\/uploads\/2020\/01\/sfondo2.jpg","datePublished":"2025-06-30T10:09:27+00:00","dateModified":"2025-07-09T07:58:20+00:00","description":"Mollificio Modenese stellt Torsionsfedern her: Fordern Sie jetzt ein Angebot an. F\u00fcllen Sie bitte das Formular aus.","breadcrumb":{"@id":"https:\/\/www.mollificiomodenese.it\/de\/fordern-sie-ein-angebot-fuer-industrielle-federn-an\/anforderung-eines-angebots-fuer-die-berechnung-von-torsionsfedern\/#breadcrumb"},"inLanguage":"de","potentialAction":[{"@type":"ReadAction","target":["https:\/\/www.mollificiomodenese.it\/de\/fordern-sie-ein-angebot-fuer-industrielle-federn-an\/anforderung-eines-angebots-fuer-die-berechnung-von-torsionsfedern\/"]}]},{"@type":"ImageObject","inLanguage":"de","@id":"https:\/\/www.mollificiomodenese.it\/de\/fordern-sie-ein-angebot-fuer-industrielle-federn-an\/anforderung-eines-angebots-fuer-die-berechnung-von-torsionsfedern\/#primaryimage","url":"https:\/\/www.mollificiomodenese.it\/wp-content\/uploads\/2020\/01\/sfondo2.jpg","contentUrl":"https:\/\/www.mollificiomodenese.it\/wp-content\/uploads\/2020\/01\/sfondo2.jpg","width":1250,"height":620,"caption":"mollificio modenese"},{"@type":"BreadcrumbList","@id":"https:\/\/www.mollificiomodenese.it\/de\/fordern-sie-ein-angebot-fuer-industrielle-federn-an\/anforderung-eines-angebots-fuer-die-berechnung-von-torsionsfedern\/#breadcrumb","itemListElement":[{"@type":"ListItem","position":1,"name":"Home","item":"https:\/\/www.mollificiomodenese.it\/de\/"},{"@type":"ListItem","position":2,"name":"Fordern Sie ein Angebot f\u00fcr industrielle Federn an","item":"https:\/\/www.mollificiomodenese.it\/de\/fordern-sie-ein-angebot-fuer-industrielle-federn-an\/"},{"@type":"ListItem","position":3,"name":"Anforderung eines Angebots f\u00fcr die Berechnung von Torsionsfedern"}]},{"@type":"WebSite","@id":"https:\/\/www.mollificiomodenese.it\/#website","url":"https:\/\/www.mollificiomodenese.it\/","name":"MOLLIFICIO MODENESE","description":"","potentialAction":[{"@type":"SearchAction","target":{"@type":"EntryPoint","urlTemplate":"https:\/\/www.mollificiomodenese.it\/?s={search_term_string}"},"query-input":{"@type":"PropertyValueSpecification","valueRequired":true,"valueName":"search_term_string"}}],"inLanguage":"de"}]}},"_links":{"self":[{"href":"https:\/\/www.mollificiomodenese.it\/de\/wp-json\/wp\/v2\/pages\/4096","targetHints":{"allow":["GET"]}}],"collection":[{"href":"https:\/\/www.mollificiomodenese.it\/de\/wp-json\/wp\/v2\/pages"}],"about":[{"href":"https:\/\/www.mollificiomodenese.it\/de\/wp-json\/wp\/v2\/types\/page"}],"author":[{"embeddable":true,"href":"https:\/\/www.mollificiomodenese.it\/de\/wp-json\/wp\/v2\/users\/5"}],"replies":[{"embeddable":true,"href":"https:\/\/www.mollificiomodenese.it\/de\/wp-json\/wp\/v2\/comments?post=4096"}],"version-history":[{"count":6,"href":"https:\/\/www.mollificiomodenese.it\/de\/wp-json\/wp\/v2\/pages\/4096\/revisions"}],"predecessor-version":[{"id":4440,"href":"https:\/\/www.mollificiomodenese.it\/de\/wp-json\/wp\/v2\/pages\/4096\/revisions\/4440"}],"up":[{"embeddable":true,"href":"https:\/\/www.mollificiomodenese.it\/de\/wp-json\/wp\/v2\/pages\/4083"}],"wp:featuredmedia":[{"embeddable":true,"href":"https:\/\/www.mollificiomodenese.it\/de\/wp-json\/wp\/v2\/media\/3873"}],"wp:attachment":[{"href":"https:\/\/www.mollificiomodenese.it\/de\/wp-json\/wp\/v2\/media?parent=4096"}],"curies":[{"name":"wp","href":"https:\/\/api.w.org\/{rel}","templated":true}]}}