{"id":4099,"date":"2025-06-30T12:12:10","date_gmt":"2025-06-30T10:12:10","guid":{"rendered":"https:\/\/www.mollificiomodenese.it\/fordern-sie-ein-angebot-fuer-industrielle-federn-an\/erwerben-sie-ihre-spezifisch-gestaltete-feder-von-qualitaet\/"},"modified":"2025-07-09T09:58:55","modified_gmt":"2025-07-09T07:58:55","slug":"erwerben-sie-ihre-spezifisch-gestaltete-feder-von-qualitaet","status":"publish","type":"page","link":"https:\/\/www.mollificiomodenese.it\/de\/fordern-sie-ein-angebot-fuer-industrielle-federn-an\/erwerben-sie-ihre-spezifisch-gestaltete-feder-von-qualitaet\/","title":{"rendered":"Erwerben Sie Ihre spezifisch gestaltete Feder von Qualit\u00e4t"},"content":{"rendered":"<div class=\"wpb-content-wrapper\"><p>[vc_section css=&#8220;.vc_custom_1580193165368{padding-bottom: 100px !important;background-color: #eeeeee !important;}&#8220;][vc_row gap=&#8220;35&#8243;][vc_column width=&#8220;2\/3&#8243;][vc_column_text]<\/p>\n<h2>Erwerben Sie Ihre spezifisch gestaltete Feder von Qualit\u00e4t<\/h2>\n<p>Wir von Mollificio Modenese bieten die M\u00f6glichkeit der Herstellung von <strong>zu 100% kundenspezifisch gestalteten industriellen Federn<\/strong> basierend auf den Anfragen und Bed\u00fcrfnissen unserer Kunden. Wir stellen <strong>Federn nach Ma\u00df<\/strong> mit h\u00f6chster Sorgfalt und Aufmerksamkeit her.<br \/>\nF\u00fcllen Sie das nachstehende Formular aus, tragen Sie Ihre Daten ein und f\u00fcgen Sie, falls gew\u00fcnscht, Ihre Zeichnung (m\u00f6glichst im PDF-Format) bei. Nach dem angeforderten Angebot werden wir einen <strong>Entwurf ad hoc <\/strong>\u00a0erstellen!<\/p>\n<p>[\/vc_column_text]\n<div class=\"wpcf7 no-js\" id=\"wpcf7-f4151-o1\" lang=\"it-IT\" dir=\"ltr\" data-wpcf7-id=\"4151\">\n<div class=\"screen-reader-response\"><p role=\"status\" aria-live=\"polite\" aria-atomic=\"true\"><\/p> <ul><\/ul><\/div>\n<form action=\"\/de\/wp-json\/wp\/v2\/pages\/4099#wpcf7-f4151-o1\" method=\"post\" class=\"wpcf7-form init\" aria-label=\"Modulo di contatto\" enctype=\"multipart\/form-data\" novalidate=\"novalidate\" data-status=\"init\">\n<fieldset class=\"hidden-fields-container\"><input type=\"hidden\" name=\"_wpcf7\" value=\"4151\" \/><input type=\"hidden\" name=\"_wpcf7_version\" value=\"6.1.5\" \/><input type=\"hidden\" name=\"_wpcf7_locale\" value=\"it_IT\" \/><input type=\"hidden\" name=\"_wpcf7_unit_tag\" value=\"wpcf7-f4151-o1\" \/><input type=\"hidden\" name=\"_wpcf7_container_post\" value=\"0\" \/><input type=\"hidden\" name=\"_wpcf7_posted_data_hash\" value=\"\" \/><input type=\"hidden\" name=\"_wpcf7cf_hidden_group_fields\" value=\"[]\" \/><input type=\"hidden\" name=\"_wpcf7cf_hidden_groups\" value=\"[]\" \/><input type=\"hidden\" name=\"_wpcf7cf_visible_groups\" value=\"[]\" \/><input type=\"hidden\" name=\"_wpcf7cf_repeaters\" value=\"[]\" \/><input type=\"hidden\" name=\"_wpcf7cf_steps\" value=\"{}\" \/><input type=\"hidden\" name=\"_wpcf7cf_options\" value=\"{&quot;form_id&quot;:4151,&quot;conditions&quot;:[],&quot;settings&quot;:{&quot;animation&quot;:&quot;yes&quot;,&quot;animation_intime&quot;:200,&quot;animation_outtime&quot;:200,&quot;conditions_ui&quot;:&quot;normal&quot;,&quot;notice_dismissed&quot;:false}}\" \/><input type=\"hidden\" name=\"_wpcf7_recaptcha_response\" value=\"\" \/>\n<\/fieldset>\n<p>Die mit * gekennzeichneten Felder sind obligatorisch.\n<\/p>\n<p>Daten des Anfragenden\n<\/p>\n<div class=\"form-molle\">\n\t<div class=\"input-normal\">\n\t\t<p><label for=\"your-name\">Name oder Firmenname *<\/label><br \/>\n<span class=\"wpcf7-form-control-wrap\" data-name=\"your-name\"><input size=\"40\" maxlength=\"400\" class=\"wpcf7-form-control wpcf7-text wpcf7-validates-as-required\" id=\"your-name\" aria-required=\"true\" aria-invalid=\"false\" value=\"\" type=\"text\" name=\"your-name\" \/><\/span>\n\t\t<\/p>\n\t<\/div>\n\t<div class=\"input-normal\">\n\t\t<p><label for=\"your-city\">Stadt *<\/label><br \/>\n<span class=\"wpcf7-form-control-wrap\" data-name=\"your-city\"><input size=\"40\" maxlength=\"400\" class=\"wpcf7-form-control wpcf7-text wpcf7-validates-as-required\" id=\"your-city\" aria-required=\"true\" aria-invalid=\"false\" value=\"\" type=\"text\" name=\"your-city\" \/><\/span>\n\t\t<\/p>\n\t<\/div>\n\t<div class=\"input-normal\">\n\t\t<p><label for=\"your-province\">Provinz *<\/label><br \/>\n<span class=\"wpcf7-form-control-wrap\" data-name=\"your-province\"><input size=\"40\" maxlength=\"400\" class=\"wpcf7-form-control wpcf7-text wpcf7-validates-as-required\" id=\"your-province\" aria-required=\"true\" aria-invalid=\"false\" value=\"\" type=\"text\" name=\"your-province\" \/><\/span>\n\t\t<\/p>\n\t<\/div>\n\t<div class=\"input-normal\">\n\t\t<p><label for=\"your-email\">E-Mail-Adresse *<\/label><br \/>\n<span class=\"wpcf7-form-control-wrap\" data-name=\"your-email\"><input size=\"40\" maxlength=\"400\" class=\"wpcf7-form-control wpcf7-email wpcf7-validates-as-required wpcf7-text wpcf7-validates-as-email\" id=\"your-email\" aria-required=\"true\" aria-invalid=\"false\" value=\"\" type=\"email\" name=\"your-email\" \/><\/span>\n\t\t<\/p>\n\t<\/div>\n\t<div class=\"input-normal\">\n\t\t<p><label for=\"your-riferimento\">Ansprechpartner *<\/label><br \/>\n<span class=\"wpcf7-form-control-wrap\" data-name=\"your-riferimento\"><input size=\"40\" maxlength=\"400\" class=\"wpcf7-form-control wpcf7-text wpcf7-validates-as-required\" id=\"your-riferimento\" aria-required=\"true\" aria-invalid=\"false\" value=\"\" type=\"text\" name=\"your-riferimento\" \/><\/span>\n\t\t<\/p>\n\t<\/div>\n\t<p>F\u00fcgen Sie eine Zeichnung bei\n\t<\/p>\n\t<div class=\"input-normal\">\n\t\t<p><label for=\"your-quantity\">Menge: *<\/label><br \/>\n<span class=\"wpcf7-form-control-wrap\" data-name=\"your-quantity\"><input size=\"40\" maxlength=\"400\" class=\"wpcf7-form-control wpcf7-text wpcf7-validates-as-required\" id=\"your-quantity\" aria-required=\"true\" aria-invalid=\"false\" value=\"\" type=\"text\" name=\"your-quantity\" \/><\/span>\n\t\t<\/p>\n\t<\/div>\n\t<p><br \/>\n<strong>Hinweis:<\/strong> Das Beif\u00fcgen einer Zeichnung ist ganz einfach: Klicken Sie auf die Schaltfl\u00e4che <em>Durchsuchen<\/em> und w\u00e4hlen Sie die Datei von Ihrem Computer aus.\n\t<\/p>\n\t<p>Erlaubte Formate: <strong>.pdf<\/strong> oder <strong>.jpg<\/strong>. Bitte stellen Sie sicher, dass die Ma\u00dfe der Feder oder des Metallteils in der Zeichnung angegeben sind. Andernfalls tragen Sie diese bitte unten in das Feld \u201eAnmerkungen\u201c ein.\n\t<\/p>\n\t<div class=\"input-normal\">\n\t\t<p><label for=\"your-file\">F\u00fcgen Sie eine Zeichnung bei: *<\/label><br \/>\n<span class=\"wpcf7-form-control-wrap\" data-name=\"your-file\"><input size=\"40\" class=\"wpcf7-form-control wpcf7-file wpcf7-validates-as-required\" id=\"your-file\" accept=\".pdf,.jpg,.jpeg\" aria-required=\"true\" aria-invalid=\"false\" type=\"file\" name=\"your-file\" \/><\/span>\n\t\t<\/p>\n\t<\/div>\n\t<div class=\"input-specifiche height102\">\n\t\t<p><label for=\"your-note\">Anmerkungen<\/label><br \/>\n<span class=\"wpcf7-form-control-wrap\" data-name=\"your-note\"><textarea cols=\"40\" rows=\"10\" maxlength=\"2000\" class=\"wpcf7-form-control wpcf7-textarea\" id=\"your-note\" aria-invalid=\"false\" name=\"your-note\"><\/textarea><\/span>\n\t\t<\/p>\n\t<\/div>\n\t<p><br \/>\n<strong>Datenschutzerkl\u00e4rung:<\/strong>\n\t<\/p>\n\t<p>Die erhobenen personenbezogenen Daten werden vom Mollificio Modenese unter Einsatz elektronischer Mittel ausschlie\u00dflich verwendet, um diese Anfrage f\u00fcr ein Angebot f\u00fcr Zugfedern nach Ma\u00df zu erf\u00fcllen. Laut Art. 13 des Gesetzes 675\/96 hat der Nutzer das Recht, die ihn betreffenden Daten zu kennen, ihre Korrektur, Erg\u00e4nzung und bei Vorliegen von Daten deren L\u00f6schung oder Sperrung zu verlangen. Nach Kenntnisnahme von der oben genannten Erkl\u00e4rung erm\u00e4chtige ich die Verarbeitung und Kommunikation meiner Daten durch die Firma Mollificio Modenese.\n\t<\/p>\n\t<fieldset>\n\t\t<legend>Genehmigung zur Datenverarbeitung *\n\t\t<\/legend>\n\t\t<p>[radio* your-accept id:your-accept default:1 \"Ich stimme zu\" \"Ich stimme nicht zu\"]\n\t\t<\/p>\n\t<\/fieldset>\n\t<div class=\"block-button\">\n\t\t<p><input class=\"wpcf7-form-control wpcf7-submit has-spinner\" type=\"submit\" value=\"Anfrage senden\" \/>\n\t\t<\/p>\n\t<\/div>\n<\/div><div class=\"wpcf7-response-output\" aria-hidden=\"true\"><\/div>\n<\/form>\n<\/div>\n[vc_empty_space][\/vc_column][vc_column width=&#8220;1\/3&#8243; css=&#8220;.vc_custom_1580149774337{border-left-width: 1px !important;border-left-color: #004f9f !important;border-left-style: solid !important;}&#8220;][vc_widget_sidebar sidebar_id=&#8220;sidebar-3&#8243;][\/vc_column][\/vc_row][\/vc_section]<\/p>\n<\/div>","protected":false},"excerpt":{"rendered":"<p>[vc_section css=&#8220;.vc_custom_1580193165368{padding-bottom: 100px !important;background-color: #eeeeee !important;}&#8220;][vc_row gap=&#8220;35&#8243;][vc_column width=&#8220;2\/3&#8243;][vc_column_text] Erwerben Sie Ihre spezifisch gestaltete Feder von Qualit\u00e4t Wir von Mollificio Modenese bieten die M\u00f6glichkeit der Herstellung von zu 100% kundenspezifisch gestalteten industriellen Federn basierend auf den Anfragen und Bed\u00fcrfnissen unserer Kunden. Wir stellen Federn nach Ma\u00df mit h\u00f6chster Sorgfalt und Aufmerksamkeit her. F\u00fcllen Sie das nachstehende [&hellip;]<\/p>\n","protected":false},"author":5,"featured_media":3873,"parent":4083,"menu_order":0,"comment_status":"closed","ping_status":"closed","template":"","meta":{"footnotes":""},"class_list":["post-4099","page","type-page","status-publish","hentry"],"yoast_head":"<!-- This site is optimized with the Yoast SEO plugin v27.3 - https:\/\/yoast.com\/product\/yoast-seo-wordpress\/ -->\n<title>Angebot f\u00fcr die Berechnung von Federn nach Ma\u00df | Mollificio Modenese<\/title>\n<meta name=\"description\" content=\"Formulare zur Anforderung eines Angebots f\u00fcr Federn nach Zeichnung. F\u00fcllen Sie das Formular aus oder setzen Sie sich sofort mit uns in Verbindung, um Ihr pers\u00f6nliches Angebot zu erhalten! Wir stehen zu Ihrer Verf\u00fcgung!\" \/>\n<meta name=\"robots\" content=\"index, follow, max-snippet:-1, max-image-preview:large, max-video-preview:-1\" \/>\n<link rel=\"canonical\" href=\"https:\/\/www.mollificiomodenese.it\/de\/fordern-sie-ein-angebot-fuer-industrielle-federn-an\/erwerben-sie-ihre-spezifisch-gestaltete-feder-von-qualitaet\/\" \/>\n<meta property=\"og:locale\" content=\"de_DE\" \/>\n<meta property=\"og:type\" content=\"article\" \/>\n<meta property=\"og:title\" content=\"Angebot f\u00fcr die Berechnung von Federn nach Ma\u00df | Mollificio Modenese\" \/>\n<meta property=\"og:description\" content=\"Formulare zur Anforderung eines Angebots f\u00fcr Federn nach Zeichnung. F\u00fcllen Sie das Formular aus oder setzen Sie sich sofort mit uns in Verbindung, um Ihr pers\u00f6nliches Angebot zu erhalten! Wir stehen zu Ihrer Verf\u00fcgung!\" \/>\n<meta property=\"og:url\" content=\"https:\/\/www.mollificiomodenese.it\/de\/fordern-sie-ein-angebot-fuer-industrielle-federn-an\/erwerben-sie-ihre-spezifisch-gestaltete-feder-von-qualitaet\/\" \/>\n<meta property=\"og:site_name\" content=\"MOLLIFICIO MODENESE\" \/>\n<meta property=\"article:modified_time\" content=\"2025-07-09T07:58:55+00:00\" \/>\n<meta property=\"og:image\" content=\"https:\/\/www.mollificiomodenese.it\/wp-content\/uploads\/2020\/01\/sfondo2.jpg\" \/>\n\t<meta property=\"og:image:width\" content=\"1250\" \/>\n\t<meta property=\"og:image:height\" content=\"620\" \/>\n\t<meta property=\"og:image:type\" content=\"image\/jpeg\" \/>\n<meta name=\"twitter:card\" content=\"summary_large_image\" \/>\n<meta name=\"twitter:label1\" content=\"Gesch\u00e4tzte Lesezeit\" \/>\n\t<meta name=\"twitter:data1\" content=\"1\u00a0Minute\" \/>\n<script type=\"application\/ld+json\" class=\"yoast-schema-graph\">{\"@context\":\"https:\\\/\\\/schema.org\",\"@graph\":[{\"@type\":\"WebPage\",\"@id\":\"https:\\\/\\\/www.mollificiomodenese.it\\\/de\\\/fordern-sie-ein-angebot-fuer-industrielle-federn-an\\\/erwerben-sie-ihre-spezifisch-gestaltete-feder-von-qualitaet\\\/\",\"url\":\"https:\\\/\\\/www.mollificiomodenese.it\\\/de\\\/fordern-sie-ein-angebot-fuer-industrielle-federn-an\\\/erwerben-sie-ihre-spezifisch-gestaltete-feder-von-qualitaet\\\/\",\"name\":\"Angebot f\u00fcr die Berechnung von Federn nach Ma\u00df | Mollificio Modenese\",\"isPartOf\":{\"@id\":\"https:\\\/\\\/www.mollificiomodenese.it\\\/#website\"},\"primaryImageOfPage\":{\"@id\":\"https:\\\/\\\/www.mollificiomodenese.it\\\/de\\\/fordern-sie-ein-angebot-fuer-industrielle-federn-an\\\/erwerben-sie-ihre-spezifisch-gestaltete-feder-von-qualitaet\\\/#primaryimage\"},\"image\":{\"@id\":\"https:\\\/\\\/www.mollificiomodenese.it\\\/de\\\/fordern-sie-ein-angebot-fuer-industrielle-federn-an\\\/erwerben-sie-ihre-spezifisch-gestaltete-feder-von-qualitaet\\\/#primaryimage\"},\"thumbnailUrl\":\"https:\\\/\\\/www.mollificiomodenese.it\\\/wp-content\\\/uploads\\\/2020\\\/01\\\/sfondo2.jpg\",\"datePublished\":\"2025-06-30T10:12:10+00:00\",\"dateModified\":\"2025-07-09T07:58:55+00:00\",\"description\":\"Formulare zur Anforderung eines Angebots f\u00fcr Federn nach Zeichnung. F\u00fcllen Sie das Formular aus oder setzen Sie sich sofort mit uns in Verbindung, um Ihr pers\u00f6nliches Angebot zu erhalten! Wir stehen zu Ihrer Verf\u00fcgung!\",\"breadcrumb\":{\"@id\":\"https:\\\/\\\/www.mollificiomodenese.it\\\/de\\\/fordern-sie-ein-angebot-fuer-industrielle-federn-an\\\/erwerben-sie-ihre-spezifisch-gestaltete-feder-von-qualitaet\\\/#breadcrumb\"},\"inLanguage\":\"de\",\"potentialAction\":[{\"@type\":\"ReadAction\",\"target\":[\"https:\\\/\\\/www.mollificiomodenese.it\\\/de\\\/fordern-sie-ein-angebot-fuer-industrielle-federn-an\\\/erwerben-sie-ihre-spezifisch-gestaltete-feder-von-qualitaet\\\/\"]}]},{\"@type\":\"ImageObject\",\"inLanguage\":\"de\",\"@id\":\"https:\\\/\\\/www.mollificiomodenese.it\\\/de\\\/fordern-sie-ein-angebot-fuer-industrielle-federn-an\\\/erwerben-sie-ihre-spezifisch-gestaltete-feder-von-qualitaet\\\/#primaryimage\",\"url\":\"https:\\\/\\\/www.mollificiomodenese.it\\\/wp-content\\\/uploads\\\/2020\\\/01\\\/sfondo2.jpg\",\"contentUrl\":\"https:\\\/\\\/www.mollificiomodenese.it\\\/wp-content\\\/uploads\\\/2020\\\/01\\\/sfondo2.jpg\",\"width\":1250,\"height\":620,\"caption\":\"mollificio modenese\"},{\"@type\":\"BreadcrumbList\",\"@id\":\"https:\\\/\\\/www.mollificiomodenese.it\\\/de\\\/fordern-sie-ein-angebot-fuer-industrielle-federn-an\\\/erwerben-sie-ihre-spezifisch-gestaltete-feder-von-qualitaet\\\/#breadcrumb\",\"itemListElement\":[{\"@type\":\"ListItem\",\"position\":1,\"name\":\"Home\",\"item\":\"https:\\\/\\\/www.mollificiomodenese.it\\\/de\\\/\"},{\"@type\":\"ListItem\",\"position\":2,\"name\":\"Fordern Sie ein Angebot f\u00fcr industrielle Federn an\",\"item\":\"https:\\\/\\\/www.mollificiomodenese.it\\\/de\\\/fordern-sie-ein-angebot-fuer-industrielle-federn-an\\\/\"},{\"@type\":\"ListItem\",\"position\":3,\"name\":\"Erwerben Sie Ihre spezifisch gestaltete Feder von Qualit\u00e4t\"}]},{\"@type\":\"WebSite\",\"@id\":\"https:\\\/\\\/www.mollificiomodenese.it\\\/#website\",\"url\":\"https:\\\/\\\/www.mollificiomodenese.it\\\/\",\"name\":\"MOLLIFICIO MODENESE\",\"description\":\"\",\"potentialAction\":[{\"@type\":\"SearchAction\",\"target\":{\"@type\":\"EntryPoint\",\"urlTemplate\":\"https:\\\/\\\/www.mollificiomodenese.it\\\/?s={search_term_string}\"},\"query-input\":{\"@type\":\"PropertyValueSpecification\",\"valueRequired\":true,\"valueName\":\"search_term_string\"}}],\"inLanguage\":\"de\"}]}<\/script>\n<!-- \/ Yoast SEO plugin. -->","yoast_head_json":{"title":"Angebot f\u00fcr die Berechnung von Federn nach Ma\u00df | Mollificio Modenese","description":"Formulare zur Anforderung eines Angebots f\u00fcr Federn nach Zeichnung. F\u00fcllen Sie das Formular aus oder setzen Sie sich sofort mit uns in Verbindung, um Ihr pers\u00f6nliches Angebot zu erhalten! Wir stehen zu Ihrer Verf\u00fcgung!","robots":{"index":"index","follow":"follow","max-snippet":"max-snippet:-1","max-image-preview":"max-image-preview:large","max-video-preview":"max-video-preview:-1"},"canonical":"https:\/\/www.mollificiomodenese.it\/de\/fordern-sie-ein-angebot-fuer-industrielle-federn-an\/erwerben-sie-ihre-spezifisch-gestaltete-feder-von-qualitaet\/","og_locale":"de_DE","og_type":"article","og_title":"Angebot f\u00fcr die Berechnung von Federn nach Ma\u00df | Mollificio Modenese","og_description":"Formulare zur Anforderung eines Angebots f\u00fcr Federn nach Zeichnung. F\u00fcllen Sie das Formular aus oder setzen Sie sich sofort mit uns in Verbindung, um Ihr pers\u00f6nliches Angebot zu erhalten! Wir stehen zu Ihrer Verf\u00fcgung!","og_url":"https:\/\/www.mollificiomodenese.it\/de\/fordern-sie-ein-angebot-fuer-industrielle-federn-an\/erwerben-sie-ihre-spezifisch-gestaltete-feder-von-qualitaet\/","og_site_name":"MOLLIFICIO MODENESE","article_modified_time":"2025-07-09T07:58:55+00:00","og_image":[{"width":1250,"height":620,"url":"https:\/\/www.mollificiomodenese.it\/wp-content\/uploads\/2020\/01\/sfondo2.jpg","type":"image\/jpeg"}],"twitter_card":"summary_large_image","twitter_misc":{"Gesch\u00e4tzte Lesezeit":"1\u00a0Minute"},"schema":{"@context":"https:\/\/schema.org","@graph":[{"@type":"WebPage","@id":"https:\/\/www.mollificiomodenese.it\/de\/fordern-sie-ein-angebot-fuer-industrielle-federn-an\/erwerben-sie-ihre-spezifisch-gestaltete-feder-von-qualitaet\/","url":"https:\/\/www.mollificiomodenese.it\/de\/fordern-sie-ein-angebot-fuer-industrielle-federn-an\/erwerben-sie-ihre-spezifisch-gestaltete-feder-von-qualitaet\/","name":"Angebot f\u00fcr die Berechnung von Federn nach Ma\u00df | Mollificio Modenese","isPartOf":{"@id":"https:\/\/www.mollificiomodenese.it\/#website"},"primaryImageOfPage":{"@id":"https:\/\/www.mollificiomodenese.it\/de\/fordern-sie-ein-angebot-fuer-industrielle-federn-an\/erwerben-sie-ihre-spezifisch-gestaltete-feder-von-qualitaet\/#primaryimage"},"image":{"@id":"https:\/\/www.mollificiomodenese.it\/de\/fordern-sie-ein-angebot-fuer-industrielle-federn-an\/erwerben-sie-ihre-spezifisch-gestaltete-feder-von-qualitaet\/#primaryimage"},"thumbnailUrl":"https:\/\/www.mollificiomodenese.it\/wp-content\/uploads\/2020\/01\/sfondo2.jpg","datePublished":"2025-06-30T10:12:10+00:00","dateModified":"2025-07-09T07:58:55+00:00","description":"Formulare zur Anforderung eines Angebots f\u00fcr Federn nach Zeichnung. F\u00fcllen Sie das Formular aus oder setzen Sie sich sofort mit uns in Verbindung, um Ihr pers\u00f6nliches Angebot zu erhalten! Wir stehen zu Ihrer Verf\u00fcgung!","breadcrumb":{"@id":"https:\/\/www.mollificiomodenese.it\/de\/fordern-sie-ein-angebot-fuer-industrielle-federn-an\/erwerben-sie-ihre-spezifisch-gestaltete-feder-von-qualitaet\/#breadcrumb"},"inLanguage":"de","potentialAction":[{"@type":"ReadAction","target":["https:\/\/www.mollificiomodenese.it\/de\/fordern-sie-ein-angebot-fuer-industrielle-federn-an\/erwerben-sie-ihre-spezifisch-gestaltete-feder-von-qualitaet\/"]}]},{"@type":"ImageObject","inLanguage":"de","@id":"https:\/\/www.mollificiomodenese.it\/de\/fordern-sie-ein-angebot-fuer-industrielle-federn-an\/erwerben-sie-ihre-spezifisch-gestaltete-feder-von-qualitaet\/#primaryimage","url":"https:\/\/www.mollificiomodenese.it\/wp-content\/uploads\/2020\/01\/sfondo2.jpg","contentUrl":"https:\/\/www.mollificiomodenese.it\/wp-content\/uploads\/2020\/01\/sfondo2.jpg","width":1250,"height":620,"caption":"mollificio modenese"},{"@type":"BreadcrumbList","@id":"https:\/\/www.mollificiomodenese.it\/de\/fordern-sie-ein-angebot-fuer-industrielle-federn-an\/erwerben-sie-ihre-spezifisch-gestaltete-feder-von-qualitaet\/#breadcrumb","itemListElement":[{"@type":"ListItem","position":1,"name":"Home","item":"https:\/\/www.mollificiomodenese.it\/de\/"},{"@type":"ListItem","position":2,"name":"Fordern Sie ein Angebot f\u00fcr industrielle Federn an","item":"https:\/\/www.mollificiomodenese.it\/de\/fordern-sie-ein-angebot-fuer-industrielle-federn-an\/"},{"@type":"ListItem","position":3,"name":"Erwerben Sie Ihre spezifisch gestaltete Feder von Qualit\u00e4t"}]},{"@type":"WebSite","@id":"https:\/\/www.mollificiomodenese.it\/#website","url":"https:\/\/www.mollificiomodenese.it\/","name":"MOLLIFICIO MODENESE","description":"","potentialAction":[{"@type":"SearchAction","target":{"@type":"EntryPoint","urlTemplate":"https:\/\/www.mollificiomodenese.it\/?s={search_term_string}"},"query-input":{"@type":"PropertyValueSpecification","valueRequired":true,"valueName":"search_term_string"}}],"inLanguage":"de"}]}},"_links":{"self":[{"href":"https:\/\/www.mollificiomodenese.it\/de\/wp-json\/wp\/v2\/pages\/4099","targetHints":{"allow":["GET"]}}],"collection":[{"href":"https:\/\/www.mollificiomodenese.it\/de\/wp-json\/wp\/v2\/pages"}],"about":[{"href":"https:\/\/www.mollificiomodenese.it\/de\/wp-json\/wp\/v2\/types\/page"}],"author":[{"embeddable":true,"href":"https:\/\/www.mollificiomodenese.it\/de\/wp-json\/wp\/v2\/users\/5"}],"replies":[{"embeddable":true,"href":"https:\/\/www.mollificiomodenese.it\/de\/wp-json\/wp\/v2\/comments?post=4099"}],"version-history":[{"count":3,"href":"https:\/\/www.mollificiomodenese.it\/de\/wp-json\/wp\/v2\/pages\/4099\/revisions"}],"predecessor-version":[{"id":4441,"href":"https:\/\/www.mollificiomodenese.it\/de\/wp-json\/wp\/v2\/pages\/4099\/revisions\/4441"}],"up":[{"embeddable":true,"href":"https:\/\/www.mollificiomodenese.it\/de\/wp-json\/wp\/v2\/pages\/4083"}],"wp:featuredmedia":[{"embeddable":true,"href":"https:\/\/www.mollificiomodenese.it\/de\/wp-json\/wp\/v2\/media\/3873"}],"wp:attachment":[{"href":"https:\/\/www.mollificiomodenese.it\/de\/wp-json\/wp\/v2\/media?parent=4099"}],"curies":[{"name":"wp","href":"https:\/\/api.w.org\/{rel}","templated":true}]}}