{"id":4102,"date":"2025-06-30T12:16:54","date_gmt":"2025-06-30T10:16:54","guid":{"rendered":"https:\/\/www.mollificiomodenese.it\/fordern-sie-ein-angebot-fuer-industrielle-federn-an\/allgemeine-geschaeftsbedingungen\/"},"modified":"2025-08-29T10:33:44","modified_gmt":"2025-08-29T08:33:44","slug":"allgemeine-geschaeftsbedingungen","status":"publish","type":"page","link":"https:\/\/www.mollificiomodenese.it\/de\/fordern-sie-ein-angebot-fuer-industrielle-federn-an\/allgemeine-geschaeftsbedingungen\/","title":{"rendered":"Allgemeine Verkaufsbedingungen"},"content":{"rendered":"<div class=\"wpb-content-wrapper\"><p>[vc_section css=&#8220;.vc_custom_1580193165368{padding-bottom: 100px !important;background-color: #eeeeee !important;}&#8220;][vc_row gap=&#8220;35&#8243;][vc_column width=&#8220;2\/3&#8243;][vc_column_text]<\/p>\n<h2>1. Anwendungsbereich<\/h2>\n<p>Diese allgemeinen Bedingungen regeln vorbehaltlich anderer schriftlicher Vereinbarungen alle Verk\u00e4ufe, die von der Firma Mollificio Modenese S.r.l. durchgef\u00fchrt werden. Eventuelle Bedingungen des Kunden finden auch dann keine Anwendung, wenn sie Bestellungen oder anderen Dokumenten beigef\u00fcgt sind, es sei denn, sie werden ausdr\u00fccklich schriftlich von der Firma Mollificio Modenese akzeptiert.[\/vc_column_text][vc_column_text]<\/p>\n<h2>2. Abweichungen und Priorit\u00e4ten der Dokumente<\/h2>\n<p>Eventuelle Abweichungen von diesen Bedingungen sind nur g\u00fcltig, wenn sie schriftlich best\u00e4tigt wurden. Im Falle eines Widerspruchs zwischen mehreren Dokumenten (z.B. Angebot, Auftragsbest\u00e4tigung, Rechnung) haben in folgender Reihenfolge Vorrang: Auftragsbest\u00e4tigung der Firma Mollificio Modenese, Angebot der Firma Mollificio Modenese, diese allgemeinen Gesch\u00e4ftsbedingungen.[\/vc_column_text][vc_column_text]<\/p>\n<h2>3. Teilweise G\u00fcltigkeit<\/h2>\n<p>Sollte eine beliebige Klausel dieser Bedingungen f\u00fcr ung\u00fcltig oder unwirksam erkl\u00e4rt werden, behalten die verbleibenden Klauseln vollst\u00e4ndige G\u00fcltigkeit.[\/vc_column_text][vc_column_text]<\/p>\n<h2>4. Sprache<\/h2>\n<p>Die Referenzsprache ist Italienisch. Im Falle von \u00dcbersetzungen ist der italienische Text ma\u00dfgeblich.[\/vc_column_text][vc_column_text]<\/p>\n<h2>5. Vertragsbildung<\/h2>\n<p>Der Vertrag gilt als mit der schriftlichen Best\u00e4tigung der Bestellung durch die Firma Mollificio Modenese, auch per E-Mail, oder mit dem Beginn der Ausf\u00fchrung (z.B. Produktion oder Versand) abgeschlossen. Eventuelle Bestellungen sind bis zur Best\u00e4tigung durch die Firma Mollificio Modenese nicht bindend.[\/vc_column_text][vc_column_text]<\/p>\n<h2>6. Stornierung oder \u00c4nderung von Bestellungen<\/h2>\n<p>Bestellungen k\u00f6nnen ohne die schriftliche Zustimmung der Firma Mollificio Modenese nicht storniert oder ge\u00e4ndert werden. Im Falle einer einseitigen Stornierung durch den Kunden behalten wir uns vor, die bis zu diesem Zeitpunkt entstandenen Kosten in Rechnung zu stellen.[\/vc_column_text][vc_column_text]<\/p>\n<h2>7. Gegenstand und Qualit\u00e4t<\/h2>\n<h3><em>7.1. Lieferungen nach Zeichnung<\/em><\/h3>\n<p>Erfolgt die Lieferung nach Zeichnung des Kunden, wird die \u00dcbereinstimmung mit den Angaben der genehmigten technischen Zeichnung \u00fcberpr\u00fcft. Der Kunde ist allein f\u00fcr die Richtigkeit und Vollst\u00e4ndigkeit der bereitgestellten Zeichnung verantwortlich. Bei Fehlen spezifischer Angaben gelten die allgemein im Sektor angewendeten Akzeptanzkriterien. Der Kunde \u00fcbernimmt die volle Verantwortung f\u00fcr etwaige M\u00e4ngel, Fehler oder Auslassungen in den bereitgestellten Dokumenten sowie f\u00fcr etwaige Verletzungen von Rechten an geistigem Eigentum Dritter. Die Firma Mollificio Modenese haftet nicht f\u00fcr direkte oder indirekte Sch\u00e4den, die aus der Verwendung der Produkte resultieren, die gem\u00e4\u00df diesen Angaben hergestellt wurden. In Ermangelung von technischen Spezifikationen, die vom Kunden bereitgestellt werden, wendet der Verk\u00e4ufer die in der Branche \u00fcblicherweise verwendeten Produktionstoleranzen an. Eventuelle Toleranzanforderungen m\u00fcssen schriftlich zum Zeitpunkt der Bestellung mitgeteilt und ausdr\u00fccklich von der Firma Mollificio Modenese akzeptiert werden. Der Kunde erkennt an, dass minimale Abweichungen innerhalb der Toleranzgrenzen keinen Mangel des Produkts darstellen und kein Recht auf Beanstandungen oder Warenr\u00fccknahme geben.<\/p>\n<h3><em>7.2. Standard-Lieferungen<\/em><\/h3>\n<p>Im Falle von Standardprodukten im Katalog oder die durch einen Code identifiziert werden, wird die Konformit\u00e4t in Bezug auf die in unserer Dokumentation angegebenen technischen Spezifikationen (Datenbl\u00e4tter, Zertifikate oder anderes verf\u00fcgbares Informationsmaterial zum Zeitpunkt des Verkaufs) bewertet. Solche Spezifikationen werden auf Anfrage bereitgestellt.[\/vc_column_text][vc_column_text]<\/p>\n<h2>8.Lieferung<\/h2>\n<h3><em>8.1. Verk\u00e4ufe in Italien<\/em><\/h3>\n<p>Sofern nicht anders vereinbart, erfolgt die Lieferung der Ware FCA \u2013 unser Werk (Incoterms 2020). Die Lieferung gilt als p\u00fcnktlich, wenn die Ware am Datum, das in unserer Auftragsbest\u00e4tigung angegeben ist, dem Frachtf\u00fchrer \u00fcbergeben wurde. Die Liefertermine sind unverbindlich, sofern nicht schriftlich anders vereinbart wurde. Die Gefahr geht auf den Kunden \u00fcber, sobald wir die Ware an den Frachtf\u00fchrer \u00fcbergeben. Eventuelle Vertragsstrafen m\u00fcssen schriftlich vereinbart werden.<\/p>\n<h3><em>8.2. Verk\u00e4ufe ins Ausland<\/em><\/h3>\n<p>F\u00fcr internationale Verk\u00e4ufe, sofern nicht anders vereinbart, erfolgt die Lieferung CPT \u2013 Standort des Kunden (Incoterms 2020). Die Lieferung gilt als ordnungsgem\u00e4\u00df ausgef\u00fchrt, wenn die Ware an dem in der Auftragsbest\u00e4tigung angegeben Datum dem ersten Frachtf\u00fchrer \u00fcbergeben wurde. Die Gefahr geht auf den Kunden \u00fcber, sobald die Ware an den Frachtf\u00fchrer \u00fcbergeben wird. Die Transportkosten bis zum Sitz des Kunden sind, sofern nicht anders angegeben, inbegriffen.[\/vc_column_text][vc_column_text]<\/p>\n<h2>9. Preise und Zahlungen<\/h2>\n<p>Die Preise verstehen sich in Euro, zuz\u00fcglich Mehrwertsteuer, f\u00fcr FCA oder CPT gelieferte Ware, wie oben angegeben, vorbehaltlich pl\u00f6tzlicher Erh\u00f6hungen der Rohstoffkosten, die im Voraus nicht absehbar sind und deren Quantifizierung wir uns vorbehalten. Die Zahlungen erfolgen gem\u00e4\u00df den in der Rechnung angegebenen Bedingungen. Im Falle einer Versp\u00e4tung fallen Verzugszinsen gem\u00e4\u00df dem ital. gesetzesvertretenden Dekret Nr. 231\/2002 an. Wir behalten uns vor, Lieferungen im Falle einer Nichtzahlung auszusetzen.[\/vc_column_text][vc_column_text]<\/p>\n<h2>10. Eigentumsvorbehalt<\/h2>\n<p>Das Eigentum an der Ware bleibt bis zur vollst\u00e4ndigen Zahlung des Preises unseres.[\/vc_column_text][vc_column_text]<\/p>\n<h2>11. Garantie und Reklamationen<\/h2>\n<p>Der Kunde ist verpflichtet, die Ware bei Erhalt zu \u00fcberpr\u00fcfen und etwaige M\u00e4ngel oder Nicht\u00fcbereinstimmungen innerhalb von 8 Tagen zu melden. Die Garantie beschr\u00e4nkt sich auf den Ersatz oder die Reparatur der defekten Ware. Weitere Haftungen f\u00fcr direkte oder indirekte Sch\u00e4den sind ausgeschlossen. Eventuelle Reklamationen \u00fcber Serienfehler m\u00fcssen dokumentiert werden. Die Garantie hat eine G\u00fcltigkeit von einem Jahr ab dem Kauf.[\/vc_column_text][vc_column_text]<\/p>\n<h2>12. H\u00f6here Gewalt<\/h2>\n<p>Die Firma Mollificio Modenese haftet nicht f\u00fcr ihre Versp\u00e4tungen bei der Ausf\u00fchrung und\/oder f\u00fcr ihre Nichterf\u00fcllung der Verpflichtungen aus diesem Vertrag, wenn sie nachweisen kann, dass diese Versp\u00e4tung und\/oder Nichterf\u00fcllung ausschlie\u00dflich auf h\u00f6here Gewalt zur\u00fcckzuf\u00fchren ist, wobei unerwartete, unabwendbare Ereignisse gemeint sind, die au\u00dferhalb der angemessenen Kontrolle dieser Partei liegen, wie beispielsweise, aber nicht ausschlie\u00dflich, \u00dcberschwemmungen, Erdbeben, St\u00fcrme, Hurrikane, Erdrutsche, Lawinen, Bodenerosionen, Pandemien, Epidemien und, allgemeiner gefasst, jede Art von Naturkatastrophe, Unterbrechungen und\/oder Ausf\u00e4lle im Transport, Unruhen, Guerillakriege, B\u00fcrgerkriege, Tumulte, Raub\u00fcberf\u00e4lle, versp\u00e4tete oder nicht erfolgte Lieferungen von Rohstoffen und Materialien durch die Lieferanten, Streiks, auch betriebliche, und, allgemeiner gefasst, jede Art von \u00f6ffentlicher Unordnung, die zu einer Unterbrechung oder Aussetzung der Gesch\u00e4ftst\u00e4tigkeit f\u00fchrt (nachfolgend die &#8222;Ursachen h\u00f6herer Gewalt&#8220;).<br \/>\nBeim Eintreten einer H\u00f6heren Gewalt wird die Firma Mollificio Modenese von jeglicher Verantwortung f\u00fcr diese Verz\u00f6gerung und\/oder Nichterf\u00fcllung allein im Rahmen und f\u00fcr den Zeitraum entbunden, in dem diese h\u00f6here Gewalt andauert. Die Partei, die die Existenz einer H\u00f6heren Gewalt geltend machen m\u00f6chte, muss innerhalb von 3 (drei) Tagen die andere Partei entweder durch Einschreiben mit R\u00fcckschein oder per E-Mail dar\u00fcber informieren, wobei die Art der h\u00f6heren Gewalt angegeben werden muss. Falls der h\u00f6heren Gewalt l\u00e4nger als 60 (sechzig) Tage andauern, hat jede Partei das Recht, diesen Vertrag ohne jegliche Haftung zu k\u00fcndigen. In jedem Fall ist die Haftung der Firma Mollificio Modenese auf den Wert der beanstandeten Lieferung beschr\u00e4nkt.[\/vc_column_text][vc_column_text]<\/p>\n<h2>13. Haftungsausschluss<\/h2>\n<p>Die Firma Mollificio Modenese \u00fcbernimmt keine Verantwortung f\u00fcr direkte oder indirekte Sch\u00e4den, materieller oder immaterieller Art, die aus unsachgem\u00e4\u00dfer, nicht konformer oder nicht genehmigter Verwendung der gelieferten Produkte resultieren. In keinem Fall kann die Firma Mollificio Modenese f\u00fcr Produktionsverluste, entgangene Gewinne, Folgesch\u00e4den oder Schadensersatzanspr\u00fcche Dritter verantwortlich gemacht werden. Die Verantwortung der Firma Mollificio Modenese, sofern festgestellt, ist in jedem Fall auf den Wert der beanstandeten Lieferung beschr\u00e4nkt. Es gilt als vereinbart, dass der Kunde verpflichtet ist, die Eignung des Produkts f\u00fcr den vorgesehenen Gebrauch vor dem Einbau zu \u00fcberpr\u00fcfen.[\/vc_column_text][vc_column_text]<\/p>\n<h2>14. Geistiges Eigentum<\/h2>\n<p>Die Zeichnungen, Dokumente und technischen Spezifikationen sind Eigentum der Parteien und d\u00fcrfen ohne schriftliche Genehmigung nicht kopiert oder an Dritte weitergegeben werden. Der Kunde garantiert, dass die Nutzung seiner Zeichnungen keine Rechte Dritter verletzt.[\/vc_column_text][vc_column_text]<\/p>\n<h2>15. Vertraulichkeit<\/h2>\n<p>Alle technischen, gesch\u00e4ftlichen oder produktiven Informationen, die ausgetauscht werden, bleiben vertraulich und d\u00fcrfen vorbehaltlich gesetzlicher Pflichten nicht ohne schriftliche Zustimmung nicht an Dritte weitergegeben werden.[\/vc_column_text][vc_column_text]<\/p>\n<h2>16. Anwendbares Gesetz<\/h2>\n<h3><em>16.1. Verk\u00e4ufe in Italien<\/em><\/h3>\n<p>F\u00fcr alle Verk\u00e4ufe an Kunden mit Sitz in Italien unterliegt der Vertrag dem italienischen Recht.<\/p>\n<h3><em>16.2. Verk\u00e4ufe ins Ausland<\/em><\/h3>\n<p>Auch f\u00fcr den Verkauf an Kunden mit Sitz im Ausland unterliegt der Vertrag dem italienischen Recht. Die italienische Version dieser Bedingungen ist der einzige rechtlich verbindliche Text; etwaige \u00dcbersetzungen in andere Sprachen werden nur zu Informationszwecken bereitgestellt.<br \/>\nDiese Klausel schlie\u00dft die Anwendung des Wiener \u00dcbereinkommens von 1980 aus, es sei denn, die Parteien haben ausdr\u00fccklich etwas anderes vereinbart.[\/vc_column_text][vc_column_text]<\/p>\n<h2>17. Streitsachen<\/h2>\n<p>F\u00fcr jegliche Streitsachen ist ausschlie\u00dflich der Gerichtsstand in Modena zust\u00e4ndig.[\/vc_column_text][vc_empty_space height=&#8220;25px&#8220;][vc_column_text]Laden Sie hier das vollst\u00e4ndige Dokument herunter: <a href=\"https:\/\/www.mollificiomodenese.it\/wp-content\/uploads\/2025\/08\/Condizioni-Generali-Vendita-Tedesco.pdf\">Allgemeine Verkaufsbedingungen &#8211; Mollificio Modenese<\/a>[\/vc_column_text][vc_empty_space][\/vc_column][vc_column width=&#8220;1\/3&#8243; css=&#8220;.vc_custom_1580149774337{border-left-width: 1px !important;border-left-color: #004f9f !important;border-left-style: solid !important;}&#8220;][vc_widget_sidebar sidebar_id=&#8220;sidebar-3&#8243;][\/vc_column][\/vc_row][\/vc_section]<\/p>\n<\/div>","protected":false},"excerpt":{"rendered":"<p>[vc_section css=&#8220;.vc_custom_1580193165368{padding-bottom: 100px !important;background-color: #eeeeee !important;}&#8220;][vc_row gap=&#8220;35&#8243;][vc_column width=&#8220;2\/3&#8243;][vc_column_text] 1. Anwendungsbereich Diese allgemeinen Bedingungen regeln vorbehaltlich anderer schriftlicher Vereinbarungen alle Verk\u00e4ufe, die von der Firma Mollificio Modenese S.r.l. durchgef\u00fchrt werden. Eventuelle Bedingungen des Kunden finden auch dann keine Anwendung, wenn sie Bestellungen oder anderen Dokumenten beigef\u00fcgt sind, es sei denn, sie werden ausdr\u00fccklich schriftlich von der [&hellip;]<\/p>\n","protected":false},"author":5,"featured_media":3873,"parent":4083,"menu_order":0,"comment_status":"closed","ping_status":"closed","template":"","meta":{"footnotes":""},"class_list":["post-4102","page","type-page","status-publish","hentry"],"yoast_head":"<!-- This site is optimized with the Yoast SEO plugin v27.3 - https:\/\/yoast.com\/product\/yoast-seo-wordpress\/ -->\n<title>Mollificio Modenese \u2013 Hersteller von Federn jeder Art<\/title>\n<meta name=\"description\" content=\"Mollificio Modenese stellt seit 1957 Federn aller Art her: Die Qualit\u00e4t Ihrer Produkte hat f\u00fcr uns oberste Priorit\u00e4t! Wir haben viel Erfahrung in der Herstellung von Federn!\" \/>\n<meta name=\"robots\" content=\"index, follow, max-snippet:-1, max-image-preview:large, max-video-preview:-1\" \/>\n<link rel=\"canonical\" href=\"https:\/\/www.mollificiomodenese.it\/de\/fordern-sie-ein-angebot-fuer-industrielle-federn-an\/allgemeine-geschaeftsbedingungen\/\" \/>\n<meta property=\"og:locale\" content=\"de_DE\" \/>\n<meta property=\"og:type\" content=\"article\" \/>\n<meta property=\"og:title\" content=\"Mollificio Modenese \u2013 Hersteller von Federn jeder Art\" \/>\n<meta property=\"og:description\" content=\"Mollificio Modenese stellt seit 1957 Federn aller Art her: Die Qualit\u00e4t Ihrer Produkte hat f\u00fcr uns oberste Priorit\u00e4t! Wir haben viel Erfahrung in der Herstellung von Federn!\" \/>\n<meta property=\"og:url\" content=\"https:\/\/www.mollificiomodenese.it\/de\/fordern-sie-ein-angebot-fuer-industrielle-federn-an\/allgemeine-geschaeftsbedingungen\/\" \/>\n<meta property=\"og:site_name\" content=\"MOLLIFICIO MODENESE\" \/>\n<meta property=\"article:modified_time\" content=\"2025-08-29T08:33:44+00:00\" \/>\n<meta property=\"og:image\" content=\"https:\/\/www.mollificiomodenese.it\/wp-content\/uploads\/2020\/01\/sfondo2.jpg\" \/>\n\t<meta property=\"og:image:width\" content=\"1250\" \/>\n\t<meta property=\"og:image:height\" content=\"620\" \/>\n\t<meta property=\"og:image:type\" content=\"image\/jpeg\" \/>\n<meta name=\"twitter:card\" content=\"summary_large_image\" \/>\n<meta name=\"twitter:label1\" content=\"Gesch\u00e4tzte Lesezeit\" \/>\n\t<meta name=\"twitter:data1\" content=\"7\u00a0Minuten\" \/>\n<script type=\"application\/ld+json\" class=\"yoast-schema-graph\">{\"@context\":\"https:\\\/\\\/schema.org\",\"@graph\":[{\"@type\":\"WebPage\",\"@id\":\"https:\\\/\\\/www.mollificiomodenese.it\\\/de\\\/fordern-sie-ein-angebot-fuer-industrielle-federn-an\\\/allgemeine-geschaeftsbedingungen\\\/\",\"url\":\"https:\\\/\\\/www.mollificiomodenese.it\\\/de\\\/fordern-sie-ein-angebot-fuer-industrielle-federn-an\\\/allgemeine-geschaeftsbedingungen\\\/\",\"name\":\"Mollificio Modenese \u2013 Hersteller von Federn jeder Art\",\"isPartOf\":{\"@id\":\"https:\\\/\\\/www.mollificiomodenese.it\\\/#website\"},\"primaryImageOfPage\":{\"@id\":\"https:\\\/\\\/www.mollificiomodenese.it\\\/de\\\/fordern-sie-ein-angebot-fuer-industrielle-federn-an\\\/allgemeine-geschaeftsbedingungen\\\/#primaryimage\"},\"image\":{\"@id\":\"https:\\\/\\\/www.mollificiomodenese.it\\\/de\\\/fordern-sie-ein-angebot-fuer-industrielle-federn-an\\\/allgemeine-geschaeftsbedingungen\\\/#primaryimage\"},\"thumbnailUrl\":\"https:\\\/\\\/www.mollificiomodenese.it\\\/wp-content\\\/uploads\\\/2020\\\/01\\\/sfondo2.jpg\",\"datePublished\":\"2025-06-30T10:16:54+00:00\",\"dateModified\":\"2025-08-29T08:33:44+00:00\",\"description\":\"Mollificio Modenese stellt seit 1957 Federn aller Art her: Die Qualit\u00e4t Ihrer Produkte hat f\u00fcr uns oberste Priorit\u00e4t! Wir haben viel Erfahrung in der Herstellung von Federn!\",\"breadcrumb\":{\"@id\":\"https:\\\/\\\/www.mollificiomodenese.it\\\/de\\\/fordern-sie-ein-angebot-fuer-industrielle-federn-an\\\/allgemeine-geschaeftsbedingungen\\\/#breadcrumb\"},\"inLanguage\":\"de\",\"potentialAction\":[{\"@type\":\"ReadAction\",\"target\":[\"https:\\\/\\\/www.mollificiomodenese.it\\\/de\\\/fordern-sie-ein-angebot-fuer-industrielle-federn-an\\\/allgemeine-geschaeftsbedingungen\\\/\"]}]},{\"@type\":\"ImageObject\",\"inLanguage\":\"de\",\"@id\":\"https:\\\/\\\/www.mollificiomodenese.it\\\/de\\\/fordern-sie-ein-angebot-fuer-industrielle-federn-an\\\/allgemeine-geschaeftsbedingungen\\\/#primaryimage\",\"url\":\"https:\\\/\\\/www.mollificiomodenese.it\\\/wp-content\\\/uploads\\\/2020\\\/01\\\/sfondo2.jpg\",\"contentUrl\":\"https:\\\/\\\/www.mollificiomodenese.it\\\/wp-content\\\/uploads\\\/2020\\\/01\\\/sfondo2.jpg\",\"width\":1250,\"height\":620,\"caption\":\"mollificio modenese\"},{\"@type\":\"BreadcrumbList\",\"@id\":\"https:\\\/\\\/www.mollificiomodenese.it\\\/de\\\/fordern-sie-ein-angebot-fuer-industrielle-federn-an\\\/allgemeine-geschaeftsbedingungen\\\/#breadcrumb\",\"itemListElement\":[{\"@type\":\"ListItem\",\"position\":1,\"name\":\"Home\",\"item\":\"https:\\\/\\\/www.mollificiomodenese.it\\\/de\\\/\"},{\"@type\":\"ListItem\",\"position\":2,\"name\":\"Fordern Sie ein Angebot f\u00fcr industrielle Federn an\",\"item\":\"https:\\\/\\\/www.mollificiomodenese.it\\\/de\\\/fordern-sie-ein-angebot-fuer-industrielle-federn-an\\\/\"},{\"@type\":\"ListItem\",\"position\":3,\"name\":\"Allgemeine Verkaufsbedingungen\"}]},{\"@type\":\"WebSite\",\"@id\":\"https:\\\/\\\/www.mollificiomodenese.it\\\/#website\",\"url\":\"https:\\\/\\\/www.mollificiomodenese.it\\\/\",\"name\":\"MOLLIFICIO MODENESE\",\"description\":\"\",\"potentialAction\":[{\"@type\":\"SearchAction\",\"target\":{\"@type\":\"EntryPoint\",\"urlTemplate\":\"https:\\\/\\\/www.mollificiomodenese.it\\\/?s={search_term_string}\"},\"query-input\":{\"@type\":\"PropertyValueSpecification\",\"valueRequired\":true,\"valueName\":\"search_term_string\"}}],\"inLanguage\":\"de\"}]}<\/script>\n<!-- \/ Yoast SEO plugin. -->","yoast_head_json":{"title":"Mollificio Modenese \u2013 Hersteller von Federn jeder Art","description":"Mollificio Modenese stellt seit 1957 Federn aller Art her: Die Qualit\u00e4t Ihrer Produkte hat f\u00fcr uns oberste Priorit\u00e4t! Wir haben viel Erfahrung in der Herstellung von Federn!","robots":{"index":"index","follow":"follow","max-snippet":"max-snippet:-1","max-image-preview":"max-image-preview:large","max-video-preview":"max-video-preview:-1"},"canonical":"https:\/\/www.mollificiomodenese.it\/de\/fordern-sie-ein-angebot-fuer-industrielle-federn-an\/allgemeine-geschaeftsbedingungen\/","og_locale":"de_DE","og_type":"article","og_title":"Mollificio Modenese \u2013 Hersteller von Federn jeder Art","og_description":"Mollificio Modenese stellt seit 1957 Federn aller Art her: Die Qualit\u00e4t Ihrer Produkte hat f\u00fcr uns oberste Priorit\u00e4t! Wir haben viel Erfahrung in der Herstellung von Federn!","og_url":"https:\/\/www.mollificiomodenese.it\/de\/fordern-sie-ein-angebot-fuer-industrielle-federn-an\/allgemeine-geschaeftsbedingungen\/","og_site_name":"MOLLIFICIO MODENESE","article_modified_time":"2025-08-29T08:33:44+00:00","og_image":[{"width":1250,"height":620,"url":"https:\/\/www.mollificiomodenese.it\/wp-content\/uploads\/2020\/01\/sfondo2.jpg","type":"image\/jpeg"}],"twitter_card":"summary_large_image","twitter_misc":{"Gesch\u00e4tzte Lesezeit":"7\u00a0Minuten"},"schema":{"@context":"https:\/\/schema.org","@graph":[{"@type":"WebPage","@id":"https:\/\/www.mollificiomodenese.it\/de\/fordern-sie-ein-angebot-fuer-industrielle-federn-an\/allgemeine-geschaeftsbedingungen\/","url":"https:\/\/www.mollificiomodenese.it\/de\/fordern-sie-ein-angebot-fuer-industrielle-federn-an\/allgemeine-geschaeftsbedingungen\/","name":"Mollificio Modenese \u2013 Hersteller von Federn jeder Art","isPartOf":{"@id":"https:\/\/www.mollificiomodenese.it\/#website"},"primaryImageOfPage":{"@id":"https:\/\/www.mollificiomodenese.it\/de\/fordern-sie-ein-angebot-fuer-industrielle-federn-an\/allgemeine-geschaeftsbedingungen\/#primaryimage"},"image":{"@id":"https:\/\/www.mollificiomodenese.it\/de\/fordern-sie-ein-angebot-fuer-industrielle-federn-an\/allgemeine-geschaeftsbedingungen\/#primaryimage"},"thumbnailUrl":"https:\/\/www.mollificiomodenese.it\/wp-content\/uploads\/2020\/01\/sfondo2.jpg","datePublished":"2025-06-30T10:16:54+00:00","dateModified":"2025-08-29T08:33:44+00:00","description":"Mollificio Modenese stellt seit 1957 Federn aller Art her: Die Qualit\u00e4t Ihrer Produkte hat f\u00fcr uns oberste Priorit\u00e4t! Wir haben viel Erfahrung in der Herstellung von Federn!","breadcrumb":{"@id":"https:\/\/www.mollificiomodenese.it\/de\/fordern-sie-ein-angebot-fuer-industrielle-federn-an\/allgemeine-geschaeftsbedingungen\/#breadcrumb"},"inLanguage":"de","potentialAction":[{"@type":"ReadAction","target":["https:\/\/www.mollificiomodenese.it\/de\/fordern-sie-ein-angebot-fuer-industrielle-federn-an\/allgemeine-geschaeftsbedingungen\/"]}]},{"@type":"ImageObject","inLanguage":"de","@id":"https:\/\/www.mollificiomodenese.it\/de\/fordern-sie-ein-angebot-fuer-industrielle-federn-an\/allgemeine-geschaeftsbedingungen\/#primaryimage","url":"https:\/\/www.mollificiomodenese.it\/wp-content\/uploads\/2020\/01\/sfondo2.jpg","contentUrl":"https:\/\/www.mollificiomodenese.it\/wp-content\/uploads\/2020\/01\/sfondo2.jpg","width":1250,"height":620,"caption":"mollificio modenese"},{"@type":"BreadcrumbList","@id":"https:\/\/www.mollificiomodenese.it\/de\/fordern-sie-ein-angebot-fuer-industrielle-federn-an\/allgemeine-geschaeftsbedingungen\/#breadcrumb","itemListElement":[{"@type":"ListItem","position":1,"name":"Home","item":"https:\/\/www.mollificiomodenese.it\/de\/"},{"@type":"ListItem","position":2,"name":"Fordern Sie ein Angebot f\u00fcr industrielle Federn an","item":"https:\/\/www.mollificiomodenese.it\/de\/fordern-sie-ein-angebot-fuer-industrielle-federn-an\/"},{"@type":"ListItem","position":3,"name":"Allgemeine Verkaufsbedingungen"}]},{"@type":"WebSite","@id":"https:\/\/www.mollificiomodenese.it\/#website","url":"https:\/\/www.mollificiomodenese.it\/","name":"MOLLIFICIO MODENESE","description":"","potentialAction":[{"@type":"SearchAction","target":{"@type":"EntryPoint","urlTemplate":"https:\/\/www.mollificiomodenese.it\/?s={search_term_string}"},"query-input":{"@type":"PropertyValueSpecification","valueRequired":true,"valueName":"search_term_string"}}],"inLanguage":"de"}]}},"_links":{"self":[{"href":"https:\/\/www.mollificiomodenese.it\/de\/wp-json\/wp\/v2\/pages\/4102","targetHints":{"allow":["GET"]}}],"collection":[{"href":"https:\/\/www.mollificiomodenese.it\/de\/wp-json\/wp\/v2\/pages"}],"about":[{"href":"https:\/\/www.mollificiomodenese.it\/de\/wp-json\/wp\/v2\/types\/page"}],"author":[{"embeddable":true,"href":"https:\/\/www.mollificiomodenese.it\/de\/wp-json\/wp\/v2\/users\/5"}],"replies":[{"embeddable":true,"href":"https:\/\/www.mollificiomodenese.it\/de\/wp-json\/wp\/v2\/comments?post=4102"}],"version-history":[{"count":5,"href":"https:\/\/www.mollificiomodenese.it\/de\/wp-json\/wp\/v2\/pages\/4102\/revisions"}],"predecessor-version":[{"id":4850,"href":"https:\/\/www.mollificiomodenese.it\/de\/wp-json\/wp\/v2\/pages\/4102\/revisions\/4850"}],"up":[{"embeddable":true,"href":"https:\/\/www.mollificiomodenese.it\/de\/wp-json\/wp\/v2\/pages\/4083"}],"wp:featuredmedia":[{"embeddable":true,"href":"https:\/\/www.mollificiomodenese.it\/de\/wp-json\/wp\/v2\/media\/3873"}],"wp:attachment":[{"href":"https:\/\/www.mollificiomodenese.it\/de\/wp-json\/wp\/v2\/media?parent=4102"}],"curies":[{"name":"wp","href":"https:\/\/api.w.org\/{rel}","templated":true}]}}